{"id":4596,"date":"2021-10-01T07:20:45","date_gmt":"2021-10-01T07:20:45","guid":{"rendered":"http:\/\/hubertpietka.bialystok.pl\/?page_id=4596"},"modified":"2021-10-01T07:31:12","modified_gmt":"2021-10-01T07:31:12","slug":"maryjne-roze-w-ludzkosci-chorze","status":"publish","type":"page","link":"https:\/\/hubertpietka.bialystok.pl\/?page_id=4596","title":{"rendered":"Maryjne r\u00f3\u017ce \/ w ludzko\u015bci ch\u00f3rze"},"content":{"rendered":"<p style=\"text-align: left;\"><em><strong>Maryjne r\u00f3\u017ce \/ w ludzko\u015bci ch\u00f3rze<\/strong><\/em><\/p>\n<p>Ludzko\u015b\u0107 w naszym domu<br \/>\nOdmawia Maryjny r\u00f3\u017caniec<br \/>\nI nawet pani Matka<br \/>\nPodobno\u017c z radiem<\/p>\n<p>Ludzko\u015b\u0107 w ko\u015bciele<br \/>\nOdmawia\u0107 r\u00f3\u017caniec od dzi\u015b b\u0119dzie<\/p>\n<p>A ludzko\u015b\u0107 z s\u0105siedztwa te\u017c<br \/>\nCho\u0107 nie wiem<br \/>\nW jakim zakresie czy jeszcze<\/p>\n<p><a href=\"http:\/\/hubertpietka.bialystok.pl\/wp-content\/uploads\/2021\/10\/IMG_20211001_085802.jpg\"><img loading=\"lazy\" decoding=\"async\" class=\"alignnone size-thumbnail wp-image-4597\" src=\"http:\/\/hubertpietka.bialystok.pl\/wp-content\/uploads\/2021\/10\/IMG_20211001_085802-150x150.jpg\" alt=\"\" width=\"150\" height=\"150\" srcset=\"https:\/\/hubertpietka.bialystok.pl\/wp-content\/uploads\/2021\/10\/IMG_20211001_085802-150x150.jpg 150w, https:\/\/hubertpietka.bialystok.pl\/wp-content\/uploads\/2021\/10\/IMG_20211001_085802-75x75.jpg 75w\" sizes=\"auto, (max-width: 150px) 100vw, 150px\" \/><\/a><\/p>\n<p><strong>Na zdj. Maryja Niepokalana przed ko\u015bcio\u0142em zuzelskim<\/strong><br \/>\n<strong> W miejscu urodzenia b\u0142. Kard. Stefana Wyszy\u0144skiego<\/strong><br \/>\n<strong> Plakat z napisem<\/strong><br \/>\n<strong> <em>Niepewno\u015b\u0107 jutra we\u017a w swoje r\u0119ce<\/em> o Maryjo<\/strong><\/p>\n<p><strong>Dzi\u015b \u015bw. Tereski Ma\u0142ej<\/strong><br \/>\n<strong> Ona zapowiedzia\u0142a \u017ce z nieba<\/strong><br \/>\n<strong> Deszcz r\u00f3\u017c b\u0119dzie zsy\u0142a\u0107<\/strong><br \/>\n<strong> Spe\u0142nia si\u0119 to w sensie<\/strong><br \/>\n<strong> \u017be u progu pa\u017adziernika jest jej wspomnienie<\/strong><br \/>\n<strong> A jakie\u017c r\u00f3\u017ce s\u0105 pi\u0119kniejsze<\/strong><br \/>\n<strong> Od tych dla Maryi <em>Zdrowa\u015b<\/em><\/strong><\/p>\n<p style=\"text-align: right;\"><em>A teraz cyk<\/em><br \/>\n<em> R\u00f3\u017ca\u0144czyk<\/em><\/p>\n<p style=\"text-align: center;\"><a href=\"http:\/\/youtu.be\/DOFcHhr1XtE\"><em><strong>R\u00f3\u017ca\u0144cowa Pani Nieba Ziemi<\/strong><\/em><\/a><br \/>\n<a href=\"http:\/\/youtu.be\/DOFcHhr1XtE\"><em><strong> (R\u00f3\u017ca\u0144cowa Dziewico Maryjo)<\/strong><\/em><\/a><\/p>\n","protected":false},"excerpt":{"rendered":"<p>Maryjne r\u00f3\u017ce \/ w ludzko\u015bci ch\u00f3rze Ludzko\u015b\u0107 w naszym domu Odmawia Maryjny r\u00f3\u017caniec I nawet pani Matka Podobno\u017c z radiem Ludzko\u015b\u0107 w ko\u015bciele Odmawia\u0107 r\u00f3\u017caniec&hellip; <\/p>\n","protected":false},"author":1,"featured_media":0,"parent":0,"menu_order":0,"comment_status":"closed","ping_status":"closed","template":"","meta":{"footnotes":""},"class_list":["post-4596","page","type-page","status-publish","hentry"],"_links":{"self":[{"href":"https:\/\/hubertpietka.bialystok.pl\/index.php?rest_route=\/wp\/v2\/pages\/4596","targetHints":{"allow":["GET"]}}],"collection":[{"href":"https:\/\/hubertpietka.bialystok.pl\/index.php?rest_route=\/wp\/v2\/pages"}],"about":[{"href":"https:\/\/hubertpietka.bialystok.pl\/index.php?rest_route=\/wp\/v2\/types\/page"}],"author":[{"embeddable":true,"href":"https:\/\/hubertpietka.bialystok.pl\/index.php?rest_route=\/wp\/v2\/users\/1"}],"replies":[{"embeddable":true,"href":"https:\/\/hubertpietka.bialystok.pl\/index.php?rest_route=%2Fwp%2Fv2%2Fcomments&post=4596"}],"version-history":[{"count":4,"href":"https:\/\/hubertpietka.bialystok.pl\/index.php?rest_route=\/wp\/v2\/pages\/4596\/revisions"}],"predecessor-version":[{"id":4602,"href":"https:\/\/hubertpietka.bialystok.pl\/index.php?rest_route=\/wp\/v2\/pages\/4596\/revisions\/4602"}],"wp:attachment":[{"href":"https:\/\/hubertpietka.bialystok.pl\/index.php?rest_route=%2Fwp%2Fv2%2Fmedia&parent=4596"}],"curies":[{"name":"wp","href":"https:\/\/api.w.org\/{rel}","templated":true}]}}