{"id":4605,"date":"2021-10-02T23:13:10","date_gmt":"2021-10-02T23:13:10","guid":{"rendered":"http:\/\/hubertpietka.bialystok.pl\/?page_id=4605"},"modified":"2021-10-02T23:13:10","modified_gmt":"2021-10-02T23:13:10","slug":"okazja-aniolom-czesc-oddac","status":"publish","type":"page","link":"https:\/\/hubertpietka.bialystok.pl\/?page_id=4605","title":{"rendered":"Okazja \/ Anio\u0142om cze\u015b\u0107 odda\u0107"},"content":{"rendered":"<p><em><strong>Okazja \/ Anio\u0142om cze\u015b\u0107 odda\u0107<\/strong><\/em><\/p>\n<p>Jest takie powiedzenie<br \/>\n<em>\u017be okazja<\/em><br \/>\n<em> Czyni z\u0142odziejem<\/em><\/p>\n<p>Czy\u017c to z\u0142odziejstwo nie jest<br \/>\n\u017bonie m\u0119\u017ca kradzie\u017c<br \/>\nI na odwr\u00f3t ale o tym dalej troch\u0119<\/p>\n<p>Bo ci aby przyj\u015b\u0107 potrzebuj\u0105 trzech rzeczy<br \/>\nOkazji i pretekstu<br \/>\nAlbo sforsowanie bez pozwolenia w\u0142a\u015bcicieli<br \/>\nOgrodzenia prywatnej posesji<\/p>\n<p>A kradzie\u017c \u017conie m\u0119\u017ca<br \/>\nTo tylko preludium<br \/>\nDo zbrodni na nim<\/p>\n<p>Jest te\u017c staropolskie przys\u0142owie<br \/>\n<em>Na z\u0142odzieju czapka gore<\/em><br \/>\nTeraz sytuacja odwrotna<br \/>\nCzyli m\u0119\u017cowi kradzie\u017c \u017cony<\/p>\n<p>Bo w ni\u0105 godzenie<br \/>\nDaj\u0105c ku temu okazje<br \/>\nPoprzez zysk z procederu tego<br \/>\nJest tym samym w istocie<\/p>\n<p>A nie zachowuje si\u0119 dziwnie<br \/>\nKto\u015b kto sumienie ma czyste<br \/>\nPo tym pozna\u0107 \u0142atwo<br \/>\nMimo pozor\u00f3w przybieranych<\/p>\n<p>Najdziwniejsze w tym jest<br \/>\n\u017be ani m\u0105\u017c ani \u017cona<br \/>\nW niczym tak naprawd\u0119 nie zawinili nikomu<br \/>\nA chc\u0105 tylko prowadzi\u0107 \u017cycie uczciwe<br \/>\nWzgl\u0119dem siebie w Bogu<\/p>\n<p>A korzystaj\u0105 niestety z tego<br \/>\nLudzie moralnie w\u0105tpliwi<br \/>\nI \u017c\u0105dni brudnego zysku<br \/>\nLub ze strachu przed nimi<\/p>\n<p><strong>Dzisiaj \u015bw. Anio\u0142\u00f3w Str\u00f3\u017c\u00f3w<\/strong><br \/>\n<strong> Ufamy w ich opiek\u0119 pomoc<\/strong><br \/>\n<strong> \u017be dzi\u0119ki ich or\u0119downictwie<\/strong><br \/>\n<strong> I w niebie \u015bwi\u0119tych<\/strong><br \/>\n<strong> Nie spe\u0142ni\u0105 si\u0119 z\u0142e zamys\u0142y<\/strong><\/p>\n<p><strong><a href=\"http:\/\/hubertpietka.bialystok.pl\/wp-content\/uploads\/2021\/10\/IMG_20211003_002656.jpg\"><img loading=\"lazy\" decoding=\"async\" class=\"alignnone size-thumbnail wp-image-4606\" src=\"http:\/\/hubertpietka.bialystok.pl\/wp-content\/uploads\/2021\/10\/IMG_20211003_002656-150x150.jpg\" alt=\"\" width=\"150\" height=\"150\" srcset=\"https:\/\/hubertpietka.bialystok.pl\/wp-content\/uploads\/2021\/10\/IMG_20211003_002656-150x150.jpg 150w, https:\/\/hubertpietka.bialystok.pl\/wp-content\/uploads\/2021\/10\/IMG_20211003_002656-75x75.jpg 75w\" sizes=\"auto, (max-width: 150px) 100vw, 150px\" \/><\/a><\/strong><\/p>\n<p><em>Na zdj. W ko\u015bciele \u015bw. Alberta buskim<\/em><br \/>\n<em> W prezbiterium<\/em><br \/>\n<em> Jezus w otoczeniu anio\u0142\u00f3w i polskich \u015bwi\u0119tych<\/em><br \/>\n<em> Wstawiajcie si\u0119 za nami<\/em><br \/>\n<em> Wy wobec Jezusa Eucharystycznego trwacie<\/em><br \/>\n<em> Ufam Tobie Panie<\/em><br \/>\n<em> Ave Maria<\/em><\/p>\n<p style=\"text-align: right;\"><strong>A *arc-hani-o\u0142owie*<\/strong><br \/>\n<strong> A r\u00f3\u017cni *arcy Hani o\u0142owiu*<\/strong><br \/>\n<strong> Nie przydawajcie w takiej czy innej postaci<\/strong><\/p>\n<p style=\"text-align: center;\"><a href=\"https:\/\/youtu.be\/deQ8QiqfNEk\"><em><strong>Robert Kasprzycki &amp; Janusz Radek<\/strong><\/em><\/a><br \/>\n<a href=\"https:\/\/youtu.be\/deQ8QiqfNEk\"><em><strong> &#8211; Aniele Bo\u017cy Str\u00f3\u017cu m\u00f3j<\/strong><\/em><\/a><\/p>\n<p><a href=\"https:\/\/youtu.be\/vPYxO3qfcfI\"><em><strong>2Tm2,3 &#8211; W obliczu anio\u0142\u00f3w<\/strong><\/em><\/a><\/p>\n<p><a href=\"https:\/\/youtu.be\/m2sxYgKsxsc\"><b><i>Psalm 138 (Ps 138) &#8211; W obliczu anio\u0142\u00f3w &#8211; Pie\u015bni Neokatechumenalne<\/i><\/b><\/a><\/p>\n","protected":false},"excerpt":{"rendered":"<p>Okazja \/ Anio\u0142om cze\u015b\u0107 odda\u0107 Jest takie powiedzenie \u017be okazja Czyni z\u0142odziejem Czy\u017c to z\u0142odziejstwo nie jest \u017bonie m\u0119\u017ca kradzie\u017c I na odwr\u00f3t ale o&hellip; <\/p>\n","protected":false},"author":1,"featured_media":0,"parent":0,"menu_order":0,"comment_status":"closed","ping_status":"closed","template":"","meta":{"footnotes":""},"class_list":["post-4605","page","type-page","status-publish","hentry"],"_links":{"self":[{"href":"https:\/\/hubertpietka.bialystok.pl\/index.php?rest_route=\/wp\/v2\/pages\/4605","targetHints":{"allow":["GET"]}}],"collection":[{"href":"https:\/\/hubertpietka.bialystok.pl\/index.php?rest_route=\/wp\/v2\/pages"}],"about":[{"href":"https:\/\/hubertpietka.bialystok.pl\/index.php?rest_route=\/wp\/v2\/types\/page"}],"author":[{"embeddable":true,"href":"https:\/\/hubertpietka.bialystok.pl\/index.php?rest_route=\/wp\/v2\/users\/1"}],"replies":[{"embeddable":true,"href":"https:\/\/hubertpietka.bialystok.pl\/index.php?rest_route=%2Fwp%2Fv2%2Fcomments&post=4605"}],"version-history":[{"count":1,"href":"https:\/\/hubertpietka.bialystok.pl\/index.php?rest_route=\/wp\/v2\/pages\/4605\/revisions"}],"predecessor-version":[{"id":4607,"href":"https:\/\/hubertpietka.bialystok.pl\/index.php?rest_route=\/wp\/v2\/pages\/4605\/revisions\/4607"}],"wp:attachment":[{"href":"https:\/\/hubertpietka.bialystok.pl\/index.php?rest_route=%2Fwp%2Fv2%2Fmedia&parent=4605"}],"curies":[{"name":"wp","href":"https:\/\/api.w.org\/{rel}","templated":true}]}}