{"id":4617,"date":"2021-10-05T08:57:27","date_gmt":"2021-10-05T08:57:27","guid":{"rendered":"http:\/\/hubertpietka.bialystok.pl\/?page_id=4617"},"modified":"2021-10-05T08:57:27","modified_gmt":"2021-10-05T08:57:27","slug":"sum-maria-cum-maria","status":"publish","type":"page","link":"https:\/\/hubertpietka.bialystok.pl\/?page_id=4617","title":{"rendered":"Sum Maria \/ cum Maria"},"content":{"rendered":"<p><em><strong>Sum Maria \/ cum Maria<\/strong><\/em><\/p>\n<p>*Pod-sum-owanie* pewnych dzia\u0142a\u0144<br \/>\n*Pod sumem owanie*<br \/>\nPewne dzia\u0142ania<br \/>\nAby go z\u0142apa\u0107<\/p>\n<p>Potrzebuj\u0105 wi\u0119c rzeczy trzech<br \/>\nDobrej okazji<br \/>\n\u017be kto\u015b im otworzy albo b\u0119dzie otwarte<br \/>\nPretekst prete\u015bkcik ma\u0142y czy wi\u0119kszy<br \/>\nI \u017ce kto\u015b ich zaprosi<br \/>\nA zawsze si\u0119 znajdzie kto\u015b taki us\u0142u\u017cny<br \/>\nI nie wa\u017cne<br \/>\nZ tej czy strony tamtej<br \/>\nDaleko nie maj\u0105 raczej<\/p>\n<p>Teraz za chwil\u0119 czy za chwil par\u0119<\/p>\n<p>Rozwa\u017ca\u0144 o czasie przy okazji par\u0119<br \/>\nTera\u017aniejszo\u015b\u0107 teraz mniejszo\u015b\u0107<br \/>\nPrzesz\u0142o\u015b\u0107 przesz\u0142o<br \/>\nPrzysz\u0142o\u015b\u0107 b\u0119dzie pi\u0119kna<br \/>\nPowiej\u0105 jeszcze wiatry lepsze<br \/>\nTrzeba tylko posprz\u0105ta\u0107 troch\u0119 jeszcze<\/p>\n<p>S-u-m m-u-s<br \/>\nMusi to jednak nie tu<\/p>\n<p><a href=\"http:\/\/hubertpietka.bialystok.pl\/wp-content\/uploads\/2021\/10\/IMG_20211005_105344.jpg\"><img loading=\"lazy\" decoding=\"async\" class=\"alignnone size-thumbnail wp-image-4618\" src=\"http:\/\/hubertpietka.bialystok.pl\/wp-content\/uploads\/2021\/10\/IMG_20211005_105344-150x150.jpg\" alt=\"\" width=\"150\" height=\"150\" srcset=\"https:\/\/hubertpietka.bialystok.pl\/wp-content\/uploads\/2021\/10\/IMG_20211005_105344-150x150.jpg 150w, https:\/\/hubertpietka.bialystok.pl\/wp-content\/uploads\/2021\/10\/IMG_20211005_105344-75x75.jpg 75w\" sizes=\"auto, (max-width: 150px) 100vw, 150px\" \/><\/a><\/p>\n<p><strong>Na zdj. W ko\u015bciele Matki Bo\u017cej z Guadellupe w Bia\u0142ymstoku<\/strong><br \/>\n<strong> <em>Pe\u0142ny milosierdziowy zestaw<\/em><\/strong><br \/>\n<strong> Matko \u017bycia podtrzymuj to co jest zagro\u017cone<\/strong><br \/>\n<strong> Ave Maryja<\/strong><\/p>\n<p><strong>Dzi\u015b \u015bw. Faustyny<\/strong><br \/>\n<strong> Imi\u0119 jej od Fausta<\/strong><br \/>\n<strong> U Gethego on powiedzia\u0142<\/strong><br \/>\n<strong> <em>Trwaj chwilo pi\u0119kna jeste\u015b<\/em><\/strong><br \/>\n<strong> Jeszcze b\u0119dzie przepi\u0119knie<\/strong><br \/>\n<strong> Cho\u0107 mo\u017ce nie tak zaraz<\/strong><br \/>\n<strong> Za chwil\u0119 za chwil par\u0119<\/strong><br \/>\n<strong> Ufam Panie<\/strong><br \/>\n<strong> I je\u015bli cokolwiek cokolwieczunio cho\u0107by i nawet<\/strong><\/p>\n","protected":false},"excerpt":{"rendered":"<p>Sum Maria \/ cum Maria *Pod-sum-owanie* pewnych dzia\u0142a\u0144 *Pod sumem owanie* Pewne dzia\u0142ania Aby go z\u0142apa\u0107 Potrzebuj\u0105 wi\u0119c rzeczy trzech Dobrej okazji \u017be kto\u015b im&hellip; <\/p>\n","protected":false},"author":1,"featured_media":0,"parent":0,"menu_order":0,"comment_status":"closed","ping_status":"closed","template":"","meta":{"footnotes":""},"class_list":["post-4617","page","type-page","status-publish","hentry"],"_links":{"self":[{"href":"https:\/\/hubertpietka.bialystok.pl\/index.php?rest_route=\/wp\/v2\/pages\/4617","targetHints":{"allow":["GET"]}}],"collection":[{"href":"https:\/\/hubertpietka.bialystok.pl\/index.php?rest_route=\/wp\/v2\/pages"}],"about":[{"href":"https:\/\/hubertpietka.bialystok.pl\/index.php?rest_route=\/wp\/v2\/types\/page"}],"author":[{"embeddable":true,"href":"https:\/\/hubertpietka.bialystok.pl\/index.php?rest_route=\/wp\/v2\/users\/1"}],"replies":[{"embeddable":true,"href":"https:\/\/hubertpietka.bialystok.pl\/index.php?rest_route=%2Fwp%2Fv2%2Fcomments&post=4617"}],"version-history":[{"count":1,"href":"https:\/\/hubertpietka.bialystok.pl\/index.php?rest_route=\/wp\/v2\/pages\/4617\/revisions"}],"predecessor-version":[{"id":4619,"href":"https:\/\/hubertpietka.bialystok.pl\/index.php?rest_route=\/wp\/v2\/pages\/4617\/revisions\/4619"}],"wp:attachment":[{"href":"https:\/\/hubertpietka.bialystok.pl\/index.php?rest_route=%2Fwp%2Fv2%2Fmedia&parent=4617"}],"curies":[{"name":"wp","href":"https:\/\/api.w.org\/{rel}","templated":true}]}}