{"id":4623,"date":"2021-10-07T09:37:33","date_gmt":"2021-10-07T09:37:33","guid":{"rendered":"http:\/\/hubertpietka.bialystok.pl\/?page_id=4623"},"modified":"2021-10-07T09:41:54","modified_gmt":"2021-10-07T09:41:54","slug":"przyjazn-z-rozancowa-maryja","status":"publish","type":"page","link":"https:\/\/hubertpietka.bialystok.pl\/?page_id=4623","title":{"rendered":"Przyja\u017a\u0144  z R\u00f3\u017ca\u0144cow\u0105 Pani\u0105 \/ Maryj\u0105"},"content":{"rendered":"<p><em><strong>Przyja\u017a\u0144 z R\u00f3\u017ca\u0144cow\u0105 Pani\u0105 \/ Maryj\u0105<\/strong><\/em><\/p>\n<p>Prawdziwa przyja\u017a\u0144 jest ku dobru<br \/>\nNie ku z\u0142u<br \/>\nTo definiuje jej istot\u0119<\/p>\n<p>Ku z\u0142u to s\u0105 najwy\u017cej<br \/>\nKonszachty i kolaboracja<br \/>\nWsp\u00f3\u0142prac\u0119 ku z\u0142u tak niestety trzeba nazwa\u0107<\/p>\n<p>To ile si\u0119 p\u0142aci<br \/>\nZa wydanie krwi niewinnej<br \/>\nDobra cena to 30 srebrnik\u00f3w<\/p>\n<p>Dotyczy to mnie i \u017cony<br \/>\nAle inaczej troch\u0119<br \/>\nJ\u0105 zabi\u0107 a mnie wyda\u0107<\/p>\n<p>Czy\u017c nie tak<br \/>\nJ\u0105 na \u015bmier\u0107 niby przypadkiem<br \/>\nA mnie ku sprawiedliwo\u015bci pozornej<\/p>\n<p>To jak to jest<br \/>\nPrzez przekupstwo<br \/>\nKu niby sprawiedliwo\u015bci<\/p>\n<p>Oj kusz\u0105<br \/>\nPrzecie\u017c zawsze znajdzie si\u0119 kto\u015b us\u0142u\u017cny<br \/>\nChciwy niestety pieni\u0119dzy brudnych<\/p>\n<p><a href=\"http:\/\/hubertpietka.bialystok.pl\/wp-content\/uploads\/2021\/10\/IMG_20211007_113343.jpg\"><img loading=\"lazy\" decoding=\"async\" class=\"alignnone size-thumbnail wp-image-4624\" src=\"http:\/\/hubertpietka.bialystok.pl\/wp-content\/uploads\/2021\/10\/IMG_20211007_113343-150x150.jpg\" alt=\"\" width=\"150\" height=\"150\" srcset=\"https:\/\/hubertpietka.bialystok.pl\/wp-content\/uploads\/2021\/10\/IMG_20211007_113343-150x150.jpg 150w, https:\/\/hubertpietka.bialystok.pl\/wp-content\/uploads\/2021\/10\/IMG_20211007_113343-75x75.jpg 75w\" sizes=\"auto, (max-width: 150px) 100vw, 150px\" \/><\/a><\/p>\n<p><em><strong>Na zdj. Matka Bo\u017ca Nieustaj\u0105cej Pomocy w *Ol-kuszu* *oj kusz\u0105*<\/strong><\/em><br \/>\n<em><strong> Przyja\u017a\u0144 jest ku dobru<\/strong><\/em><br \/>\n<em><strong> Dzi\u015b R\u00f3\u017ca\u0144cowej Pani<\/strong><\/em><br \/>\n<em><strong> W Twe wystawiennictwo ufamy<\/strong><\/em><\/p>\n","protected":false},"excerpt":{"rendered":"<p>Przyja\u017a\u0144 z R\u00f3\u017ca\u0144cow\u0105 Pani\u0105 \/ Maryj\u0105 Prawdziwa przyja\u017a\u0144 jest ku dobru Nie ku z\u0142u To definiuje jej istot\u0119 Ku z\u0142u to s\u0105 najwy\u017cej Konszachty i&hellip; <\/p>\n","protected":false},"author":1,"featured_media":0,"parent":0,"menu_order":0,"comment_status":"closed","ping_status":"closed","template":"","meta":{"footnotes":""},"class_list":["post-4623","page","type-page","status-publish","hentry"],"_links":{"self":[{"href":"https:\/\/hubertpietka.bialystok.pl\/index.php?rest_route=\/wp\/v2\/pages\/4623","targetHints":{"allow":["GET"]}}],"collection":[{"href":"https:\/\/hubertpietka.bialystok.pl\/index.php?rest_route=\/wp\/v2\/pages"}],"about":[{"href":"https:\/\/hubertpietka.bialystok.pl\/index.php?rest_route=\/wp\/v2\/types\/page"}],"author":[{"embeddable":true,"href":"https:\/\/hubertpietka.bialystok.pl\/index.php?rest_route=\/wp\/v2\/users\/1"}],"replies":[{"embeddable":true,"href":"https:\/\/hubertpietka.bialystok.pl\/index.php?rest_route=%2Fwp%2Fv2%2Fcomments&post=4623"}],"version-history":[{"count":3,"href":"https:\/\/hubertpietka.bialystok.pl\/index.php?rest_route=\/wp\/v2\/pages\/4623\/revisions"}],"predecessor-version":[{"id":4629,"href":"https:\/\/hubertpietka.bialystok.pl\/index.php?rest_route=\/wp\/v2\/pages\/4623\/revisions\/4629"}],"wp:attachment":[{"href":"https:\/\/hubertpietka.bialystok.pl\/index.php?rest_route=%2Fwp%2Fv2%2Fmedia&parent=4623"}],"curies":[{"name":"wp","href":"https:\/\/api.w.org\/{rel}","templated":true}]}}