{"id":4645,"date":"2021-10-13T09:55:38","date_gmt":"2021-10-13T09:55:38","guid":{"rendered":"http:\/\/hubertpietka.bialystok.pl\/?page_id=4645"},"modified":"2021-10-13T10:17:56","modified_gmt":"2021-10-13T10:17:56","slug":"pogon-za-zbrodniarzem-strasznym","status":"publish","type":"page","link":"https:\/\/hubertpietka.bialystok.pl\/?page_id=4645","title":{"rendered":"Pogo\u0144 \/ za zbrodniarzem strasznym"},"content":{"rendered":"<p><em><strong>Pogo\u0144 \/ za zbrodniarzem strasznym<\/strong><\/em><\/p>\n<p>Wracam do tego co napisa\u0107 mia\u0142em wczoraj rano<br \/>\nAle dosz\u0142o kilka fakt\u00f3w nowych<br \/>\nWi\u0119c raczej b\u0119dzie ciekawie<\/p>\n<p><strong>1. Spowied\u017a zbrodniarza<\/strong><\/p>\n<p>We wczesnym dzieci\u0144stwie nauczanie pocz\u0105tkowe<br \/>\nPodkrada\u0142em mamie pieni\u0105dze na batoniki<br \/>\nTo by\u0142y czasy trudne niestety<br \/>\nNie by\u0142o tyle tego wszystkiego<br \/>\nA nas w domu du\u017co<\/p>\n<p>Kradzie\u017c kolejn\u0105 zaliczy\u0142em w liceum<br \/>\nWzi\u0105\u0142em z klasy szkolnej spinacze<br \/>\nW sumie niewiadomo po co<br \/>\nWtedy by\u0142a moda na s\u0142omianki<br \/>\nJa mia\u0142em z pi\u0142karskimi klubami<br \/>\nTo mo\u017ce do tego ju\u017c dobrze nie pami\u0119tam<br \/>\nI jeszcze ukrad\u0142em jedno opakowanie higienicznych chusteczek<br \/>\nW klasie maturalnej od cioci<br \/>\nKatar sienny mia\u0142em zawsze niestety<br \/>\nA z pieni\u0119dzmi by\u0142o czasem bardzo krucho<\/p>\n<p>Tak pali\u0142em marihuan\u0119 i alkoholu troch\u0119 nadu\u017cywa\u0142em<br \/>\nAle to by\u0142o na studiach g\u0142\u00f3wnie<br \/>\nJu\u017c kiedy przeszed\u0142em za\u0142amanie nerwowe<br \/>\nInnych narkotyk\u00f3w nie u\u017cywa\u0142em nigdy<\/p>\n<p>Tak mia\u0142em z nieczysto\u015bci\u0105 pewien problem<br \/>\nAle to by\u0142o do nawr\u00f3cenia z grubsza<br \/>\nA potem ju\u017c usta\u0142o ca\u0142kowicie<br \/>\nJednak nigdy nie przekroczy\u0142em z kim\u015b granicy p\u0142ciowej<br \/>\nChocia\u017c by\u0142y ku temu okazje<br \/>\nLecz B\u00f3g zatrzymywa\u0142 to w stosownym czasie<\/p>\n<p>Te\u017c w liceum mia\u0142em epizod satanistyczny pewien<br \/>\nW zwi\u0105zku ze s\u0142uchaniem ci\u0119\u017cszej muzyki<br \/>\nAle nie zabrn\u0105\u0142em w to g\u0142\u0119boko na szcz\u0119\u015bcie<br \/>\nBy\u0142o to raczej na zasadzie buntu<br \/>\nA poza tym w internecie<br \/>\nGdzie wtedy mieszka\u0142em<br \/>\nBy\u0142em widzem przy wywo\u0142ywaniu duch\u00f3w<br \/>\nNa szcz\u0119\u015bcie nic si\u0119 nie zadzia\u0142o wtedy<\/p>\n<p>I braci bi\u0142em w dzieci\u0144stwie<br \/>\nNa szcz\u0119\u015bcie jak ju\u017c z domu wyjecha\u0142em to to usta\u0142o<br \/>\nI raz je\u017adzi\u0142em po alkoholu<br \/>\nAle to by\u0142o w barwnych u\u017cywkowo czasach studi\u00f3w<br \/>\nJeszcze przed nawr\u00f3ceniem<br \/>\nWi\u0119c ju\u017c dawno dosy\u0107<\/p>\n<p>I moja zbrodnia najwi\u0119ksza wreszcie<br \/>\nWykorzysta\u0142em pewne sytuacje by wy\u0142udzi\u0107<br \/>\nDofinansowanie do nauki<br \/>\nZ pieni\u0119dzmi by\u0142o krucho<br \/>\nWi\u0119c skorzysta\u0142em z okazji wk\u0142adaj\u0105c w to troch\u0119 inteligencji<br \/>\n\u0179le wykorzystanej niestety<\/p>\n<p>A i jeszcze pal\u0119 papierosy<br \/>\nI mi si\u0119 zdarza\u0142o pok\u0142\u00f3ci\u0107<br \/>\nZ \u017con\u0105 czy te\u017c z kim\u015b innym<\/p>\n<p>Wi\u0119cej grzech\u00f3w nie pami\u0119tam<br \/>\nZe wszystkich si\u0119 wyspowiada\u0142em<br \/>\nNajbardziej \u017ca\u0142uj\u0119 tej ostatniej rzeczy<br \/>\nSzczeg\u00f3lnie w tej sytuacji<br \/>\nCzyli wy\u0142udzenia dofinansowania<br \/>\nA mam na swoje usprawiedliwienie<br \/>\n\u017be nie mia\u0142em za bardzo mo\u017cliwo\u015bci skorzystania<br \/>\nZ jakiejkolwiek innej pomocy<br \/>\nInne rzeczy by\u0142y raczej materii mniejszej<\/p>\n<p><strong>Wczoraj by\u0142o b\u0142. Jana Beyzyma<\/strong><br \/>\n<strong> Aposto\u0142a w\u015br\u00f3d tr\u0119dowatych<\/strong><br \/>\n<strong> B\u00f3g zna moje serce<\/strong><br \/>\n<strong> <em>Kto jest bez winy<\/em><\/strong><br \/>\n<strong><em> Niech rzuci kamieniem pierwszy<\/em><\/strong><\/p>\n<p><strong>2. Pogo\u0144<\/strong><\/p>\n<p>Kolejne rzeczy przyni\u00f3s\u0142 dzie\u0144 wczorajszy<br \/>\nNiekt\u00f3re ju\u017c troch\u0119 znane<br \/>\nJakim\u015b cudem do Bia\u0142egostoku dotarli\u015bmy<br \/>\nI jeszcze jeste\u015bmy wolni<br \/>\nJeszcze \u017cyjemy niestety<\/p>\n<p>Bo przecie\u017c teraz ka\u017cdy<br \/>\nMo\u017ce wskaza\u0107 im gdzie przebywamy<br \/>\nGdzie jeste\u015bmy w\u0142a\u015bnie<br \/>\nA jak\u017ce<br \/>\nA kto\u015b taki si\u0119 zawsze i wsz\u0119dzie znajdzie<br \/>\nA przecie\u017c maj\u0105 mnie pojma\u0107<br \/>\nZa te wszystkie zbrodnie moje<\/p>\n<p>Samoch\u00f3d te\u017c jest przecie\u017c charakterystyczny<br \/>\nCzarny i ma z\u0142ot\u0105 rybk\u0119<br \/>\nR\u00f3\u017cne piranie ch\u0119tnie by dopad\u0142y z\u0142ot\u0105 rybk\u0119 tak\u0105<br \/>\nA ci w zamian zapewne ich \u017cyczenia spe\u0142ni\u0105<\/p>\n<p>Ob\u0142awa<br \/>\nI potrzask tam gdzie jeste\u015bmy akurat teraz<br \/>\nBo nie mo\u017cna otwiera\u0107 okien<br \/>\nBo to gospodarzowi zaszkodzi\u0107 by mog\u0142o troch\u0119<br \/>\nW jaki spos\u00f3b oni wiedz\u0105<br \/>\nA przecie\u017c to nam ma si\u0119 najpierw szkodzi\u0107<br \/>\nI oni wiedz\u0105 jak maj\u0105 to robi\u0107<\/p>\n<p>Oni te\u017c lubi\u0105 bardzo r\u00f3\u017cne dodatki do kawy<br \/>\nKt\u00f3re maj\u0105 wywo\u0142a\u0107 efekt adekwatny<br \/>\nI te\u017c na przyk\u0142ad papier toaletowy i myd\u0142a r\u00f3\u017cne<br \/>\nDaj\u0105ce efekty jedynie s\u0142uszne<br \/>\n\u017be o pokarmach nam serwowanych<br \/>\nTo ju\u017c nie wspomn\u0119 nawet<br \/>\nBary\u015bci wr\u0119cz doskonali<br \/>\nA do tego esteci i higieni\u015bci a jak\u017ce<br \/>\nA i ekolodzy jeszcze<br \/>\n\u015amier\u0107 za \u015bmieci<br \/>\nNa dodatek spreparowane odpowiednio<br \/>\nPrzez kogo\u015b innego<\/p>\n<p>Ale nikt tego nie przyzna<br \/>\nBo oni maj\u0105 odpowiednie metody<br \/>\nSzanta\u017c i terroryzm<br \/>\nWi\u0119c wszyscy si\u0119 boj\u0105<br \/>\nI oni powoli osi\u0105gaj\u0105 to do czego zmierzaj\u0105<\/p>\n<p>Wiem tylko jedno<br \/>\n\u017be tak do ko\u0144ca to mog\u0119 liczy\u0107<br \/>\nTylko na moj\u0105 \u017con\u0119<br \/>\nI oni te\u017c to wiedz\u0105<br \/>\nWi\u0119c uderzaj\u0105 w ni\u0105 odpowiednio<\/p>\n<p>To jest bastion ostatni<br \/>\nAby mog\u0142y si\u0119 spe\u0142ni\u0107 ich z\u0142owrogie zamiary<\/p>\n<p>Wytworzyli klimat taki<br \/>\n\u017be zbrodni\u0105 si\u0119 niestety staje zwyk\u0142e dobro<br \/>\nKt\u00f3re kto\u015b m\u00f3g\u0142by nam uczyni\u0107<br \/>\nSzczucie na nas wszystkich<\/p>\n<p>I jeszcze chc\u0105 mnie zamkn\u0105\u0107<br \/>\nZa niby niepoczytalno\u015b\u0107<br \/>\nAle s\u0105dzi\u0107 to ju\u017c pewnie<br \/>\nZ surowo\u015bci\u0105 pe\u0142n\u0105<br \/>\nI ich niby sprawiedliwo\u015bci\u0105<br \/>\nBro\u0144 nas Panie Bo\u017ce przed takim s\u0105dem<\/p>\n<p><strong>Dzi\u015b b\u0142. Honorata Ko\u017ami\u0144skiego<\/strong><br \/>\n<strong> Trzeba mie\u0107 honoru cho\u0107 troch\u0119<\/strong><br \/>\n<strong> Dzi\u015b te\u017c jest dzie\u0144 Matki Bo\u017cej Fatimskiej<\/strong><br \/>\n<strong> Maryjo kochana Matko nasza droga<\/strong><br \/>\n<strong> Przed nimi nas ocal<\/strong><br \/>\n<strong> Ocal o Panie nies\u0142usznie na \u015bmier\u0107 skazanych<\/strong><br \/>\n<strong> Jezu ufam Tobie<\/strong><\/p>\n<p><a href=\"http:\/\/hubertpietka.bialystok.pl\/wp-content\/uploads\/2021\/10\/IMG_20211013_115214.jpg\"><img loading=\"lazy\" decoding=\"async\" class=\"alignnone size-thumbnail wp-image-4646\" src=\"http:\/\/hubertpietka.bialystok.pl\/wp-content\/uploads\/2021\/10\/IMG_20211013_115214-150x150.jpg\" alt=\"\" width=\"150\" height=\"150\" srcset=\"https:\/\/hubertpietka.bialystok.pl\/wp-content\/uploads\/2021\/10\/IMG_20211013_115214-150x150.jpg 150w, https:\/\/hubertpietka.bialystok.pl\/wp-content\/uploads\/2021\/10\/IMG_20211013_115214-75x75.jpg 75w\" sizes=\"auto, (max-width: 150px) 100vw, 150px\" \/><\/a><\/p>\n<p><em>Na zdj. Znak Pogoni na drzwiach fary w Olkuszu<\/em><br \/>\n<em> Oni chciwych nieczystych pieni\u0119dzy kusz\u0105<\/em><br \/>\n<em> Ju\u017c pogo\u0144 za nami gdzie by\u015bmy si\u0119<\/em> nie odwr\u00f3cili nawet<br \/>\nJu\u017c id\u0105 i czyni\u0105 wszystko<br \/>\nAby nam z\u0142o jakie\u015b uczyni\u0107<br \/>\nAle oczywi\u015bcie pozory preteksty<br \/>\nTe\u017c maj\u0105 jakie\u015b inne zawsze<\/p>\n<p style=\"text-align: center;\"><a href=\"https:\/\/youtu.be\/v0NAXRuc7Jg\"><em><strong>Jacek Kaczmarski &#8211; Ob\u0142awa<\/strong><\/em><\/a><\/p>\n<p style=\"text-align: center;\"><a href=\"https:\/\/youtu.be\/RxAj7gUl6pk\"><em><strong>Marek Dyjak &#8211; Z\u0142ota Ryba &#8211; z filmu Underdog<\/strong><\/em><\/a><\/p>\n<p style=\"text-align: center;\"><a href=\"https:\/\/youtu.be\/8R1U_NM_8dA\"><em><strong>Nobody&#8217;s perfect<\/strong><\/em><\/a><\/p>\n","protected":false},"excerpt":{"rendered":"<p>Pogo\u0144 \/ za zbrodniarzem strasznym Wracam do tego co napisa\u0107 mia\u0142em wczoraj rano Ale dosz\u0142o kilka fakt\u00f3w nowych Wi\u0119c raczej b\u0119dzie ciekawie 1. Spowied\u017a zbrodniarza&hellip; <\/p>\n","protected":false},"author":1,"featured_media":0,"parent":0,"menu_order":0,"comment_status":"closed","ping_status":"closed","template":"","meta":{"footnotes":""},"class_list":["post-4645","page","type-page","status-publish","hentry"],"_links":{"self":[{"href":"https:\/\/hubertpietka.bialystok.pl\/index.php?rest_route=\/wp\/v2\/pages\/4645","targetHints":{"allow":["GET"]}}],"collection":[{"href":"https:\/\/hubertpietka.bialystok.pl\/index.php?rest_route=\/wp\/v2\/pages"}],"about":[{"href":"https:\/\/hubertpietka.bialystok.pl\/index.php?rest_route=\/wp\/v2\/types\/page"}],"author":[{"embeddable":true,"href":"https:\/\/hubertpietka.bialystok.pl\/index.php?rest_route=\/wp\/v2\/users\/1"}],"replies":[{"embeddable":true,"href":"https:\/\/hubertpietka.bialystok.pl\/index.php?rest_route=%2Fwp%2Fv2%2Fcomments&post=4645"}],"version-history":[{"count":3,"href":"https:\/\/hubertpietka.bialystok.pl\/index.php?rest_route=\/wp\/v2\/pages\/4645\/revisions"}],"predecessor-version":[{"id":4649,"href":"https:\/\/hubertpietka.bialystok.pl\/index.php?rest_route=\/wp\/v2\/pages\/4645\/revisions\/4649"}],"wp:attachment":[{"href":"https:\/\/hubertpietka.bialystok.pl\/index.php?rest_route=%2Fwp%2Fv2%2Fmedia&parent=4645"}],"curies":[{"name":"wp","href":"https:\/\/api.w.org\/{rel}","templated":true}]}}