{"id":465,"date":"2017-06-16T07:28:42","date_gmt":"2017-06-16T07:28:42","guid":{"rendered":"http:\/\/hubertpietka.bialystok.pl\/?page_id=465"},"modified":"2024-01-12T11:32:16","modified_gmt":"2024-01-12T11:32:16","slug":"ulubione","status":"publish","type":"page","link":"https:\/\/hubertpietka.bialystok.pl\/?page_id=465","title":{"rendered":"Ulubione"},"content":{"rendered":"<p><strong>Literatura:<\/strong><\/p>\n<p><em>E. Stachura<\/em><\/p>\n<p><em>M. H\u0142asko<\/em><\/p>\n<p><em>J. Twardowski<\/em><\/p>\n<p><em>Z. Herbert<\/em><\/p>\n<p><em><strong>Biblia<br \/>\n<\/strong><\/em><\/p>\n<p>&nbsp;<\/p>\n<p><strong>Muzyka:<\/strong><\/p>\n<p><em>D\u017cem <\/em><\/p>\n<p><strong><em>J. Dew\u00f3dzki<\/em><\/strong><\/p>\n<ul>\n<li><strong><em>szczeg. z zespo\u0142ami &#8211; <\/em><\/strong><strong><em>Rewolucja i D\u017cem<br \/>\n<\/em><\/strong><\/li>\n<\/ul>\n<p><strong>M. Balcar<\/strong><\/p>\n<p><strong>S. Riedel\u00a0<\/strong><\/p>\n<p><em>T.Love<\/em><\/p>\n<p>&nbsp;<\/p>\n<p>&nbsp;<\/p>\n<p><strong>Sport:<\/strong><\/p>\n<p><strong><em>Reprezentacja Polski w pi\u0142ce no\u017cnej<\/em><\/strong><\/p>\n<p><em>Jagiellonia Bia\u0142ystok<br \/>\n<\/em><\/p>\n<p><em>FC Barcelona<\/em><\/p>\n<p>&nbsp;<\/p>\n<p><strong>Polecane:<br \/>\n<\/strong><\/p>\n<p><a href=\"https:\/\/pl-pl.facebook.com\/kawiarniaakcent\/\"><em>Kawiarnia Akcent<\/em><\/a><\/p>\n<p><a href=\"https:\/\/pl-pl.facebook.com\/6ScianPub\/\"><em>Sze\u015bcian Pub<\/em><\/a><\/p>\n<p>\/<\/p>\n<p><a href=\"https:\/\/ewelinastraszewicz.wixsite.com\/portfolio\">https:\/\/ewelinastraszewicz.wixsite.com\/portfolio<\/a><\/p>\n<p><a href=\"https:\/\/www.facebook.com\/EwelinaStraszewicz\">https:\/\/www.facebook.com\/EwelinaStraszewicz<\/a><\/p>\n<p>*<\/p>\n<p><a href=\"https:\/\/www.facebook.com\/moje600gramow.tvp\/\">https:\/\/www.facebook.com\/moje600gramow.tvp\/<\/a><\/p>\n<p><a href=\"https:\/\/www.youtube.com\/watch?v=vRrn0V_oB2o\">Autostopem po Europie<\/a><\/p>\n","protected":false},"excerpt":{"rendered":"<p>Literatura: E. Stachura M. H\u0142asko J. Twardowski Z. Herbert Biblia &nbsp; Muzyka: D\u017cem J. Dew\u00f3dzki szczeg. z zespo\u0142ami &#8211; Rewolucja i D\u017cem M. Balcar S.&hellip; <\/p>\n","protected":false},"author":1,"featured_media":0,"parent":0,"menu_order":0,"comment_status":"closed","ping_status":"closed","template":"","meta":{"footnotes":""},"class_list":["post-465","page","type-page","status-publish","hentry"],"_links":{"self":[{"href":"https:\/\/hubertpietka.bialystok.pl\/index.php?rest_route=\/wp\/v2\/pages\/465","targetHints":{"allow":["GET"]}}],"collection":[{"href":"https:\/\/hubertpietka.bialystok.pl\/index.php?rest_route=\/wp\/v2\/pages"}],"about":[{"href":"https:\/\/hubertpietka.bialystok.pl\/index.php?rest_route=\/wp\/v2\/types\/page"}],"author":[{"embeddable":true,"href":"https:\/\/hubertpietka.bialystok.pl\/index.php?rest_route=\/wp\/v2\/users\/1"}],"replies":[{"embeddable":true,"href":"https:\/\/hubertpietka.bialystok.pl\/index.php?rest_route=%2Fwp%2Fv2%2Fcomments&post=465"}],"version-history":[{"count":12,"href":"https:\/\/hubertpietka.bialystok.pl\/index.php?rest_route=\/wp\/v2\/pages\/465\/revisions"}],"predecessor-version":[{"id":7835,"href":"https:\/\/hubertpietka.bialystok.pl\/index.php?rest_route=\/wp\/v2\/pages\/465\/revisions\/7835"}],"wp:attachment":[{"href":"https:\/\/hubertpietka.bialystok.pl\/index.php?rest_route=%2Fwp%2Fv2%2Fmedia&parent=465"}],"curies":[{"name":"wp","href":"https:\/\/api.w.org\/{rel}","templated":true}]}}