{"id":4659,"date":"2021-10-14T17:01:38","date_gmt":"2021-10-14T17:01:38","guid":{"rendered":"http:\/\/hubertpietka.bialystok.pl\/?page_id=4659"},"modified":"2021-10-14T17:01:38","modified_gmt":"2021-10-14T17:01:38","slug":"skaranie-boze-z-nimi","status":"publish","type":"page","link":"https:\/\/hubertpietka.bialystok.pl\/?page_id=4659","title":{"rendered":"Skaranie \/ Bo\u017ce z nimi"},"content":{"rendered":"<p><em><strong>Skaranie \/ Bo\u017ce z nimi<\/strong><\/em><\/p>\n<p>Ci mnie maj\u0105 pojma\u0107<br \/>\nAby mnie chroni\u0107 niby<br \/>\nPrzed samym sob\u0105 oczywi\u015bcie<\/p>\n<p>A tak naprawd\u0119 to<br \/>\nPrzecie\u017c ma zgin\u0105\u0107 \u017cona<br \/>\nWi\u0119c im to przeszkadza<\/p>\n<p>A mnie to mo\u017ce<br \/>\nNie zabij\u0105 od razu<br \/>\nLecz wprowadz\u0105 w \u015bpi\u0105czk\u0119<\/p>\n<p>\u015amier\u0107 na jawie prawie<br \/>\nI kompromis i\u015bcie szata\u0144ski<br \/>\nBym im nie przeszkadza\u0142<\/p>\n<p>To co wczoraj napisa\u0142<br \/>\nAktualne niestety jest dalej<br \/>\nAle zasz\u0142a pewna zmiana<\/p>\n<p>Og\u0142osili niedawno to \u017ce<br \/>\nKto im nie wska\u017ce<br \/>\nGdzie przebywam teraz w\u0142a\u015bnie<\/p>\n<p>Ten b\u0119dzie podlega\u0107 karze<br \/>\nA mo\u017ce \u015bmierci najlepiej<br \/>\nOni tak przecie\u017c lubi\u0105<\/p>\n<p>Zadawa\u0107 \u015bmier\u0107 innym ludziom<br \/>\nNajlepiej te\u017c za kar\u0119<br \/>\nZa ich przyczyny wyimaginowane<\/p>\n<p>W <em>Panu Tadeusza<\/em> Mickiewicza<br \/>\nBy\u0142a posta\u0107 pewna *Tel-i-mena*<br \/>\n*Tell im (wska\u017c) mena*<\/p>\n<p>Gdzie przebywa on w\u0142a\u015bnie<br \/>\nTo mo\u017ce unikniesz \u015bmierci<br \/>\nPrzynajmniej tylko na razie<\/p>\n<p><strong>Jutro wspominana Teresa Wielka<\/strong><br \/>\n<strong> Teraz wi\u0119c cisza wielka<\/strong><br \/>\n<strong> Lepiej si\u0119 wi\u0119c m\u00f3dlcie<\/strong><\/p>\n<p><strong>Bo je\u015bli ja zgin\u0119<\/strong><br \/>\n<strong> Je\u015bli te\u017c moja \u017cona<\/strong><br \/>\n<strong> To \u015bwiata nie ma<\/strong><\/p>\n<p><strong>A misie ju\u017c jad\u0105<\/strong><br \/>\n<strong> Trzeba im tylko wskaza\u0107<\/strong><br \/>\n<b>Co jak i gdzie<\/b><\/p>\n<p><strong>I \u017ce tak b\u0119dzie<\/strong><br \/>\n<strong> Je\u015bli si\u0119 nie nawr\u00f3cicie<\/strong><br \/>\n<strong> Wy i \u015bwiat zginiecie<\/strong><\/p>\n<p><strong>Tylko Jezus jest Kr\u00f3lem<\/strong><br \/>\n<strong> I je\u015bli cokolwiek cokolwieczunio<\/strong><br \/>\n<strong> Z nami naszymi naszym<\/strong><\/p>\n<p><strong>Jezu ufam Tobie zawsze<\/strong><br \/>\n<strong> Mimo tego a mo\u017ce<\/strong><br \/>\n<strong> Ty Panie wiesz wszystko<\/strong><\/p>\n<p><strong>To si\u0119 mo\u017ce odwr\u00f3ci\u0107<\/strong><br \/>\n<strong>Je\u015bli ludzie lepsi b\u0119d\u0105<\/strong><br \/>\n<strong> I nawr\u00f3ci\u0107 si\u0119 zechc\u0105<\/strong><\/p>\n<p><strong><a href=\"http:\/\/hubertpietka.bialystok.pl\/wp-content\/uploads\/2021\/10\/IMG_20211014_184346.jpg\"><img loading=\"lazy\" decoding=\"async\" class=\"alignnone size-thumbnail wp-image-4660\" src=\"http:\/\/hubertpietka.bialystok.pl\/wp-content\/uploads\/2021\/10\/IMG_20211014_184346-150x150.jpg\" alt=\"\" width=\"150\" height=\"150\" srcset=\"https:\/\/hubertpietka.bialystok.pl\/wp-content\/uploads\/2021\/10\/IMG_20211014_184346-150x150.jpg 150w, https:\/\/hubertpietka.bialystok.pl\/wp-content\/uploads\/2021\/10\/IMG_20211014_184346-75x75.jpg 75w\" sizes=\"auto, (max-width: 150px) 100vw, 150px\" \/><\/a><\/strong><\/p>\n<p><em>Na zdj. S\u0142owo Bo\u017ce<\/em><br \/>\n<em> I Matka Nieustaj\u0105cej Pomocy<\/em><br \/>\n<em> W ko\u015bciele Zmartwychwstania bia\u0142ostockim<\/em><\/p>\n<p><em>S\u0142owo Bo\u017ce nie zawodzi<\/em><br \/>\n<em> A Maryja niech wspiera<\/em><br \/>\n<em> By nast\u0105pi\u0142o zmi\u0142owanie Bo\u017ce<\/em><\/p>\n<p><em>Nad tym \u015bwiatem kt\u00f3ry<\/em><br \/>\n<em> Zmierza w stron\u0119 zag\u0142ady<\/em><br \/>\n<em> Je\u015bli si\u0119 tak stanie<\/em><\/p>\n","protected":false},"excerpt":{"rendered":"<p>Skaranie \/ Bo\u017ce z nimi Ci mnie maj\u0105 pojma\u0107 Aby mnie chroni\u0107 niby Przed samym sob\u0105 oczywi\u015bcie A tak naprawd\u0119 to Przecie\u017c ma zgin\u0105\u0107 \u017cona&hellip; <\/p>\n","protected":false},"author":1,"featured_media":0,"parent":0,"menu_order":0,"comment_status":"closed","ping_status":"closed","template":"","meta":{"footnotes":""},"class_list":["post-4659","page","type-page","status-publish","hentry"],"_links":{"self":[{"href":"https:\/\/hubertpietka.bialystok.pl\/index.php?rest_route=\/wp\/v2\/pages\/4659","targetHints":{"allow":["GET"]}}],"collection":[{"href":"https:\/\/hubertpietka.bialystok.pl\/index.php?rest_route=\/wp\/v2\/pages"}],"about":[{"href":"https:\/\/hubertpietka.bialystok.pl\/index.php?rest_route=\/wp\/v2\/types\/page"}],"author":[{"embeddable":true,"href":"https:\/\/hubertpietka.bialystok.pl\/index.php?rest_route=\/wp\/v2\/users\/1"}],"replies":[{"embeddable":true,"href":"https:\/\/hubertpietka.bialystok.pl\/index.php?rest_route=%2Fwp%2Fv2%2Fcomments&post=4659"}],"version-history":[{"count":1,"href":"https:\/\/hubertpietka.bialystok.pl\/index.php?rest_route=\/wp\/v2\/pages\/4659\/revisions"}],"predecessor-version":[{"id":4661,"href":"https:\/\/hubertpietka.bialystok.pl\/index.php?rest_route=\/wp\/v2\/pages\/4659\/revisions\/4661"}],"wp:attachment":[{"href":"https:\/\/hubertpietka.bialystok.pl\/index.php?rest_route=%2Fwp%2Fv2%2Fmedia&parent=4659"}],"curies":[{"name":"wp","href":"https:\/\/api.w.org\/{rel}","templated":true}]}}