{"id":4664,"date":"2021-10-15T00:03:49","date_gmt":"2021-10-15T00:03:49","guid":{"rendered":"http:\/\/hubertpietka.bialystok.pl\/?page_id=4664"},"modified":"2021-10-15T00:03:49","modified_gmt":"2021-10-15T00:03:49","slug":"poddanie-tylko-panu","status":"publish","type":"page","link":"https:\/\/hubertpietka.bialystok.pl\/?page_id=4664","title":{"rendered":"Poddanie \/ tylko Panu"},"content":{"rendered":"<p><em><strong>Poddanie \/ tylko Panu<\/strong><\/em><\/p>\n<p>Nawet bym si\u0119 im mo\u017ce i podda\u0142<br \/>\nAle nie wierz\u0119 w ani jedno ich s\u0142owo<br \/>\nRozwa\u017ca\u0142em to w sercu<br \/>\nAle w najlepszym przypadku uczynili by ze mnie ro\u015blink\u0119<\/p>\n<p>Ile\u017c oni razy zmieniali zdanie<br \/>\n<em>S\u0142owa na wiatr rzucane<\/em> to ich domena<br \/>\nK\u0142ama\u0107 i obietnice \u0142ama\u0107<br \/>\n<em>I udawa\u0107 Greka<\/em><br \/>\nA mo\u017ce greko-katolika oczywi\u015bcie ale niby<br \/>\nPrzecie\u017c nie ma dowod\u00f3w<br \/>\nBo je mo\u017cna pozorowa\u0107 odpowiednio<br \/>\nAlbo po prostu usun\u0105\u0107<br \/>\n<em>Nikt nie z\u0142apa\u0142 za r\u0119k\u0119<\/em><br \/>\n<em> A r\u0119ka myj\u0119 r\u0119k\u0119<\/em><\/p>\n<p>Tak\u017ce dzi\u0119kuj\u0119<br \/>\nMo\u017ce jednak sobie sam jeszcze troch\u0119 po\u017cyj\u0119<br \/>\nI z psem \u017con\u0105 bliskimi<br \/>\nNawet je\u015bli nie jeste\u015bmy doskonali<br \/>\nI je\u015bli cokolwiek cokolwieczunieczek nawet<\/p>\n<p>A na koniec zagadka<br \/>\nC\u00f3\u017c to jest w Ko\u015bciele za \u015bwi\u0119ta<br \/>\nKt\u00f3ra si\u0119 boi ksi\u0119dza<br \/>\nI ucieka przed spowiedzi\u0105<br \/>\nJak diabe\u0142 przed \u015bwi\u0119con\u0105 wod\u0105<br \/>\nMo\u017ce jest taka<br \/>\nA mo\u017ce poszuka\u0107 trzeba lepiej<br \/>\nA mo\u017ce dopiero b\u0119dzie<\/p>\n<p><strong>Dzi\u015b \u015bw. Teresy z *A-vila*<\/strong><br \/>\n<strong> *A willa* ma by\u0107 czyja<\/strong><br \/>\n<strong> Wed\u0142ug nich wiadomo<\/strong><br \/>\n<strong> A w prawdzie i Bogu<\/strong><\/p>\n<p style=\"text-align: right;\"><strong><a href=\"https:\/\/youtu.be\/lHSdL520Ywo\"><em>IRA &#8211; M\u00f3j dom<\/em><\/a><\/strong><\/p>\n<p><strong>A na koniec p\u00f3jdziemy<\/strong><br \/>\n<strong> Jest taka pizzeria *<em>Sav-ona<\/em>*<\/strong><br \/>\n<strong> *Save ona* ocali ona Maryja<\/strong><br \/>\n<strong> I jest te\u017c tu taki podlaski <em>Akcent<\/em><\/strong><\/p>\n<p><strong><em><a href=\"http:\/\/hubertpietka.bialystok.pl\/wp-content\/uploads\/2021\/10\/IMG_20211015_014714.jpg\"><img loading=\"lazy\" decoding=\"async\" class=\"alignnone size-thumbnail wp-image-4665\" src=\"http:\/\/hubertpietka.bialystok.pl\/wp-content\/uploads\/2021\/10\/IMG_20211015_014714-150x150.jpg\" alt=\"\" width=\"150\" height=\"150\" srcset=\"https:\/\/hubertpietka.bialystok.pl\/wp-content\/uploads\/2021\/10\/IMG_20211015_014714-150x150.jpg 150w, https:\/\/hubertpietka.bialystok.pl\/wp-content\/uploads\/2021\/10\/IMG_20211015_014714-75x75.jpg 75w\" sizes=\"auto, (max-width: 150px) 100vw, 150px\" \/><\/a><\/em><\/strong><\/p>\n<p><em>Na zdj. Matka Bo\u017ca Nieustaj\u0105cej Pomocy<\/em><br \/>\n<em> W ko\u015bciele w *Radzyniu* Podlaskim<\/em><br \/>\n<em> B\u0105d\u017acie *mi radzi*<\/em><br \/>\n<em> A zobaczycie \u017ce jej Niepokalane Serce zatriumfuje<\/em><br \/>\n<em> Nie wierzycie to poczekajcie<\/em><br \/>\n<em> A\u017c B\u00f3g potrz\u0105\u015bnie \u015bwiatem<\/em><\/p>\n<p style=\"text-align: center;\"><a href=\"https:\/\/youtu.be\/QXUsBf5GutA\"><strong><em>Niepokalane Serce Maryi &#8211; Guadalupe<\/em><\/strong><\/a><\/p>\n","protected":false},"excerpt":{"rendered":"<p>Poddanie \/ tylko Panu Nawet bym si\u0119 im mo\u017ce i podda\u0142 Ale nie wierz\u0119 w ani jedno ich s\u0142owo Rozwa\u017ca\u0142em to w sercu Ale w&hellip; <\/p>\n","protected":false},"author":1,"featured_media":0,"parent":0,"menu_order":0,"comment_status":"closed","ping_status":"closed","template":"","meta":{"footnotes":""},"class_list":["post-4664","page","type-page","status-publish","hentry"],"_links":{"self":[{"href":"https:\/\/hubertpietka.bialystok.pl\/index.php?rest_route=\/wp\/v2\/pages\/4664","targetHints":{"allow":["GET"]}}],"collection":[{"href":"https:\/\/hubertpietka.bialystok.pl\/index.php?rest_route=\/wp\/v2\/pages"}],"about":[{"href":"https:\/\/hubertpietka.bialystok.pl\/index.php?rest_route=\/wp\/v2\/types\/page"}],"author":[{"embeddable":true,"href":"https:\/\/hubertpietka.bialystok.pl\/index.php?rest_route=\/wp\/v2\/users\/1"}],"replies":[{"embeddable":true,"href":"https:\/\/hubertpietka.bialystok.pl\/index.php?rest_route=%2Fwp%2Fv2%2Fcomments&post=4664"}],"version-history":[{"count":1,"href":"https:\/\/hubertpietka.bialystok.pl\/index.php?rest_route=\/wp\/v2\/pages\/4664\/revisions"}],"predecessor-version":[{"id":4666,"href":"https:\/\/hubertpietka.bialystok.pl\/index.php?rest_route=\/wp\/v2\/pages\/4664\/revisions\/4666"}],"wp:attachment":[{"href":"https:\/\/hubertpietka.bialystok.pl\/index.php?rest_route=%2Fwp%2Fv2%2Fmedia&parent=4664"}],"curies":[{"name":"wp","href":"https:\/\/api.w.org\/{rel}","templated":true}]}}