{"id":4669,"date":"2021-10-15T15:11:31","date_gmt":"2021-10-15T15:11:31","guid":{"rendered":"http:\/\/hubertpietka.bialystok.pl\/?page_id=4669"},"modified":"2021-10-15T15:11:31","modified_gmt":"2021-10-15T15:11:31","slug":"ich-zamiary-zbrodni-doskonalych","status":"publish","type":"page","link":"https:\/\/hubertpietka.bialystok.pl\/?page_id=4669","title":{"rendered":"Ich zamiary \/ zbrodni doskona\u0142ych"},"content":{"rendered":"<p><em><strong>Ich zamiary \/ zbrodni doskona\u0142ych<\/strong><\/em><\/p>\n<p>Czy\u017c nie taki plan maj\u0105<br \/>\n\u017be mnie pojmaj\u0105<br \/>\nA w mi\u0119dzyczasie co\u015b si\u0119 z moj\u0105 \u017con\u0105 stanie<br \/>\nAbym nie odszed\u0142 bo by\u0142oby niedobrze<br \/>\nLepiej uczyni\u0107 ze mnie ro\u015blink\u0119<br \/>\n<em>I owca ca\u0142a i wilk syty<\/em><\/p>\n<p>A teraz<br \/>\nJe\u015bli tak uczyni\u0105<br \/>\nTo sprawy i tak potocz\u0105 si\u0119 swym trybem<br \/>\nZ Boga szydzi\u0107 nie mo\u017cna<br \/>\nOn wszystko widzi i odpowie odpowiednio na wszystko<\/p>\n<p>W ksi\u0105\u017cce Czes\u0142awa Mi\u0142osza <em>Zniewolony Umys\u0142<\/em> on m\u00f3wi\u0142<br \/>\n\u017be byli <em>umoczeni<\/em> wielcy we wsp\u00f3\u0142pracy z komunizmem<br \/>\nDla w\u0142adzy pieni\u0119dzy czy \u017cycia ocalenie<br \/>\nA Marek H\u0142asko powiedzia\u0142 wi\u0119cej<br \/>\n\u017be <em>wszyscy byli umoczeni<\/em><br \/>\nI tak si\u0119 niestety dzieje<br \/>\nMniej lub wi\u0119cej<br \/>\nA niekt\u00f3rzy to si\u0119 ca\u0142kiem u\u015bwinili we wsp\u00f3\u0142pracy z nimi<br \/>\nPrzeciwko maluczkim<br \/>\nTo jest ten czas<br \/>\nTrzeba da\u0107 \u015bwiadectwo<\/p>\n<p><a href=\"http:\/\/hubertpietka.bialystok.pl\/wp-content\/uploads\/2021\/10\/IMG_20211015_170154.jpg\"><img loading=\"lazy\" decoding=\"async\" class=\"alignnone size-thumbnail wp-image-4670\" src=\"http:\/\/hubertpietka.bialystok.pl\/wp-content\/uploads\/2021\/10\/IMG_20211015_170154-150x150.jpg\" alt=\"\" width=\"150\" height=\"150\" srcset=\"https:\/\/hubertpietka.bialystok.pl\/wp-content\/uploads\/2021\/10\/IMG_20211015_170154-150x150.jpg 150w, https:\/\/hubertpietka.bialystok.pl\/wp-content\/uploads\/2021\/10\/IMG_20211015_170154-75x75.jpg 75w\" sizes=\"auto, (max-width: 150px) 100vw, 150px\" \/><\/a><\/p>\n<p><em>Na zdj. Kwiatki dla Maryi niewinno\u015bci bia\u0142e<\/em><br \/>\n<em> W Bia\u0142ymstoku na Gromadzkiej<\/em><br \/>\n<em> Trzeba si\u0119 gromadzi\u0107 ku w\u0142a\u015bciwym ideom i sprawom<\/em><\/p>\n<p><strong>Jutro dzie\u0144 papieski<\/strong><br \/>\n<strong> Janie Pawle II m\u00f3dl si\u0119 za nami za nas<\/strong><br \/>\n<strong> A jej Niepokalane Serce zatriumfuje tak czy inaczej<\/strong><br \/>\n<strong> A je\u015bli chcecie sprawdzi\u0107<\/strong><br \/>\n<strong> Czy koniec \u015bwiata nast\u0105pi<\/strong><br \/>\n<strong> To bardzo prosz\u0119<\/strong><br \/>\n<strong> Ale od tego ju\u017c nie b\u0119dzie odwrotu<\/strong><br \/>\n<strong> Wybieracie zatem<\/strong><\/p>\n","protected":false},"excerpt":{"rendered":"<p>Ich zamiary \/ zbrodni doskona\u0142ych Czy\u017c nie taki plan maj\u0105 \u017be mnie pojmaj\u0105 A w mi\u0119dzyczasie co\u015b si\u0119 z moj\u0105 \u017con\u0105 stanie Abym nie odszed\u0142&hellip; <\/p>\n","protected":false},"author":1,"featured_media":0,"parent":0,"menu_order":0,"comment_status":"closed","ping_status":"closed","template":"","meta":{"footnotes":""},"class_list":["post-4669","page","type-page","status-publish","hentry"],"_links":{"self":[{"href":"https:\/\/hubertpietka.bialystok.pl\/index.php?rest_route=\/wp\/v2\/pages\/4669","targetHints":{"allow":["GET"]}}],"collection":[{"href":"https:\/\/hubertpietka.bialystok.pl\/index.php?rest_route=\/wp\/v2\/pages"}],"about":[{"href":"https:\/\/hubertpietka.bialystok.pl\/index.php?rest_route=\/wp\/v2\/types\/page"}],"author":[{"embeddable":true,"href":"https:\/\/hubertpietka.bialystok.pl\/index.php?rest_route=\/wp\/v2\/users\/1"}],"replies":[{"embeddable":true,"href":"https:\/\/hubertpietka.bialystok.pl\/index.php?rest_route=%2Fwp%2Fv2%2Fcomments&post=4669"}],"version-history":[{"count":1,"href":"https:\/\/hubertpietka.bialystok.pl\/index.php?rest_route=\/wp\/v2\/pages\/4669\/revisions"}],"predecessor-version":[{"id":4671,"href":"https:\/\/hubertpietka.bialystok.pl\/index.php?rest_route=\/wp\/v2\/pages\/4669\/revisions\/4671"}],"wp:attachment":[{"href":"https:\/\/hubertpietka.bialystok.pl\/index.php?rest_route=%2Fwp%2Fv2%2Fmedia&parent=4669"}],"curies":[{"name":"wp","href":"https:\/\/api.w.org\/{rel}","templated":true}]}}