{"id":4680,"date":"2021-10-17T11:37:49","date_gmt":"2021-10-17T11:37:49","guid":{"rendered":"http:\/\/hubertpietka.bialystok.pl\/?page_id=4680"},"modified":"2021-10-17T15:50:19","modified_gmt":"2021-10-17T15:50:19","slug":"odpowiednie-przyklady-z-apokalipsy-pewnej","status":"publish","type":"page","link":"https:\/\/hubertpietka.bialystok.pl\/?page_id=4680","title":{"rendered":"Przyk\u0142ad \/ z apokalipsy"},"content":{"rendered":"<p><b><i>Przyk\u0142ad \/ z apokalipsy<\/i><\/b><\/p>\n<p>Anio\u0142owi ko\u015bcio\u0142a w S. napisz<br \/>\nMam do ciebie \u017cal<br \/>\n\u017be pozwalasz dzia\u0142a\u0107 niewie\u015bcie Izabel<br \/>\nKt\u00f3ra winem swej zapalczywo\u015bci<br \/>\nNapoi\u0142a wszystkie narody<\/p>\n<p>Wczoraj te\u017c Pan<br \/>\nDa\u0142 mi odpowiednie narz\u0119dzie<br \/>\nAby mieczem s\u0142owa zabi\u0107 besti\u0119<br \/>\nMo\u017cesz to zrobi\u0107 powiedzia\u0142 B\u00f3g do mnie<br \/>\nTw\u00f3j wyb\u00f3r ale bestia o\u017cyje<br \/>\nWi\u0119c lepiej to zapiecz\u0119tuj<br \/>\nA kto czyta niech zrozumie<br \/>\nCzym jest bestia smok wielog\u0142owy<\/p>\n<p>Poza tym B\u00f3g si\u0119 troszczy o wszystko<br \/>\nPos\u0142a\u0142 nawet anio\u0142a Rafa\u0142a<br \/>\nBy m\u00f3c uleczy\u0107 serce naszego drugiego auta<\/p>\n<p><a href=\"http:\/\/hubertpietka.bialystok.pl\/wp-content\/uploads\/2021\/10\/IMG_20211017_123308.jpg\"><img loading=\"lazy\" decoding=\"async\" class=\"alignnone size-thumbnail wp-image-4681\" src=\"http:\/\/hubertpietka.bialystok.pl\/wp-content\/uploads\/2021\/10\/IMG_20211017_123308-150x150.jpg\" alt=\"\" width=\"150\" height=\"150\" srcset=\"https:\/\/hubertpietka.bialystok.pl\/wp-content\/uploads\/2021\/10\/IMG_20211017_123308-150x150.jpg 150w, https:\/\/hubertpietka.bialystok.pl\/wp-content\/uploads\/2021\/10\/IMG_20211017_123308-75x75.jpg 75w\" sizes=\"auto, (max-width: 150px) 100vw, 150px\" \/><\/a><\/p>\n<p><em>Na zdj. Maryja Niepokalana<\/em><br \/>\n<em> We wn\u0119trzu znajomego domu<\/em><br \/>\n<em> Nale\u017ca\u0142a ona do pewnej osoby<\/em><br \/>\n<em> Kt\u00f3ra wykazywa\u0142a si\u0119 heroiczno\u015bci\u0105<\/em><br \/>\n<em> W prze\u017cywaniu w Bogu trudnego daru swej niepe\u0142nosprawno\u015bci<\/em><br \/>\n<em> Posy\u0142a\u0142 te\u017c do niego anio\u0142\u00f3w<\/em><br \/>\n<em> Aby si\u0119 wzajemnie ubogacali<\/em><\/p>\n<p><em>On si\u0119 nazywa\u0142 Faszy\u0144ski Zenon<\/em><br \/>\n<em> Kto pozna\u0142 jego histori\u0119<\/em><br \/>\n<em> Ten musi si\u0119 sk\u0142oni\u0107<\/em><br \/>\n<em> By odda\u0107 cze\u015b\u0107 Bogu<\/em><\/p>\n<p><em>Na \u0142om\u017cy\u0144skiej ziemi b\u0142ogos\u0142awieni<\/em><br \/>\n<em> Marianna Biernacka kt\u00f3ra \u017cycie odda\u0142a<\/em><br \/>\n<em> Za swoj\u0105 synow\u0105 w stanie b\u0142ogos\u0142awionymi<\/em><br \/>\n<em> Przyk\u0142ad nie tylko dla te\u015bciowych<\/em><br \/>\n<em> Adam Bargielski ksi\u0105dz kt\u00f3ry odda\u0142 swe \u017cycie<\/em><br \/>\n<em> Za swego wiekowo zaawansowanego proboszcza<\/em><br \/>\n<em> Przyk\u0142ad nie tylko dla ksi\u0119\u017cy<\/em><br \/>\n<em> Czy ks. Micha\u0142 Piaszczy\u0144ski kt\u00f3ry cho\u0107 z g\u0142odu umiera\u0142<\/em><br \/>\n<em> Odda\u0142 w koncentracyjnym obozie sw\u0105 porcj\u0119 chleba<\/em><br \/>\n<em> Dla wsp\u00f3\u0142wi\u0119\u017ania adwokata \u017byda<\/em><\/p>\n<p><em>To raczej podnosi\u0107 trzeba<\/em><br \/>\n<em> A nie spraw\u0119 z Jedwabnego<\/em><br \/>\n<em> Gdzie przecie\u017c gdyby nie hitlerowcy<\/em><br \/>\n<em> Nikt by nie pomy\u015bla\u0142 o takich rzeczach<\/em><br \/>\n<em> Nawet je\u015bli oni pos\u0142u\u017cyli si\u0119 Polakami<\/em><br \/>\n<em> W jakiej\u015b mierze to na sw\u00f3j spos\u00f3b<\/em><br \/>\n<em> To przecie\u017c to oni byli autorami tych szale\u0144czych zbrodni<\/em><\/p>\n<p><em>To s\u0105 chwalebne przyk\u0142ady<\/em><br \/>\n<em> Dla wszystkich z czas\u00f3w tak zwanej drugiej apokalipsy<\/em><br \/>\n<em> Te przyk\u0142ady b\u0142ogos\u0142awionych trzeba w\u0142a\u015bnie tu podnosi\u0107 raczej<\/em><br \/>\n<em> A nie jakiejkolwiek kolobaracji<\/em><br \/>\n<em> Cho\u0107 odpowiedzialni za ni\u0105<\/em><br \/>\n<em> Te\u017c przed Bogiem za swe czyny odpowiadaj\u0105<\/em><br \/>\n<em> Odpowiedzialno\u015b\u0107 moralna jest zawsze<\/em><br \/>\n<em> Ale te\u017c odpowiednio zale\u017cna<\/em><br \/>\n<em> Od struktur zewn\u0119trznych i panuj\u0105cej sytuacji<\/em><\/p>\n<p><strong>Dzi\u015b wspominany jest te\u017c \u015bw. Ignacy Antioche\u0144ski<\/strong><br \/>\n<strong> Imi\u0119 jego od <em>ogie\u0144<\/em><\/strong><br \/>\n<strong> Niech zap\u0142onie ogie\u0144 mi\u0142o\u015bci Bo\u017cej<\/strong><br \/>\n<strong> I w rodzinach i w\u015br\u00f3d r\u00f3\u017cnych grup ludzi<\/strong><br \/>\n<strong> I niech pop\u0142ynie modlitwa<\/strong><br \/>\n<strong> Jak dym z kadzid\u0142a<\/strong><br \/>\n<strong> Niech wszyscy \u015bwi\u0119ci i b\u0142ogos\u0142awieni<\/strong><br \/>\n<strong> Wstawiaj\u0105 si\u0119 za nami<\/strong><br \/>\n<strong> Niech anio\u0142owie nas zawsze strzeg\u0105<\/strong><\/p>\n<p><strong>A kto przyjmuje te dzieci w imi\u0119 Jego<\/strong><br \/>\n<strong> Nie utraci swej nagrody<\/strong><br \/>\n<strong> Bo przyjmuje Jego przecie\u017c w ten<\/strong> <strong>spos\u00f3b<\/strong><\/p>\n<p><strong>Ad. Jedwabne<\/strong><br \/>\nPo obejrzeniu <em>Powrotu do Jedwabnego<\/em><br \/>\nOkazuje si\u0119 jednak<br \/>\n\u017be wina Polak\u00f3w w tym i chyba nie tylko przypadku<br \/>\nBy\u0142a znikoma<br \/>\nJe\u015bli mo\u017cna tu m\u00f3wi\u0107 o winie<br \/>\nW jakikolwiek spos\u00f3b<br \/>\nBo przecie\u017c nawet je\u015bli pod kolbami karabin\u00f3w Niemc\u00f3w<br \/>\nWydawali \u017byd\u00f3w i je\u015bli nawet w ten sam spos\u00f3b<br \/>\nByli przy tym zdarzeniu<br \/>\nMaj\u0105c udzia\u0142 bierny<br \/>\nI je\u015bli to nawet robili wykorzystuj\u0105c sytuacj\u0119 do odwetu<br \/>\nZa \u017byd\u00f3w kt\u00f3rzy spo\u015br\u00f3d mieszka\u0144c\u00f3w Jedwabnego<br \/>\nWydali oko\u0142o 500 sowietom<br \/>\nA ci ich na Syberi\u0119 wywie\u017ali wi\u0119zili<br \/>\nTak \u017ce niewielu powr\u00f3ci\u0142o<br \/>\nI to po strasznych prze\u017cyciach<br \/>\nTo trudno tu m\u00f3wi\u0107 o udziale czynnym Polak\u00f3w<br \/>\nW tym morderstwie ale hitlerowc\u00f3w ok. 160 \u017byd\u00f3w<br \/>\nWobec tego raczej trudno tu m\u00f3wi\u0107 te\u017c o wsp\u00f3\u0142udziale Polak\u00f3w<br \/>\nW tej sk\u0105din\u0105d zbrodni strasznej ale<br \/>\nPrzecie\u017c nie jedynej w tych czasach apokalipsy drugiej<br \/>\nWobec tego trzeba oczy\u015bci\u0107 prawd\u0119<br \/>\nO Jedwabnem<br \/>\nI wypra\u0107 z brud\u00f3w jedwab ten<br \/>\nZe zbrodni kt\u00f3re pr\u00f3buje si\u0119 Polakom przypisa\u0107<br \/>\nJak i w innych przypadkach<br \/>\nOskar\u017cania Polak\u00f3w o wsp\u00f3\u0142odpowiedzialno\u015b\u0107 w hitlerowskich zbrodniach<br \/>\nCo si\u0119 ma nijak do historycznej prawdy racji moralnych<\/p>\n","protected":false},"excerpt":{"rendered":"<p>Przyk\u0142ad \/ z apokalipsy Anio\u0142owi ko\u015bcio\u0142a w S. napisz Mam do ciebie \u017cal \u017be pozwalasz dzia\u0142a\u0107 niewie\u015bcie Izabel Kt\u00f3ra winem swej zapalczywo\u015bci Napoi\u0142a wszystkie narody&hellip; <\/p>\n","protected":false},"author":1,"featured_media":0,"parent":0,"menu_order":0,"comment_status":"closed","ping_status":"closed","template":"","meta":{"footnotes":""},"class_list":["post-4680","page","type-page","status-publish","hentry"],"_links":{"self":[{"href":"https:\/\/hubertpietka.bialystok.pl\/index.php?rest_route=\/wp\/v2\/pages\/4680","targetHints":{"allow":["GET"]}}],"collection":[{"href":"https:\/\/hubertpietka.bialystok.pl\/index.php?rest_route=\/wp\/v2\/pages"}],"about":[{"href":"https:\/\/hubertpietka.bialystok.pl\/index.php?rest_route=\/wp\/v2\/types\/page"}],"author":[{"embeddable":true,"href":"https:\/\/hubertpietka.bialystok.pl\/index.php?rest_route=\/wp\/v2\/users\/1"}],"replies":[{"embeddable":true,"href":"https:\/\/hubertpietka.bialystok.pl\/index.php?rest_route=%2Fwp%2Fv2%2Fcomments&post=4680"}],"version-history":[{"count":6,"href":"https:\/\/hubertpietka.bialystok.pl\/index.php?rest_route=\/wp\/v2\/pages\/4680\/revisions"}],"predecessor-version":[{"id":4689,"href":"https:\/\/hubertpietka.bialystok.pl\/index.php?rest_route=\/wp\/v2\/pages\/4680\/revisions\/4689"}],"wp:attachment":[{"href":"https:\/\/hubertpietka.bialystok.pl\/index.php?rest_route=%2Fwp%2Fv2%2Fmedia&parent=4680"}],"curies":[{"name":"wp","href":"https:\/\/api.w.org\/{rel}","templated":true}]}}