{"id":4691,"date":"2021-10-18T15:05:13","date_gmt":"2021-10-18T15:05:13","guid":{"rendered":"http:\/\/hubertpietka.bialystok.pl\/?page_id=4691"},"modified":"2021-10-18T15:05:13","modified_gmt":"2021-10-18T15:05:13","slug":"trzeba-pozwolic-zakwitnac-milosci","status":"publish","type":"page","link":"https:\/\/hubertpietka.bialystok.pl\/?page_id=4691","title":{"rendered":"Trzeba pozwoli\u0107 \/ zakwitn\u0105\u0107 mi\u0142o\u015bci"},"content":{"rendered":"<p><em><strong>Trzeba pozwoli\u0107 \/ zakwitn\u0105\u0107 mi\u0142o\u015bci<\/strong><\/em><\/p>\n<p>W sumie na m\u00f3j ob\u0142\u0119d<br \/>\nTo sk\u0142adaj\u0105 si\u0119 dwa elementy zasadniczo<br \/>\n\u017be maj\u0105 po mnie przyj\u015b\u0107<br \/>\nI co\u015b zrobi\u0107 najbli\u017cszej osobie<\/p>\n<p>Przeanalizujmy to<br \/>\nTo maj\u0105 przyj\u015b\u0107 czy nie<br \/>\nA je\u015bli tak to mo\u017ce i ob\u0142\u0119d jest<br \/>\nAle nie m\u00f3j raczej<\/p>\n<p>A z t\u0105 blisk\u0105 osob\u0105<br \/>\nMa si\u0119 sta\u0107 co\u015b z\u0142ego<br \/>\nAha nie a je\u015bli si\u0119 stanie<br \/>\nTo oczywi\u015bcie tak by\u0107 musia\u0142o<\/p>\n<p>Ale je\u015bli cokolwiek jej si\u0119 z\u0142ego stanie<br \/>\nTo ja z tym porz\u0105dek zrobi\u0119 taki \u017ce hej<br \/>\nI gdzie tu jest ob\u0142\u0119d<\/p>\n<p>U <em>Romeo i Julii<\/em> by\u0142 te\u017c a jak\u017ce<br \/>\nNiestety tak bardzo si\u0119 kochali<br \/>\n\u017be byli do wszystkiego zdolni dla swej mi\u0142o\u015bci<\/p>\n<p><a href=\"http:\/\/hubertpietka.bialystok.pl\/wp-content\/uploads\/2021\/10\/IMG_20211018_165655.jpg\"><img loading=\"lazy\" decoding=\"async\" class=\"alignnone size-thumbnail wp-image-4692\" src=\"http:\/\/hubertpietka.bialystok.pl\/wp-content\/uploads\/2021\/10\/IMG_20211018_165655-150x150.jpg\" alt=\"\" width=\"150\" height=\"150\" srcset=\"https:\/\/hubertpietka.bialystok.pl\/wp-content\/uploads\/2021\/10\/IMG_20211018_165655-150x150.jpg 150w, https:\/\/hubertpietka.bialystok.pl\/wp-content\/uploads\/2021\/10\/IMG_20211018_165655-75x75.jpg 75w\" sizes=\"auto, (max-width: 150px) 100vw, 150px\" \/><\/a><\/p>\n<p><em>Na zdj. Maryja w chwale Bo\u017cej<\/em><br \/>\n<em> Dzi\u015b poniedzia\u0142ek maryjny dzie\u0144<\/em><br \/>\n<em> Niech oka\u017ce si\u0119 chwa\u0142a Bo\u017ca w niej<\/em><br \/>\n<em> Tam gdzie ma by\u0107 wi\u0119ksze dobro to wtedy<\/em><br \/>\n<em> Wzmaga si\u0119 z\u0142o<\/em><br \/>\n<em> Taki paradoks<\/em><br \/>\n<em> Aby nie dopu\u015bci\u0107 do tego dobra ewentualnego<\/em><\/p>\n<p><strong>Dzi\u015b \u015bw. \u0141ukasza Ewangelisty<\/strong><br \/>\n<strong> Patrona s\u0142u\u017cby zdrowia<\/strong><br \/>\n<strong> Niech B\u00f3g uleczy ale raczej<\/strong><br \/>\n<strong> Tych kt\u00f3rzy nienawi\u015bci si\u0119 poddaj\u0105<\/strong><\/p>\n<p><strong>A ja kocham sw\u0105 \u017con\u0119 tak bardzo<\/strong><br \/>\n<strong> I pewny jestem jej mi\u0142o\u015bci<\/strong><br \/>\n<strong> \u017be tu nie ma niestety co leczy\u0107<\/strong><br \/>\n<strong> Trzeba tylko pozwoli\u0107 by nasza mi\u0142o\u015b\u0107 zakwit\u0142a<\/strong><\/p>\n<p style=\"text-align: center;\"><a href=\"https:\/\/youtu.be\/0EcOyWc5Hkk\"><em><strong>Ich Troje &#8211; A wszystko to (bo ciebie kocham)<\/strong><\/em><\/a><\/p>\n","protected":false},"excerpt":{"rendered":"<p>Trzeba pozwoli\u0107 \/ zakwitn\u0105\u0107 mi\u0142o\u015bci W sumie na m\u00f3j ob\u0142\u0119d To sk\u0142adaj\u0105 si\u0119 dwa elementy zasadniczo \u017be maj\u0105 po mnie przyj\u015b\u0107 I co\u015b zrobi\u0107 najbli\u017cszej&hellip; <\/p>\n","protected":false},"author":1,"featured_media":0,"parent":0,"menu_order":0,"comment_status":"closed","ping_status":"closed","template":"","meta":{"footnotes":""},"class_list":["post-4691","page","type-page","status-publish","hentry"],"_links":{"self":[{"href":"https:\/\/hubertpietka.bialystok.pl\/index.php?rest_route=\/wp\/v2\/pages\/4691","targetHints":{"allow":["GET"]}}],"collection":[{"href":"https:\/\/hubertpietka.bialystok.pl\/index.php?rest_route=\/wp\/v2\/pages"}],"about":[{"href":"https:\/\/hubertpietka.bialystok.pl\/index.php?rest_route=\/wp\/v2\/types\/page"}],"author":[{"embeddable":true,"href":"https:\/\/hubertpietka.bialystok.pl\/index.php?rest_route=\/wp\/v2\/users\/1"}],"replies":[{"embeddable":true,"href":"https:\/\/hubertpietka.bialystok.pl\/index.php?rest_route=%2Fwp%2Fv2%2Fcomments&post=4691"}],"version-history":[{"count":1,"href":"https:\/\/hubertpietka.bialystok.pl\/index.php?rest_route=\/wp\/v2\/pages\/4691\/revisions"}],"predecessor-version":[{"id":4693,"href":"https:\/\/hubertpietka.bialystok.pl\/index.php?rest_route=\/wp\/v2\/pages\/4691\/revisions\/4693"}],"wp:attachment":[{"href":"https:\/\/hubertpietka.bialystok.pl\/index.php?rest_route=%2Fwp%2Fv2%2Fmedia&parent=4691"}],"curies":[{"name":"wp","href":"https:\/\/api.w.org\/{rel}","templated":true}]}}