{"id":4703,"date":"2021-10-20T11:52:35","date_gmt":"2021-10-20T11:52:35","guid":{"rendered":"http:\/\/hubertpietka.bialystok.pl\/?page_id=4703"},"modified":"2021-10-20T11:52:35","modified_gmt":"2021-10-20T11:52:35","slug":"do-ma-dom-a","status":"publish","type":"page","link":"https:\/\/hubertpietka.bialystok.pl\/?page_id=4703","title":{"rendered":"Do ma \/ dom a"},"content":{"rendered":"<p><em><strong>Do ma \/ dom a<\/strong><\/em><\/p>\n<p>I zn\u00f3w ta sama zabawa<br \/>\nOd rana do wieczora<br \/>\nOd wieczora do rana<br \/>\nKto\u015b ma im otworzy\u0107<br \/>\nKto\u015b ma ich zaprosi\u0107<br \/>\nA jak\u017cesz by inaczej<br \/>\nPrzecie\u017c przyj\u015b\u0107 maj\u0105<\/p>\n<p>Ten kto ma im otworzy\u0107<br \/>\nMa im otworzy\u0107<br \/>\nTen kto ma ich zaprosi\u0107<br \/>\nMa ich zaprosi\u0107<br \/>\nA kto co i jak<br \/>\nTo Ty Panie wiesz<br \/>\nCiebie si\u0119 nie oszuka i nie omami<br \/>\nJak ludzi<\/p>\n<p>A przyj\u015b\u0107 po mnie maj\u0105<br \/>\nBo si\u0119 na \u015bmier\u0107 mojej \u017cony nie zgadzam<br \/>\nWi\u0119c jestem szalony<br \/>\nA ona przecie\u017c zgin\u0105\u0107 ma<br \/>\nTak czy siak<br \/>\nA ona ma umrze\u0107 z tego w\u0142a\u015bnie powodu<br \/>\n\u017be jest \u017con\u0105 wiern\u0105 m\u0119\u017cowi<br \/>\nI tak si\u0119 zamyka kr\u0105g ich zamkni\u0119ty<br \/>\nOd \u015bmierci mojej \u017cony po moje szale\u0144stwo<br \/>\nNie mo\u017cna pozwoli\u0107 aby taki szalony spokojnie po ziemi chodzi\u0142<br \/>\nI nie mo\u017cna pozwoli\u0107 mojej \u017conie zwyczajnie \u017cy\u0107<\/p>\n<p><a href=\"http:\/\/hubertpietka.bialystok.pl\/wp-content\/uploads\/2021\/10\/IMG_20211020_134041.jpg\"><img loading=\"lazy\" decoding=\"async\" class=\"alignnone size-thumbnail wp-image-4704\" src=\"http:\/\/hubertpietka.bialystok.pl\/wp-content\/uploads\/2021\/10\/IMG_20211020_134041-150x150.jpg\" alt=\"\" width=\"150\" height=\"150\" srcset=\"https:\/\/hubertpietka.bialystok.pl\/wp-content\/uploads\/2021\/10\/IMG_20211020_134041-150x150.jpg 150w, https:\/\/hubertpietka.bialystok.pl\/wp-content\/uploads\/2021\/10\/IMG_20211020_134041-75x75.jpg 75w\" sizes=\"auto, (max-width: 150px) 100vw, 150px\" \/><\/a><\/p>\n<p><em>Na zdj. Matka Boska Cz\u0119stochowska<\/em><br \/>\n<em> W ko\u015bciele pod wezwaniem Matki Odkupiciela w *Ra(d)omiu*<\/em><br \/>\n<em> *Rad domu* bym by\u0142 gdyby nie te rzeczy<\/em><br \/>\n<em> Lecz ufam Opatrzno\u015bci Bo\u017cej i wzywam Maryj\u0119<\/em><br \/>\n<em> \u017be te wszystkie rzeczy z\u0142e przetrzymany jako\u015b<\/em><\/p>\n<p><em>A jak nie po mnie<\/em><br \/>\n<em> To w nas lub nasze<\/em><br \/>\n<em> A jak\u017ce a jak\u017ce<\/em><br \/>\n<em> I w naszych kto wie by\u0107 mo\u017ce tak\u017ce<\/em><\/p>\n<p><strong>Dzi\u015b \u015bw. Jana *Kantego*<\/strong><br \/>\n<strong> \u017badnych *kant\u00f3w* wam nie pisz\u0119<\/strong><br \/>\n<strong> B\u00f3g wie \u017ce tak maj\u0105 si\u0119 te rzeczy w\u0142a\u015bnie<\/strong><br \/>\n<strong> Od *kant\u00f3w* to s\u0105 inni<\/strong><br \/>\n<strong> Kt\u00f3rzy bardzo lubi\u0105 metody takie<\/strong><br \/>\n<strong> K\u0142ama\u0107 te\u017c mo\u017cna pi\u0119knie bardzo<\/strong><br \/>\n<strong> Lecz ufam \u017ce wcze\u015bniej czy troch\u0119 p\u00f3\u017aniej<\/strong><br \/>\n<strong> Ale obroni si\u0119 prawda<\/strong><\/p>\n<p style=\"text-align: center;\"><a href=\"https:\/\/youtu.be\/OnYU6q-Bm68\"><em><strong>Autsajder &#8211; D\u017cem<\/strong><\/em><\/a><\/p>\n","protected":false},"excerpt":{"rendered":"<p>Do ma \/ dom a I zn\u00f3w ta sama zabawa Od rana do wieczora Od wieczora do rana Kto\u015b ma im otworzy\u0107 Kto\u015b ma ich&hellip; <\/p>\n","protected":false},"author":1,"featured_media":0,"parent":0,"menu_order":0,"comment_status":"closed","ping_status":"closed","template":"","meta":{"footnotes":""},"class_list":["post-4703","page","type-page","status-publish","hentry"],"_links":{"self":[{"href":"https:\/\/hubertpietka.bialystok.pl\/index.php?rest_route=\/wp\/v2\/pages\/4703","targetHints":{"allow":["GET"]}}],"collection":[{"href":"https:\/\/hubertpietka.bialystok.pl\/index.php?rest_route=\/wp\/v2\/pages"}],"about":[{"href":"https:\/\/hubertpietka.bialystok.pl\/index.php?rest_route=\/wp\/v2\/types\/page"}],"author":[{"embeddable":true,"href":"https:\/\/hubertpietka.bialystok.pl\/index.php?rest_route=\/wp\/v2\/users\/1"}],"replies":[{"embeddable":true,"href":"https:\/\/hubertpietka.bialystok.pl\/index.php?rest_route=%2Fwp%2Fv2%2Fcomments&post=4703"}],"version-history":[{"count":1,"href":"https:\/\/hubertpietka.bialystok.pl\/index.php?rest_route=\/wp\/v2\/pages\/4703\/revisions"}],"predecessor-version":[{"id":4705,"href":"https:\/\/hubertpietka.bialystok.pl\/index.php?rest_route=\/wp\/v2\/pages\/4703\/revisions\/4705"}],"wp:attachment":[{"href":"https:\/\/hubertpietka.bialystok.pl\/index.php?rest_route=%2Fwp%2Fv2%2Fmedia&parent=4703"}],"curies":[{"name":"wp","href":"https:\/\/api.w.org\/{rel}","templated":true}]}}