{"id":4709,"date":"2021-10-21T20:43:30","date_gmt":"2021-10-21T20:43:30","guid":{"rendered":"http:\/\/hubertpietka.bialystok.pl\/?page_id=4709"},"modified":"2021-10-21T20:47:44","modified_gmt":"2021-10-21T20:47:44","slug":"strzemie-modlitwy-ku-prawdzie","status":"publish","type":"page","link":"https:\/\/hubertpietka.bialystok.pl\/?page_id=4709","title":{"rendered":"Strzemi\u0119 modlitwy \/ w prawdzie"},"content":{"rendered":"<p><em><strong>Strzemi\u0119 modlitwy \/ w prawdzie<\/strong><\/em><\/p>\n<p>Pan rzek\u0142 dzisiaj do mnie<br \/>\nDaj\u0119 ci strzemi\u0119 na stop\u0119<br \/>\n\u017beby nie wysadzili ci\u0119 z tego siod\u0142a<br \/>\nDaj\u0119 ci modlitw\u0119<br \/>\nA pi\u0119tka ma by\u0107 wolna<\/p>\n<p><strong>Dzi\u015b b\u0142. Jakuba Strzemi\u0119<\/strong><br \/>\n<strong> Nieprzypadkowo rzek\u0142 do mnie Pan<\/strong><br \/>\n<strong> Dzisiaj takie s\u0142owa<\/strong><br \/>\n<strong> A ja ufam po prostu<\/strong><br \/>\n<strong> W moc Jego \u0142aski<\/strong><br \/>\n<strong> I modlitwy swe<\/strong><br \/>\n<strong>\u015al\u0119 do Niego nieustannie<\/strong><\/p>\n<p><strong><a href=\"http:\/\/hubertpietka.bialystok.pl\/wp-content\/uploads\/2021\/10\/IMG_20211021_223633.jpg\"><img loading=\"lazy\" decoding=\"async\" class=\"alignnone size-thumbnail wp-image-4710\" src=\"http:\/\/hubertpietka.bialystok.pl\/wp-content\/uploads\/2021\/10\/IMG_20211021_223633-150x150.jpg\" alt=\"\" width=\"150\" height=\"150\" srcset=\"https:\/\/hubertpietka.bialystok.pl\/wp-content\/uploads\/2021\/10\/IMG_20211021_223633-150x150.jpg 150w, https:\/\/hubertpietka.bialystok.pl\/wp-content\/uploads\/2021\/10\/IMG_20211021_223633-75x75.jpg 75w\" sizes=\"auto, (max-width: 150px) 100vw, 150px\" \/><\/a><\/strong><\/p>\n<p><em>Na zdj. Wn\u0119trze sanktuarium \u015bw. Stanis\u0142awa Papczy\u0144skiego<\/em><br \/>\n<em> Aby prowadzi\u0107 \u017cycie sp\u00f3jne moralnie<\/em><br \/>\n<em> Trzeba nape\u0142nia\u0107 si\u0119 modlitw\u0105 i prawd\u0105<\/em><br \/>\n<em> Te rzeczywisto\u015bci s\u0105 wsp\u00f3\u0142istotne<\/em><br \/>\n<em> I powoduj\u0105 wypadkow\u0105 czyli w\u0142a\u015bciw\u0105 postaw\u0119 etyczn\u0105<\/em><\/p>\n<p><em>Dopom\u00f3\u017c Panie trwa\u0107 przed Tob\u0105 zawsze w prawdzie<\/em><br \/>\n<em> (To nie znaczy wcale \u017ce si\u0119 wszystko wie)<\/em><br \/>\n<em> I w modlitwie do Ciebie stale zanosi\u0107<\/em><br \/>\n<em> Rzeczy dla mnie wa\u017cne i etyczne warto\u015bci<\/em><br \/>\n<em> Tobie przedk\u0142adam \u017cycie i zdrowie mojej \u017cony<\/em><br \/>\n<em> Bliskich naszych i nasze trudno\u015bci<\/em><br \/>\n<em> W utrzymaniu tego co nam da\u0142e\u015b i powierzyle\u015b<\/em><br \/>\n<em> Naszej ufno\u015bci i naszej modlitwie<\/em><\/p>\n<p><em>Maryjo Matko Patronko etycznej drogi<\/em><br \/>\n<em> Dopom\u00f3\u017c stawa\u0107 zawsze<\/em><br \/>\n<em>Za warto\u015bciami bezwzgl\u0119dnymi moralnie<\/em><br \/>\n<em> \u017byciem dobrem prawd\u0105 mi\u0142o\u015bci\u0105<\/em><\/p>\n","protected":false},"excerpt":{"rendered":"<p>Strzemi\u0119 modlitwy \/ w prawdzie Pan rzek\u0142 dzisiaj do mnie Daj\u0119 ci strzemi\u0119 na stop\u0119 \u017beby nie wysadzili ci\u0119 z tego siod\u0142a Daj\u0119 ci modlitw\u0119&hellip; <\/p>\n","protected":false},"author":1,"featured_media":0,"parent":0,"menu_order":0,"comment_status":"closed","ping_status":"closed","template":"","meta":{"footnotes":""},"class_list":["post-4709","page","type-page","status-publish","hentry"],"_links":{"self":[{"href":"https:\/\/hubertpietka.bialystok.pl\/index.php?rest_route=\/wp\/v2\/pages\/4709","targetHints":{"allow":["GET"]}}],"collection":[{"href":"https:\/\/hubertpietka.bialystok.pl\/index.php?rest_route=\/wp\/v2\/pages"}],"about":[{"href":"https:\/\/hubertpietka.bialystok.pl\/index.php?rest_route=\/wp\/v2\/types\/page"}],"author":[{"embeddable":true,"href":"https:\/\/hubertpietka.bialystok.pl\/index.php?rest_route=\/wp\/v2\/users\/1"}],"replies":[{"embeddable":true,"href":"https:\/\/hubertpietka.bialystok.pl\/index.php?rest_route=%2Fwp%2Fv2%2Fcomments&post=4709"}],"version-history":[{"count":5,"href":"https:\/\/hubertpietka.bialystok.pl\/index.php?rest_route=\/wp\/v2\/pages\/4709\/revisions"}],"predecessor-version":[{"id":4715,"href":"https:\/\/hubertpietka.bialystok.pl\/index.php?rest_route=\/wp\/v2\/pages\/4709\/revisions\/4715"}],"wp:attachment":[{"href":"https:\/\/hubertpietka.bialystok.pl\/index.php?rest_route=%2Fwp%2Fv2%2Fmedia&parent=4709"}],"curies":[{"name":"wp","href":"https:\/\/api.w.org\/{rel}","templated":true}]}}