{"id":4718,"date":"2021-10-25T21:40:25","date_gmt":"2021-10-25T21:40:25","guid":{"rendered":"http:\/\/hubertpietka.bialystok.pl\/?page_id=4718"},"modified":"2021-10-25T21:40:25","modified_gmt":"2021-10-25T21:40:25","slug":"kwiaty-bozej-laski-trwaja-wiecznie-w-panu","status":"publish","type":"page","link":"https:\/\/hubertpietka.bialystok.pl\/?page_id=4718","title":{"rendered":"Kwiaty Bo\u017cej \u0142aski \/ trwaj\u0105 wiecznie w Panu"},"content":{"rendered":"<p><em><strong>Kwiaty Bo\u017cej \u0142aski \/ trwaj\u0105 wiecznie w Panu<\/strong><\/em><\/p>\n<p>Pan mi da\u0142 obrazy takie<br \/>\nMa\u0142y kwiatek ilekro\u0107 wyrasta<br \/>\nTylekro\u0107 wymierzone s\u0105 w niego dzia\u0142a<br \/>\n\u017beby go zmie\u015b\u0107 z powierzchni ziemi ca\u0142kowicie<br \/>\nPrzecie\u017c pustynia ma by\u0107 pustyni\u0105<\/p>\n<p>I obraz drugi<br \/>\nCi\u0119\u017ckie buty depcz\u0105ce ten kwiatek<br \/>\nW spos\u00f3b zorganizowany<br \/>\nIlekro\u0107 wyrasta<br \/>\nBy pocieszy\u0107 pustyni\u0119<\/p>\n<p>I kolejny<br \/>\nPi\u0119kny ma\u0142y kwiatek<br \/>\nMaj\u0105cy du\u017co pi\u0119knych p\u0142atk\u00f3w<br \/>\nZbiegaj\u0105 si\u0119 ludzie<br \/>\nBy go ogo\u0142oci\u0107 z tych p\u0142atk\u00f3w wyci\u0105gaj\u0105 r\u0119ce<\/p>\n<p>Ma\u0142y pi\u0119kny kwiat wielobarwny<br \/>\nPo to by pustynia o\u017cywiona by\u0142a cho\u0107 troch\u0119<br \/>\nB\u00f3g go powo\u0142a\u0142 aby si\u0119 u\u015bmiecha\u0142 w stron\u0119 nieba<br \/>\nAle przecie\u017c pustynia w zamiarze ludzi pewnych<br \/>\nMa pozosta\u0107 pustyni\u0105 na zawsze<\/p>\n<p>Tak si\u0119 czuj\u0119 czasem<br \/>\n\u017be ka\u017cde dobro kt\u00f3re czynimy<br \/>\nMa by\u0107 zniszczone jak ten kwiatek na pustyni<br \/>\nAle pod warstw\u0105 piasku jest jednak \u017cycie<br \/>\nI trwa pami\u0119\u0107 czasu o ka\u017cdym dobru<br \/>\nKt\u00f3re zakwit\u0142o na pustyni<br \/>\nWbrew woli tych kt\u00f3rzy chc\u0105 wszystko zr\u00f3wna\u0107 z ziemi\u0105<\/p>\n<p><a href=\"http:\/\/hubertpietka.bialystok.pl\/wp-content\/uploads\/2021\/10\/IMG_20211025_225938.jpg\"><img loading=\"lazy\" decoding=\"async\" class=\"alignnone size-thumbnail wp-image-4720\" src=\"http:\/\/hubertpietka.bialystok.pl\/wp-content\/uploads\/2021\/10\/IMG_20211025_225938-150x150.jpg\" alt=\"\" width=\"150\" height=\"150\" srcset=\"https:\/\/hubertpietka.bialystok.pl\/wp-content\/uploads\/2021\/10\/IMG_20211025_225938-150x150.jpg 150w, https:\/\/hubertpietka.bialystok.pl\/wp-content\/uploads\/2021\/10\/IMG_20211025_225938-75x75.jpg 75w\" sizes=\"auto, (max-width: 150px) 100vw, 150px\" \/><\/a><\/p>\n<p><strong>Na zdj. \u015aw. Jan Pawe\u0142 II przy ko\u015bciele w *Czarno-ci-nie*<\/strong><br \/>\n<strong> Napis pod pomnikiem<\/strong><br \/>\n<strong> <em>Mi\u0142o\u015b\u0107 to pami\u0119ta\u0107 znaczy<\/em><\/strong><br \/>\n<strong> W Bogu \u017cadne dobro nie jest zapomniane<\/strong><br \/>\n<strong> Wbrew woli tych kt\u00f3rzy by chcieli zaora\u0107 wszystko p\u0142ugiem zapomnienia<\/strong><br \/>\n<strong> I z tego radowa\u0107 si\u0119 te\u017c trzeba<\/strong><br \/>\n<strong> Dzi\u015b \u015bw. Gaudentego<\/strong><br \/>\n<strong> Adekwatnie do rozwa\u017ca\u0144 pozornie czarnych<\/strong><\/p>\n<p><strong>*Czarno ci nie*<\/strong><br \/>\n<strong> Mi jako\u015b nie<\/strong><br \/>\n<strong> Bo wiem Komu zaufa\u0142em<\/strong><br \/>\n<strong> <em>I nawet je\u015bli by na \u017cycie twoje<\/em><\/strong><br \/>\n<strong><em> Czyha\u0142a nawet matka twoja<\/em><\/strong><br \/>\n<strong><em> To ja nie b\u0119d\u0119<\/em> tak Pan m\u00f3wi<\/strong><br \/>\n<strong> I ja tak m\u00f3wi\u0119 do bliskiej mi osoby<\/strong><br \/>\n<strong> Bo wiemy co z\u0142o\u017cyli\u015bmy wobec siebie wzajemnie<\/strong><br \/>\n<strong> Bogu ofiarowuj\u0119 kwiaty mojej duchowej drogi w Nim<\/strong><br \/>\n<strong> A mojej \u017conie kwiaty zwyk\u0142ej ludzkiej mi\u0142o\u015bci<\/strong><br \/>\n<strong> Ave Maryja ty czuwaj<\/strong><\/p>\n<p style=\"text-align: center;\"><a href=\"https:\/\/youtu.be\/QCopoCoerRs\"><em><strong>\u0179r\u00f3d\u0142o (W\u0105w\u00f3z) &#8211; Jacek Kaczmarski, Zbigniew \u0141api\u0144ski<\/strong><\/em><\/a><\/p>\n<p style=\"text-align: right;\"><a href=\"https:\/\/youtu.be\/G_Lsdk88AYM\"><em><strong>R\u00f3\u017ce Europy &#8211; Jedwab<\/strong><\/em><\/a><\/p>\n","protected":false},"excerpt":{"rendered":"<p>Kwiaty Bo\u017cej \u0142aski \/ trwaj\u0105 wiecznie w Panu Pan mi da\u0142 obrazy takie Ma\u0142y kwiatek ilekro\u0107 wyrasta Tylekro\u0107 wymierzone s\u0105 w niego dzia\u0142a \u017beby go&hellip; <\/p>\n","protected":false},"author":1,"featured_media":0,"parent":0,"menu_order":0,"comment_status":"closed","ping_status":"closed","template":"","meta":{"footnotes":""},"class_list":["post-4718","page","type-page","status-publish","hentry"],"_links":{"self":[{"href":"https:\/\/hubertpietka.bialystok.pl\/index.php?rest_route=\/wp\/v2\/pages\/4718","targetHints":{"allow":["GET"]}}],"collection":[{"href":"https:\/\/hubertpietka.bialystok.pl\/index.php?rest_route=\/wp\/v2\/pages"}],"about":[{"href":"https:\/\/hubertpietka.bialystok.pl\/index.php?rest_route=\/wp\/v2\/types\/page"}],"author":[{"embeddable":true,"href":"https:\/\/hubertpietka.bialystok.pl\/index.php?rest_route=\/wp\/v2\/users\/1"}],"replies":[{"embeddable":true,"href":"https:\/\/hubertpietka.bialystok.pl\/index.php?rest_route=%2Fwp%2Fv2%2Fcomments&post=4718"}],"version-history":[{"count":2,"href":"https:\/\/hubertpietka.bialystok.pl\/index.php?rest_route=\/wp\/v2\/pages\/4718\/revisions"}],"predecessor-version":[{"id":4721,"href":"https:\/\/hubertpietka.bialystok.pl\/index.php?rest_route=\/wp\/v2\/pages\/4718\/revisions\/4721"}],"wp:attachment":[{"href":"https:\/\/hubertpietka.bialystok.pl\/index.php?rest_route=%2Fwp%2Fv2%2Fmedia&parent=4718"}],"curies":[{"name":"wp","href":"https:\/\/api.w.org\/{rel}","templated":true}]}}