{"id":4740,"date":"2021-10-28T12:07:30","date_gmt":"2021-10-28T12:07:30","guid":{"rendered":"http:\/\/hubertpietka.bialystok.pl\/?page_id=4740"},"modified":"2021-10-28T12:07:30","modified_gmt":"2021-10-28T12:07:30","slug":"trojkat-bermudzki-starych-drzew-uschlych","status":"publish","type":"page","link":"https:\/\/hubertpietka.bialystok.pl\/?page_id=4740","title":{"rendered":"Tr\u00f3jk\u0105t bermudzki \/ starych drzew usch\u0142ych"},"content":{"rendered":"<p><em><strong>Tr\u00f3jk\u0105t bermudzki \/ starych drzew usch\u0142ych<\/strong><\/em><\/p>\n<p>Pan da\u0142 mi obraz taki<br \/>\nSwoisty tr\u00f3jk\u0105t bermudzki<br \/>\nNa kt\u00f3rego kra\u0144cach s\u0105 trzy drzewa stare<br \/>\nA w \u015brodku parka m\u0142odnik<br \/>\nDrzewa stare wyci\u0105gaj\u0105 swe ju\u017c usch\u0142e ramiona<br \/>\nWraz z innymi drzewami niestety ju\u017c usch\u0142ymi<br \/>\nAby szarpa\u0107 li\u015bcie zielone tych drzew m\u0142odych<br \/>\nAby tak czy inaczej najlepiej je wykorzeni\u0107<\/p>\n<p>Ten kto ma im otworzy\u0107 ma im otworzy\u0107<br \/>\nKto ma ich zaprosi\u0107 ma ich zaprosi\u0107<br \/>\nTak czy inaczej<br \/>\nKooperatywa odpowiednia zapewne udana b\u0119dzie<br \/>\nTrzeba tylko we w\u0142a\u015bciwy spos\u00f3b tej kooperatywy akcenty przenosi\u0107<\/p>\n<p>Przecie\u017c drzewa wiecznie zielone<br \/>\nS\u0105 przeszkod\u0105 dla usch\u0142ych drzew<br \/>\nA to tym drugim te\u017c si\u0119 uwidzia\u0142o<br \/>\n\u017be \u015bwiat zawojowa\u0107 maj\u0105<\/p>\n<p><a href=\"http:\/\/hubertpietka.bialystok.pl\/wp-content\/uploads\/2021\/10\/IMG_20211028_140437.jpg\"><img loading=\"lazy\" decoding=\"async\" class=\"alignnone size-thumbnail wp-image-4741\" src=\"http:\/\/hubertpietka.bialystok.pl\/wp-content\/uploads\/2021\/10\/IMG_20211028_140437-150x150.jpg\" alt=\"\" width=\"150\" height=\"150\" srcset=\"https:\/\/hubertpietka.bialystok.pl\/wp-content\/uploads\/2021\/10\/IMG_20211028_140437-150x150.jpg 150w, https:\/\/hubertpietka.bialystok.pl\/wp-content\/uploads\/2021\/10\/IMG_20211028_140437-75x75.jpg 75w\" sizes=\"auto, (max-width: 150px) 100vw, 150px\" \/><\/a><\/p>\n<p><em>Na zdj. W ko\u015bciele Matki Bo\u017cej \u0141askawej w Szczawory\u017cu<\/em><br \/>\n<em> Do \u015bwietego chyba Miko\u0142aja<\/em><br \/>\n<em> Tul\u0105ca si\u0119 dziatwa<\/em><br \/>\n<em> Tak my ma\u0142e dzieci Bo\u017ce<\/em><br \/>\n<em> W Nim sk\u0142adamy ufno\u015b\u0107 swoj\u0105<\/em><br \/>\n<em> A Ty Maryjo wspieraj nas<\/em><br \/>\n<em> W odczytywaniu Bo\u017cych \u0142ask<\/em><\/p>\n","protected":false},"excerpt":{"rendered":"<p>Tr\u00f3jk\u0105t bermudzki \/ starych drzew usch\u0142ych Pan da\u0142 mi obraz taki Swoisty tr\u00f3jk\u0105t bermudzki Na kt\u00f3rego kra\u0144cach s\u0105 trzy drzewa stare A w \u015brodku parka&hellip; <\/p>\n","protected":false},"author":1,"featured_media":0,"parent":0,"menu_order":0,"comment_status":"closed","ping_status":"closed","template":"","meta":{"footnotes":""},"class_list":["post-4740","page","type-page","status-publish","hentry"],"_links":{"self":[{"href":"https:\/\/hubertpietka.bialystok.pl\/index.php?rest_route=\/wp\/v2\/pages\/4740","targetHints":{"allow":["GET"]}}],"collection":[{"href":"https:\/\/hubertpietka.bialystok.pl\/index.php?rest_route=\/wp\/v2\/pages"}],"about":[{"href":"https:\/\/hubertpietka.bialystok.pl\/index.php?rest_route=\/wp\/v2\/types\/page"}],"author":[{"embeddable":true,"href":"https:\/\/hubertpietka.bialystok.pl\/index.php?rest_route=\/wp\/v2\/users\/1"}],"replies":[{"embeddable":true,"href":"https:\/\/hubertpietka.bialystok.pl\/index.php?rest_route=%2Fwp%2Fv2%2Fcomments&post=4740"}],"version-history":[{"count":1,"href":"https:\/\/hubertpietka.bialystok.pl\/index.php?rest_route=\/wp\/v2\/pages\/4740\/revisions"}],"predecessor-version":[{"id":4742,"href":"https:\/\/hubertpietka.bialystok.pl\/index.php?rest_route=\/wp\/v2\/pages\/4740\/revisions\/4742"}],"wp:attachment":[{"href":"https:\/\/hubertpietka.bialystok.pl\/index.php?rest_route=%2Fwp%2Fv2%2Fmedia&parent=4740"}],"curies":[{"name":"wp","href":"https:\/\/api.w.org\/{rel}","templated":true}]}}