{"id":4745,"date":"2021-10-29T14:20:16","date_gmt":"2021-10-29T14:20:16","guid":{"rendered":"http:\/\/hubertpietka.bialystok.pl\/?page_id=4745"},"modified":"2021-10-29T14:33:07","modified_gmt":"2021-10-29T14:33:07","slug":"ruach-boga-ruch","status":"publish","type":"page","link":"https:\/\/hubertpietka.bialystok.pl\/?page_id=4745","title":{"rendered":"Ruach Ruach \/ Boga ruch"},"content":{"rendered":"<p><em><strong>Ruach Ruach \/ Boga ruch<\/strong><\/em><\/p>\n<p>Wprost zadziwiaj\u0105ca jest ich determinacja<br \/>\nId\u0105 po mnie ju\u017c chyba od maja<br \/>\nPodobnie z moj\u0105 \u017con\u0105<br \/>\nAle ona ju\u017c od czasu troch\u0119 d\u0142u\u017cszego wed\u0142ug nich<br \/>\nNie powinna \u017cy\u0107<\/p>\n<p>I to nie wa\u017cne jakich narz\u0119dzi pr\u00f3buj\u0105 u\u017cy\u0107<br \/>\nMaj\u0105 tak czy inaczej pole manewru raczej du\u017ce<br \/>\nMoja \u017cona ma zgin\u0105\u0107<br \/>\nA ja mam by\u0107 pojmany<br \/>\nA narz\u0119dzia takie czy inne s\u0105 nie\u015bwiadome<br \/>\nNie wiedz\u0105 co czyni\u0105<br \/>\nPrzebacz im Bo\u017ce<\/p>\n<p>Wi\u0119c scenariusz jest taki mniej czy wi\u0119cej<br \/>\nGinie moja \u017cona w ko\u0144cu<br \/>\nMnie zgarniaj\u0105 tak czy inaczej<br \/>\nCzyni\u0105 ze mnie ro\u015blink\u0119<br \/>\nA potem z lito\u015bci a jak\u017ce od aparatury od\u0142\u0105czaj\u0105<\/p>\n<p>Zadziwiaj\u0105ca jest ich determinacja<br \/>\nMniej wi\u0119cej taka z jak\u0105<br \/>\n<em>Twoja twarz brzmi znajomo<\/em><br \/>\nPr\u00f3buje udowodni\u0107 \u017ce jej nie spostrzeg\u0119 zobacz\u0119<br \/>\nAle tym ju\u017c si\u0119 zajmowa\u0107 nie mia\u0142em<\/p>\n<p>A teraz<br \/>\nJe\u015bli moc\u0105 Bo\u017c\u0105 jest z\u0142y duch wyrzucany<br \/>\nTo istotnie<br \/>\nJest w\u015br\u00f3d was ju\u017c to Kr\u00f3lestwo Bo\u017ce<br \/>\nI nie wa\u017cne<br \/>\n\u017be pr\u00f3buje to kto\u015b przek\u0142ama\u0107<\/p>\n<p>A to wiedzcie<br \/>\n\u017be ju\u017c raczej nie d\u0142ugo<br \/>\nUczyni cud wi\u0119kszy prorok fa\u0142szywy<br \/>\nMo\u017ce uzdrowi niby<br \/>\nMo\u017ce z\u0142ego ducha wyrzuci niby<br \/>\nA mo\u017ce wskrzesi to co umar\u0142e by\u0142o<br \/>\nJe\u015bli to jednak uczyni<br \/>\nTo na pewno nie moc\u0105 Bo\u017c\u0105<br \/>\nA wy rozumiejcie<br \/>\nKim jest prorok fa\u0142szywy<\/p>\n<p>Tak czy inaczej wszystko odpowiednio spe\u0142nia si\u0119<br \/>\nNie wierzycie to zobaczycie<br \/>\nA je\u015bli temu si\u0119 dobrze nie przeciwstawicie<br \/>\nTo wszystko odpowiednio spe\u0142ni si\u0119<br \/>\nAle jak chcecie bo ju\u017c to wszystko spe\u0142nia si\u0119<\/p>\n<p><strong>Na zdj. \u015awi\u0119ta Rodzina z Nazaretu<\/strong><br \/>\n<strong> W Pi\u0144czowie u Pani Mirowskiej<\/strong><br \/>\n<strong> To co prawdziwe<\/strong><br \/>\n<strong> Dzieje si\u0119 w mocy Bo\u017cej<\/strong><br \/>\n<strong> A fa\u0142szywe udaje to tylko<\/strong><br \/>\n<strong> To wreszcie zrozumcie<\/strong><br \/>\n<strong> <em>I nie nam Panie<br \/>\nLecz Twemu Imieniu daj chwa\u0142\u0119<\/em><\/strong><\/p>\n<p><strong>Dzi\u015b wspomnienie \u015bw. Micha\u0142a Rua<\/strong><br \/>\n<strong> <em>Ruach Ruach<\/em><\/strong><br \/>\n<strong> <em>Niech zst\u0105pi Duch \u015awi\u0119ty niech zst\u0105pi i odnowi<\/em><\/strong><br \/>\n<strong> Ludzi w ich my\u015bleniu<\/strong><br \/>\n<strong> Bo za chwil\u0119<\/strong><br \/>\n<strong> Ten \u015bwiat i oni wspomnieniem si\u0119 tylko stan\u0105<\/strong><br \/>\n<strong> Chcecie to b\u0119dziecie mieli koniec<\/strong><br \/>\n<strong> Najpierw m\u00f3j i \u017cony<\/strong><br \/>\n<strong> A potem zobaczycie sami<\/strong><br \/>\n<strong> Ale za p\u00f3\u017ano raczej<\/strong><br \/>\n<strong> Je\u015bli nie uwierzycie<\/strong><br \/>\n<strong> Przyjd\u017a Duchu \u015awi\u0119ty <em>Effatha<\/em><\/strong><br \/>\n<strong> Otw\u00f3rz si\u0119 wreszcie<\/strong><\/p>\n<p style=\"text-align: center;\"><a href=\"https:\/\/youtu.be\/d50BFVVRDmY\"><em><strong>Ruach &#8211; Nie si\u0142\u0105 nie moc\u0105 nasz\u0105 lecz moc\u0105 Ducha \u015awi\u0119tego<\/strong><\/em><\/a><\/p>\n","protected":false},"excerpt":{"rendered":"<p>Ruach Ruach \/ Boga ruch Wprost zadziwiaj\u0105ca jest ich determinacja Id\u0105 po mnie ju\u017c chyba od maja Podobnie z moj\u0105 \u017con\u0105 Ale ona ju\u017c od&hellip; <\/p>\n","protected":false},"author":1,"featured_media":0,"parent":0,"menu_order":0,"comment_status":"closed","ping_status":"closed","template":"","meta":{"footnotes":""},"class_list":["post-4745","page","type-page","status-publish","hentry"],"_links":{"self":[{"href":"https:\/\/hubertpietka.bialystok.pl\/index.php?rest_route=\/wp\/v2\/pages\/4745","targetHints":{"allow":["GET"]}}],"collection":[{"href":"https:\/\/hubertpietka.bialystok.pl\/index.php?rest_route=\/wp\/v2\/pages"}],"about":[{"href":"https:\/\/hubertpietka.bialystok.pl\/index.php?rest_route=\/wp\/v2\/types\/page"}],"author":[{"embeddable":true,"href":"https:\/\/hubertpietka.bialystok.pl\/index.php?rest_route=\/wp\/v2\/users\/1"}],"replies":[{"embeddable":true,"href":"https:\/\/hubertpietka.bialystok.pl\/index.php?rest_route=%2Fwp%2Fv2%2Fcomments&post=4745"}],"version-history":[{"count":3,"href":"https:\/\/hubertpietka.bialystok.pl\/index.php?rest_route=\/wp\/v2\/pages\/4745\/revisions"}],"predecessor-version":[{"id":4750,"href":"https:\/\/hubertpietka.bialystok.pl\/index.php?rest_route=\/wp\/v2\/pages\/4745\/revisions\/4750"}],"wp:attachment":[{"href":"https:\/\/hubertpietka.bialystok.pl\/index.php?rest_route=%2Fwp%2Fv2%2Fmedia&parent=4745"}],"curies":[{"name":"wp","href":"https:\/\/api.w.org\/{rel}","templated":true}]}}