{"id":4754,"date":"2021-10-31T07:40:41","date_gmt":"2021-10-31T07:40:41","guid":{"rendered":"http:\/\/hubertpietka.bialystok.pl\/?page_id=4754"},"modified":"2021-10-31T07:40:41","modified_gmt":"2021-10-31T07:40:41","slug":"uzdrowienie-przez-wiare","status":"publish","type":"page","link":"https:\/\/hubertpietka.bialystok.pl\/?page_id=4754","title":{"rendered":"Uzdrowienie \/ przez wiar\u0119"},"content":{"rendered":"<p><em><strong>Uzdrowienie \/ przez wiar\u0119<\/strong><\/em><\/p>\n<p>W czwartek po modlitwie r\u00f3\u017ca\u0144cowej<br \/>\nU Maryi Pani Pi\u0144czowskiej<br \/>\nZosta\u0142a uwolniona pewna op\u0119tana osoba<br \/>\nZauwa\u017cy\u0142em \u017ce ma wiar\u0119<br \/>\nDo tego potrzebn\u0105<br \/>\nBo przecie\u017c mimo op\u0119tania<br \/>\nPrzysz\u0142a do ko\u015bcio\u0142a<br \/>\nDlatego si\u0119 pomodli\u0142em za ni\u0105<br \/>\nI zosta\u0142a uwolniona<br \/>\nP\u00f3\u017aniej przy zdrowych zmys\u0142ach<br \/>\nUczestniczy\u0142a w dalszej modlitwie<\/p>\n<p>W czwartek te\u017c<br \/>\nPodczas modlitwy o uzdrowienie po Mszy tam<br \/>\nOjciec j\u0105 prowadz\u0105cy<br \/>\nPowiedzia\u0142 \u017ce zostaje uzdrowiona osoba<br \/>\nZ pewnej choroby k\u0142opotliwej intymnej<br \/>\nCo\u015b mnie tkn\u0119\u0142o wtedy<br \/>\n\u017be to mo\u017ce do mnie<br \/>\n\u017bona mi to potwierdzi\u0142a potem<br \/>\n\u017be w\u0142a\u015bnie wtedy modli\u0142a si\u0119<br \/>\nO moje uzdrowienie z tej trudnej choroby<\/p>\n<p>Uzdrowienie czasem jest procesem<br \/>\nTrzeba je potwierdza\u0107 na modlitwie<br \/>\nTak jak te\u017c wczoraj<br \/>\nPomodli\u0142a si\u0119 za mnie \u017cona<br \/>\nO uzdrowienie z pewnego wirusa w koronie<br \/>\nI na modlitwie r\u00f3\u017ca\u0144cowej mojej<br \/>\nPoczu\u0142em si\u0119 du\u017co lepiej<br \/>\nA by\u0142o ci\u0119\u017cko ze mn\u0105<br \/>\nWidocznie moja \u017cona zauwa\u017cy\u0142a wiar\u0119 we mnie<br \/>\nDlatego si\u0119 pomodli\u0142a o to<br \/>\nA ja potwierdzi\u0142em to na r\u00f3\u017ca\u0144cowej modlitwie<br \/>\nNie jestem w pe\u0142ni zdrowy z tego jeszcze<br \/>\nAle na ka\u017cdej modlitwie B\u00f3g umacnia mnie<br \/>\nI czuj\u0119 si\u0119 coraz lepiej<br \/>\nPrzyczynek modlitwy mojej \u017cony<br \/>\nUmacnia mnie do wiary<br \/>\nTo troch\u0119 tak jak Chrystus w Ewangelii<br \/>\nKiedy uzdrawia\u0142 pewnego niewidomego<br \/>\nW dw\u00f3ch etapach<br \/>\nI dlatego tak wa\u017cna jest w\u0142a\u015bnie wiara<br \/>\nJezus zawsze pyta\u0142 o ni\u0105 przed uzdrowieniem<\/p>\n<p><strong>Wczoraj by\u0142o \u015bw. Benwenuty *Bojani*<\/strong><br \/>\n<strong> Jej imi\u0119 <em>dobrze \u017ce przysz\u0142a\u015b<\/em><\/strong><br \/>\n<strong> Dobrze \u017ce przysz\u0142a\u015b Maryjo<\/strong><br \/>\n<strong> I we czwartek i wczoraj<\/strong><br \/>\n<strong> Ale trzeba trwa\u0107 zawsze w Bo\u017cej boja\u017ani<\/strong><br \/>\n<strong> Wtedy na wiary bazie mog\u0105 si\u0119 dzia\u0107 wielkie rzeczy<\/strong><br \/>\n<strong> A dzi\u015b \u015bw. Anio\u0142a z Acri jest<\/strong><br \/>\n<strong> Dzieci Bo\u017ce uzdrowienie mo\u017ce by\u0107 procesem<\/strong><br \/>\n<strong> Kt\u00f3ry trzeba potwierdza\u0107 na modlitwie<\/strong><br \/>\n<strong> Trzeba przemierza\u0107 z Bogiem akry swego \u017cycia<\/strong><\/p>\n<p><strong><a href=\"http:\/\/hubertpietka.bialystok.pl\/wp-content\/uploads\/2021\/10\/IMG_20211031_081523.jpg\"><img loading=\"lazy\" decoding=\"async\" class=\"alignnone size-thumbnail wp-image-4755\" src=\"http:\/\/hubertpietka.bialystok.pl\/wp-content\/uploads\/2021\/10\/IMG_20211031_081523-150x150.jpg\" alt=\"\" width=\"150\" height=\"150\" srcset=\"https:\/\/hubertpietka.bialystok.pl\/wp-content\/uploads\/2021\/10\/IMG_20211031_081523-150x150.jpg 150w, https:\/\/hubertpietka.bialystok.pl\/wp-content\/uploads\/2021\/10\/IMG_20211031_081523-75x75.jpg 75w\" sizes=\"auto, (max-width: 150px) 100vw, 150px\" \/><\/a><\/strong><\/p>\n<p><strong>Na zdj. Przy sanktuarium Matki Bo\u017cej Loreta\u0144skiej w Piotrkowicach<\/strong><br \/>\n<strong> Plakat z napisem<\/strong><br \/>\n<strong> <em>Chc\u0119 aby\u015bcie odmawiali r\u00f3\u017caniec<\/em><\/strong><br \/>\n<strong> T\u0105 modlitw\u0119 mo\u017cna i nawet trzeba odmawia\u0107<\/strong><br \/>\n<strong> I nie tylko teraz<\/strong><br \/>\n<strong> Kiedy ko\u0144czy si\u0119 ju\u017c pa\u017adziernik<\/strong><br \/>\n<strong> Miesi\u0105c po\u015bwi\u0119cony R\u00f3\u017ca\u0144cowej Pani<\/strong><\/p>\n<p style=\"text-align: center;\"><a href=\"https:\/\/youtu.be\/f_BDDmIgnFI\"><em><strong>A moc wychodzi\u0142a z niego &#8211; Diakonia muzyczna Wyp\u0142y\u0144 na g\u0142\u0119bi\u0119 (Uwielbienie 2014-10-11)<\/strong><\/em><\/a><\/p>\n","protected":false},"excerpt":{"rendered":"<p>Uzdrowienie \/ przez wiar\u0119 W czwartek po modlitwie r\u00f3\u017ca\u0144cowej U Maryi Pani Pi\u0144czowskiej Zosta\u0142a uwolniona pewna op\u0119tana osoba Zauwa\u017cy\u0142em \u017ce ma wiar\u0119 Do tego potrzebn\u0105&hellip; <\/p>\n","protected":false},"author":1,"featured_media":0,"parent":0,"menu_order":0,"comment_status":"closed","ping_status":"closed","template":"","meta":{"footnotes":""},"class_list":["post-4754","page","type-page","status-publish","hentry"],"_links":{"self":[{"href":"https:\/\/hubertpietka.bialystok.pl\/index.php?rest_route=\/wp\/v2\/pages\/4754","targetHints":{"allow":["GET"]}}],"collection":[{"href":"https:\/\/hubertpietka.bialystok.pl\/index.php?rest_route=\/wp\/v2\/pages"}],"about":[{"href":"https:\/\/hubertpietka.bialystok.pl\/index.php?rest_route=\/wp\/v2\/types\/page"}],"author":[{"embeddable":true,"href":"https:\/\/hubertpietka.bialystok.pl\/index.php?rest_route=\/wp\/v2\/users\/1"}],"replies":[{"embeddable":true,"href":"https:\/\/hubertpietka.bialystok.pl\/index.php?rest_route=%2Fwp%2Fv2%2Fcomments&post=4754"}],"version-history":[{"count":1,"href":"https:\/\/hubertpietka.bialystok.pl\/index.php?rest_route=\/wp\/v2\/pages\/4754\/revisions"}],"predecessor-version":[{"id":4756,"href":"https:\/\/hubertpietka.bialystok.pl\/index.php?rest_route=\/wp\/v2\/pages\/4754\/revisions\/4756"}],"wp:attachment":[{"href":"https:\/\/hubertpietka.bialystok.pl\/index.php?rest_route=%2Fwp%2Fv2%2Fmedia&parent=4754"}],"curies":[{"name":"wp","href":"https:\/\/api.w.org\/{rel}","templated":true}]}}