{"id":4770,"date":"2021-11-02T06:20:21","date_gmt":"2021-11-02T06:20:21","guid":{"rendered":"http:\/\/hubertpietka.bialystok.pl\/?page_id=4770"},"modified":"2021-11-02T06:20:21","modified_gmt":"2021-11-02T06:20:21","slug":"kon-trojanski-lajkonik-taki","status":"publish","type":"page","link":"https:\/\/hubertpietka.bialystok.pl\/?page_id=4770","title":{"rendered":"Ko\u0144 troja\u0144ski \/ lajkonik taki"},"content":{"rendered":"<p><em><strong>Ko\u0144 troja\u0144ski \/ lajkonik taki<\/strong><\/em><\/p>\n<p>Teraz banita wyj\u0119ty spod prawa<br \/>\nOd prawie p\u00f3\u0142 roku ju\u017c<br \/>\nMaj\u0105cy by\u0107 pojmany<br \/>\nAby si\u0119 jednoczy\u0107 z tymi<br \/>\nKt\u00f3rzy te\u017c bezprawnie<br \/>\nS\u0105 spod prawa wyjmowani<br \/>\nWi\u0119zieni os\u0105dzani \u015bcigani<\/p>\n<p>Maj\u0105cy by\u0107 zabici<br \/>\nChocia\u017c nic z\u0142ego nie zrobili<br \/>\nAby si\u0119 jednoczy\u0107 z tymi<br \/>\nKt\u00f3rzy s\u0105 zabijani<br \/>\nTak na prawd\u0119 za nic<br \/>\nNa \u015bwiecie ca\u0142ym<br \/>\nZ powodu nienawi\u015bci do wiary<\/p>\n<p><a href=\"http:\/\/hubertpietka.bialystok.pl\/wp-content\/uploads\/2021\/11\/IMG_20211102_071802.jpg\"><img loading=\"lazy\" decoding=\"async\" class=\"alignnone size-thumbnail wp-image-4771\" src=\"http:\/\/hubertpietka.bialystok.pl\/wp-content\/uploads\/2021\/11\/IMG_20211102_071802-150x150.jpg\" alt=\"\" width=\"150\" height=\"150\" srcset=\"https:\/\/hubertpietka.bialystok.pl\/wp-content\/uploads\/2021\/11\/IMG_20211102_071802-150x150.jpg 150w, https:\/\/hubertpietka.bialystok.pl\/wp-content\/uploads\/2021\/11\/IMG_20211102_071802-75x75.jpg 75w\" sizes=\"auto, (max-width: 150px) 100vw, 150px\" \/><\/a><\/p>\n<p><em>Na zdj. W sanktuarium pi\u0144czowskim Pani Mirowskiej<\/em><br \/>\n<em> Mi\u0142osierny Jezus \u015bw. *I-zy-dor* i Ojciec *Pio*<\/em><br \/>\n<em> Jezus widzi to wszystko<\/em><br \/>\n<em> *I z door* najwa\u017cniejsze<\/em><br \/>\n<em> By je otworzy\u0107 cicho i w chwili odpowiedniej<\/em><br \/>\n<em> A na przyk\u0142ad matka czy *pijo* te\u017c by\u0107 mo\u017ce<\/em><br \/>\n<em> Jak lubi to pewnie a jak\u017ce kt\u00f3\u017c zabroni<\/em><br \/>\n<em> I na koniec u\u017cywaj\u0105c pewnej zwierz\u0119cej paraboli<\/em><br \/>\n<em> Je\u015bli kto\u015b lubi zwierz\u0119ta bardzo<\/em><br \/>\n<em> Mo\u017cna by\u0107 spokojnym o przebieg odpowiedni akcji<\/em><br \/>\n<em> Je\u015bli w domu jest swoisty ko\u0144 troja\u0144ski<\/em><\/p>\n<p><strong>Dzi\u015b dzie\u0144 zaduszny<\/strong><br \/>\n<strong> Wszyscy zmarli w Panu<\/strong><br \/>\n<strong> Wstawiajcie si\u0119 za nami<\/strong><br \/>\n<strong> Jak my modlimy si\u0119 i za was<\/strong><br \/>\n<strong> Aby to wszystko nie przysz\u0142o na nas<\/strong><\/p>\n","protected":false},"excerpt":{"rendered":"<p>Ko\u0144 troja\u0144ski \/ lajkonik taki Teraz banita wyj\u0119ty spod prawa Od prawie p\u00f3\u0142 roku ju\u017c Maj\u0105cy by\u0107 pojmany Aby si\u0119 jednoczy\u0107 z tymi Kt\u00f3rzy te\u017c&hellip; <\/p>\n","protected":false},"author":1,"featured_media":0,"parent":0,"menu_order":0,"comment_status":"closed","ping_status":"closed","template":"","meta":{"footnotes":""},"class_list":["post-4770","page","type-page","status-publish","hentry"],"_links":{"self":[{"href":"https:\/\/hubertpietka.bialystok.pl\/index.php?rest_route=\/wp\/v2\/pages\/4770","targetHints":{"allow":["GET"]}}],"collection":[{"href":"https:\/\/hubertpietka.bialystok.pl\/index.php?rest_route=\/wp\/v2\/pages"}],"about":[{"href":"https:\/\/hubertpietka.bialystok.pl\/index.php?rest_route=\/wp\/v2\/types\/page"}],"author":[{"embeddable":true,"href":"https:\/\/hubertpietka.bialystok.pl\/index.php?rest_route=\/wp\/v2\/users\/1"}],"replies":[{"embeddable":true,"href":"https:\/\/hubertpietka.bialystok.pl\/index.php?rest_route=%2Fwp%2Fv2%2Fcomments&post=4770"}],"version-history":[{"count":1,"href":"https:\/\/hubertpietka.bialystok.pl\/index.php?rest_route=\/wp\/v2\/pages\/4770\/revisions"}],"predecessor-version":[{"id":4772,"href":"https:\/\/hubertpietka.bialystok.pl\/index.php?rest_route=\/wp\/v2\/pages\/4770\/revisions\/4772"}],"wp:attachment":[{"href":"https:\/\/hubertpietka.bialystok.pl\/index.php?rest_route=%2Fwp%2Fv2%2Fmedia&parent=4770"}],"curies":[{"name":"wp","href":"https:\/\/api.w.org\/{rel}","templated":true}]}}