{"id":4777,"date":"2021-11-05T22:58:07","date_gmt":"2021-11-05T22:58:07","guid":{"rendered":"http:\/\/hubertpietka.bialystok.pl\/?page_id=4777"},"modified":"2021-11-05T22:58:07","modified_gmt":"2021-11-05T22:58:07","slug":"dom-w-sloncu-krwawym","status":"publish","type":"page","link":"https:\/\/hubertpietka.bialystok.pl\/?page_id=4777","title":{"rendered":"Dom \/ w s\u0142o\u0144cu krwawym"},"content":{"rendered":"<p><em><strong>Dom \/ w s\u0142o\u0144cu krwawym<\/strong><\/em><\/p>\n<p><strong>1.<\/strong><\/p>\n<p>Dlaczego oni o Panie<br \/>\nChc\u0105 nam razkrwawi\u0107 listopady<\/p>\n<p>O wschodzie s\u0142o\u0144ca<br \/>\nLub przed brzaskiem nawet<\/p>\n<p>Dlaczego dzie\u0144 kt\u00f3ry wstanie<br \/>\nMa by\u0107 ko\u0144cem dla mnie<\/p>\n<p><strong>2.<\/strong><\/p>\n<p style=\"text-align: left;\"><em>Najprostsza taktyka<br \/>\nOszmaci\u0107 przeciwnika<\/em><\/p>\n<p>Kiedy ju\u017c si\u0119 nie znajduje argument\u00f3w innych \u017cadnych<br \/>\nTo ka\u017cdego mo\u017cna zawsze skutecznie o niepoczytalno\u015b\u0107 oskar\u017cy\u0107<\/p>\n<p>I nie wa\u017cne \u017ce B\u00f3g uzdrowi\u0142 czy uzdrawia<br \/>\nJest pretekst to si\u0119 znajdzie i przyczyna<br \/>\nA jak\u017ce konkretna<\/p>\n<p><a href=\"http:\/\/hubertpietka.bialystok.pl\/wp-content\/uploads\/2021\/11\/IMG_20211105_233813.jpg\"><img loading=\"lazy\" decoding=\"async\" class=\"alignnone size-thumbnail wp-image-4778\" src=\"http:\/\/hubertpietka.bialystok.pl\/wp-content\/uploads\/2021\/11\/IMG_20211105_233813-150x150.jpg\" alt=\"\" width=\"150\" height=\"150\" srcset=\"https:\/\/hubertpietka.bialystok.pl\/wp-content\/uploads\/2021\/11\/IMG_20211105_233813-150x150.jpg 150w, https:\/\/hubertpietka.bialystok.pl\/wp-content\/uploads\/2021\/11\/IMG_20211105_233813-75x75.jpg 75w\" sizes=\"auto, (max-width: 150px) 100vw, 150px\" \/><\/a><\/p>\n<p><em>Na zdj. Zach\u00f3d s\u0142o\u0144ca przy Maryi Domku<\/em><br \/>\n<em> W sanktuarium piotrkowickim<\/em><br \/>\n<em> Zach\u00f3d czy wsch\u00f3d barwy krwawe<\/em><br \/>\n<em> Kt\u00f3re chc\u0105 na\u0142o\u017cy\u0107 na mnie<\/em><br \/>\n<em> Wyci\u0105gaj\u0105c mnie z domu<\/em><br \/>\n<em> Kt\u00f3ry nie nale\u017cy do nich<\/em><br \/>\n<em> Lecz ufam w Panu \u017ce tak si\u0119 nie stanie<\/em><\/p>\n<p><strong>Dzi\u015b \u015bw. El\u017cbiety i Zachariasza<\/strong><br \/>\n<strong> Ely m\u00f3j Bo\u017ce wierz\u0119 \u017ce nas zachowasz<\/strong><br \/>\n<strong>I tak nam dopom\u00f3\u017c<\/strong><\/p>\n<p style=\"text-align: center;\"><a href=\"https:\/\/youtu.be\/R-7cWBBUedg\"><em><strong>A my nie chcemy ucieka\u0107 st\u0105d &#8211; Jacek Kaczmarski<\/strong><\/em><\/a><\/p>\n","protected":false},"excerpt":{"rendered":"<p>Dom \/ w s\u0142o\u0144cu krwawym 1. Dlaczego oni o Panie Chc\u0105 nam razkrwawi\u0107 listopady O wschodzie s\u0142o\u0144ca Lub przed brzaskiem nawet Dlaczego dzie\u0144 kt\u00f3ry wstanie&hellip; <\/p>\n","protected":false},"author":1,"featured_media":0,"parent":0,"menu_order":0,"comment_status":"closed","ping_status":"closed","template":"","meta":{"footnotes":""},"class_list":["post-4777","page","type-page","status-publish","hentry"],"_links":{"self":[{"href":"https:\/\/hubertpietka.bialystok.pl\/index.php?rest_route=\/wp\/v2\/pages\/4777","targetHints":{"allow":["GET"]}}],"collection":[{"href":"https:\/\/hubertpietka.bialystok.pl\/index.php?rest_route=\/wp\/v2\/pages"}],"about":[{"href":"https:\/\/hubertpietka.bialystok.pl\/index.php?rest_route=\/wp\/v2\/types\/page"}],"author":[{"embeddable":true,"href":"https:\/\/hubertpietka.bialystok.pl\/index.php?rest_route=\/wp\/v2\/users\/1"}],"replies":[{"embeddable":true,"href":"https:\/\/hubertpietka.bialystok.pl\/index.php?rest_route=%2Fwp%2Fv2%2Fcomments&post=4777"}],"version-history":[{"count":1,"href":"https:\/\/hubertpietka.bialystok.pl\/index.php?rest_route=\/wp\/v2\/pages\/4777\/revisions"}],"predecessor-version":[{"id":4779,"href":"https:\/\/hubertpietka.bialystok.pl\/index.php?rest_route=\/wp\/v2\/pages\/4777\/revisions\/4779"}],"wp:attachment":[{"href":"https:\/\/hubertpietka.bialystok.pl\/index.php?rest_route=%2Fwp%2Fv2%2Fmedia&parent=4777"}],"curies":[{"name":"wp","href":"https:\/\/api.w.org\/{rel}","templated":true}]}}