{"id":4783,"date":"2021-11-06T12:53:44","date_gmt":"2021-11-06T12:53:44","guid":{"rendered":"http:\/\/hubertpietka.bialystok.pl\/?page_id=4783"},"modified":"2021-11-06T12:53:44","modified_gmt":"2021-11-06T12:53:44","slug":"chryste-rozswietlij-ciemnosci-wokol","status":"publish","type":"page","link":"https:\/\/hubertpietka.bialystok.pl\/?page_id=4783","title":{"rendered":"Chryste \/ roz\u015bwietlij ciemno\u015bci wok\u00f3\u0142"},"content":{"rendered":"<p><em><strong>Chryste \/ roz\u015bwietlij ciemno\u015bci wok\u00f3\u0142<\/strong><\/em><\/p>\n<p>S\u0142oneczko \u015bwieci<br \/>\nLecz nie dla mnie ma ono \u015bwieci\u0107<br \/>\nBo w zamiarze tych pojmanym mam by\u0107<br \/>\nZa jakie winy<br \/>\nSumienie mi nic nie wyrzuca<br \/>\nAle w ich mniemaniu<br \/>\nTo mnie nie usprawiedliwia wcale<br \/>\nA nawet tym gorzej to dla mnie<br \/>\nI tylko ma\u0142y paradoksik<br \/>\nTo s\u0142oneczko d\u0142ugo \u015bwieci\u0107 nie b\u0119dzie beze mnie<br \/>\nCho\u0107 \u015awiat\u0142em \u015awiata jest Chrystus<br \/>\nTo to nie ja bynajmniej<br \/>\nAle B\u00f3g tak to wymy\u015bli\u0142<\/p>\n<p>Troch\u0119 mi smutno<br \/>\nDlaczego wi\u0119c ty muzo<br \/>\nSzepczesz mi do ucha<br \/>\nR\u00f3\u017cnych poezji melodie<br \/>\nPrzecie\u017c nie dla mnie teraz<br \/>\nMuzyka weso\u0142a<br \/>\nSiostra i brat s\u0105 chorzy<br \/>\nW Chrystusie Panu do\u015bwiadczani<br \/>\nPozdrawiam was muzyk\u0105<br \/>\nCiep\u0142ych s\u0142\u00f3w ku jasno\u015bci Pa\u0144skiej<\/p>\n<p><a href=\"http:\/\/hubertpietka.bialystok.pl\/wp-content\/uploads\/2021\/11\/IMG_20211106_132815.jpg\"><img loading=\"lazy\" decoding=\"async\" class=\"alignnone size-thumbnail wp-image-4784\" src=\"http:\/\/hubertpietka.bialystok.pl\/wp-content\/uploads\/2021\/11\/IMG_20211106_132815-150x150.jpg\" alt=\"\" width=\"150\" height=\"150\" srcset=\"https:\/\/hubertpietka.bialystok.pl\/wp-content\/uploads\/2021\/11\/IMG_20211106_132815-150x150.jpg 150w, https:\/\/hubertpietka.bialystok.pl\/wp-content\/uploads\/2021\/11\/IMG_20211106_132815-75x75.jpg 75w\" sizes=\"auto, (max-width: 150px) 100vw, 150px\" \/><\/a><\/p>\n<p><em>Na zdj. Matka Bo\u017ca Nieustaj\u0105cej Pomocy w katedrze olkuskiej<\/em><br \/>\n<em> Dzi\u015b pierwsza sobota miesi\u0105ca dzie\u0144 wspomnienia Maryi<\/em><br \/>\n<em> Czasem si\u0119 tego nie czuje za bardzo<\/em><br \/>\n<em> Ale Maryja i tak zwyci\u0119sk\u0105 finalnie b\u0119dzie<\/em><br \/>\n<strong><em> Ave Niepokalana Totus Tuus<\/em><\/strong><\/p>\n","protected":false},"excerpt":{"rendered":"<p>Chryste \/ roz\u015bwietlij ciemno\u015bci wok\u00f3\u0142 S\u0142oneczko \u015bwieci Lecz nie dla mnie ma ono \u015bwieci\u0107 Bo w zamiarze tych pojmanym mam by\u0107 Za jakie winy Sumienie&hellip; <\/p>\n","protected":false},"author":1,"featured_media":0,"parent":0,"menu_order":0,"comment_status":"closed","ping_status":"closed","template":"","meta":{"footnotes":""},"class_list":["post-4783","page","type-page","status-publish","hentry"],"_links":{"self":[{"href":"https:\/\/hubertpietka.bialystok.pl\/index.php?rest_route=\/wp\/v2\/pages\/4783","targetHints":{"allow":["GET"]}}],"collection":[{"href":"https:\/\/hubertpietka.bialystok.pl\/index.php?rest_route=\/wp\/v2\/pages"}],"about":[{"href":"https:\/\/hubertpietka.bialystok.pl\/index.php?rest_route=\/wp\/v2\/types\/page"}],"author":[{"embeddable":true,"href":"https:\/\/hubertpietka.bialystok.pl\/index.php?rest_route=\/wp\/v2\/users\/1"}],"replies":[{"embeddable":true,"href":"https:\/\/hubertpietka.bialystok.pl\/index.php?rest_route=%2Fwp%2Fv2%2Fcomments&post=4783"}],"version-history":[{"count":1,"href":"https:\/\/hubertpietka.bialystok.pl\/index.php?rest_route=\/wp\/v2\/pages\/4783\/revisions"}],"predecessor-version":[{"id":4785,"href":"https:\/\/hubertpietka.bialystok.pl\/index.php?rest_route=\/wp\/v2\/pages\/4783\/revisions\/4785"}],"wp:attachment":[{"href":"https:\/\/hubertpietka.bialystok.pl\/index.php?rest_route=%2Fwp%2Fv2%2Fmedia&parent=4783"}],"curies":[{"name":"wp","href":"https:\/\/api.w.org\/{rel}","templated":true}]}}