{"id":4788,"date":"2021-11-07T21:13:35","date_gmt":"2021-11-07T21:13:35","guid":{"rendered":"http:\/\/hubertpietka.bialystok.pl\/?page_id=4788"},"modified":"2021-11-07T21:14:46","modified_gmt":"2021-11-07T21:14:46","slug":"serca-unizenie-przed-panem","status":"publish","type":"page","link":"https:\/\/hubertpietka.bialystok.pl\/?page_id=4788","title":{"rendered":"Serca uni\u017cenie \/ przed Panem"},"content":{"rendered":"<p><em><strong>Serca uni\u017cenie \/ przed Panem<\/strong><\/em><\/p>\n<p>Noc przekazuje nocy<br \/>\nDzie\u0144 dniowi<br \/>\n\u017be pojmany mam by\u0107 znowu<\/p>\n<p>Ochota na spacer wzrasta<br \/>\nWraz z wyparowaniem krwii b\u0142\u0119kitnej<br \/>\nZ zawarto\u015bci organicznej<\/p>\n<p>A wtedy otwarta droga<br \/>\nLub ma kto otworzy\u0107<\/p>\n<p><em>Gar\u015b\u0107 m\u0105ki nie wyczerpie si\u0119<\/em><br \/>\n<em> I zawarto\u015b\u0107 bary\u0142ki oliwy<\/em><br \/>\nTak Pan m\u00f3wi<br \/>\nTworzywo rzeczywisto\u015bci spraw codziennych<br \/>\nOliwa rozumu ogarnie ku poezji<br \/>\n<em>Dop\u00f3ki Pan deszczu \u0142ask<\/em><br \/>\n<em> Z nieba nie spu\u015bci<\/em><\/p>\n<p><em><a href=\"http:\/\/hubertpietka.bialystok.pl\/wp-content\/uploads\/2021\/11\/IMG_20211107_220322.jpg\"><img loading=\"lazy\" decoding=\"async\" class=\"alignnone size-thumbnail wp-image-4789\" src=\"http:\/\/hubertpietka.bialystok.pl\/wp-content\/uploads\/2021\/11\/IMG_20211107_220322-150x150.jpg\" alt=\"\" width=\"150\" height=\"150\" srcset=\"https:\/\/hubertpietka.bialystok.pl\/wp-content\/uploads\/2021\/11\/IMG_20211107_220322-150x150.jpg 150w, https:\/\/hubertpietka.bialystok.pl\/wp-content\/uploads\/2021\/11\/IMG_20211107_220322-75x75.jpg 75w\" sizes=\"auto, (max-width: 150px) 100vw, 150px\" \/><\/a><\/em><\/p>\n<p>Na zdj. W K\u0105tach Starych klasztor *serca-\u0144ski*<br \/>\n*Serca niskie* us\u0142u\u017cne trzeba mie\u0107 przed Panem<br \/>\nNa tym polega prostolinijno\u015b\u0107 pokorna<br \/>\nWtedy poszerza si\u0119 obj\u0119to\u015b\u0107 serca<br \/>\nI mo\u017ce ono obj\u0105\u0107 nie tylko ludzi wok\u00f3\u0142<br \/>\nAle i stworzenie ca\u0142e<br \/>\nZwierz\u0119ta te\u017c s\u0105 cz\u0142owiekowi dane<br \/>\nI one s\u0142u\u017c\u0105 chwale Bo\u017cej<\/p>\n<p style=\"text-align: center;\"><a href=\"https:\/\/youtu.be\/PhPaFM7ykjo\"><em><strong>Serce wielkie nam daj &#8211; Jednego Serca Jednego Ducha 2013<\/strong><\/em><\/a><\/p>\n","protected":false},"excerpt":{"rendered":"<p>Serca uni\u017cenie \/ przed Panem Noc przekazuje nocy Dzie\u0144 dniowi \u017be pojmany mam by\u0107 znowu Ochota na spacer wzrasta Wraz z wyparowaniem krwii b\u0142\u0119kitnej Z&hellip; <\/p>\n","protected":false},"author":1,"featured_media":0,"parent":0,"menu_order":0,"comment_status":"closed","ping_status":"closed","template":"","meta":{"footnotes":""},"class_list":["post-4788","page","type-page","status-publish","hentry"],"_links":{"self":[{"href":"https:\/\/hubertpietka.bialystok.pl\/index.php?rest_route=\/wp\/v2\/pages\/4788","targetHints":{"allow":["GET"]}}],"collection":[{"href":"https:\/\/hubertpietka.bialystok.pl\/index.php?rest_route=\/wp\/v2\/pages"}],"about":[{"href":"https:\/\/hubertpietka.bialystok.pl\/index.php?rest_route=\/wp\/v2\/types\/page"}],"author":[{"embeddable":true,"href":"https:\/\/hubertpietka.bialystok.pl\/index.php?rest_route=\/wp\/v2\/users\/1"}],"replies":[{"embeddable":true,"href":"https:\/\/hubertpietka.bialystok.pl\/index.php?rest_route=%2Fwp%2Fv2%2Fcomments&post=4788"}],"version-history":[{"count":3,"href":"https:\/\/hubertpietka.bialystok.pl\/index.php?rest_route=\/wp\/v2\/pages\/4788\/revisions"}],"predecessor-version":[{"id":4792,"href":"https:\/\/hubertpietka.bialystok.pl\/index.php?rest_route=\/wp\/v2\/pages\/4788\/revisions\/4792"}],"wp:attachment":[{"href":"https:\/\/hubertpietka.bialystok.pl\/index.php?rest_route=%2Fwp%2Fv2%2Fmedia&parent=4788"}],"curies":[{"name":"wp","href":"https:\/\/api.w.org\/{rel}","templated":true}]}}