{"id":4801,"date":"2021-11-09T18:42:19","date_gmt":"2021-11-09T18:42:19","guid":{"rendered":"http:\/\/hubertpietka.bialystok.pl\/?page_id=4801"},"modified":"2021-11-09T18:42:19","modified_gmt":"2021-11-09T18:42:19","slug":"jednak-sa-jakies-przyzwoitosci-granice","status":"publish","type":"page","link":"https:\/\/hubertpietka.bialystok.pl\/?page_id=4801","title":{"rendered":"Jednak s\u0105 jakie\u015b \/ przyzwoito\u015bci granice"},"content":{"rendered":"<p><em><strong>Jednak s\u0105 jakie\u015b \/ przyzwoito\u015bci granice<\/strong><\/em><\/p>\n<p>A ci przyj\u015b\u0107 maj\u0105<br \/>\nI na kwarantannie nawet<br \/>\nIch nie dotyczy<br \/>\nZakaz przychodzenia na teren domu<br \/>\nKt\u00f3ry jest obj\u0119ty kwarantann\u0105<br \/>\nDobrowoln\u0105 przymusow\u0105 czy jak\u0105kolwiek inn\u0105<br \/>\nIch to nie dotyczy<br \/>\nS\u0105 ponad prawem o Panie<\/p>\n<p>I czy mo\u017cna wyobrazi\u0107 sobie<br \/>\nMieszank\u0119 bardziej wybuchow\u0105<br \/>\nNi\u017c zniewolenie z psychopati\u0105<br \/>\nAlkoholem obficie zakrapiane<br \/>\nKto do\u015bwiadczy\u0142 takiej <em>konglomeracji<\/em><br \/>\nTen wie ile to kosztuje<br \/>\nOczywi\u015bcie m\u00f3wi\u0119 to bez zwi\u0105zku<br \/>\nNa zasadzie czystej dygresji<br \/>\nA jaki jest wtedy chocia\u017cby wulgaryzm\u00f3w wylew<br \/>\nJak si\u0119 oczernia wtedy<br \/>\nB\u00f3g raczy wiedzie\u0107<\/p>\n<p>A co si\u0119 dzieje na granicy Polski z Bia\u0142orusi\u0105<br \/>\nOni id\u0105 na wojsko polskie z r\u00f3\u017cn\u0105 broni\u0105<br \/>\nI co mo\u017ce pog\u0142aska\u0107 ich trzeba przyj\u0105\u0107 zaprosi\u0107 i przytuli\u0107<br \/>\nNiech B\u00f3g ma w obronie Polsk\u0119 i jej wierne wojsko<\/p>\n<p><a href=\"http:\/\/hubertpietka.bialystok.pl\/wp-content\/uploads\/2021\/11\/IMG_20211109_190202.jpg\"><img loading=\"lazy\" decoding=\"async\" class=\"alignnone size-thumbnail wp-image-4802\" src=\"http:\/\/hubertpietka.bialystok.pl\/wp-content\/uploads\/2021\/11\/IMG_20211109_190202-150x150.jpg\" alt=\"\" width=\"150\" height=\"150\" srcset=\"https:\/\/hubertpietka.bialystok.pl\/wp-content\/uploads\/2021\/11\/IMG_20211109_190202-150x150.jpg 150w, https:\/\/hubertpietka.bialystok.pl\/wp-content\/uploads\/2021\/11\/IMG_20211109_190202-75x75.jpg 75w\" sizes=\"auto, (max-width: 150px) 100vw, 150px\" \/><\/a><\/p>\n<p><em>Na zdj. \u015aw. Krzysztof przy sanktuarium b\u0142. Wincentego Kad\u0142ubka w J\u0119drzejowie<\/em><br \/>\n<em> Na kawantann\u0119 dowodem jest chocia\u017cby<\/em><br \/>\n<em> Wyj\u0119cie akumulatoru z samochodu<\/em><br \/>\n<em> Wi\u0119c samoch\u00f3d w stanie spoczynku<\/em><br \/>\n<em> \u015aw. Krzysztofie strze\u017c go kiedy teraz stoi<\/em><br \/>\n<em> I kiedy b\u0119dzie w ruchu<\/em><br \/>\n<em> A p\u00f3ki co i samoch\u00f3d kwarantannie poddany jest<\/em><\/p>\n<p><strong>Dzi\u015b archibazyliki *later*-a\u0144skiej jest<\/strong><br \/>\n<strong> Lateo latere znaczy czai\u0107 si\u0119<\/strong><br \/>\n<strong> Oni tak si\u0119 w\u0142a\u015bnie czaj\u0105<\/strong><br \/>\n<strong> I na kwarantannie mnie pojma\u0107 maj\u0105 tak\u017ce<\/strong><br \/>\n<strong> Bo ci na granicy niby biedni imigranci<\/strong><br \/>\n<strong> To ju\u017c chyba nie maj\u0105 hamulc\u00f3w \u017cadnych<\/strong><br \/>\n<strong> I co zgodzi\u0107 si\u0119 trzeba na to wszystko<\/strong><br \/>\n<strong> Przyj\u0105\u0107 ze \u017ale rozumian\u0105 pokor\u0105<\/strong><br \/>\n<strong>Czy dzia\u0142a\u0107 i odpowiada\u0107 asertywnie<\/strong><\/p>\n","protected":false},"excerpt":{"rendered":"<p>Jednak s\u0105 jakie\u015b \/ przyzwoito\u015bci granice A ci przyj\u015b\u0107 maj\u0105 I na kwarantannie nawet Ich nie dotyczy Zakaz przychodzenia na teren domu Kt\u00f3ry jest obj\u0119ty&hellip; <\/p>\n","protected":false},"author":1,"featured_media":0,"parent":0,"menu_order":0,"comment_status":"closed","ping_status":"closed","template":"","meta":{"footnotes":""},"class_list":["post-4801","page","type-page","status-publish","hentry"],"_links":{"self":[{"href":"https:\/\/hubertpietka.bialystok.pl\/index.php?rest_route=\/wp\/v2\/pages\/4801","targetHints":{"allow":["GET"]}}],"collection":[{"href":"https:\/\/hubertpietka.bialystok.pl\/index.php?rest_route=\/wp\/v2\/pages"}],"about":[{"href":"https:\/\/hubertpietka.bialystok.pl\/index.php?rest_route=\/wp\/v2\/types\/page"}],"author":[{"embeddable":true,"href":"https:\/\/hubertpietka.bialystok.pl\/index.php?rest_route=\/wp\/v2\/users\/1"}],"replies":[{"embeddable":true,"href":"https:\/\/hubertpietka.bialystok.pl\/index.php?rest_route=%2Fwp%2Fv2%2Fcomments&post=4801"}],"version-history":[{"count":1,"href":"https:\/\/hubertpietka.bialystok.pl\/index.php?rest_route=\/wp\/v2\/pages\/4801\/revisions"}],"predecessor-version":[{"id":4803,"href":"https:\/\/hubertpietka.bialystok.pl\/index.php?rest_route=\/wp\/v2\/pages\/4801\/revisions\/4803"}],"wp:attachment":[{"href":"https:\/\/hubertpietka.bialystok.pl\/index.php?rest_route=%2Fwp%2Fv2%2Fmedia&parent=4801"}],"curies":[{"name":"wp","href":"https:\/\/api.w.org\/{rel}","templated":true}]}}