{"id":4806,"date":"2021-11-10T08:14:55","date_gmt":"2021-11-10T08:14:55","guid":{"rendered":"http:\/\/hubertpietka.bialystok.pl\/?page_id=4806"},"modified":"2021-11-10T08:23:10","modified_gmt":"2021-11-10T08:23:10","slug":"donos-na-nas","status":"publish","type":"page","link":"https:\/\/hubertpietka.bialystok.pl\/?page_id=4806","title":{"rendered":"*Do nos* \/ na nas"},"content":{"rendered":"<p><em><strong>*Do nos* \/ na nas<\/strong><\/em><\/p>\n<p>Niech zgadn\u0119<br \/>\n\u017be ci przyj\u015b\u0107 maj\u0105<br \/>\nAby sprawdzi\u0107 stan kwarantanny<br \/>\nI pewna osoba im wszystko a jak\u017ce odpowiednio opowie<br \/>\nTak \u017ce nie b\u0119d\u0105 mieli wyj\u015bcia oczywi\u015bcie<br \/>\nI b\u0119d\u0105 musieli wyci\u0105gn\u0105\u0107 odpowiednie i surowe konsekwencje<br \/>\nTa sama osoba te\u017c mo\u017ce<br \/>\nZadzwoni\u0107 gdzie trzeba<br \/>\nI z\u0142o\u017cy\u0107 a jak\u017ce zeznanie (do-niesienie) jedynie s\u0142uszne<br \/>\n\u017be ju\u017c nie b\u0119dzie wyj\u015bcia<br \/>\nI trzeba z tym b\u0119dzie zrobi\u0107 porz\u0105dek wreszcie<br \/>\n(A ten kto ma to zrobi\u0107 to mo\u017ce<br \/>\nI na pewno nie omieszka tego zrobi\u0107<br \/>\nCo mo\u017ce nam praktycznie zaszkodzi\u0107)<\/p>\n<p><a href=\"http:\/\/hubertpietka.bialystok.pl\/wp-content\/uploads\/2021\/11\/IMG_20211110_084258.jpg\"><img loading=\"lazy\" decoding=\"async\" class=\"alignnone size-thumbnail wp-image-4807\" src=\"http:\/\/hubertpietka.bialystok.pl\/wp-content\/uploads\/2021\/11\/IMG_20211110_084258-150x150.jpg\" alt=\"\" width=\"150\" height=\"150\" srcset=\"https:\/\/hubertpietka.bialystok.pl\/wp-content\/uploads\/2021\/11\/IMG_20211110_084258-150x150.jpg 150w, https:\/\/hubertpietka.bialystok.pl\/wp-content\/uploads\/2021\/11\/IMG_20211110_084258-75x75.jpg 75w\" sizes=\"auto, (max-width: 150px) 100vw, 150px\" \/><\/a><\/p>\n<p><em>Na zdj. Esy i floresy na zachodz\u0105cym niebie<\/em><br \/>\n<em> Przy sanktuarium Domek Maryi piotrkowickim<\/em><br \/>\n<em> Zostawcie nas wreszcie w spokoju w naszym domu<\/em><br \/>\n<em> Czuwaj Maryjo nad nasz\u0105 spokojno\u015bci\u0105<\/em><br \/>\n<em> My nikomu nie robimy niczego co ma wynik z\u0142a<\/em><br \/>\n<em> Wi\u0119c dlaczego<\/em><br \/>\n<em> Nam nie pozwol\u0105 \u017cy\u0107 w Bo\u017cym pokoju<\/em><br \/>\n<em> I tu w naszym domu<\/em><br \/>\n<em> I gdziekolwiek<\/em><\/p>\n<p><strong>Dzi\u015b wspominany \u015bw. *A-ida*<\/strong><br \/>\n<strong> A ju\u017c oni *a id\u0105*\u00a0 a jak\u017ce<\/strong><br \/>\n<strong> Teraz czy mo\u017ce troch\u0119 dalej<\/strong><\/p>\n","protected":false},"excerpt":{"rendered":"<p>*Do nos* \/ na nas Niech zgadn\u0119 \u017be ci przyj\u015b\u0107 maj\u0105 Aby sprawdzi\u0107 stan kwarantanny I pewna osoba im wszystko a jak\u017ce odpowiednio opowie Tak&hellip; <\/p>\n","protected":false},"author":1,"featured_media":0,"parent":0,"menu_order":0,"comment_status":"closed","ping_status":"closed","template":"","meta":{"footnotes":""},"class_list":["post-4806","page","type-page","status-publish","hentry"],"_links":{"self":[{"href":"https:\/\/hubertpietka.bialystok.pl\/index.php?rest_route=\/wp\/v2\/pages\/4806","targetHints":{"allow":["GET"]}}],"collection":[{"href":"https:\/\/hubertpietka.bialystok.pl\/index.php?rest_route=\/wp\/v2\/pages"}],"about":[{"href":"https:\/\/hubertpietka.bialystok.pl\/index.php?rest_route=\/wp\/v2\/types\/page"}],"author":[{"embeddable":true,"href":"https:\/\/hubertpietka.bialystok.pl\/index.php?rest_route=\/wp\/v2\/users\/1"}],"replies":[{"embeddable":true,"href":"https:\/\/hubertpietka.bialystok.pl\/index.php?rest_route=%2Fwp%2Fv2%2Fcomments&post=4806"}],"version-history":[{"count":4,"href":"https:\/\/hubertpietka.bialystok.pl\/index.php?rest_route=\/wp\/v2\/pages\/4806\/revisions"}],"predecessor-version":[{"id":4812,"href":"https:\/\/hubertpietka.bialystok.pl\/index.php?rest_route=\/wp\/v2\/pages\/4806\/revisions\/4812"}],"wp:attachment":[{"href":"https:\/\/hubertpietka.bialystok.pl\/index.php?rest_route=%2Fwp%2Fv2%2Fmedia&parent=4806"}],"curies":[{"name":"wp","href":"https:\/\/api.w.org\/{rel}","templated":true}]}}