{"id":4814,"date":"2021-11-11T22:00:32","date_gmt":"2021-11-11T22:00:32","guid":{"rendered":"http:\/\/hubertpietka.bialystok.pl\/?page_id=4814"},"modified":"2021-11-11T22:01:35","modified_gmt":"2021-11-11T22:01:35","slug":"wolnosc-w-nas-jest","status":"publish","type":"page","link":"https:\/\/hubertpietka.bialystok.pl\/?page_id=4814","title":{"rendered":"Wolno\u015b\u0107 \/ w nas jest"},"content":{"rendered":"<p><em><strong>Wolno\u015b\u0107 \/ w nas jest<\/strong><\/em><\/p>\n<p>A ci przyj\u015b\u0107 maj\u0105<br \/>\nTej nocy z rana czy nad ranem<br \/>\nZawsze ufam Tobie Panie<\/p>\n<p>Skoro oni przyj\u015b\u0107 teraz mog\u0105<br \/>\nKiedy nikt tu przychodzi\u0107 raczej nie powinien<br \/>\nI skoro mo\u017ce im otworzy\u0107 i ich zaprosi\u0107<br \/>\nTen kto tego teraz robi\u0107 nie powinien<br \/>\nBior\u0105c ju\u017c tylko pod uwag\u0119<br \/>\nAspekt prawny<br \/>\nPomijaj\u0105c ju\u017c zupe\u0142nie moralny<\/p>\n<p>Skoro oni mnie maj\u0105 pojma\u0107<br \/>\nZ powodu mojej nie\u015bwiadomo\u015bci rzekomej<br \/>\nI skoro mog\u0105 \u0142ama\u0107 prawo<br \/>\nKt\u00f3re sami stanowi\u0105<br \/>\nOczywi\u015bcie w pe\u0142ni \u015bwiadomie<br \/>\nTo ja te\u017c mog\u0119 poczu\u0107 si\u0119 wolny<br \/>\nW tym co narzuci\u0142em sobie<br \/>\nW pe\u0142ni \u015bwiadomie<\/p>\n<p><a href=\"http:\/\/hubertpietka.bialystok.pl\/wp-content\/uploads\/2021\/11\/IMG_20211111_225503.jpg\"><img loading=\"lazy\" decoding=\"async\" class=\"alignnone size-thumbnail wp-image-4815\" src=\"http:\/\/hubertpietka.bialystok.pl\/wp-content\/uploads\/2021\/11\/IMG_20211111_225503-150x150.jpg\" alt=\"\" width=\"150\" height=\"150\" srcset=\"https:\/\/hubertpietka.bialystok.pl\/wp-content\/uploads\/2021\/11\/IMG_20211111_225503-150x150.jpg 150w, https:\/\/hubertpietka.bialystok.pl\/wp-content\/uploads\/2021\/11\/IMG_20211111_225503-75x75.jpg 75w\" sizes=\"auto, (max-width: 150px) 100vw, 150px\" \/><\/a><\/p>\n<p><strong>Na zdj. Dzi\u015b \u015awi\u0119to Niepodleg\u0142o\u015bci<\/strong><br \/>\n<strong> Czy oni rzeczywi\u015bcie i w jakikolwiek spos\u00f3b<\/strong><br \/>\n<strong> S\u0142u\u017c\u0105 Polsce<\/strong><br \/>\n<strong> Raczej nie s\u0105dz\u0119<\/strong><\/p>\n<p><strong>Dzi\u015b \u015bw. Wiktorii<\/strong><br \/>\n<em><strong> W Tobie Panie jestem wolny<\/strong><\/em><br \/>\n<strong> Jezu ufam Tobie<\/strong><\/p>\n","protected":false},"excerpt":{"rendered":"<p>Wolno\u015b\u0107 \/ w nas jest A ci przyj\u015b\u0107 maj\u0105 Tej nocy z rana czy nad ranem Zawsze ufam Tobie Panie Skoro oni przyj\u015b\u0107 teraz mog\u0105&hellip; <\/p>\n","protected":false},"author":1,"featured_media":0,"parent":0,"menu_order":0,"comment_status":"closed","ping_status":"closed","template":"","meta":{"footnotes":""},"class_list":["post-4814","page","type-page","status-publish","hentry"],"_links":{"self":[{"href":"https:\/\/hubertpietka.bialystok.pl\/index.php?rest_route=\/wp\/v2\/pages\/4814","targetHints":{"allow":["GET"]}}],"collection":[{"href":"https:\/\/hubertpietka.bialystok.pl\/index.php?rest_route=\/wp\/v2\/pages"}],"about":[{"href":"https:\/\/hubertpietka.bialystok.pl\/index.php?rest_route=\/wp\/v2\/types\/page"}],"author":[{"embeddable":true,"href":"https:\/\/hubertpietka.bialystok.pl\/index.php?rest_route=\/wp\/v2\/users\/1"}],"replies":[{"embeddable":true,"href":"https:\/\/hubertpietka.bialystok.pl\/index.php?rest_route=%2Fwp%2Fv2%2Fcomments&post=4814"}],"version-history":[{"count":2,"href":"https:\/\/hubertpietka.bialystok.pl\/index.php?rest_route=\/wp\/v2\/pages\/4814\/revisions"}],"predecessor-version":[{"id":4817,"href":"https:\/\/hubertpietka.bialystok.pl\/index.php?rest_route=\/wp\/v2\/pages\/4814\/revisions\/4817"}],"wp:attachment":[{"href":"https:\/\/hubertpietka.bialystok.pl\/index.php?rest_route=%2Fwp%2Fv2%2Fmedia&parent=4814"}],"curies":[{"name":"wp","href":"https:\/\/api.w.org\/{rel}","templated":true}]}}