{"id":4820,"date":"2021-11-13T21:24:11","date_gmt":"2021-11-13T21:24:11","guid":{"rendered":"http:\/\/hubertpietka.bialystok.pl\/?page_id=4820"},"modified":"2021-11-13T21:24:11","modified_gmt":"2021-11-13T21:24:11","slug":"szczupak-i-piranie-a-dwie-rybki-male","status":"publish","type":"page","link":"https:\/\/hubertpietka.bialystok.pl\/?page_id=4820","title":{"rendered":"Szczupak i piranie \/ a dwie rybki ma\u0142e"},"content":{"rendered":"<p><em><strong>Szczupak i piranie \/ a dwie rybki ma\u0142e<\/strong><\/em><\/p>\n<p><strong>1.<\/strong><br \/>\nPan na modlitwie da\u0142 mi obraz<br \/>\nA mo\u017ce lepiej powiedzie\u0107 wizj\u0119<br \/>\n(Niekt\u00f3rzy tak lubi\u0105 niecodzienn\u0105 niezwyk\u0142o\u015b\u0107)<br \/>\nA mianowicie<\/p>\n<p>Ma\u0142e akwarium wewn\u0105trz wi\u0119kszego<br \/>\nW tym ma\u0142ym akwarium<br \/>\nDwie rybki ma\u0142e<br \/>\nA wok\u00f3\u0142 nich p\u0142ywa szczupak<br \/>\nGotowy ich po\u017cre\u0107<br \/>\nA w tym wi\u0119kszym akwarium<br \/>\nPoza tym ma\u0142ym<br \/>\nP\u0142ywaj\u0105 piranie<br \/>\nI czekaj\u0105 a\u017c rozpadnie si\u0119 to ma\u0142e akwarium<\/p>\n<p>A druga ods\u0142ona by\u0142a odpowiednia<br \/>\nNagle temu szczupakowi<br \/>\nNa ogonie wyros\u0142o \u017cmije \u017c\u0105d\u0142o<br \/>\nI o dziwo szczupak nie m\u00f3g\u0142 zapanowa\u0107 nad nim<br \/>\nTak \u017ce go samego uk\u0142u\u0142o<br \/>\nA piranie w tym akwarium wi\u0119kszym poza ma\u0142ym<br \/>\nRzuci\u0142y si\u0119 na siebie nagle<br \/>\nBy si\u0119 nawzajem pozjada\u0107<\/p>\n<p><strong>2.<\/strong><br \/>\nMistrzostwo \u015bwiata o Panie<br \/>\nJak oni to rozegrali<br \/>\nNie brudz\u0105c r\u0105k sobie bezpo\u015brednio<br \/>\nNapuszczaj\u0105 na nas lokaln\u0105 spo\u0142eczno\u015b\u0107 najbli\u017csze s\u0105siedztwo<br \/>\nMistrzostwo \u015bwiata szata\u0144skie i\u015bcie<\/p>\n<p>To teraz Panie<br \/>\nNa kt\u00f3r\u0105 znowu jest przewidziany<br \/>\nSplot okoliczno\u015bci odpowiednich spo\u0142eczno\u015bci lokalnej<br \/>\nBli\u017cszej czy dalszej<br \/>\nS\u0142u\u017c\u0105cych a jak\u017ce mnie pojmaniu<\/p>\n<p><strong>3.<\/strong><br \/>\nA niekt\u00f3rzy Panie Bo\u017ce maj\u0105 takie zdrowie<br \/>\n\u017be tylko pozazdro\u015bci\u0107 m\u00f3wi\u0105c przeno\u015bnie<br \/>\nW domu si\u0119 w nocy nie pali i to w po\u0142owie listopada<br \/>\nA ci jeszcze lubi\u0105 si\u0119 na dworze wietrzy\u0107<br \/>\nNo pi\u0119knie<\/p>\n<p><a href=\"http:\/\/hubertpietka.bialystok.pl\/wp-content\/uploads\/2021\/11\/IMG_20211113_221105.jpg\"><img loading=\"lazy\" decoding=\"async\" class=\"alignnone size-thumbnail wp-image-4821\" src=\"http:\/\/hubertpietka.bialystok.pl\/wp-content\/uploads\/2021\/11\/IMG_20211113_221105-150x150.jpg\" alt=\"\" width=\"150\" height=\"150\" srcset=\"https:\/\/hubertpietka.bialystok.pl\/wp-content\/uploads\/2021\/11\/IMG_20211113_221105-150x150.jpg 150w, https:\/\/hubertpietka.bialystok.pl\/wp-content\/uploads\/2021\/11\/IMG_20211113_221105-75x75.jpg 75w\" sizes=\"auto, (max-width: 150px) 100vw, 150px\" \/><\/a><\/p>\n<p><em>Na zdj. Listopadowy zach\u00f3d s\u0142o\u0144ca<\/em><br \/>\n<em> Na Bia\u0142oborzu \u015bwietlana r\u00f3wnia pochy\u0142a<\/em><br \/>\n<em> Z dnia 11 listopada ta zorza<\/em><br \/>\n<em> Jako\u015b bia\u0142o mi Bo\u017ce<\/em><\/p>\n<p><strong>Jutro Dzie\u0144 Solidarno\u015bci<\/strong><br \/>\n<strong> Z Prze\u015bladowanymi Chrze\u015bcijanami<\/strong><br \/>\n<strong> A co z nami<\/strong><\/p>\n","protected":false},"excerpt":{"rendered":"<p>Szczupak i piranie \/ a dwie rybki ma\u0142e 1. Pan na modlitwie da\u0142 mi obraz A mo\u017ce lepiej powiedzie\u0107 wizj\u0119 (Niekt\u00f3rzy tak lubi\u0105 niecodzienn\u0105 niezwyk\u0142o\u015b\u0107)&hellip; <\/p>\n","protected":false},"author":1,"featured_media":0,"parent":0,"menu_order":0,"comment_status":"closed","ping_status":"closed","template":"","meta":{"footnotes":""},"class_list":["post-4820","page","type-page","status-publish","hentry"],"_links":{"self":[{"href":"https:\/\/hubertpietka.bialystok.pl\/index.php?rest_route=\/wp\/v2\/pages\/4820","targetHints":{"allow":["GET"]}}],"collection":[{"href":"https:\/\/hubertpietka.bialystok.pl\/index.php?rest_route=\/wp\/v2\/pages"}],"about":[{"href":"https:\/\/hubertpietka.bialystok.pl\/index.php?rest_route=\/wp\/v2\/types\/page"}],"author":[{"embeddable":true,"href":"https:\/\/hubertpietka.bialystok.pl\/index.php?rest_route=\/wp\/v2\/users\/1"}],"replies":[{"embeddable":true,"href":"https:\/\/hubertpietka.bialystok.pl\/index.php?rest_route=%2Fwp%2Fv2%2Fcomments&post=4820"}],"version-history":[{"count":1,"href":"https:\/\/hubertpietka.bialystok.pl\/index.php?rest_route=\/wp\/v2\/pages\/4820\/revisions"}],"predecessor-version":[{"id":4822,"href":"https:\/\/hubertpietka.bialystok.pl\/index.php?rest_route=\/wp\/v2\/pages\/4820\/revisions\/4822"}],"wp:attachment":[{"href":"https:\/\/hubertpietka.bialystok.pl\/index.php?rest_route=%2Fwp%2Fv2%2Fmedia&parent=4820"}],"curies":[{"name":"wp","href":"https:\/\/api.w.org\/{rel}","templated":true}]}}