{"id":4834,"date":"2021-11-18T23:51:00","date_gmt":"2021-11-18T23:51:00","guid":{"rendered":"http:\/\/hubertpietka.bialystok.pl\/?page_id=4834"},"modified":"2021-11-18T23:57:15","modified_gmt":"2021-11-18T23:57:15","slug":"zony-wizualizacja-nowa","status":"publish","type":"page","link":"https:\/\/hubertpietka.bialystok.pl\/?page_id=4834","title":{"rendered":"Wizualizacja nowa \/ \u017cony"},"content":{"rendered":"<p><em><strong>Wizualizacja nowa \/ \u017cony<\/strong><\/em><\/p>\n<p>Wiem \u017ce jestem niepoprawny<br \/>\nPanie m\u00f3j kochany Bo\u017ce<br \/>\nBo zapewne powinienem grzecznie<br \/>\nZgodzi\u0107 si\u0119 na \u015bmier\u0107 osoby mi najbli\u017cszej<br \/>\nI najlepiej zapewne by ona<br \/>\nSkona\u0142a w obecno\u015bci mojej<br \/>\nAle to jest \u015bmier\u0107<br \/>\nKt\u00f3ra ma by\u0107 jej przydana<br \/>\nWi\u0119c nigdy si\u0119 na to nie zgodz\u0119<br \/>\nI na pewno odpowiednio zareaguj\u0119<br \/>\nPodobnie z pojmaniem moim<\/p>\n<p>A tymczasem mi\u0142a moja<br \/>\nMa fryzur\u0119 now\u0105<br \/>\nI do tego bardzo twarzow\u0105<br \/>\nMa serce dobre<br \/>\nZnam je chyba najlepiej<br \/>\nAle ciesz\u0119 si\u0119 te\u017c<br \/>\n\u017be w swym wyrazie nowym<br \/>\nCzuje si\u0119 dobrze<br \/>\nI wygl\u0105da te\u017c \u015bwietnie<br \/>\nNawet je\u015bli mnie co\u015b dra\u017cni czasem<br \/>\nNatury innej<\/p>\n<p>I dalej<br \/>\nJe\u015bli kto\u015b mi\u0142o\u015b\u0107 zniszczy<br \/>\nTego zniszczy B\u00f3g<br \/>\nNie wa\u017cne zleceniodawc\u0119 czy wykonawc\u0119<br \/>\nI jakkolwiek to uczyni<br \/>\nPrzez \u015bmier\u0107 pojmanie<br \/>\nStrony jednej czy drugiej<br \/>\nCzy\u017c to nie jest o Panie dalej<br \/>\nI tu aktualne jak najbardziej<br \/>\nTakie zamiary<\/p>\n<p>A p\u00f3ki co<br \/>\nDzi\u0119kuj\u0119 Ci Panie za ka\u017cde jakiekolwiek dobro<br \/>\nKt\u00f3re otrzymujemy od innych<br \/>\nI za now\u0105 fryzur\u0119 twarzow\u0105 mojej \u017cony<br \/>\nKt\u00f3ra uwypukla charakter jej serca<\/p>\n<p><strong>Dzi\u015b b\u0142. Karoliny by\u0142o<\/strong><br \/>\n<strong> Patronki czystej mi\u0142o\u015bci<\/strong><br \/>\n<strong> Mo\u017cna i trzeba w takiej nie tylko trwa\u0107<\/strong><br \/>\n<strong> Ale i o ni\u0105 walczy\u0107<\/strong><br \/>\n<strong> Nawet je\u015bli to nie jest droga do\u015b\u0107 \u0142atwa<\/strong><\/p>\n<p><strong><a href=\"http:\/\/hubertpietka.bialystok.pl\/wp-content\/uploads\/2021\/11\/IMG_20211119_003545.jpg\"><img loading=\"lazy\" decoding=\"async\" class=\"alignnone size-thumbnail wp-image-4835\" src=\"http:\/\/hubertpietka.bialystok.pl\/wp-content\/uploads\/2021\/11\/IMG_20211119_003545-150x150.jpg\" alt=\"\" width=\"150\" height=\"150\" srcset=\"https:\/\/hubertpietka.bialystok.pl\/wp-content\/uploads\/2021\/11\/IMG_20211119_003545-150x150.jpg 150w, https:\/\/hubertpietka.bialystok.pl\/wp-content\/uploads\/2021\/11\/IMG_20211119_003545-75x75.jpg 75w\" sizes=\"auto, (max-width: 150px) 100vw, 150px\" \/><\/a><\/strong><\/p>\n<p><em>Na zdj. \u015aw. Franciszek w ko\u015bciele \u015bw. Cyryla i Metodego<\/em><br \/>\n<em> *Haj-n\u00f3wka*<\/em><br \/>\n<em> *Hi N\u00f3wka* m\u00f3g\u0142bym zawo\u0142a\u0107<\/em><br \/>\n<em> Do mojej \u017cony<\/em><br \/>\n<em> Po tym liftingu jej nowym<\/em><br \/>\n<em> Zawo\u0142a\u0107 rado\u015bnie jak \u015bw. Franciszek<\/em><br \/>\n<em> Na odpowied\u017a w naturze zewn\u0119trznej kszta\u0142tu jej serca<\/em><br \/>\n<em> A \u015bw. Cyryl i Metody patronowie jedno\u015bci<\/em><br \/>\n<em> Niech wspieraj\u0105 i nasz\u0105 jedno\u015b\u0107 ma\u0142\u017ce\u0144sk\u0105 czyst\u0105<\/em><br \/>\n<em> Cho\u0107 nie prost\u0105<\/em><\/p>\n<p style=\"text-align: center;\"><a href=\"https:\/\/youtu.be\/ceQb8D7bUZ0\"><strong><em>Maanam &#8211; Zapatrzenie<\/em><\/strong><\/a><\/p>\n<p style=\"text-align: left;\">Ps. <em>Nie jestem szalony<br \/>\nInteresuje mnie mi\u0142o\u015b\u0107<br \/>\n<\/em>Jak m\u00f3wi\u0142 Jim Morrison<\/p>\n","protected":false},"excerpt":{"rendered":"<p>Wizualizacja nowa \/ \u017cony Wiem \u017ce jestem niepoprawny Panie m\u00f3j kochany Bo\u017ce Bo zapewne powinienem grzecznie Zgodzi\u0107 si\u0119 na \u015bmier\u0107 osoby mi najbli\u017cszej I najlepiej&hellip; <\/p>\n","protected":false},"author":1,"featured_media":0,"parent":0,"menu_order":0,"comment_status":"closed","ping_status":"closed","template":"","meta":{"footnotes":""},"class_list":["post-4834","page","type-page","status-publish","hentry"],"_links":{"self":[{"href":"https:\/\/hubertpietka.bialystok.pl\/index.php?rest_route=\/wp\/v2\/pages\/4834","targetHints":{"allow":["GET"]}}],"collection":[{"href":"https:\/\/hubertpietka.bialystok.pl\/index.php?rest_route=\/wp\/v2\/pages"}],"about":[{"href":"https:\/\/hubertpietka.bialystok.pl\/index.php?rest_route=\/wp\/v2\/types\/page"}],"author":[{"embeddable":true,"href":"https:\/\/hubertpietka.bialystok.pl\/index.php?rest_route=\/wp\/v2\/users\/1"}],"replies":[{"embeddable":true,"href":"https:\/\/hubertpietka.bialystok.pl\/index.php?rest_route=%2Fwp%2Fv2%2Fcomments&post=4834"}],"version-history":[{"count":5,"href":"https:\/\/hubertpietka.bialystok.pl\/index.php?rest_route=\/wp\/v2\/pages\/4834\/revisions"}],"predecessor-version":[{"id":4842,"href":"https:\/\/hubertpietka.bialystok.pl\/index.php?rest_route=\/wp\/v2\/pages\/4834\/revisions\/4842"}],"wp:attachment":[{"href":"https:\/\/hubertpietka.bialystok.pl\/index.php?rest_route=%2Fwp%2Fv2%2Fmedia&parent=4834"}],"curies":[{"name":"wp","href":"https:\/\/api.w.org\/{rel}","templated":true}]}}