{"id":4844,"date":"2021-11-20T10:12:32","date_gmt":"2021-11-20T10:12:32","guid":{"rendered":"http:\/\/hubertpietka.bialystok.pl\/?page_id=4844"},"modified":"2021-11-20T10:18:03","modified_gmt":"2021-11-20T10:18:03","slug":"gra-o-nic-strzezenie-ludzkich-i-bozych-granic","status":"publish","type":"page","link":"https:\/\/hubertpietka.bialystok.pl\/?page_id=4844","title":{"rendered":"*Gra-(o)-nic*? \/ Strze\u017cenie ludzkich i Bo\u017cych *granic*"},"content":{"rendered":"<p><em><strong>*Gra-(o)-nic*? \/ Strze\u017cenie ludzkich i Bo\u017cych *granic*<\/strong><\/em><\/p>\n<p><strong>1.<\/strong><br \/>\nPan da\u0142 mi obraz pewien<br \/>\nKt\u00f3rego nie rozumiem<br \/>\nCiemne postaci<br \/>\nWygl\u0105daj\u0105ce tak jak typy spod ciemnej gwiazdy<br \/>\nChodz\u0105ce od domu do domu<br \/>\nOd mieszkania do mieszkania<br \/>\nI \u015bmier\u0107 zadaj\u0105ce niewinnym ludziom<br \/>\nBogu ducha winnym<br \/>\nBo\u017ce chro\u0144<br \/>\nA po co to<br \/>\nB\u00f3g to wie<\/p>\n<p><strong>2.<\/strong><br \/>\n<em>Dda<\/em><br \/>\nDoros\u0142e dzieci alkoholik\u00f3w maj\u0105 \u017cal<br \/>\nSzczeg\u00f3lnie je\u015bli s\u0105 nara\u017cone dalej<br \/>\nNa toksyczn\u0105 relacj\u0119<br \/>\nDoros\u0142e dzieci zniewolonych domownik\u00f3w<br \/>\nTe\u017c maj\u0105 \u017cal<br \/>\nBo w nich uderza to wci\u0105\u017c i dalej<br \/>\nI doros\u0142e dzieci w\u015br\u00f3d ludzi bez sumienia<br \/>\n\u017bal maj\u0105<br \/>\nBo ich brak nawr\u00f3cenia i<br \/>\nNiech\u0119\u0107 do \u017cycia w prawdzie<br \/>\nBezpo\u015brednio celuje w tych obok nich<br \/>\nBo nie chc\u0105 si\u0119 leczy\u0107<br \/>\nAni fizycznie ani duchowo<br \/>\nBo odrzucaj\u0105 prawa Bo\u017ce<\/p>\n<p><a href=\"http:\/\/hubertpietka.bialystok.pl\/wp-content\/uploads\/2021\/11\/IMG_20211120_104927.jpg\"><img loading=\"lazy\" decoding=\"async\" class=\"alignnone size-thumbnail wp-image-4845\" src=\"http:\/\/hubertpietka.bialystok.pl\/wp-content\/uploads\/2021\/11\/IMG_20211120_104927-150x150.jpg\" alt=\"\" width=\"150\" height=\"150\" srcset=\"https:\/\/hubertpietka.bialystok.pl\/wp-content\/uploads\/2021\/11\/IMG_20211120_104927-150x150.jpg 150w, https:\/\/hubertpietka.bialystok.pl\/wp-content\/uploads\/2021\/11\/IMG_20211120_104927-75x75.jpg 75w\" sizes=\"auto, (max-width: 150px) 100vw, 150px\" \/><\/a><\/p>\n<p><em>Na zdj. Kaplica na bia\u0142ostockim cmentarzu farnym<\/em><br \/>\n<em> Pok\u00f3j wieczny w Panu zmar\u0142ym<\/em><br \/>\n<em> Krzy\u017c w prezbiterium nad tabernakulum jak s\u0142o\u0144ce<\/em><br \/>\n<em> Jezus eucharystyczny roz\u015bwietla niejako krzy\u017c<\/em><br \/>\n<em> On jest ratunkiem i pomoc\u0105<\/em><br \/>\n<em> W cierpieniach tego \u015bwiata<\/em><br \/>\n<em> I tylko On mo\u017ce roz\u015bwietla\u0107 wszelkie ciemno\u015bci<\/em><br \/>\n<em> W\u015br\u00f3d r\u00f3\u017cnych zam\u0119t\u00f3w tego \u015bwiata<\/em><br \/>\n<em> B\u00f3g w sakramentach<\/em><br \/>\n<em> I w prawdzie modlitwa czysta<\/em><\/p>\n<p><strong>Dzi\u015b sobota<\/strong><br \/>\n<strong> Ave Maryja<\/strong><br \/>\n<strong> I dzi\u015b te\u017c wspomnienie \u015bw. Rafa\u0142a *Kali*nowskiego jest<\/strong><br \/>\n<strong> Kali to posta\u0107 z sienkiewiczowskiej <em>W pustyni i w puszczy<\/em><\/strong><br \/>\n<strong> Jak kto\u015b to ok a jak komu\u015b to nie<\/strong><br \/>\n<strong> Nigdy nie mo\u017cna zabija\u0107 braci<\/strong><br \/>\n<strong> Chyba \u017ce w obronie koniecznej<\/strong><br \/>\n<strong> Wszyscy jeste\u015bmy Bo\u017cymi dzie\u0107mi<\/strong><br \/>\n<strong> <em>Wojny nigdy wi\u0119cej<\/em><\/strong><br \/>\n<b>To dotyczy chocia\u017cby sy<\/b><b>tuacji na polskiej granicy<\/b><br \/>\n<strong> Imi\u0119 Rafa\u0142 znaczy <em>B\u00f3g uleczy<\/em><\/strong><br \/>\n<strong> Niech On uzdrawia to wszystko<\/strong><br \/>\n<strong> Co by\u0107 nie powinno<\/strong><br \/>\n<strong> A ludzie niech \u017cyciu s\u0142u\u017c\u0105<\/strong><br \/>\n<strong> W prawdzie Bo\u017cej<\/strong><\/p>\n<p style=\"text-align: center;\"><a href=\"https:\/\/youtu.be\/AnOhpmCS0Fc\"><em><b>Turbo &#8211; Doros\u0142e dzieci<\/b><\/em><\/a><\/p>\n","protected":false},"excerpt":{"rendered":"<p>*Gra-(o)-nic*? \/ Strze\u017cenie ludzkich i Bo\u017cych *granic* 1. Pan da\u0142 mi obraz pewien Kt\u00f3rego nie rozumiem Ciemne postaci Wygl\u0105daj\u0105ce tak jak typy spod ciemnej gwiazdy&hellip; <\/p>\n","protected":false},"author":1,"featured_media":0,"parent":0,"menu_order":0,"comment_status":"closed","ping_status":"closed","template":"","meta":{"footnotes":""},"class_list":["post-4844","page","type-page","status-publish","hentry"],"_links":{"self":[{"href":"https:\/\/hubertpietka.bialystok.pl\/index.php?rest_route=\/wp\/v2\/pages\/4844","targetHints":{"allow":["GET"]}}],"collection":[{"href":"https:\/\/hubertpietka.bialystok.pl\/index.php?rest_route=\/wp\/v2\/pages"}],"about":[{"href":"https:\/\/hubertpietka.bialystok.pl\/index.php?rest_route=\/wp\/v2\/types\/page"}],"author":[{"embeddable":true,"href":"https:\/\/hubertpietka.bialystok.pl\/index.php?rest_route=\/wp\/v2\/users\/1"}],"replies":[{"embeddable":true,"href":"https:\/\/hubertpietka.bialystok.pl\/index.php?rest_route=%2Fwp%2Fv2%2Fcomments&post=4844"}],"version-history":[{"count":3,"href":"https:\/\/hubertpietka.bialystok.pl\/index.php?rest_route=\/wp\/v2\/pages\/4844\/revisions"}],"predecessor-version":[{"id":4849,"href":"https:\/\/hubertpietka.bialystok.pl\/index.php?rest_route=\/wp\/v2\/pages\/4844\/revisions\/4849"}],"wp:attachment":[{"href":"https:\/\/hubertpietka.bialystok.pl\/index.php?rest_route=%2Fwp%2Fv2%2Fmedia&parent=4844"}],"curies":[{"name":"wp","href":"https:\/\/api.w.org\/{rel}","templated":true}]}}