{"id":4862,"date":"2021-11-24T07:12:06","date_gmt":"2021-11-24T07:12:06","guid":{"rendered":"http:\/\/hubertpietka.bialystok.pl\/?page_id=4862"},"modified":"2021-11-24T07:17:44","modified_gmt":"2021-11-24T07:17:44","slug":"re-znowu-na-nowo","status":"publish","type":"page","link":"https:\/\/hubertpietka.bialystok.pl\/?page_id=4862","title":{"rendered":"Re &#8211; znowu \/ na nowo"},"content":{"rendered":"<p><strong><em>Re &#8211;<\/em>\u00a0znowu \/ na nowo<\/strong><\/p>\n<p><strong>Dzi\u015b \u015bw. Andrzeja Dung Lac<\/strong><br \/>\n<strong> I innych m\u0119czennik\u00f3w z *Wie-t-nam-u*<\/strong><\/p>\n<p><strong>1.<\/strong> Dung to podobno w wietnamskim <em>\u0142ajno<\/em> znaczy<br \/>\nTak goni\u0105 oni za czym<br \/>\nI kto jest bardziej szalony<br \/>\nCi kt\u00f3rzy si\u0119 zasadzaj\u0105 na tym n\u0119dzarzu<br \/>\nW pewnym sensie znacz\u0105cym tyle co \u0142ajno<br \/>\nI jakiekolwiek by by\u0142y jego zachowania<br \/>\nWed\u0142ug nich nieodpowiednie<br \/>\nTo przecie\u017c nie pope\u0142ni\u0142 on zbrodni \u017cadnej<br \/>\nCzy ci kt\u00f3rzy bez lito\u015bci<br \/>\n\u015acigaj\u0105 go w niemal ka\u017cdej sytuacji<\/p>\n<p><strong>2.<\/strong> A i tu zapewne<br \/>\nZnajdzie si\u0119 predyspozycja odpowiednia<br \/>\nBy wyj\u015b\u0107 na przeciw<br \/>\nPojmania mnie ich ch\u0119ci<\/p>\n<p><strong>3.<\/strong> Czy\u017c nies\u0142usznie Panie Bo\u017ce<br \/>\nIm w niczym nie wierz\u0119<br \/>\nS\u0105 tacy ludzie kt\u00f3rym<br \/>\nNie wierz\u0119 w s\u0142owo \u017cadne<br \/>\nS\u0105 tacy ludzie<br \/>\nI bli\u017cej i dalej<br \/>\nBo niestety nie mo\u017cna<br \/>\nZ ob\u0142ud\u0105 dyskutowa\u0107<br \/>\nBo ona zamyka dialog<br \/>\nNie szuka prawdy<br \/>\nLecz realizacji swych cel\u00f3w<br \/>\nBez wzgl\u0119du na wszystko<br \/>\nA cz\u0142owiek jest dla niej<br \/>\nTylko przedmiotem<br \/>\nZ kt\u00f3rym rozprawi\u0107 si\u0119 trzeba<br \/>\nJe\u015bli stoi on na drodze<br \/>\nJej przeciwnej<\/p>\n<p><strong>*Wie Ta i nam* pomo\u017ce<\/strong><br \/>\n<strong> Wie B\u00f3g i Maryja<\/strong><br \/>\n<strong> O tym wszystkim<\/strong><\/p>\n<p><strong><a href=\"http:\/\/hubertpietka.bialystok.pl\/wp-content\/uploads\/2021\/11\/IMG_20211124_075610.jpg\"><img loading=\"lazy\" decoding=\"async\" class=\"alignnone size-thumbnail wp-image-4863\" src=\"http:\/\/hubertpietka.bialystok.pl\/wp-content\/uploads\/2021\/11\/IMG_20211124_075610-150x150.jpg\" alt=\"\" width=\"150\" height=\"150\" srcset=\"https:\/\/hubertpietka.bialystok.pl\/wp-content\/uploads\/2021\/11\/IMG_20211124_075610-150x150.jpg 150w, https:\/\/hubertpietka.bialystok.pl\/wp-content\/uploads\/2021\/11\/IMG_20211124_075610-75x75.jpg 75w\" sizes=\"auto, (max-width: 150px) 100vw, 150px\" \/><\/a><\/strong><\/p>\n<p><em>Na zdj. Matka Bo\u017ca R\u00f3\u017ca\u0144cowa z Dzieci\u0105tkiem<\/em><br \/>\n<em> W *Ra-domiu*<\/em><br \/>\n<em> *Re w domu* i znowu<\/em><br \/>\n<em> Ta sama makabryczna zabawa<\/em><br \/>\n<em> Ale i tu nie tylko<\/em><br \/>\n<em> Przecie\u017c oni s\u0105 wsz\u0119dzie<\/em><br \/>\n<em> I zawsze si\u0119 znajdzie<\/em><br \/>\n<em> Kto\u015b kto im b\u0119dzie chcia\u0142 us\u0142u\u017cy\u0107 odpowiednio<\/em><br \/>\n<em> Za profity jakie\u015b<\/em><\/p>\n<p><strong>Dzisiaj te\u017c podobno \u015bw. *Balsam-ona*<\/strong><br \/>\n<strong> *Balsamem ona*<\/strong><br \/>\n<strong> Maryja Niepokalana<\/strong><\/p>\n<p style=\"text-align: center;\"><a href=\"https:\/\/youtu.be\/bq6CzGQv2ZA\"><em><strong>Razem z Maryj\u0105 \/ \u015bpiew i fortepian &#8211; M. Grabowski<\/strong><\/em><\/a><\/p>\n","protected":false},"excerpt":{"rendered":"<p>Re &#8211;\u00a0znowu \/ na nowo Dzi\u015b \u015bw. Andrzeja Dung Lac I innych m\u0119czennik\u00f3w z *Wie-t-nam-u* 1. Dung to podobno w wietnamskim \u0142ajno znaczy Tak goni\u0105&hellip; <\/p>\n","protected":false},"author":1,"featured_media":0,"parent":0,"menu_order":0,"comment_status":"closed","ping_status":"closed","template":"","meta":{"footnotes":""},"class_list":["post-4862","page","type-page","status-publish","hentry"],"_links":{"self":[{"href":"https:\/\/hubertpietka.bialystok.pl\/index.php?rest_route=\/wp\/v2\/pages\/4862","targetHints":{"allow":["GET"]}}],"collection":[{"href":"https:\/\/hubertpietka.bialystok.pl\/index.php?rest_route=\/wp\/v2\/pages"}],"about":[{"href":"https:\/\/hubertpietka.bialystok.pl\/index.php?rest_route=\/wp\/v2\/types\/page"}],"author":[{"embeddable":true,"href":"https:\/\/hubertpietka.bialystok.pl\/index.php?rest_route=\/wp\/v2\/users\/1"}],"replies":[{"embeddable":true,"href":"https:\/\/hubertpietka.bialystok.pl\/index.php?rest_route=%2Fwp%2Fv2%2Fcomments&post=4862"}],"version-history":[{"count":3,"href":"https:\/\/hubertpietka.bialystok.pl\/index.php?rest_route=\/wp\/v2\/pages\/4862\/revisions"}],"predecessor-version":[{"id":4868,"href":"https:\/\/hubertpietka.bialystok.pl\/index.php?rest_route=\/wp\/v2\/pages\/4862\/revisions\/4868"}],"wp:attachment":[{"href":"https:\/\/hubertpietka.bialystok.pl\/index.php?rest_route=%2Fwp%2Fv2%2Fmedia&parent=4862"}],"curies":[{"name":"wp","href":"https:\/\/api.w.org\/{rel}","templated":true}]}}