{"id":4884,"date":"2021-11-25T19:48:08","date_gmt":"2021-11-25T19:48:08","guid":{"rendered":"http:\/\/hubertpietka.bialystok.pl\/?page_id=4884"},"modified":"2021-11-25T19:48:08","modified_gmt":"2021-11-25T19:48:08","slug":"wspolpraca-i-koherentnosc-malzenstwo","status":"publish","type":"page","link":"https:\/\/hubertpietka.bialystok.pl\/?page_id=4884","title":{"rendered":"Wsp\u00f3\u0142praca i koherentno\u015b\u0107 \/ ma\u0142\u017ce\u0144stwo"},"content":{"rendered":"<p><em><strong>Wsp\u00f3\u0142praca i koherentno\u015b\u0107 \/ ma\u0142\u017ce\u0144stwo<\/strong><\/em><\/p>\n<p><strong>1.<\/strong><br \/>\nDzisiaj u\u015bwiadomi\u0142em sobie<br \/>\n\u017be mam \u015bwi\u0119t\u0105 \u017con\u0119<br \/>\n(Dobrze \u017ce ona tego raczej nie czyta<br \/>\nBo na pewno nie zgodzi\u0142aby si\u0119 z tym<br \/>\nAle tak to ju\u017c jest<br \/>\n\u017be \u015bwi\u0119te osoby<br \/>\nMaj\u0105 du\u017ce poczucie w\u0142asnej grzeszno\u015bci)<\/p>\n<p>Chyba nikt tak jak ona<br \/>\nNie umia\u0142by zrezygnowa\u0107 z siebie<br \/>\nDla kogo\u015b innego<br \/>\nI to w ca\u0142ej pe\u0142ni<br \/>\nA nawet kosztem siebie<br \/>\nKocham j\u0105 bardzo<br \/>\nAle nie tylko dlatego<br \/>\nTak\u017ce za to<br \/>\n\u017be w tym wszystkim<br \/>\nStara si\u0119 by\u0107 sob\u0105<br \/>\nB\u00f3g j\u0105 do tego predysponowa\u0142<br \/>\nNiech j\u0105 prowadzi w \u0142asce<\/p>\n<p><strong>Dzi\u015b b\u0142. Ma\u0142\u017ce\u0144stwa &#8222;Quattro*cchi<\/strong><br \/>\n<strong> Quattro 4 znaczy<\/strong><br \/>\n<strong> A w popularnej marce samochod\u00f3w<\/strong><br \/>\n<strong> To na cztery ko\u0142a nap\u0119d<\/strong><br \/>\n<strong> Tak jest w ma\u0142\u017ce\u0144stwie<\/strong><br \/>\n<strong> Jak z tym nap\u0119dem<\/strong><br \/>\n<strong> Docenia si\u0119 go dopiero<\/strong><br \/>\n<strong> W trudnych warunkach<\/strong><br \/>\n<strong> Na drogach nieutwardzonych i surowych<\/strong><br \/>\n<strong> Podobnie z ma\u0142\u017ce\u0144stwem<\/strong><br \/>\n<strong> Jego warto\u015b\u0107 si\u0119 poznaje<\/strong><br \/>\n<strong> Po wsp\u00f3\u0142pracy w trudnym czasie<\/strong><\/p>\n<p>Z ma\u0142\u017ce\u0144stwem jest te\u017c<br \/>\nJak z graniem na fortepianie<br \/>\nNa cztery r\u0119ce<br \/>\nPotrzebne s\u0105 obustronne umiej\u0119tno\u015bci<br \/>\nSynchronizacja i wzajemne wyczucie<br \/>\nWtedy mo\u017cna zagra\u0107 pi\u0119knie<br \/>\nI co\u015b sobie zanuci\u0107 te\u017c razem \ud83d\ude42<\/p>\n<p><strong>2.<\/strong><br \/>\nCzy predyspozycja do z\u0142a<br \/>\nKt\u00f3re ma kogo\u015b spotka\u0107<br \/>\nNie jest z\u0142\u0105 intencj\u0105<br \/>\nA z tym wsp\u00f3\u0142praca<br \/>\nCzy\u017c nie jest z\u0142\u0105 wol\u0105<br \/>\nA jednocze\u015bnie tak post\u0119puj\u0105cy<br \/>\nCzy\u017c nie staj\u0105 si\u0119 te\u017c z\u0142a ofiar\u0105<br \/>\nBo w ten niestety spos\u00f3b<br \/>\nOtwieraj\u0105 si\u0119 na z\u0142o<br \/>\nTaka ma\u0142a refleksja egzystencjalna<\/p>\n<p>W ka\u017cdym b\u0105d\u017a razie<br \/>\nW domu naszym<br \/>\nJest predyspozycja<br \/>\nPe\u0142na odpowiednia i jedynie sluszna<br \/>\nBy mo\u017cna by\u0142o zrobi\u0107 ze mn\u0105 porz\u0105dek<br \/>\nZreszt\u0105 nie tylko tutaj<br \/>\nCzy to jest dobre czy te\u017c z\u0142e<br \/>\nB\u00f3g to wie<\/p>\n<p><strong>Dzisiaj te\u017c wspominana jest<\/strong><br \/>\n<strong> Franciszki *Siedliska* b\u0142ogos\u0142awiona<\/strong><br \/>\n<strong> B\u00f3g powiedzia\u0142 do mnie<\/strong><br \/>\n<em><strong> Trzymaj si\u0119 mocno<\/strong><\/em><br \/>\n<em><strong> By ci\u0119 nie wysadzono<\/strong><\/em><br \/>\n<em><strong> Z sio\u0142a tego<\/strong><\/em><br \/>\n<strong> I tego si\u0119 trzymam stale<\/strong><br \/>\n<strong> Ufaj\u0105c Jego \u0142asce<\/strong><\/p>\n<p><strong><a href=\"http:\/\/hubertpietka.bialystok.pl\/wp-content\/uploads\/2021\/11\/IMG_20211125_1909277303.jpg\"><img loading=\"lazy\" decoding=\"async\" class=\"alignnone size-thumbnail wp-image-4885\" src=\"http:\/\/hubertpietka.bialystok.pl\/wp-content\/uploads\/2021\/11\/IMG_20211125_1909277303-150x150.jpg\" alt=\"\" width=\"150\" height=\"150\" srcset=\"https:\/\/hubertpietka.bialystok.pl\/wp-content\/uploads\/2021\/11\/IMG_20211125_1909277303-150x150.jpg 150w, https:\/\/hubertpietka.bialystok.pl\/wp-content\/uploads\/2021\/11\/IMG_20211125_1909277303-75x75.jpg 75w\" sizes=\"auto, (max-width: 150px) 100vw, 150px\" \/><\/a><\/strong><\/p>\n<p><strong>Na zdj. Scena kt\u00f3ra sta\u0142a si\u0119 dla mnie pewn\u0105 inspiracj\u0105<\/strong><br \/>\n<strong> Wzi\u0119ta z gazety <em>Misjonarz<\/em> 5\/2021 str. 11<\/strong><br \/>\n<strong> W kt\u00f3rej Jezus uzdrawia<\/strong><br \/>\n<strong> Podobnie jest w ma\u0142\u017ce\u0144stwie<\/strong><br \/>\n<strong> Jedno czuwa nad drugim<\/strong><br \/>\n<strong> Kiedy pojawiaj\u0105 si\u0119 trudno\u015bci<\/strong><br \/>\n<strong> By si\u0119 nawzajem podnosi\u0107<\/strong><\/p>\n<p>Wczoraj te\u017c powiedzia\u0142 mi Pan<br \/>\n<em>Ufaj synu<\/em><br \/>\n<em> Jeszcze rozraduj\u0105 si\u0119 serca wasze<\/em><br \/>\nI wiem \u017ce tak b\u0119dzie<br \/>\nMimo \u017ce ca\u0142a sytuacja<br \/>\nMo\u017ce nie wygl\u0105da zbyt optymistycznie<\/p>\n<p style=\"text-align: center;\"><a href=\"https:\/\/youtu.be\/2kizU5LgXgg\"><em><strong>Grzegorz Tomczak &#8211; Niebieska piosenka<\/strong><\/em><\/a><\/p>\n","protected":false},"excerpt":{"rendered":"<p>Wsp\u00f3\u0142praca i koherentno\u015b\u0107 \/ ma\u0142\u017ce\u0144stwo 1. Dzisiaj u\u015bwiadomi\u0142em sobie \u017be mam \u015bwi\u0119t\u0105 \u017con\u0119 (Dobrze \u017ce ona tego raczej nie czyta Bo na pewno nie zgodzi\u0142aby&hellip; <\/p>\n","protected":false},"author":1,"featured_media":0,"parent":0,"menu_order":0,"comment_status":"closed","ping_status":"closed","template":"","meta":{"footnotes":""},"class_list":["post-4884","page","type-page","status-publish","hentry"],"_links":{"self":[{"href":"https:\/\/hubertpietka.bialystok.pl\/index.php?rest_route=\/wp\/v2\/pages\/4884","targetHints":{"allow":["GET"]}}],"collection":[{"href":"https:\/\/hubertpietka.bialystok.pl\/index.php?rest_route=\/wp\/v2\/pages"}],"about":[{"href":"https:\/\/hubertpietka.bialystok.pl\/index.php?rest_route=\/wp\/v2\/types\/page"}],"author":[{"embeddable":true,"href":"https:\/\/hubertpietka.bialystok.pl\/index.php?rest_route=\/wp\/v2\/users\/1"}],"replies":[{"embeddable":true,"href":"https:\/\/hubertpietka.bialystok.pl\/index.php?rest_route=%2Fwp%2Fv2%2Fcomments&post=4884"}],"version-history":[{"count":1,"href":"https:\/\/hubertpietka.bialystok.pl\/index.php?rest_route=\/wp\/v2\/pages\/4884\/revisions"}],"predecessor-version":[{"id":4886,"href":"https:\/\/hubertpietka.bialystok.pl\/index.php?rest_route=\/wp\/v2\/pages\/4884\/revisions\/4886"}],"wp:attachment":[{"href":"https:\/\/hubertpietka.bialystok.pl\/index.php?rest_route=%2Fwp%2Fv2%2Fmedia&parent=4884"}],"curies":[{"name":"wp","href":"https:\/\/api.w.org\/{rel}","templated":true}]}}