{"id":4892,"date":"2021-11-27T23:20:58","date_gmt":"2021-11-27T23:20:58","guid":{"rendered":"http:\/\/hubertpietka.bialystok.pl\/?page_id=4892"},"modified":"2021-11-27T23:20:58","modified_gmt":"2021-11-27T23:20:58","slug":"akcja-prowokacja","status":"publish","type":"page","link":"https:\/\/hubertpietka.bialystok.pl\/?page_id=4892","title":{"rendered":"Akcja \/ prowokacja"},"content":{"rendered":"<p><em><strong>Akcja \/ prowokacja<\/strong><\/em><\/p>\n<p>To kiedy\u017c ma nast\u0105pi\u0107<br \/>\nTa odpowiednia prowokacja<br \/>\nKt\u00f3ra bezwzgl\u0119dnie wyka\u017ce<br \/>\nJak nieludzko jest traktowana<br \/>\nPrzez nas pewna osoba<\/p>\n<p>I trzeba b\u0119dzie<br \/>\nWyci\u0105gn\u0105\u0107 z tego konsekwencje odpowiednie<br \/>\nPrzyda si\u0119 te\u017c zapewne<br \/>\nS\u0105siedzka samopoc<br \/>\nNiczym PRL-u przeb\u0142ysk<\/p>\n<p>I wtedy<br \/>\n(Jak ju\u017c b\u0119dzie pojmany<br \/>\nI tam gdzie trzeba umieszczony)<br \/>\nOka\u017c\u0105 si\u0119 zaniedbania karygodne<br \/>\nW obs\u0142udze maszyn prowadzeniu domu<\/p>\n<p>I oczywi\u015bcie<br \/>\nW \u015bmieci segregacji<br \/>\nA to zbrodnia straszna<br \/>\nI wreszcie w opiece<br \/>\nNad inwentarzem \u017cywym<\/p>\n<p>I jeszcze nad kim\u015b<br \/>\nKomu nic z\u0142ego nie zrobili\u015bmy<br \/>\nAle tworzy si\u0119 alternatywn\u0105 rzeczywisto\u015b\u0107<br \/>\nK\u0142amstwa mno\u017cy<br \/>\nBy nam zaszkodzi\u0107<\/p>\n<p><a href=\"http:\/\/hubertpietka.bialystok.pl\/wp-content\/uploads\/2021\/11\/IMG_20211127_234239.jpg\"><img loading=\"lazy\" decoding=\"async\" class=\"alignnone size-thumbnail wp-image-4893\" src=\"http:\/\/hubertpietka.bialystok.pl\/wp-content\/uploads\/2021\/11\/IMG_20211127_234239-150x150.jpg\" alt=\"\" width=\"150\" height=\"150\" srcset=\"https:\/\/hubertpietka.bialystok.pl\/wp-content\/uploads\/2021\/11\/IMG_20211127_234239-150x150.jpg 150w, https:\/\/hubertpietka.bialystok.pl\/wp-content\/uploads\/2021\/11\/IMG_20211127_234239-75x75.jpg 75w\" sizes=\"auto, (max-width: 150px) 100vw, 150px\" \/><\/a><\/p>\n<p><em>Na zdj. B\u0142. Marianna Biernacka<\/em><br \/>\n<em> W pacanowskim sanktuarium<\/em><br \/>\n<em> Patronka te\u015bciowych<\/em><br \/>\n<em> Kt\u00f3ra wskazuje drog\u0119<\/em><br \/>\n<em> Na czym powinny oparte by\u0107 rodzinne relacje<\/em><br \/>\n<em> Na prawdzie<\/em><br \/>\n<em> Nie na k\u0142amstwie<\/em><\/p>\n<p><strong>Dzi\u015b sobota Maryjny dzie\u0144<\/strong><br \/>\n<strong> W Tobie mamy Maryjo Matk\u0119<\/strong><br \/>\n<strong> Jezu ufam Tobie<\/strong><\/p>\n<p style=\"text-align: center;\"><a href=\"https:\/\/youtu.be\/KMWmHndjSrQ\"><em><strong>Witek Muzyk Ulicy &#8211; Mamo, mamo<\/strong><\/em><\/a><\/p>\n","protected":false},"excerpt":{"rendered":"<p>Akcja \/ prowokacja To kiedy\u017c ma nast\u0105pi\u0107 Ta odpowiednia prowokacja Kt\u00f3ra bezwzgl\u0119dnie wyka\u017ce Jak nieludzko jest traktowana Przez nas pewna osoba I trzeba b\u0119dzie Wyci\u0105gn\u0105\u0107&hellip; <\/p>\n","protected":false},"author":1,"featured_media":0,"parent":0,"menu_order":0,"comment_status":"closed","ping_status":"closed","template":"","meta":{"footnotes":""},"class_list":["post-4892","page","type-page","status-publish","hentry"],"_links":{"self":[{"href":"https:\/\/hubertpietka.bialystok.pl\/index.php?rest_route=\/wp\/v2\/pages\/4892","targetHints":{"allow":["GET"]}}],"collection":[{"href":"https:\/\/hubertpietka.bialystok.pl\/index.php?rest_route=\/wp\/v2\/pages"}],"about":[{"href":"https:\/\/hubertpietka.bialystok.pl\/index.php?rest_route=\/wp\/v2\/types\/page"}],"author":[{"embeddable":true,"href":"https:\/\/hubertpietka.bialystok.pl\/index.php?rest_route=\/wp\/v2\/users\/1"}],"replies":[{"embeddable":true,"href":"https:\/\/hubertpietka.bialystok.pl\/index.php?rest_route=%2Fwp%2Fv2%2Fcomments&post=4892"}],"version-history":[{"count":1,"href":"https:\/\/hubertpietka.bialystok.pl\/index.php?rest_route=\/wp\/v2\/pages\/4892\/revisions"}],"predecessor-version":[{"id":4894,"href":"https:\/\/hubertpietka.bialystok.pl\/index.php?rest_route=\/wp\/v2\/pages\/4892\/revisions\/4894"}],"wp:attachment":[{"href":"https:\/\/hubertpietka.bialystok.pl\/index.php?rest_route=%2Fwp%2Fv2%2Fmedia&parent=4892"}],"curies":[{"name":"wp","href":"https:\/\/api.w.org\/{rel}","templated":true}]}}