{"id":4898,"date":"2021-11-29T20:30:52","date_gmt":"2021-11-29T20:30:52","guid":{"rendered":"http:\/\/hubertpietka.bialystok.pl\/?page_id=4898"},"modified":"2021-11-29T20:32:54","modified_gmt":"2021-11-29T20:32:54","slug":"apokalipsa-i-sad-ostateczny-czy-chrzescijanstwa-zwyciestwo","status":"publish","type":"page","link":"https:\/\/hubertpietka.bialystok.pl\/?page_id=4898","title":{"rendered":"Apokalipsa i S\u0105d Ostateczny \/ czy te\u017c chrze\u015bcija\u0144stwa zwyci\u0119stwo"},"content":{"rendered":"<p><em><strong>Apokalipsa S\u0105d Ostateczny \/ czy te\u017c chrze\u015bcija\u0144stwa zwyci\u0119stwo<\/strong><\/em><\/p>\n<p>On ona mie\u0107<br \/>\n*Ma kar(y) on*<br \/>\n*Ma kar(y) ona*<br \/>\n*Makaron* *makarony*<br \/>\nZa co co za \u221a<\/p>\n<p>M\u00f3wi\u0105 \u017ce jestem szalony<br \/>\nA nawet gorzej<br \/>\nTo tak jak m\u00f3wili Jezusowi<br \/>\nTak\u017ce tylko si\u0119 cieszy\u0107<br \/>\nJestem w dobrym towarzystwie raczej<\/p>\n<p>Czy ja sobie \u017cycie ceni\u0119<br \/>\nNie nadmiernie<br \/>\nBo bynajmniej nie chodzi tu<br \/>\nTylko o mnie<br \/>\nO wszystkich raczej bardziej<\/p>\n<p>W jaki spos\u00f3b<br \/>\nBardzo prosty<br \/>\nI nie ja to wymy\u015bli\u0142em<br \/>\nAlbo ludziom kt\u00f3rzy nowinki g\u0142osz\u0105<br \/>\nAlbo wierzy\u0107 Bogu<\/p>\n<p>Tak naprawd\u0119 to powinno zale\u017ce\u0107<br \/>\nWszystkim nie tylko im<br \/>\nAby nie sta\u0142o si\u0119 co\u015b z\u0142ego ze mn\u0105<br \/>\nJe\u015bli chcecie to spr\u00f3bujcie<br \/>\nCo b\u0119dzie trzy dni po mojej \u015bmierci<\/p>\n<p>Ale odwrotu nie b\u0119dzie wtedy<br \/>\nTak powiedzia\u0142 B\u00f3g do mnie<br \/>\nNie jestem pyszny bynajmniej<br \/>\nAle s\u0142uchajcie innych nauczycieli<br \/>\nPo fakcie si\u0119 przekonacie odpowiednio<\/p>\n<p>Podobnie z moj\u0105 \u017con\u0105<br \/>\nPowinno si\u0119 chucha\u0107 i dmucha\u0107 i na ni\u0105<br \/>\nBo je\u015bli to przekonacie si\u0119<br \/>\nAnalogicznie jak w przypadku powy\u017cszym<br \/>\nA oni stosuj\u0105 dialektyk\u0119 odwrotn\u0105<\/p>\n<p>Znale\u017ali te\u017c wymyk pewien<br \/>\nTrzeba mnie pojma\u0107<br \/>\nI unieszkodliwi\u0107<br \/>\n\u017bebym nie zrobi\u0142 g\u0142upstw \u017cadnych<br \/>\nAle B\u00f3g nie pozwoli z Siebie szydzi\u0107<\/p>\n<p>A tu w domu znajduj\u0105 gotowo\u015b\u0107 ca\u0142kowit\u0105<br \/>\nBy wyj\u015b\u0107 na przeciw ich przebieg\u0142ym zamys\u0142om<br \/>\nTak czy inaczej pojma\u0107 mnie musz\u0105 przecie\u017c<br \/>\nBo si\u0119 nie godzi<br \/>\nBy kto\u015b taki po ziemi spokojnie chodzi\u0142<\/p>\n<p><a href=\"http:\/\/hubertpietka.bialystok.pl\/wp-content\/uploads\/2021\/11\/IMG_20211129_203801.jpg\"><img loading=\"lazy\" decoding=\"async\" class=\"alignnone size-thumbnail wp-image-4900\" src=\"http:\/\/hubertpietka.bialystok.pl\/wp-content\/uploads\/2021\/11\/IMG_20211129_203801-150x150.jpg\" alt=\"\" width=\"150\" height=\"150\" srcset=\"https:\/\/hubertpietka.bialystok.pl\/wp-content\/uploads\/2021\/11\/IMG_20211129_203801-150x150.jpg 150w, https:\/\/hubertpietka.bialystok.pl\/wp-content\/uploads\/2021\/11\/IMG_20211129_203801-75x75.jpg 75w\" sizes=\"auto, (max-width: 150px) 100vw, 150px\" \/><\/a><\/p>\n<p><strong>Na zdj. W kaplicy stopnickich sercen\u00f3w witra\u017c<\/strong><br \/>\n<em><strong> Adveniat Regnum Tuum<\/strong><\/em><br \/>\n<em><strong> Przyjd\u017a Kr\u00f3lestwo Twoje<\/strong><\/em><br \/>\n<strong> Je\u015bli chcecie to Ono przyjdzie<\/strong><br \/>\n<strong> Od was zale\u017cy jednak w jaki spos\u00f3b<\/strong><br \/>\n<b>Apokalipsa S\u0105d Ostateczny je\u015bli chcecie<\/b><br \/>\n<strong>Czy te\u017c bardziej chrze\u015bcija\u0144stwa zwyci\u0119stwo<\/strong><br \/>\n<strong>B\u00f3g tak powiedzia\u0142 do mnie<\/strong><\/p>\n<p><em>Dzi\u015b \u015bw. Saturnina<\/em><br \/>\n<em> Saturn w Uk\u0142adzie S\u0142onecznym<\/em><br \/>\n<em> Jest mi\u0119dzy Jupiterem a Wenus<\/em><br \/>\n<em> Nie wiem kto skaza\u0142 na \u015bmier\u0107 \u017con\u0119 m\u0105<\/em><br \/>\n<em> Ale ja jestem pomi\u0119dzy ni\u0105 a nim<\/em><br \/>\n<em> Saturna otaczaj\u0105 te\u017c pier\u015bcienie<\/em><br \/>\n<em> I \u015bwi\u0119ci i b\u0142ogos\u0142awieni dusze w czy\u015b\u0107cu cierpi\u0105ce<\/em><br \/>\n<em> I inni mo\u017ce<\/em><br \/>\n<em> Dzi\u0119kuj\u0119 wam za wszystko<\/em><br \/>\n<em>Dobrze \u017ce jeste\u015bcie<\/em><\/p>\n<p style=\"text-align: center;\">(\u00a0<a href=\"https:\/\/youtu.be\/helLtVkLXLw\"><strong><em>Maanam &#8211; Lucciola<\/em><\/strong><\/a>\u00a0)<\/p>\n","protected":false},"excerpt":{"rendered":"<p>Apokalipsa S\u0105d Ostateczny \/ czy te\u017c chrze\u015bcija\u0144stwa zwyci\u0119stwo On ona mie\u0107 *Ma kar(y) on* *Ma kar(y) ona* *Makaron* *makarony* Za co co za \u221a M\u00f3wi\u0105&hellip; <\/p>\n","protected":false},"author":1,"featured_media":0,"parent":0,"menu_order":0,"comment_status":"closed","ping_status":"closed","template":"","meta":{"footnotes":""},"class_list":["post-4898","page","type-page","status-publish","hentry"],"_links":{"self":[{"href":"https:\/\/hubertpietka.bialystok.pl\/index.php?rest_route=\/wp\/v2\/pages\/4898","targetHints":{"allow":["GET"]}}],"collection":[{"href":"https:\/\/hubertpietka.bialystok.pl\/index.php?rest_route=\/wp\/v2\/pages"}],"about":[{"href":"https:\/\/hubertpietka.bialystok.pl\/index.php?rest_route=\/wp\/v2\/types\/page"}],"author":[{"embeddable":true,"href":"https:\/\/hubertpietka.bialystok.pl\/index.php?rest_route=\/wp\/v2\/users\/1"}],"replies":[{"embeddable":true,"href":"https:\/\/hubertpietka.bialystok.pl\/index.php?rest_route=%2Fwp%2Fv2%2Fcomments&post=4898"}],"version-history":[{"count":3,"href":"https:\/\/hubertpietka.bialystok.pl\/index.php?rest_route=\/wp\/v2\/pages\/4898\/revisions"}],"predecessor-version":[{"id":4903,"href":"https:\/\/hubertpietka.bialystok.pl\/index.php?rest_route=\/wp\/v2\/pages\/4898\/revisions\/4903"}],"wp:attachment":[{"href":"https:\/\/hubertpietka.bialystok.pl\/index.php?rest_route=%2Fwp%2Fv2%2Fmedia&parent=4898"}],"curies":[{"name":"wp","href":"https:\/\/api.w.org\/{rel}","templated":true}]}}