{"id":490,"date":"2017-07-06T12:59:48","date_gmt":"2017-07-06T12:59:48","guid":{"rendered":"http:\/\/hubertpietka.bialystok.pl\/?page_id=490"},"modified":"2017-08-05T23:16:33","modified_gmt":"2017-08-05T23:16:33","slug":"beatitudes-poemat","status":"publish","type":"page","link":"https:\/\/hubertpietka.bialystok.pl\/?page_id=490","title":{"rendered":"Beatitudes \/poemat\/"},"content":{"rendered":"<p style=\"text-align: left;\"><em><strong>BEATITUDES \/poemat\/<\/strong><\/em><\/p>\n<p>&nbsp;<\/p>\n<p>&nbsp;<\/p>\n<p style=\"text-align: right;\"><strong>\u201eOportet praedicari Evangelium\u201d<\/strong><\/p>\n<p style=\"text-align: right;\"><em>\/Potrzeba, aby Ewangelia by\u0142a g\u0142oszona.\/<\/em><\/p>\n<p style=\"text-align: right;\">&#8211; Motto pos\u0142ugi nowego Arcybiskupa Metropolity Bia\u0142ostockiego Tadeusza Wojdy SAC<\/p>\n<p>&nbsp;<\/p>\n<p>&nbsp;<\/p>\n<p style=\"text-align: center;\"><em><strong>[Mk 13,10] = \u017bytnia 13, 12<\/strong><\/em><\/p>\n<p style=\"text-align: center;\">\/ <em>Na herbie Arcybiskupa Bia\u0142egostoku<\/em><\/p>\n<p style=\"text-align: center;\"><em>widoczne jest Pismo \u015awi\u0119te,<\/em><\/p>\n<p style=\"text-align: center;\"><em>a na nim k\u0142osy zbo\u017ca (\u017cyta?)<\/em> \/<\/p>\n<p>&nbsp;<\/p>\n<p><em><strong>PROLOGUE<\/strong><\/em><\/p>\n<p>&nbsp;<\/p>\n<p>Pos\u0142uchajcie mojej opowie\u015bci<\/p>\n<p>Bogami m\u00f3wi pismo &#8211; jeste\u015bcie<\/p>\n<p>wszystko w tym si\u0119 mie\u015bci<\/p>\n<p>&nbsp;<\/p>\n<p>wystarczy tylko wiernie trwa\u0107<\/p>\n<p>a los sam przeznaczenia swe<\/p>\n<p>zechce wyznacza\u0107<\/p>\n<p>&nbsp;<\/p>\n<p>nie by\u0142em, nie jestem<\/p>\n<p>nikomu nic winien<\/p>\n<p>przebaczy\u0142em wszystko<\/p>\n<p>teraz zmieniam swe imi\u0119<\/p>\n<p>&nbsp;<\/p>\n<p>ju\u017c nie Hubert<\/p>\n<p>lecz Hubal<\/p>\n<p>nie Pi\u0119tka<\/p>\n<p>lecz Pi\u0119taszek<\/p>\n<p>&nbsp;<\/p>\n<p>wykl\u0119ty, bezdomny okr\u0119t<\/p>\n<p>na morzu ludzkich<\/p>\n<p>igraszek<\/p>\n<p>&nbsp;<\/p>\n<p>lecz ja nie sam<\/p>\n<p>a z Bogiem<\/p>\n<p>s\u0105 przyjaciele<\/p>\n<p>dzi\u0119ki wam<\/p>\n<p>mog\u0142em dokona\u0107<\/p>\n<p>tak wiele<\/p>\n<p>&nbsp;<\/p>\n<p><em><strong>I<\/strong><\/em><\/p>\n<p><strong>OSTATNIA WALKA<\/strong><\/p>\n<p>&nbsp;<\/p>\n<p>stoczy\u0142em b\u00f3j ci\u0119\u017cki<\/p>\n<p>b\u00f3j ponad si\u0142y<\/p>\n<p>si\u0119 wypali\u0142em<\/p>\n<p>&nbsp;<\/p>\n<p>szed\u0142em szed\u0142em<\/p>\n<p>bieg\u0142em trwa\u0142em<\/p>\n<p>wytrwa\u0142em<\/p>\n<p>&nbsp;<\/p>\n<p>nie utraci\u0142em nikogo<\/p>\n<p>i niczego z tego<\/p>\n<p>co mi da\u0142e\u015b<\/p>\n<p>&nbsp;<\/p>\n<p>zwyci\u0119stwo m\u0119stwo?<\/p>\n<p>nie pokora droga<\/p>\n<p>przez lasy i pola<\/p>\n<p>&nbsp;<\/p>\n<p>wp\u0142aw i wbr\u00f3d<\/p>\n<p>ucieczka przez noc<\/p>\n<p>nie zaszczeka\u0142 nawet pies<\/p>\n<p>&nbsp;<\/p>\n<p>nie utraci\u0142em<\/p>\n<p>wytrwa\u0142em<\/p>\n<p>wygra\u0142em?<\/p>\n<p>&nbsp;<\/p>\n<p><em><strong>II<\/strong><\/em><\/p>\n<p><strong>PARALELE<\/strong><\/p>\n<p>&nbsp;<\/p>\n<p>niczym Frodo<\/p>\n<p>z W\u0142adcy Pier\u015bcieni<\/p>\n<p>nios\u0142em obr\u0119cz sw\u0105<\/p>\n<p>w czelu\u015b\u0107 przeznaczenia<\/p>\n<p>&nbsp;<\/p>\n<p>niczym wykl\u0119ci<\/p>\n<p>skrywa\u0142em si\u0119<\/p>\n<p>przed wzrokiem z\u0142ym<\/p>\n<p>&nbsp;<\/p>\n<p>SURVIVRE<\/p>\n<p>Hubal<\/p>\n<p>hobbit<\/p>\n<p>hipopotam<\/p>\n<p>&nbsp;<\/p>\n<p>tam i z powrotem<\/p>\n<p>&nbsp;<\/p>\n<p>RESSUCITER<\/p>\n<p>przez Maryj\u0119<\/p>\n<p>&nbsp;<\/p>\n<p>wykl\u0119ty przez ko\u015bci\u00f3\u0142<\/p>\n<p>cho\u0107 w Ko\u015bciele<\/p>\n<p>&nbsp;<\/p>\n<p>przez wszystkich odrzucony<\/p>\n<p>cho\u0107 nikomu nic nie winien<\/p>\n<p>&nbsp;<\/p>\n<p>prze\u015bladowany za wyznawanie<\/p>\n<p>trwanie wolno\u015b\u0107 mi\u0142owanie<\/p>\n<p>&nbsp;<\/p>\n<p>MISERICORDE<\/p>\n<p>mnie obroni<\/p>\n<p>MARIE przytuli<\/p>\n<p>dotknie pocieszy<\/p>\n<p>&nbsp;<\/p>\n<p>ludzie nie wa\u017cni<\/p>\n<p>byle dali spok\u00f3j<\/p>\n<p>pozwolili \u017cy\u0107 doczeka\u0107<\/p>\n<p>Bo\u017cych wyrok\u00f3w<\/p>\n<p>&nbsp;<\/p>\n<p>przetrwa\u0142em przez Maryj\u0119<\/p>\n<p>ta zwyci\u0119\u017ca moc\u0105 modlitwy<\/p>\n<p>nie ludzkiego or\u0119\u017ca<\/p>\n<p>&nbsp;<\/p>\n<p>bardziej trzeba s\u0142ucha\u0107<\/p>\n<p>Boga ni\u017c ludzi<\/p>\n<p>to do nieba droga<\/p>\n<p>&nbsp;<\/p>\n<p><em><strong>III<\/strong><\/em><\/p>\n<p><strong>WALCZY\u0106<\/strong><\/p>\n<p>&nbsp;<\/p>\n<p>walczy\u0107 trzeba zawsze do ko\u0144ca<\/p>\n<p>nie poddawa\u0107 si\u0119 wytrwa\u0107<\/p>\n<p>wbrew logice z\u0142a prosto sta\u0107<\/p>\n<p>trzyma\u0107 si\u0119 na w\u0142asnych nogach<\/p>\n<p>cho\u0107 obola\u0142e, cho\u0107 d\u0142uga droga<\/p>\n<p>&nbsp;<\/p>\n<p>i\u015b\u0107 a\u017c do ko\u0144ca, do resztki tchnienia<\/p>\n<p>zwyci\u0119\u017ca\u0107 moc\u0105 Bo\u017c\u0105, nie swoj\u0105<\/p>\n<p>zaufa\u0107 wytrwa\u0107 wygra\u0107<\/p>\n<p>nawet przegrywaj\u0105c mo\u017cna zwyci\u0119\u017ca\u0107<\/p>\n<p>jak zaj\u0105c lisa, siedz\u0105c pod miedz\u0105<\/p>\n<p>&nbsp;<\/p>\n<p><em><strong>IV<\/strong><\/em><\/p>\n<p><strong>DZI\u0118KUJ\u0118 CI, BO\u017bE<\/strong><\/p>\n<p>&nbsp;<\/p>\n<p>dzi\u0119kuj\u0119 Ci, Bo\u017ce<\/p>\n<p>\u017ce wytrwa\u0142em<\/p>\n<p>\u017ce bieg\u0142em, szed\u0142em<\/p>\n<p>si\u0119 nie poddawa\u0142em<\/p>\n<p>mimo drogi w\u0105skiej i \u015bliskiej<\/p>\n<p>zaufa\u0142em, wi\u0119c ocala\u0142em<\/p>\n<p>&nbsp;<\/p>\n<p>zaufa\u0142em drodze \u015blepej, bolesnej<\/p>\n<p>bagnie polnej \u015bcie\u017cce lasowi<\/p>\n<p>zostawi\u0142em cenne, by nie straci\u0107<\/p>\n<p>wszystkiego \u2013 wbrew losowi<\/p>\n<p>&nbsp;<\/p>\n<p>dzi\u0119kuj\u0119 Ci \u2013 prze\u017cy\u0142em<\/p>\n<p>tak, bo uwierzy\u0142em \u2013 Tobie<\/p>\n<p>nie ludziom, dlatego jutro<\/p>\n<p>zbudz\u0119 si\u0119 z si\u0142ami nowymi<\/p>\n<p>do \u017cycia prostego, ma\u0142ego<\/p>\n<p>do bycia do ko\u0144ca \u2013 najmniejszego<\/p>\n<p>&nbsp;<\/p>\n<p>Amen! w stron\u0119 s\u0142o\u0144ca!<\/p>\n<p>&nbsp;<\/p>\n<p><em><strong>V<\/strong><\/em><\/p>\n<p><strong>DZI\u0118KI CI, MARYJO<\/strong><\/p>\n<p>&nbsp;<\/p>\n<p>dzi\u0119kuj\u0119 Ci, Maryjo<\/p>\n<p>\u017ce by\u0142a\u015b przy mnie<\/p>\n<p>w ka\u017cdej z\u0142ej godzinie<\/p>\n<p>w ka\u017cdej z\u0142ej doli<\/p>\n<p>\u017ce by\u0142a\u015b przy mnie<\/p>\n<p>&nbsp;<\/p>\n<p>za r\u0119k\u0119 mnie trzyma\u0142a\u015b<\/p>\n<p>w d\u0142oni mej \u017cony<\/p>\n<p>poprzez bolesn\u0105<\/p>\n<p>prawdziwych przyjaci\u00f3\u0142 twarz<\/p>\n<p>&nbsp;<\/p>\n<p>dzi\u0119kuj\u0119 Ci, \u017ce wytrwa\u0142em<\/p>\n<p>Ty wygra\u0142a\u015b Zwyci\u0119\u017caj!<\/p>\n<p>Amen!<\/p>\n<p>&nbsp;<\/p>\n<p><em><strong>VI<\/strong><\/em><\/p>\n<p><strong>JAK DOBRZE<\/strong><\/p>\n<p>&nbsp;<\/p>\n<p>jak dobrze skrzyd\u0142a mie\u0107 proste<\/p>\n<p>postaw\u0119 dumn\u0105 oczy wynios\u0142e<\/p>\n<p>na przek\u00f3r wszystkim kanaliom i tch\u00f3rzom<\/p>\n<p>przetrwa\u0107 ka\u017cd\u0105 burz\u0119 i i\u015b\u0107 i\u015b\u0107 i\u015b\u0107<\/p>\n<p>by potem opa\u015b\u0107 jak jesienny li\u015b\u0107<\/p>\n<p>&nbsp;<\/p>\n<p><em><strong>VII<\/strong><\/em><\/p>\n<p><strong>WYTRWA\u0106<\/strong><\/p>\n<p>&nbsp;<\/p>\n<p>wytrwa\u0107<\/p>\n<p>do ko\u0144ca<\/p>\n<p>w strunie s\u0142o\u0144ca<\/p>\n<p>&nbsp;<\/p>\n<p>wbrew<\/p>\n<p>logice cienia<\/p>\n<p>sko\u0144czenia<\/p>\n<p>&nbsp;<\/p>\n<p>istnie\u0107<\/p>\n<p>trwa\u0107<\/p>\n<p>w milczeniu<\/p>\n<p>&nbsp;<\/p>\n<p>wszystko powiedziano<\/p>\n<p>zaufa\u0107 zapomnieniu<\/p>\n<p>&nbsp;<\/p>\n<p><em><strong>VIII<\/strong><\/em><\/p>\n<p><strong>ZAWSZE<\/strong><\/p>\n<p>&nbsp;<\/p>\n<p><strong>zawsze trzeba si\u0119ga\u0107<\/strong><\/p>\n<p><strong>spadaj\u0105cych gwiazd<\/strong><\/p>\n<p>ka\u017cd\u0105 z nich po kolei<\/p>\n<p>do r\u0119ki bra\u0107<\/p>\n<p>i przek\u0142ada\u0107, i mieni\u0107<\/p>\n<p>jak w \u015bwietle szkie\u0142ko<\/p>\n<p><strong>zawsze trzeba si\u0119ga\u0107<\/strong><\/p>\n<p><strong>spadaj\u0105cych gwiazd<\/strong><\/p>\n<p><strong>\u00a0<\/strong><\/p>\n<p><strong>zawsze trzeba mie\u0107 g\u0142ow\u0119<\/strong><\/p>\n<p><strong>w stron\u0119 s\u0142o\u0144ca zwr\u00f3con\u0105<\/strong><\/p>\n<p>mimo mgie\u0142 ciemnej nocy doliny<\/p>\n<p>wygl\u0105da\u0107 poranka i wschodu<\/p>\n<p>najpi\u0119kniejszego w \u017c\u00f3\u0142ci i w czerwieni<\/p>\n<p><strong>zawsze trzeba mie\u0107 g\u0142ow\u0119<\/strong><\/p>\n<p><strong>w stron\u0119 s\u0142o\u0144ca zwr\u00f3con\u0105<\/strong><\/p>\n<p>&nbsp;<\/p>\n<p><strong>zawsze trzeba mie\u0107 postaw\u0119 dumn\u0105<\/strong><\/p>\n<p><strong>g\u0142ow\u0119 rozumn\u0105<\/strong><\/p>\n<p>na przek\u00f3r szpiclom katom i tch\u00f3rzom<\/p>\n<p>oni dalej b\u0119d\u0105 babra\u0107 si\u0119 w b\u0142ocie<\/p>\n<p>tapla\u0107 w ka\u0142u\u017cy<\/p>\n<p><strong>zawsze trzeba mie\u0107 postaw\u0119 dumn\u0105<\/strong><\/p>\n<p><strong>g\u0142ow\u0119 rozumn\u0105<\/strong><\/p>\n<p>&nbsp;<\/p>\n<p><strong>zawsze trzeba mie\u0107 wzrok<\/strong><\/p>\n<p><strong>jasny i czysty przezroczysty<\/strong><\/p>\n<p>by dostrzec to co najwa\u017cniejsze<\/p>\n<p>wi\u0119c nie dla wszystkich dost\u0119pne<\/p>\n<p><strong>zawsze trzeba mie\u0107 wzrok<\/strong><\/p>\n<p><strong>jasny i czysty przezroczysty<\/strong><\/p>\n<p>&nbsp;<\/p>\n<p><strong>zawsze trzeba przy Bogu trwa\u0107<\/strong><\/p>\n<p>On pozwoli wygra\u0107 przetrwa\u0107<\/p>\n<p>wszelkie losu przeciwno\u015bci<\/p>\n<p>na przek\u00f3r ludzkiej z\u0142o\u015bci<\/p>\n<p><strong>zawsze trzeba przy Bogu trwa\u0107<\/strong><\/p>\n<p>&nbsp;<\/p>\n<p><em><strong>IX<\/strong><\/em><\/p>\n<p><strong>NIEWIELU<\/strong><\/p>\n<p>&nbsp;<\/p>\n<p>niewielu jest w stanie<\/p>\n<p>przeciwstawi\u0107 si\u0119 z\u0142o\u015bci<\/p>\n<p>&nbsp;<\/p>\n<p>pro\u015bci rolnicy zawie\u017ali do Moniek<\/p>\n<p>kubek wody do picia te\u017c od nich<\/p>\n<p>zakonnica z Moniek, Honoratka \u2013<\/p>\n<p>czy nie ma w tym jakiego\u015b przypadka?<\/p>\n<p>Kuzyn Szymon \u2013 trzy dni w rocku na bagnach<\/p>\n<p>&nbsp;<\/p>\n<p>\/bardzo mi si\u0119 przys\u0142u\u017cy\u0142<\/p>\n<p>bohater mojego domu<\/p>\n<p>odpokutowa\u0142 rodziny win\u0119;<\/p>\n<p>i siostra Ewelina bardzo mnie pocieszy\u0142a\/<\/p>\n<p>&nbsp;<\/p>\n<p>Ciechan dobre piwo nie jest z\u0142e<\/p>\n<p>(szczeg\u00f3lnie po je\u017adzie traktorem)<\/p>\n<p>lawetow\u00f3z Jana Jansona<\/p>\n<p>przywi\u00f3z\u0142 nas prosto do domu<\/p>\n<p>&nbsp;<\/p>\n<p>\/I moja \u017cona walczy\u0142a o mnie<\/p>\n<p>i Adam<\/p>\n<p>c\u00f3\u017c ja dam wam w zamian<\/p>\n<p>i Iwonka, Jerzy<\/p>\n<p>&#8211; kt\u00f3\u017c uwierzy\/<\/p>\n<p>&nbsp;<\/p>\n<p>dzi\u0119kuj\u0119 Wam<\/p>\n<p>dzi\u0119ki Wam trwam<\/p>\n<p>i mog\u0119 cieszy\u0107 si\u0119<\/p>\n<p>zdrowiem i \u017cyciem<\/p>\n<p>wy te\u017c wygracie<\/p>\n<p>&nbsp;<\/p>\n<p><em><strong>X<\/strong><\/em><\/p>\n<p><strong>DZI\u0118KUJ\u0118<\/strong><\/p>\n<p>&nbsp;<\/p>\n<p>dzi\u0119kuj\u0119 Ci, \u017cono<\/p>\n<p>dzi\u0119kuj\u0119 Wam, Przyjaciele<\/p>\n<p>\u017ce byli\u015bcie ze mn\u0105<\/p>\n<p>jest Was niewielu<\/p>\n<p>&nbsp;<\/p>\n<p>ale to lepiej<\/p>\n<p>bo prawdziwi jeste\u015bcie<\/p>\n<p>wierni do ko\u0144ca<\/p>\n<p>zawsze \u017cywi<\/p>\n<p>&nbsp;<\/p>\n<p>nie jak manekiny<\/p>\n<p>zale\u017cne od sytuacji<\/p>\n<p>w\u0142asnej wygody<\/p>\n<p>konfiguracji<\/p>\n<p>&nbsp;<\/p>\n<p>zawsze \u017cywi, wierni<\/p>\n<p>moi Przyjaciele<\/p>\n<p>mam dla Was<\/p>\n<p>bardzo du\u017co gracji<\/p>\n<p>na stoj\u0105co owacji<\/p>\n<p>&nbsp;<\/p>\n<p><em>\/dzi\u0119kuj\u0119 Ci, m\u00f3j<\/em><\/p>\n<p><em>najwspanialszy, najlepszy, najwierniejszy psie<\/em><\/p>\n<p><em>\u2013 Dumka! M\u00f3j przyjacielu na dobre i z\u0142e!\/<\/em><\/p>\n<p>&nbsp;<\/p>\n<p><em><strong>XI<\/strong><\/em><\/p>\n<p><strong>DIALOGUE<\/strong><\/p>\n<p>&nbsp;<\/p>\n<p>aby\u015bmy mogli rozmawia\u0107<\/p>\n<p>budowa\u0107 mosty nie mury<\/p>\n<p>\u0142\u0105czy\u0107 a nie dzieli\u0107<\/p>\n<p>podajmy sobie r\u0119ce<\/p>\n<p>przebaczenia<\/p>\n<p>wyznaj\u0105c w\u0142asne winy<\/p>\n<p>&nbsp;<\/p>\n<p>aby\u015bmy mogli rozmawia\u0107<\/p>\n<p>prawdziwie i szczerze<\/p>\n<p>sta\u0144my naprzeciw siebie<\/p>\n<p>w prawdzie i pokorze<\/p>\n<p>w sprawiedliwo\u015bci<\/p>\n<p>oddaj\u0105c ka\u017cdemu<\/p>\n<p>nale\u017cne warto\u015bci<\/p>\n<p>&nbsp;<\/p>\n<p>chciejmy<\/p>\n<p>robi\u0107 dla siebie<\/p>\n<p>dobrze \u2013 nie \u017ale<\/p>\n<p>dawa\u0107 \u017cycie<\/p>\n<p>&#8211; nie zabija\u0107<\/p>\n<p>leczy\u0107!<\/p>\n<p>&nbsp;<\/p>\n<p><em>(<strong>XII<\/strong><\/em><\/p>\n<p><strong>PRZEZNACZENIE<\/strong><\/p>\n<p>&nbsp;<\/p>\n<p><strong>1.<\/strong><\/p>\n<p>ka\u017cdy ma sobie<\/p>\n<p>co\u015b przeznaczone<\/p>\n<p>wystarczy otworzy\u0107 si\u0119 na los<\/p>\n<p>i pod\u0105\u017ca\u0107 w t\u0119 stron\u0119<\/p>\n<p>&nbsp;<\/p>\n<p>\u017cycie przeznacze\u0144 ma wiele<\/p>\n<p>dope\u0142nienie swe znajdzie<\/p>\n<p>w dokonanym dziele<\/p>\n<p>&nbsp;<\/p>\n<p>wystarczy w t\u0105 stron\u0119 i\u015b\u0107<\/p>\n<p>pod\u0105\u017ca\u0107 za g\u0142osem serca i sumienia nad\u0105\u017ca\u0107<\/p>\n<p>i w modlitwie si\u0119ga\u0107 do nieba<\/p>\n<p>na g\u0142os Boga lub losu si\u0119 wyt\u0119\u017ca\u0107<\/p>\n<p>&nbsp;<\/p>\n<p>\u017cycie przeznacze\u0144 ma wiele<\/p>\n<p>&nbsp;<\/p>\n<p><strong>2.<\/strong><\/p>\n<p>mnie do tego przygotowywa\u0142o<\/p>\n<p>wszystko si\u0119 we mnie dokona\u0142o<\/p>\n<p>&nbsp;<\/p>\n<p>w dzieci\u0119ctwie pierwszym chcia\u0142em<\/p>\n<p>jak drwal drzewa powala\u0107 le\u015bne<\/p>\n<p>&nbsp;<\/p>\n<p>potem pi\u0142k\u0119 no\u017cn\u0105 pokocha\u0142em<\/p>\n<p>jak ryba w wodzie czu\u0142em si\u0119 \u2013 graj\u0105c<\/p>\n<p>&nbsp;<\/p>\n<p>pokocha\u0142em muzyk\u0119 najcichsz\u0105 prawdziw\u0105<\/p>\n<p>i g\u0142o\u015bn\u0105 przeszywaj\u0105ca sumienia na wskro\u015b<\/p>\n<p>&nbsp;<\/p>\n<p>literatura zawsze mi towarzyszy\u0142a<\/p>\n<p>w Pi\u015bmie \u015awi\u0119tym si\u0119 wype\u0142ni\u0142a<\/p>\n<p>&nbsp;<\/p>\n<p><strong>3.<\/strong><\/p>\n<p>i moje imi\u0119 pierwsze i drugie<\/p>\n<p>Hubert z Wojciechem w parze na wieki<\/p>\n<p>&nbsp;<\/p>\n<p>i imi\u0119 ostatnie \u2013 walki<\/p>\n<p>Hubal niez\u0142omny partyzant akcji<\/p>\n<p>&nbsp;<\/p>\n<p><strong>4.<\/strong><\/p>\n<p>i dziewcz\u0119ce imiona w\u015br\u00f3d nich najpierwsze<\/p>\n<p>Aneta \u2013 moja \u017cona, imi\u0119 najlepsze<\/p>\n<p>&nbsp;<\/p>\n<p>i towarzysze w\u0119dr\u00f3wki imienni<\/p>\n<p>najpierw Wojciech, potem Adam, Jerzy<\/p>\n<p>&nbsp;<\/p>\n<p><strong>5.<\/strong><\/p>\n<p>na koniec piesek \u2013 moja Duma<\/p>\n<p>by\u0142y te\u017c \u00a0krowy i kotki, teraz ptaszki \u2013 s\u0142o\u0144ca Bo\u017cego pierwiosnki<\/p>\n<p>&nbsp;<\/p>\n<p><strong>6.<\/strong><\/p>\n<p>wszystko mnie do tego przygotowa\u0142o<\/p>\n<p>i psyche i dusza i cia\u0142o<\/p>\n<p>&nbsp;<\/p>\n<p>wszystkie do\u015bwiadczenia by\u0142y najpotrzebniejsze<\/p>\n<p>spotkani ludzie praca zabawy najr\u00f3\u017cniejsze<\/p>\n<p>&nbsp;<\/p>\n<p><strong>7.<\/strong><\/p>\n<p>dzi\u0119kuj\u0119 Ci, Bo\u017ce<\/p>\n<p>za wszystko co da\u0142e\u015b na mojej drodze<\/p>\n<p>&nbsp;<\/p>\n<p>bez nich tego wszystkiego mnie by nie by\u0142o<\/p>\n<p>a tak si\u0119 spe\u0142ni\u0142o dope\u0142ni\u0142o wype\u0142ni\u0142o<\/p>\n<p>&nbsp;<\/p>\n<p><strong>8.<\/strong><\/p>\n<p>i ty sw\u0105 drog\u0119 masz, ruszaj<\/p>\n<p>nie poddawaj si\u0119, wygrasz!<\/p>\n<p>&nbsp;<\/p>\n<p>przypadk\u00f3w \u017cadnych nie ma<\/p>\n<p>to kwestia wybor\u00f3w i czyn\u00f3w konsekwencja)<\/p>\n<p>&nbsp;<\/p>\n<p><em><strong>EPILOGUE<\/strong><\/em><\/p>\n<p><strong>I<\/strong><\/p>\n<p>Id\u0119 ju\u017c odchodz\u0119<\/p>\n<p>nie si\u0119 nie niepok\u00f3jcie<\/p>\n<p>wy tam p\u00f3j\u015b\u0107 nie p\u00f3jdziecie<\/p>\n<p>ale kiedy\u015b dojdziecie<\/p>\n<p>&nbsp;<\/p>\n<p>com zrobi\u0142 \u2013 wykona\u0142em<\/p>\n<p>com napisa\u0142 \u2013 napisa\u0142em<\/p>\n<p>&nbsp;<\/p>\n<p><strong>II<\/strong><\/p>\n<p>teraz odchodz\u0119<\/p>\n<p>by cieszy\u0107 si\u0119<\/p>\n<p>zwyk\u0142em prostym \u017cyciem<\/p>\n<p>przyjd\u017acie do mnie tam<\/p>\n<p>przyjd\u017acie<\/p>\n<p>&nbsp;<\/p>\n<p><strong>III<\/strong><\/p>\n<p>zapomnijcie<\/p>\n<p>je\u015bli co\u015b \u017ale uczyni\u0142em<\/p>\n<p>\u017ale powiedzia\u0142em<\/p>\n<p>co\u015b sobie pomy\u015bla\u0142em<\/p>\n<p>&nbsp;<\/p>\n<p>ja \u017ale nie chcia\u0142em<\/p>\n<p>wybaczam wszystko wszystkim<\/p>\n<p>wygra\u0142em<\/p>\n<p>&nbsp;<\/p>\n<p>pozostan\u0119 ju\u017c w cieniu<\/p>\n<p>ja prosty i ma\u0142y<\/p>\n<p>najmniejszy<\/p>\n<p>&nbsp;<\/p>\n<p>w zachwycie i zadumie<\/p>\n<p>&nbsp;<\/p>\n<p>&#8211; istnienia<\/p>\n<p>wobec nieistnienia<\/p>\n<p>&nbsp;<\/p>\n<p>&#8211; \u017cycia<\/p>\n<p>wobec zmartwychwstania!<\/p>\n<p>&nbsp;<\/p>\n<p><em><strong>MASSAGE<\/strong><\/em><\/p>\n<p>&nbsp;<\/p>\n<p>id\u017amy do ko\u0144ca<\/p>\n<p>do domu Ojca<\/p>\n<p>wierni do ko\u0144ca<\/p>\n<p>&nbsp;<\/p>\n<p>wszyscy tam si\u0119 spotkamy<\/p>\n<p>je\u015bli wytrwamy<\/p>\n<p>wygramy<\/p>\n<p>&nbsp;<\/p>\n<p>ja nie dla siebie<\/p>\n<p>to wszystko<\/p>\n<p>lecz dla was<\/p>\n<p>&nbsp;<\/p>\n<p>\u017cycie przez walk\u0119<\/p>\n<p>eschatologia przez etyk\u0119<\/p>\n<p>m\u0119sko\u015b\u0107 ku nadziei<\/p>\n<p>&nbsp;<\/p>\n<p>reszt\u0119 \u017cycie dopisz\u0119<\/p>\n<p>ja tu poprzestaj\u0119<\/p>\n<p>i testament sw\u00f3j daj\u0119<\/p>\n<p>&nbsp;<\/p>\n<p>Dekalog Dobro Pi\u0119kno Prawda<\/p>\n<p>Mi\u0142o\u015b\u0107 Mi\u0142osierdzie Bo\u017ce<\/p>\n<p>Do Ojca przez Syna z Maryj\u0105!<\/p>\n<p>&nbsp;<\/p>\n<p>&nbsp;<\/p>\n<p style=\"text-align: right;\">dzia\u0142ka nr 67, ROD \u201ePieczurki\u201d &#8211; Bia\u0142ystok,<\/p>\n<p style=\"text-align: right;\">mieszkanie na \u017bytniej, 05-06.07.2017 r.<\/p>\n<p style=\"text-align: right;\"><strong>\/Nie dzia\u0142o si\u0119 to przecie\u017c w jakiej\u015b zapad\u0142ej dziurze;<\/strong><\/p>\n<p style=\"text-align: right;\"><strong>odwo\u0142uj\u0119 si\u0119 do Cezara!\/<\/strong><\/p>\n<p style=\"text-align: right;\">Amen.<\/p>\n<p><em>(je\u015bli b\u0119dzie trzeba \ud83d\ude42<\/em><\/p>\n<p><em>ale chyba jednak nie \ud83d\ude42<\/em><\/p>\n<p><em>chyba jednak tak \ud83d\ude42<\/em><\/p>\n<p><em>kto wie, co jeszcze b\u0119dzie&#8230; )<\/em><\/p>\n<p>&nbsp;<\/p>\n<p style=\"text-align: center;\"><strong>\/B\u0142ogos\u0142awieni mi\u0142osierni, albowiem oni mi\u0142osierdzia dost\u0105pi\u0105.\/<\/strong><\/p>\n<p style=\"text-align: center;\">(Mt 5, 7)<\/p>\n<p style=\"text-align: center;\"><strong>\/Wszystko, co uczynili\u015bcie jednemu z tych braci moich najmniejszych, Mnie\u015bcie uczynili.\/<\/strong><\/p>\n<p style=\"text-align: center;\">(Mt 25, 40)<\/p>\n<p style=\"text-align: center;\"><strong>\/Kto poda kubek \u015bwie\u017cej wody do picia jednemu z\u00a0tych najmniejszych, dlatego \u017ce jest uczniem, zaprawd\u0119 powiadam wam, nie utraci swojej nagrody.\/<\/strong><\/p>\n<p style=\"text-align: center;\">(Mt 10, 42)<\/p>\n<p style=\"text-align: center;\"><strong>\/<\/strong><span class=\"st\"><strong>To jest moje przykazanie, aby\u015bcie si\u0119 wzajemnie mi\u0142owali tak, <\/strong><strong>jak Ja was umi\u0142owa\u0142em.<\/strong><em>\/<\/em><\/span><\/p>\n<p style=\"text-align: center;\"><span class=\"st\">(J 15,12)<\/span><\/p>\n<p>&nbsp;<\/p>\n<p>&nbsp;<\/p>\n<p style=\"text-align: center;\"><em>(Pozdrawiam wszystkich maluczkich, inwalid\u00f3w, bezdomnych, chorych, wi\u0119\u017ani\u00f3w, prostaczk\u00f3w\u2026<\/em><\/p>\n<p style=\"text-align: center;\"><em>z\u0142odziei i prostytutki&#8230;<\/em><\/p>\n<p style=\"text-align: center;\"><em>a szczeg\u00f3lnie wszelkie szuje i kanalie \ud83d\ude42 )<\/em><\/p>\n<p style=\"text-align: center;\"><a href=\"https:\/\/www.youtube.com\/watch?v=NYHZwPT0f80\">Sztywny Pal Azji &#8211; Wie\u017ca rado\u015bci, Wie\u017ca samotno\u015bci<\/a><\/p>\n<p style=\"text-align: center;\"><a href=\"https:\/\/www.youtube.com\/watch?v=oxfMlom-lKI\">Sztywny Pal Azji &#8211; Nieprzemakalni<\/a><\/p>\n<p style=\"text-align: center;\"><a href=\"https:\/\/www.youtube.com\/watch?v=0shcNU_Ji4Y\">Sztywny Pal Azji &#8211; Nie gniewaj si\u0119 na mnie, Polsko<\/a><\/p>\n<p style=\"text-align: center;\">\ud83d\ude42<\/p>\n","protected":false},"excerpt":{"rendered":"<p>BEATITUDES \/poemat\/ &nbsp; &nbsp; \u201eOportet praedicari Evangelium\u201d \/Potrzeba, aby Ewangelia by\u0142a g\u0142oszona.\/ &#8211; Motto pos\u0142ugi nowego Arcybiskupa Metropolity Bia\u0142ostockiego Tadeusza Wojdy SAC &nbsp; &nbsp; [Mk&hellip; <\/p>\n","protected":false},"author":1,"featured_media":0,"parent":0,"menu_order":0,"comment_status":"closed","ping_status":"closed","template":"","meta":{"footnotes":""},"class_list":["post-490","page","type-page","status-publish","hentry"],"_links":{"self":[{"href":"https:\/\/hubertpietka.bialystok.pl\/index.php?rest_route=\/wp\/v2\/pages\/490","targetHints":{"allow":["GET"]}}],"collection":[{"href":"https:\/\/hubertpietka.bialystok.pl\/index.php?rest_route=\/wp\/v2\/pages"}],"about":[{"href":"https:\/\/hubertpietka.bialystok.pl\/index.php?rest_route=\/wp\/v2\/types\/page"}],"author":[{"embeddable":true,"href":"https:\/\/hubertpietka.bialystok.pl\/index.php?rest_route=\/wp\/v2\/users\/1"}],"replies":[{"embeddable":true,"href":"https:\/\/hubertpietka.bialystok.pl\/index.php?rest_route=%2Fwp%2Fv2%2Fcomments&post=490"}],"version-history":[{"count":14,"href":"https:\/\/hubertpietka.bialystok.pl\/index.php?rest_route=\/wp\/v2\/pages\/490\/revisions"}],"predecessor-version":[{"id":726,"href":"https:\/\/hubertpietka.bialystok.pl\/index.php?rest_route=\/wp\/v2\/pages\/490\/revisions\/726"}],"wp:attachment":[{"href":"https:\/\/hubertpietka.bialystok.pl\/index.php?rest_route=%2Fwp%2Fv2%2Fmedia&parent=490"}],"curies":[{"name":"wp","href":"https:\/\/api.w.org\/{rel}","templated":true}]}}