{"id":4928,"date":"2021-12-03T23:32:12","date_gmt":"2021-12-03T23:32:12","guid":{"rendered":"http:\/\/hubertpietka.bialystok.pl\/?page_id=4928"},"modified":"2021-12-04T10:40:40","modified_gmt":"2021-12-04T10:40:40","slug":"zaprosze-nie-zaprosze-ich-nie","status":"publish","type":"page","link":"https:\/\/hubertpietka.bialystok.pl\/?page_id=4928","title":{"rendered":"*Zaprosz\u0119 &#8211; nie* \/ zaprosz\u0119 ich, nie! + Dodatek \/ MARYJA PORZ\u0104DKUJE CHAOS"},"content":{"rendered":"<p><em><strong>*Zaprosz\u0119 &#8211; nie* \/ zaprosz\u0119 ich, nie! + Dodatek \/\u00a0MARYJA PORZ\u0104DKUJE CHAOS<\/strong><\/em><\/p>\n<p>Postanowi\u0142em wyj\u015b\u0107 im naprzeciw<br \/>\nW\u0142a\u015bnie tej nocy<br \/>\nBo mo\u017ce s\u0105 nie\u015bmiali<br \/>\nDaj\u0119 im czas do 4<br \/>\nOczywi\u015bcie polskiego czasu<br \/>\n\u017beby nie by\u0142o nie\u015bcis\u0142o\u015bci \u017cadnych<br \/>\nBo jutro przecie\u017c jest czwarty<br \/>\nAle w sumie miesi\u0105c 12<br \/>\nNo dobra do 4.03 niech b\u0119dzie<br \/>\nWed\u0142ug logiki ich<br \/>\nAle w sumie rok 2021<br \/>\nSumuj\u0105c cyfry no dobra<br \/>\nNo niech b\u0119dzie do 4.05<br \/>\nTo chyba godzina aktualna wybitnie<\/p>\n<p>Tak\u017ce zapraszam ich<br \/>\nTo nic \u017ce cz\u0119\u015b\u0107 domu sobie \u015bpi<br \/>\nA raczej upojona jest ale\u017c oczywi\u015bcie snem<br \/>\nJako\u015b im nie przeszkadza w drug\u0105 stron\u0119<br \/>\nKiedy \u015bpi inna cz\u0119\u015b\u0107 domu<br \/>\nAle do 4.05 tak jak pisa\u0142em<br \/>\nBo potem ta druga domu cz\u0119\u015b\u0107 mo\u017ce otrze\u017awie\u0107<br \/>\nOczywi\u015bcie po zm\u0119czeniu dniem poprzednim<\/p>\n<p>I koniecznie z t\u0105 prowokacj\u0105<br \/>\nBez niej sobie tego zupe\u0142nie nie wyobra\u017cam<br \/>\nI mo\u017ce<br \/>\nNiech dzieci wezm\u0105 wnuki mo\u017ce<br \/>\nBy zobaczy\u0107 mog\u0142y mimo do\u015b\u0107 p\u00f3\u017anej pory<br \/>\nJak wygl\u0105da straszny przest\u0119pca szalony<br \/>\nTo mo\u017ce by\u0107 jedyna okazja<br \/>\nBy pog\u0142\u0119bi\u0107 w tym wzgl\u0119dzie ich edukacj\u0119<br \/>\nA mo\u017ce maj\u0105 babcie<br \/>\nNiech wezm\u0105 te\u017c<br \/>\nNa pewno odpowiednio pogro\u017c\u0105 palcem ze zgorszeniem<\/p>\n<p>Tak\u017ce czekam do godziny tej<br \/>\nI \u017ceby nie by\u0142o potem<br \/>\n\u017be jestem taki oporny<br \/>\nJedyna okazja taki bonus<br \/>\nBy mogli spe\u0142ni\u0107 po\u017c\u0105danie swe<br \/>\nOczywi\u015bcie w tym wzgl\u0119dzie<br \/>\nAle tylko w taki spos\u00f3b<br \/>\nJak to wskazano powy\u017cej<br \/>\nOni maj\u0105 warunki swoje<br \/>\nTo i ja mog\u0119<\/p>\n<p><a href=\"http:\/\/hubertpietka.bialystok.pl\/wp-content\/uploads\/2021\/12\/IMG_20211204_000002.jpg\"><img loading=\"lazy\" decoding=\"async\" class=\"alignnone size-thumbnail wp-image-4929\" src=\"http:\/\/hubertpietka.bialystok.pl\/wp-content\/uploads\/2021\/12\/IMG_20211204_000002-150x150.jpg\" alt=\"\" width=\"150\" height=\"150\" srcset=\"https:\/\/hubertpietka.bialystok.pl\/wp-content\/uploads\/2021\/12\/IMG_20211204_000002-150x150.jpg 150w, https:\/\/hubertpietka.bialystok.pl\/wp-content\/uploads\/2021\/12\/IMG_20211204_000002-75x75.jpg 75w\" sizes=\"auto, (max-width: 150px) 100vw, 150px\" \/><\/a><\/p>\n<p><em>Na zdj. Wsch\u00f3d s\u0142o\u0144ca na Bia\u0142oborzu<\/em><br \/>\n<em>Ja nie b\u0119d\u0119 czeka\u0142 do tej pory<\/em><br \/>\n<em>Teraz do 4.05 maj\u0105 okazj\u0119<\/em><br \/>\n<em>By przeprowadzi\u0107 sw\u0105 prowokacj\u0119<\/em><br \/>\n<em>Potem ju\u017c b\u0119dzie to niestety nie wa\u017cne<\/em><br \/>\n<em>Tak oszala\u0142em<\/em><br \/>\n<em>Ale przecie\u017c to \u017cadna nowo\u015b\u0107 dla nich<\/em><br \/>\n<em>Dobranoc<\/em><br \/>\n<em>Zapraszam<\/em><br \/>\n<em>Ale nie inaczej<br \/>\nI do pi\u0119\u0107 po czwartej<\/em><\/p>\n<hr \/>\n<p><em><strong>+ Dodatek \/<\/strong><\/em><\/p>\n<p><em><strong>MARYJA PORZ\u0104DKUJE CHAOS<\/strong><\/em><\/p>\n<p><strong>1.<\/strong> Zaprosi\u0142em ich<br \/>\nA oni nie chcieli przyj\u015b\u0107<br \/>\nAle ju\u017c bez mojego zaproszenia<br \/>\nTo przyj\u015b\u0107 maj\u0105<br \/>\nTo teraz<br \/>\nJa ich odpraszam<br \/>\nStanowczo jednoznacznie i jasno<br \/>\nAle przecie\u017c moje zdanie<br \/>\nNie jest w tym temacie zbyt wa\u017cne<\/p>\n<p style=\"text-align: center;\"><a href=\"https:\/\/youtu.be\/D0UAt864EJU\"><em><strong>Dzik jest dziki dzik jest z\u0142y! Dzik ma bardzo ostre k\u0142y! &#8211; Akademia Pana Kleksa \/ Jan Brzechwa &#8211; Zoo<\/strong><\/em><\/a><\/p>\n<p><strong>2.<\/strong> A tutaj s\u0105 wa\u017cniejsi<br \/>\nKt\u00f3rych zdanie bardziej si\u0119 liczy<br \/>\nPe\u0142ni gotowo\u015bci ju\u017c i dyspozycji<br \/>\nBy naprzeciw wyj\u015b\u0107 im<br \/>\nIch zaproszenie jest s\u0142uszne jedynie<\/p>\n<p>A dzisiaj sobie u\u015bwiadomi\u0142em<br \/>\n\u017be karm\u0119 dla ps\u00f3w zjad\u0142em<br \/>\nBo przecie\u017c jest jedna a by\u0142y dwie<br \/>\nW nie\u015bwiadomo\u015bci swojej<br \/>\nNawet nie zauwa\u017cy\u0142em tego<br \/>\nAle tak si\u0119 zdarza<br \/>\nKiedy kto\u015b jest nie\u015bwiadomy strasznie<br \/>\nPrzepraszam bardzo za swoje ob\u017carstwo<\/p>\n<p style=\"text-align: center;\"><a href=\"https:\/\/youtu.be\/CG9sFzouI1o\"><em><strong>Hej &#8211; Eksperyment<\/strong><\/em><\/a><\/p>\n<p><strong>3.<\/strong> Przecie\u017c ca\u0142e z\u0142o \u015bwiata<br \/>\nWynika z surowej nie\u015bwiadomo\u015bci mojej<br \/>\nI za wszystko odpowiedzialny jestem<br \/>\nSzczeg\u00f3lnie za to<br \/>\nCzego nie zrobi\u0142em lub o czym nie wiem<br \/>\nAle przecie\u017c to mo\u017cna z\u0142o\u017cy\u0107<br \/>\nNa karb nie\u015bwiadomo\u015bci strasznej mojej<\/p>\n<p>Ale prawda jest prawd\u0105<br \/>\nLudzi mo\u017cna o-mami\u0107<br \/>\nLecz w Bogu<br \/>\nS\u0105 usprawiedliwione drogi moje<\/p>\n<p style=\"text-align: center;\"><a href=\"https:\/\/youtu.be\/TbF39bOQwuM\"><em><strong>Wiktor Dydu\u0142a &#8211; M\u00f3wi\u0105 mi \/ Live &#8211; The Voice of Poland 12<\/strong><\/em><\/a><\/p>\n<p><a href=\"http:\/\/hubertpietka.bialystok.pl\/wp-content\/uploads\/2021\/12\/IMG_20211204_111543.jpg\"><img loading=\"lazy\" decoding=\"async\" class=\"alignnone size-thumbnail wp-image-4936\" src=\"http:\/\/hubertpietka.bialystok.pl\/wp-content\/uploads\/2021\/12\/IMG_20211204_111543-150x150.jpg\" alt=\"\" width=\"150\" height=\"150\" srcset=\"https:\/\/hubertpietka.bialystok.pl\/wp-content\/uploads\/2021\/12\/IMG_20211204_111543-150x150.jpg 150w, https:\/\/hubertpietka.bialystok.pl\/wp-content\/uploads\/2021\/12\/IMG_20211204_111543-75x75.jpg 75w\" sizes=\"auto, (max-width: 150px) 100vw, 150px\" \/><\/a><\/p>\n<p><em>Na zdj. Dwa obrazki w domu naszym<\/em><br \/>\n<em> Maj\u0105 te same barwy<\/em><br \/>\n<em> Obraz wy\u017cej przedstawia chaos kszta\u0142t\u00f3w i kolor\u00f3w<\/em><br \/>\n<em> Porz\u0105dkuje je odpowiednio Maryja<\/em><br \/>\n<em> Bo ona ca\u0142a i w pe\u0142ni z Boga jest<\/em><\/p>\n<p><strong>Dzi\u015b \u015bw. Barbary<\/strong><br \/>\n<strong> Barbarzy\u0144c\u00f3w \u0142ad jest pozorny<\/strong><br \/>\n<strong> Tak naprawd\u0119 to chaos<\/strong><br \/>\n<strong> Gra fa\u0142szu i k\u0142amstw<\/strong><br \/>\n<strong> Kt\u00f3ra obr\u00f3ci si\u0119 w perz<\/strong><br \/>\n<strong> I ta ob\u0142uda ca\u0142a te\u017c<\/strong><br \/>\n<strong> I dopiero przez Maryj\u0119<\/strong><br \/>\n<strong> Zbuduje si\u0119 \u0142ad pe\u0142ny prawdziwy<\/strong><\/p>\n<p style=\"text-align: center;\"><a href=\"https:\/\/youtu.be\/eaa2py7LrkQ\"><em><strong>Maryjo &#8211; Matula<\/strong><\/em><\/a><\/p>\n","protected":false},"excerpt":{"rendered":"<p>*Zaprosz\u0119 &#8211; nie* \/ zaprosz\u0119 ich, nie! + Dodatek \/\u00a0MARYJA PORZ\u0104DKUJE CHAOS Postanowi\u0142em wyj\u015b\u0107 im naprzeciw W\u0142a\u015bnie tej nocy Bo mo\u017ce s\u0105 nie\u015bmiali Daj\u0119 im&hellip; <\/p>\n","protected":false},"author":1,"featured_media":0,"parent":0,"menu_order":0,"comment_status":"closed","ping_status":"closed","template":"","meta":{"footnotes":""},"class_list":["post-4928","page","type-page","status-publish","hentry"],"_links":{"self":[{"href":"https:\/\/hubertpietka.bialystok.pl\/index.php?rest_route=\/wp\/v2\/pages\/4928","targetHints":{"allow":["GET"]}}],"collection":[{"href":"https:\/\/hubertpietka.bialystok.pl\/index.php?rest_route=\/wp\/v2\/pages"}],"about":[{"href":"https:\/\/hubertpietka.bialystok.pl\/index.php?rest_route=\/wp\/v2\/types\/page"}],"author":[{"embeddable":true,"href":"https:\/\/hubertpietka.bialystok.pl\/index.php?rest_route=\/wp\/v2\/users\/1"}],"replies":[{"embeddable":true,"href":"https:\/\/hubertpietka.bialystok.pl\/index.php?rest_route=%2Fwp%2Fv2%2Fcomments&post=4928"}],"version-history":[{"count":5,"href":"https:\/\/hubertpietka.bialystok.pl\/index.php?rest_route=\/wp\/v2\/pages\/4928\/revisions"}],"predecessor-version":[{"id":4937,"href":"https:\/\/hubertpietka.bialystok.pl\/index.php?rest_route=\/wp\/v2\/pages\/4928\/revisions\/4937"}],"wp:attachment":[{"href":"https:\/\/hubertpietka.bialystok.pl\/index.php?rest_route=%2Fwp%2Fv2%2Fmedia&parent=4928"}],"curies":[{"name":"wp","href":"https:\/\/api.w.org\/{rel}","templated":true}]}}