{"id":4940,"date":"2021-12-05T01:34:13","date_gmt":"2021-12-05T01:34:13","guid":{"rendered":"http:\/\/hubertpietka.bialystok.pl\/?page_id=4940"},"modified":"2021-12-05T01:38:04","modified_gmt":"2021-12-05T01:38:04","slug":"zatrzymany-kadr-filmu-rembrandta-ucieczka-do-egiptu","status":"publish","type":"page","link":"https:\/\/hubertpietka.bialystok.pl\/?page_id=4940","title":{"rendered":"&#8222;Zatrzymany kadr filmu&#8221; &#8211; Rembrandta Ucieczka do Egiptu"},"content":{"rendered":"<p style=\"text-align: center;\"><strong>&#8222;Zatrzymany kadr filmu&#8221; &#8211; Rembrandta <em>Ucieczka do Egiptu<\/em><\/strong><\/p>\n<p><img loading=\"lazy\" decoding=\"async\" class=\"alignnone size-thumbnail wp-image-4942 aligncenter\" src=\"http:\/\/hubertpietka.bialystok.pl\/wp-content\/uploads\/2021\/12\/La_Fuite_en_\u00c9gypte_Rembrandt_Tours-150x150.jpg\" alt=\"\" width=\"150\" height=\"150\" srcset=\"https:\/\/hubertpietka.bialystok.pl\/wp-content\/uploads\/2021\/12\/La_Fuite_en_\u00c9gypte_Rembrandt_Tours-150x150.jpg 150w, https:\/\/hubertpietka.bialystok.pl\/wp-content\/uploads\/2021\/12\/La_Fuite_en_\u00c9gypte_Rembrandt_Tours-75x75.jpg 75w\" sizes=\"auto, (max-width: 150px) 100vw, 150px\" \/><\/p>\n<p><a href=\"https:\/\/images.app.goo.gl\/4QhMoggoyB1jtLSK9\">Na obrazie<\/a> \u015awi\u0119ta Rodzina. \u015awi\u0119ty J\u00f3zef jest przedstawiony jako silny m\u0119\u017cczyzna, kt\u00f3ry si\u0119 rozgl\u0105da, czy gdzie\u015b z nocy nie wyjdzie jakie\u015b niebezpiecze\u0144stwo nowe. Przecie\u017c ma chroni\u0107 Dzieci\u0119 i Maryj\u0119. A krzaki nawet (w lewej dolnej cz\u0119\u015bci obrazu) wyci\u0105gaj\u0105 swe ga\u0142\u0119zie do\u015b\u0107 niepokoj\u0105co i jakby \u0142\u0105cz\u0105 si\u0119 z groz\u0105 nocy.<\/p>\n<p>Osio\u0142. Przedstawiony jest w kolorze nakrycia \u015bw. J\u00f3zefa. Kolor br\u0105zowy zbli\u017cony do koloru ziemi, po kt\u00f3rej oboje, i \u015bw. J\u00f3zef i osio\u0142 id\u0105. Tacy zwyczajni, wykonuj\u0105 po prostu swe zadanie. I tylko osio\u0142 wygl\u0105da na zadowolonego troch\u0119, \u017ce mo\u017ce mie\u0107 sw\u00f3j udzia\u0142 w pomocy \u015awi\u0119tej Rodzinie.<\/p>\n<p>Maryja w szarym nakryciu, mo\u017ce swoistym kocu trzyma Dzieci\u0119, by\u0107 mo\u017ce chroni Go przed ch\u0142odem nocnym. Wygl\u0105da bardzo zwyczajnie Naj\u015bwi\u0119tsza Maryja Panna. Spogl\u0105da zatroskana na \u015bw. J\u00f3zefa, czy podo\u0142a trudom pieszej podr\u00f3\u017cy, ale jednocze\u015bnie z zaufaniem do swego m\u0119\u017ca.<\/p>\n<p>Maryja na g\u0142owie ma chust\u0119 w kolorze mniej wi\u0119cej kapelusza \u015bw. J\u00f3zefa. Z\u0142ote jakby te nakrycia, cho\u0107 jednocze\u015bnie bardzo skromne. A od Dzieci\u0105tka blask bije, jakby by\u0142 w koronie l\u015bni\u0105cej. Dzieci\u0105tko roz\u015bwietla ciemno\u015b\u0107 nocy.<\/p>\n<p>\u015awi\u0119ta Rodzina uboga. Z ty\u0142u za Maryj\u0105 i Dzieci\u0105tkiem kilka zawini\u0105tek. A to przecie\u017c ca\u0142y ich dobytek, kt\u00f3ry nios\u0105 do Egiptu.<\/p>\n<p>Z\u0142ote g\u0142\u00f3w nakrycia poprzez szary Maryi koc po br\u0105z os\u0142a i ubrania \u015bw. J\u00f3zefa i wreszcie ziemi wyznaczaj\u0105 perspektyw\u0119 choryzontaln\u0105 mimo pory nocnej &#8211; od Boga (kolor z\u0142oty) poprzez niebo (szary) po ziemi\u0119.<\/p>\n<p>Zatrzymany kadr. Postaci o\u015bwietla chyba ksi\u0119\u017cyc niczym migawka fotoaparatu. \u015awiat\u0142ocienie. Gra \u015bwiate\u0142 i na obrazie tym. Rembrandt by\u0142 w tym mistrzem. Podkre\u015bla te\u017c realizm postaci &#8211; chocia\u017cby cie\u0144 os\u0142a i \u015bw. J\u00f3zefa.<\/p>\n<p>Za nimi noc, a co przed \u015awi\u0119t\u0105 Rodzin\u0105? Niepewno\u015b\u0107? Czy tam ich w Egipcie przyjm\u0105, ale i zaufanie Bogu, \u017ce przecie\u017c nie zostawi ich samych.<\/p>\n<p>Jeszcze w nich pobrzmiewa groza Heroda. Czy wiedzieli w tym momencie, \u017ce Herod z zemsty za Jezusa pomordowa\u0142 \u015awi\u0119tych M\u0142odziank\u00f3w?<\/p>\n<p>Postaci umieszczone s\u0105 w centrum obrazu, jakby ta scena by\u0142a w tamtym momencie centrum \u015bwiata. Poza nimi noc panuje, ale nie ogarnia \u015awi\u0119tej Rodziny. I s\u0105 blisko siebie.<\/p>\n<p>Id\u0105 chyba przez pustyni\u0119, s\u0105dz\u0105c po ro\u015blinno\u015bci, wygl\u0105dzie ziemi i pustce wok\u00f3\u0142. Ale ta pustynia nie dotyka serc Ich, s\u0105 skupieni na wykonaniu swego zadania.<\/p>\n<p>Pi\u0119kny obraz Rembrandta. G\u0142\u0119bia postaci. Ukazanie ich psychologicznych uwarunkowa\u0144. I przes\u0142ania wyrazisto\u015b\u0107, niczym film.<\/p>\n<p>Bardzo mi si\u0119 podoba obraz ten. My\u015bl\u0119 te\u017c, \u017ce w pewnych sytuacjach mo\u017cna odnale\u017a\u0107 zbie\u017cno\u015b\u0107 losu \u015awi\u0119tej Rodziny, przedstawionej w danej chwili i do \u017cycia swego. Trzeba robi\u0107 to, co nale\u017cy do ka\u017cdego. I to w sytuacji czysto po ludzku nie\u0142atwej. A w reszcie zaufa\u0107 Bogu i zostawi\u0107 wszystko inne Mu.<\/p>\n","protected":false},"excerpt":{"rendered":"<p>&#8222;Zatrzymany kadr filmu&#8221; &#8211; Rembrandta Ucieczka do Egiptu Na obrazie \u015awi\u0119ta Rodzina. \u015awi\u0119ty J\u00f3zef jest przedstawiony jako silny m\u0119\u017cczyzna, kt\u00f3ry si\u0119 rozgl\u0105da, czy gdzie\u015b z&hellip; <\/p>\n","protected":false},"author":1,"featured_media":0,"parent":0,"menu_order":0,"comment_status":"closed","ping_status":"closed","template":"","meta":{"footnotes":""},"class_list":["post-4940","page","type-page","status-publish","hentry"],"_links":{"self":[{"href":"https:\/\/hubertpietka.bialystok.pl\/index.php?rest_route=\/wp\/v2\/pages\/4940","targetHints":{"allow":["GET"]}}],"collection":[{"href":"https:\/\/hubertpietka.bialystok.pl\/index.php?rest_route=\/wp\/v2\/pages"}],"about":[{"href":"https:\/\/hubertpietka.bialystok.pl\/index.php?rest_route=\/wp\/v2\/types\/page"}],"author":[{"embeddable":true,"href":"https:\/\/hubertpietka.bialystok.pl\/index.php?rest_route=\/wp\/v2\/users\/1"}],"replies":[{"embeddable":true,"href":"https:\/\/hubertpietka.bialystok.pl\/index.php?rest_route=%2Fwp%2Fv2%2Fcomments&post=4940"}],"version-history":[{"count":4,"href":"https:\/\/hubertpietka.bialystok.pl\/index.php?rest_route=\/wp\/v2\/pages\/4940\/revisions"}],"predecessor-version":[{"id":4945,"href":"https:\/\/hubertpietka.bialystok.pl\/index.php?rest_route=\/wp\/v2\/pages\/4940\/revisions\/4945"}],"wp:attachment":[{"href":"https:\/\/hubertpietka.bialystok.pl\/index.php?rest_route=%2Fwp%2Fv2%2Fmedia&parent=4940"}],"curies":[{"name":"wp","href":"https:\/\/api.w.org\/{rel}","templated":true}]}}