{"id":4951,"date":"2021-12-06T00:01:06","date_gmt":"2021-12-06T00:01:06","guid":{"rendered":"http:\/\/hubertpietka.bialystok.pl\/?page_id=4951"},"modified":"2021-12-06T00:05:55","modified_gmt":"2021-12-06T00:05:55","slug":"konfederacja-ku-pokojowi-w-prawdzie","status":"publish","type":"page","link":"https:\/\/hubertpietka.bialystok.pl\/?page_id=4951","title":{"rendered":"Konfederacja  ku pokojowi \/ i \u017cyciu w prawdzie"},"content":{"rendered":"<p><em><strong>Konfederacja ku pokojowi \/ i \u017cyciu w prawdzie<\/strong><\/em><\/p>\n<p>Federacja Rosyjska<br \/>\nPo aneksji Krymu troch\u0119 wcze\u015bniej<br \/>\nPlanuje podobno inwazj\u0119 na Ukrain\u0119<br \/>\nZapewne musi broni\u0107 separatyst\u00f3w<br \/>\nKt\u00f3rzy ju\u017c od chyba ponad dziesi\u0119\u0107 lat<br \/>\nWalcz\u0105 regularnie z wojskiem ukrai\u0144skim<br \/>\nA mo\u017ce w tej Federacji<br \/>\nObudzi\u0142y si\u0119 ambicje sowieckie<br \/>\nI zapewne Ukraina ma by\u0107 do niej wcielona<br \/>\nJak wcze\u015bniej<br \/>\nNic dziwnego przecie\u017c Putin<br \/>\nS\u0142u\u017cy\u0142 kiedy\u015b w KGB<br \/>\nCzyli sowieckiej S\u0142u\u017cbie Bezpiecze\u0144stwa<\/p>\n<p>Podobno ma te\u017c powsta\u0107<br \/>\nNa kanwie Unii Europejskiej<br \/>\nNomen omen<br \/>\nFederacja Europejska<br \/>\nZapewne aby m\u00f3c lepiej broni\u0107<br \/>\nR\u00f3\u017cnych uci\u015bnionych<br \/>\nTypu LGBTQ i chyba co\u015b tam i jeszcze<br \/>\nBo trudno nad\u0105\u017cy\u0107 za skr\u00f3tu tego rozwojem<br \/>\nI zapewne by broni\u0107 prawa kobiet do aborcji<br \/>\nI chorych i starszych do eutanazji<br \/>\nO dobrodziejcy ludzko\u015bci<br \/>\nMy\u015bl\u0119 \u017ce najwazniejsze<br \/>\nJest prawo do zabijanie<br \/>\nPonad wszystkie inne<br \/>\nI te\u017c zapewne ta Federacja<br \/>\nB\u0119dzie mia\u0142a skuteczne narz\u0119dzia prawne<br \/>\nBy podporz\u0105dkowa\u0107 niepokorne kraje<br \/>\nW tym Polsk\u0119 W\u0119gry S\u0142owacj\u0119<br \/>\nI mo\u017ce kogo\u015b jeszcze<br \/>\nWcale si\u0119 nie dziwi\u0119<br \/>\n\u017be Wielka Brytania opu\u015bci\u0142a Uni\u0119<br \/>\nMimo \u017ce mo\u017ce nie z tego wzgl\u0119du<\/p>\n<p>A Polska b\u0119dzie w kleszczach<br \/>\nPomi\u0119dzy jedn\u0105 i drug\u0105 Federacj\u0105<br \/>\nZe stolic\u0105 w Moskwie i w Berlinie<br \/>\nCzy czego\u015b to nie przypomina<\/p>\n<p><a href=\"http:\/\/hubertpietka.bialystok.pl\/wp-content\/uploads\/2021\/12\/IMG_20211206_005001.jpg\"><img loading=\"lazy\" decoding=\"async\" class=\"alignnone size-thumbnail wp-image-4952\" src=\"http:\/\/hubertpietka.bialystok.pl\/wp-content\/uploads\/2021\/12\/IMG_20211206_005001-150x150.jpg\" alt=\"\" width=\"150\" height=\"150\" srcset=\"https:\/\/hubertpietka.bialystok.pl\/wp-content\/uploads\/2021\/12\/IMG_20211206_005001-150x150.jpg 150w, https:\/\/hubertpietka.bialystok.pl\/wp-content\/uploads\/2021\/12\/IMG_20211206_005001-75x75.jpg 75w\" sizes=\"auto, (max-width: 150px) 100vw, 150px\" \/><\/a><\/p>\n<p><strong>Na zdj. \u015aw. Miko\u0142aj przed ko\u015bcio\u0142em w Solcu &#8211; Zdroju<\/strong><br \/>\n<strong> Bia\u0142a ta figura<\/strong><br \/>\n<strong> A biel to czysto\u015b\u0107<\/strong><br \/>\n<strong> Dzi\u015b ju\u017c jest \u015bw. Miko\u0142aja biskupa *<em>Mir<\/em>*-y<\/strong><br \/>\n<strong> Pok\u00f3j trzeba budowa\u0107 na prawdzie<\/strong><\/p>\n<p><strong>A mo\u017ce trzeba zawi\u0105za\u0107 konfederacje<\/strong><br \/>\n<strong> Przeciwko nieuprawomocnionej agresji<\/strong><br \/>\n<strong> Przeciwko niesprawiedliwo\u015bci i nieuporz\u0105dkowaniu jakiemukolwiek<\/strong><br \/>\n<strong>I tak\u017ce seksualnemu<\/strong><\/p>\n<p style=\"text-align: center;\"><a href=\"https:\/\/youtu.be\/CPZGruj6Nqc\"><em><strong>Aby\u015bmy byli jedno &#8211; Schola Opoka<\/strong><\/em><\/a><\/p>\n","protected":false},"excerpt":{"rendered":"<p>Konfederacja ku pokojowi \/ i \u017cyciu w prawdzie Federacja Rosyjska Po aneksji Krymu troch\u0119 wcze\u015bniej Planuje podobno inwazj\u0119 na Ukrain\u0119 Zapewne musi broni\u0107 separatyst\u00f3w Kt\u00f3rzy&hellip; <\/p>\n","protected":false},"author":1,"featured_media":0,"parent":0,"menu_order":0,"comment_status":"closed","ping_status":"closed","template":"","meta":{"footnotes":""},"class_list":["post-4951","page","type-page","status-publish","hentry"],"_links":{"self":[{"href":"https:\/\/hubertpietka.bialystok.pl\/index.php?rest_route=\/wp\/v2\/pages\/4951","targetHints":{"allow":["GET"]}}],"collection":[{"href":"https:\/\/hubertpietka.bialystok.pl\/index.php?rest_route=\/wp\/v2\/pages"}],"about":[{"href":"https:\/\/hubertpietka.bialystok.pl\/index.php?rest_route=\/wp\/v2\/types\/page"}],"author":[{"embeddable":true,"href":"https:\/\/hubertpietka.bialystok.pl\/index.php?rest_route=\/wp\/v2\/users\/1"}],"replies":[{"embeddable":true,"href":"https:\/\/hubertpietka.bialystok.pl\/index.php?rest_route=%2Fwp%2Fv2%2Fcomments&post=4951"}],"version-history":[{"count":4,"href":"https:\/\/hubertpietka.bialystok.pl\/index.php?rest_route=\/wp\/v2\/pages\/4951\/revisions"}],"predecessor-version":[{"id":4958,"href":"https:\/\/hubertpietka.bialystok.pl\/index.php?rest_route=\/wp\/v2\/pages\/4951\/revisions\/4958"}],"wp:attachment":[{"href":"https:\/\/hubertpietka.bialystok.pl\/index.php?rest_route=%2Fwp%2Fv2%2Fmedia&parent=4951"}],"curies":[{"name":"wp","href":"https:\/\/api.w.org\/{rel}","templated":true}]}}