{"id":4961,"date":"2021-12-06T23:13:27","date_gmt":"2021-12-06T23:13:27","guid":{"rendered":"http:\/\/hubertpietka.bialystok.pl\/?page_id=4961"},"modified":"2021-12-06T23:20:09","modified_gmt":"2021-12-06T23:20:09","slug":"pawel-i-gawel-na-nowo","status":"publish","type":"page","link":"https:\/\/hubertpietka.bialystok.pl\/?page_id=4961","title":{"rendered":"Pawe\u0142 i Gawe\u0142 \/ na nowo"},"content":{"rendered":"<p><em><strong>Pawe\u0142 i Gawe\u0142 \/ na nowo<\/strong><\/em><\/p>\n<p><em>Pawe\u0142 i Gawe\u0142<br \/>\nW jednym stali domu<br \/>\nPawe\u0142 na g\u00f3rze<br \/>\nA Gawe\u0142 na dole<\/em><\/p>\n<p>Oboje mieli t\u0105 sam\u0105 chorob\u0119<br \/>\nPawe\u0142 bra\u0142 leki grzecznie<br \/>\nCho\u0107 nie s\u0142u\u017cy\u0142y mu one<br \/>\nA Gawe\u0142 nie<br \/>\nZa to nadu\u017cywa\u0142 alkoholu<\/p>\n<p>Gawe\u0142 jak mawia\u0142<br \/>\nMia\u0142 wielu przyjaci\u00f3\u0142<br \/>\nNie tylko w miejscowo\u015bci zamieszkania<br \/>\nA Pawe\u0142 m\u00f3g\u0142 liczy\u0107 tylko na Boga<\/p>\n<p>Gaw\u0142owi przeszkadza\u0142a bardzo obecno\u015b\u0107 Paw\u0142a<br \/>\nWi\u0119c wraz z lud\u017ami z\u0142ymi<br \/>\nZak\u0142ada\u0142 na niego zamki<br \/>\nI dos\u0142ownie i w przeno\u015bni<br \/>\nAby si\u0119 go pozby\u0107<\/p>\n<p>A teraz o Panie<br \/>\nCzy\u017c Pawe\u0142 broni\u0107 si\u0119 nie ma prawa<br \/>\nCzy powinien si\u0119 podda\u0107 tym z\u0142ym zamiarom<br \/>\nMora\u0142 w tym sposobie<br \/>\n\u017be ka\u017cdy ma prawo broni\u0107<br \/>\nI siebie swego i swoich<br \/>\nKiedy z\u0142o chce uderza\u0107 bezpardonowo<\/p>\n<p><a href=\"http:\/\/hubertpietka.bialystok.pl\/wp-content\/uploads\/2021\/12\/IMG_20211207_000406.jpg\"><img loading=\"lazy\" decoding=\"async\" class=\"alignnone size-thumbnail wp-image-4962\" src=\"http:\/\/hubertpietka.bialystok.pl\/wp-content\/uploads\/2021\/12\/IMG_20211207_000406-150x150.jpg\" alt=\"\" width=\"150\" height=\"150\" srcset=\"https:\/\/hubertpietka.bialystok.pl\/wp-content\/uploads\/2021\/12\/IMG_20211207_000406-150x150.jpg 150w, https:\/\/hubertpietka.bialystok.pl\/wp-content\/uploads\/2021\/12\/IMG_20211207_000406-75x75.jpg 75w\" sizes=\"auto, (max-width: 150px) 100vw, 150px\" \/><\/a><\/p>\n<p><em>Na zdj. \u015aw. Miko\u0142aj z dzie\u0107mi w ko\u015bciele soleckim<\/em><br \/>\n<em> Niekt\u00f3rzy nawet t\u0105 posta\u0107 przyk\u0142adaj\u0105<\/em><br \/>\n<em> By zado\u015b\u0107uczyni\u0107 swym po\u017c\u0105daniom<\/em><br \/>\n<em> Uczynienia z\u0142a Bogu ducha winnym<\/em><br \/>\n<em> My dzieci Twoje Panie<\/em><br \/>\n<em> Miej nas w obronie<\/em><br \/>\n<em> Ave Maryja Niepokalana<\/em><\/p>\n<p style=\"text-align: center;\">(\u00a0<a href=\"https:\/\/youtu.be\/VcbXKO3tOgE\"><strong><em>Pawe\u0142 i Gawe\u0142 &#8211; A. Fredro \/ bajki polskie )<\/em><\/strong><\/a><\/p>\n","protected":false},"excerpt":{"rendered":"<p>Pawe\u0142 i Gawe\u0142 \/ na nowo Pawe\u0142 i Gawe\u0142 W jednym stali domu Pawe\u0142 na g\u00f3rze A Gawe\u0142 na dole Oboje mieli t\u0105 sam\u0105 chorob\u0119&hellip; <\/p>\n","protected":false},"author":1,"featured_media":0,"parent":0,"menu_order":0,"comment_status":"closed","ping_status":"closed","template":"","meta":{"footnotes":""},"class_list":["post-4961","page","type-page","status-publish","hentry"],"_links":{"self":[{"href":"https:\/\/hubertpietka.bialystok.pl\/index.php?rest_route=\/wp\/v2\/pages\/4961","targetHints":{"allow":["GET"]}}],"collection":[{"href":"https:\/\/hubertpietka.bialystok.pl\/index.php?rest_route=\/wp\/v2\/pages"}],"about":[{"href":"https:\/\/hubertpietka.bialystok.pl\/index.php?rest_route=\/wp\/v2\/types\/page"}],"author":[{"embeddable":true,"href":"https:\/\/hubertpietka.bialystok.pl\/index.php?rest_route=\/wp\/v2\/users\/1"}],"replies":[{"embeddable":true,"href":"https:\/\/hubertpietka.bialystok.pl\/index.php?rest_route=%2Fwp%2Fv2%2Fcomments&post=4961"}],"version-history":[{"count":2,"href":"https:\/\/hubertpietka.bialystok.pl\/index.php?rest_route=\/wp\/v2\/pages\/4961\/revisions"}],"predecessor-version":[{"id":4965,"href":"https:\/\/hubertpietka.bialystok.pl\/index.php?rest_route=\/wp\/v2\/pages\/4961\/revisions\/4965"}],"wp:attachment":[{"href":"https:\/\/hubertpietka.bialystok.pl\/index.php?rest_route=%2Fwp%2Fv2%2Fmedia&parent=4961"}],"curies":[{"name":"wp","href":"https:\/\/api.w.org\/{rel}","templated":true}]}}