{"id":4972,"date":"2021-12-08T09:35:24","date_gmt":"2021-12-08T09:35:24","guid":{"rendered":"http:\/\/hubertpietka.bialystok.pl\/?page_id=4972"},"modified":"2021-12-08T12:22:31","modified_gmt":"2021-12-08T12:22:31","slug":"gminy-pochwala-ludzi-i-zdarzen","status":"publish","type":"page","link":"https:\/\/hubertpietka.bialystok.pl\/?page_id=4972","title":{"rendered":"Gminy pochwa\u0142a \/ ludzi i zdarze\u0144 + Dodatek \/ Po Godzinie \u0141aski"},"content":{"rendered":"<p><em><strong>Gminy pochwa\u0142a \/ ludzi i zdarze\u0144<\/strong><\/em><\/p>\n<p><strong>1.<\/strong><br \/>\nPrzyszed\u0142 <em>dziadek mr\u00f3z<\/em><br \/>\nAle nic to dziwnego<br \/>\nPrzecie\u017c jest zima<br \/>\nZamarz\u0142a wi\u0119c w bramce i k\u0142\u00f3dka i zasuwa<br \/>\nI to te\u017c moja wina<br \/>\nPrzecie\u017c jestem tu zarz\u0105dc\u0105<br \/>\nJak m\u00f3wi\u0105 niekt\u00f3rzy<br \/>\nA powinienem by\u0107 s\u0142u\u017c\u0105cym<br \/>\nI zadba\u0107 o komfort odpowiedni \u017cycia wsp\u00f3\u0142domownik\u00f3w<br \/>\nSzczeg\u00f3lnie tych do\u015bwiadczonych tak strasznie<br \/>\nPrzez choroby i \u017cycie<br \/>\nTo nic \u017ce ja te\u017c d\u017awigam brzemi\u0119 odpowiednie<\/p>\n<p>I to jest doskona\u0142a okazja<br \/>\nDo odpowiedniej afery i prowokacji<br \/>\nTaka jak dzi\u015b sytuacja<br \/>\nNa pewno (jak dzi\u015b)<br \/>\nPojawi\u0105 si\u0119 odpowiednie s\u0142u\u017cby<br \/>\nKt\u00f3re odpowiednio zareaguj\u0105<br \/>\nBy si\u0119 nie dzia\u0142a niesprawiedliwo\u015b\u0107 tak straszna<br \/>\nAlbo si\u0119 zjawi\u0105 nagle<br \/>\nLudzie pe\u0142ni spo\u0142ecznego zaufanie<br \/>\nKt\u00f3rzy b\u0119d\u0105 wiedzieli<br \/>\nJak zareagowa\u0107<br \/>\nW obliczu tak trudnych sytuacji<br \/>\nPrze\u015bladowa\u0144 strasznych<br \/>\nCo niekt\u00f3rzy tu maj\u0105<br \/>\nTo strach pomy\u015ble\u0107 nawet<br \/>\nTak dog\u0142\u0119bnie s\u0105 do\u015bwiadczani<br \/>\nI tak tragicznie si\u0119 nad nimi zn\u0119caj\u0105<br \/>\nPrzez mr\u00f3z nawet<\/p>\n<p><strong>2.<\/strong><br \/>\nA dalej<br \/>\nGminy pochwa\u0142a<br \/>\nW\u015br\u00f3d wszystkich pierwszej<br \/>\nW nowym wspania\u0142ym \u015bwiecie<\/p>\n<p>Bo nawet je\u015bli musia\u0142a<br \/>\nJu\u017c w roku ubieg\u0142ym<br \/>\nWy\u0142\u0105czy\u0107 \u015bwiat\u0142o po godzinie 22<br \/>\n(Zreszt\u0105 jak i gminy o\u015bcienne)<br \/>\nTo przecie\u017c nie zapomina<br \/>\nO biednych ludziach<br \/>\nBrak \u015brodk\u00f3w na o\u015bwietlenie ulic<br \/>\nNie przeszkadza by na Miko\u0142aja<br \/>\nRobi\u0107 bogate prezenty<br \/>\nDla os\u00f3b odpowiednich i nawet<br \/>\nFatyguj\u0105 si\u0119 osobi\u015bcie by zaprosi\u0107 tych ma\u0142ych<br \/>\n(Na paliwo \u015brodk\u00f3w nie szcz\u0119dz\u0105c)<br \/>\nPo odbi\u00f3r paczek pi\u0119knych<br \/>\nWz\u00f3r dla innych gmin<br \/>\nA ich podej\u015bcie do tak zwanych \u015bmieciowych kwestii<br \/>\nTe\u017c mo\u017ce by\u0107 wzorem<br \/>\nTak restrykcyjnie tu dbaj\u0105<br \/>\nBy nie by\u0142o w tym wzgl\u0119dzie nadu\u017cy\u0107 \u017cadnych<br \/>\nSzczeg\u00f3lnie gdzie to wybitnie wskazane<br \/>\nI pog\u0142\u0119biaj\u0105 rowy ko\u0142o dom\u00f3w<br \/>\nBy mog\u0142o sp\u0142yn\u0105\u0107<br \/>\nTo co sp\u0142ywa\u0107 powinno<\/p>\n<p>Gmina pi\u0119kna i wspania\u0142a<br \/>\nPierwowz\u00f3r dla gmin innych<br \/>\nKt\u00f3ra cudownie pokazuje<br \/>\nJak mo\u017cna dba\u0107 o oczywi\u015bcie odpowiednich ludzi<br \/>\nI o wa\u017cne sprawy<br \/>\nI to nawet<br \/>\nW czasach tej zarazy<\/p>\n<p><a href=\"http:\/\/hubertpietka.bialystok.pl\/wp-content\/uploads\/2021\/12\/IMG_20211208_102736.jpg\"><img loading=\"lazy\" decoding=\"async\" class=\"alignnone size-thumbnail wp-image-4973\" src=\"http:\/\/hubertpietka.bialystok.pl\/wp-content\/uploads\/2021\/12\/IMG_20211208_102736-150x150.jpg\" alt=\"\" width=\"150\" height=\"150\" srcset=\"https:\/\/hubertpietka.bialystok.pl\/wp-content\/uploads\/2021\/12\/IMG_20211208_102736-150x150.jpg 150w, https:\/\/hubertpietka.bialystok.pl\/wp-content\/uploads\/2021\/12\/IMG_20211208_102736-75x75.jpg 75w\" sizes=\"auto, (max-width: 150px) 100vw, 150px\" \/><\/a><\/p>\n<p><em>Na zdj. Matka Boska Nieustaj\u0105cej Pomocy<\/em><br \/>\n<em> W s\u0105siedniej gminie w Solcu<\/em><br \/>\n<em> Wspom\u00f3\u017c nas Maryjo<\/em><br \/>\n<em> Bo tak czy inaczej<\/em><br \/>\n<em> To zabita ma by\u0107 bliska mi osoba<\/em><br \/>\n<em> A ja mam by\u0107 wydany na pojmanie<\/em><br \/>\n<em> Tak czy inaczej<\/em><br \/>\n<em> I cho\u0107by nie wiem co<\/em><br \/>\n<em> I nie tylko zreszt\u0105 tu<\/em><br \/>\n<em> Wspom\u00f3\u017c nas Maryjo<\/em><\/p>\n<p><strong>Dzi\u015b Maryi Niepokalanie Pocz\u0119tej jest<\/strong><br \/>\n<strong> Ja ufam i wierz\u0119<\/strong><br \/>\n<strong> \u017be nast\u0105pi twoje zwyci\u0119stwo<\/strong><br \/>\n<strong> Tak czy inaczej<\/strong><br \/>\n<strong> Ciebie Maryjo z\u0142o nie naruszy\u0142o<\/strong><br \/>\n<strong> I wiar\u0119 mam w Bogu<\/strong><br \/>\n<strong> \u017be i nas nie naruszy<\/strong><\/p>\n<hr \/>\n<p><strong>+ Dodatek \/<em> Po Godzinie \u0141aski<\/em><\/strong><\/p>\n<p>To jaka b\u0119dzie kolejna ods\u0142ona<br \/>\nTak zwanej afery hubalowej<br \/>\nJu\u017c zaraz mo\u017ce by\u0107 kolejna okazja a jak\u017ce<br \/>\nOni lubi\u0105 ten moment<br \/>\nJak kto\u015b wchodzi czy wychodzi<br \/>\nJaka\u017c b\u0119dzie prowokacja i jakie<br \/>\nPojawi\u0105 si\u0119 s\u0142u\u017cby mundurowe czy te\u017c cywilne<br \/>\nLub jaki cz\u0142owiek lub ludzie zaufania publicznego<br \/>\nKt\u00f3rzy b\u0119d\u0105 wiedzieli jak zareagowa\u0107 oczywi\u015bcie adekwatnie i odpowiednio<br \/>\nNo przecie\u017c<br \/>\nZe skutkiem odizolowania mnie od spo\u0142ecze\u0144stwa<br \/>\nKt\u00f3remu szkodz\u0119 tak strasznie<br \/>\nSwoim srogim szale\u0144stwem<br \/>\nKolejna okazja i tak b\u0119dzie<br \/>\nWcze\u015bniej czy p\u00f3\u017aniej<br \/>\nA jak\u017ce<\/p>\n","protected":false},"excerpt":{"rendered":"<p>Gminy pochwa\u0142a \/ ludzi i zdarze\u0144 1. Przyszed\u0142 dziadek mr\u00f3z Ale nic to dziwnego Przecie\u017c jest zima Zamarz\u0142a wi\u0119c w bramce i k\u0142\u00f3dka i zasuwa&hellip; <\/p>\n","protected":false},"author":1,"featured_media":0,"parent":0,"menu_order":0,"comment_status":"closed","ping_status":"closed","template":"","meta":{"footnotes":""},"class_list":["post-4972","page","type-page","status-publish","hentry"],"_links":{"self":[{"href":"https:\/\/hubertpietka.bialystok.pl\/index.php?rest_route=\/wp\/v2\/pages\/4972","targetHints":{"allow":["GET"]}}],"collection":[{"href":"https:\/\/hubertpietka.bialystok.pl\/index.php?rest_route=\/wp\/v2\/pages"}],"about":[{"href":"https:\/\/hubertpietka.bialystok.pl\/index.php?rest_route=\/wp\/v2\/types\/page"}],"author":[{"embeddable":true,"href":"https:\/\/hubertpietka.bialystok.pl\/index.php?rest_route=\/wp\/v2\/users\/1"}],"replies":[{"embeddable":true,"href":"https:\/\/hubertpietka.bialystok.pl\/index.php?rest_route=%2Fwp%2Fv2%2Fcomments&post=4972"}],"version-history":[{"count":3,"href":"https:\/\/hubertpietka.bialystok.pl\/index.php?rest_route=\/wp\/v2\/pages\/4972\/revisions"}],"predecessor-version":[{"id":4978,"href":"https:\/\/hubertpietka.bialystok.pl\/index.php?rest_route=\/wp\/v2\/pages\/4972\/revisions\/4978"}],"wp:attachment":[{"href":"https:\/\/hubertpietka.bialystok.pl\/index.php?rest_route=%2Fwp%2Fv2%2Fmedia&parent=4972"}],"curies":[{"name":"wp","href":"https:\/\/api.w.org\/{rel}","templated":true}]}}