{"id":4985,"date":"2021-12-10T00:22:11","date_gmt":"2021-12-10T00:22:11","guid":{"rendered":"http:\/\/hubertpietka.bialystok.pl\/?page_id=4985"},"modified":"2021-12-10T00:27:14","modified_gmt":"2021-12-10T00:27:14","slug":"kubyhanka-a-howmanka","status":"publish","type":"page","link":"https:\/\/hubertpietka.bialystok.pl\/?page_id=4985","title":{"rendered":"Kub(y\/h)anka \/ a Ho(w\/m)anka"},"content":{"rendered":"<p><b><i>Kub(y\/h)anka \/ a Ho(w\/m)anka<\/i><\/b><\/p>\n<p><strong>1.<\/strong><br \/>\nMnie pojma\u0107<br \/>\nA moj\u0105 \u017con\u0119 zabi\u0107 maj\u0105<br \/>\nI oni oczekuj\u0105 jeszcze<br \/>\n\u017be b\u0119d\u0119 si\u0119 zachowywa\u0142<br \/>\nJakbym by\u0142 na Hawajach<\/p>\n<p>Jakbym si\u0119 lajtowa\u0142 na wakacjach<br \/>\nMusz\u0119 sobie tylko wyobrazi\u0107<br \/>\nMorze i palmy<br \/>\nA tymczasem<br \/>\nNiezbyt sprzyja ku temu<br \/>\nNawet zimowa aura<br \/>\nAle ma by\u0107 przecie\u017c<br \/>\nJak oni m\u00f3wi\u0105<br \/>\nI nie inaczej bynajmniej<\/p>\n<p style=\"text-align: center;\"><a href=\"https:\/\/youtu.be\/9hMNtkuHLl8\"><em><strong>Sosnowski &#8211; Po prostu<\/strong><\/em><\/a><\/p>\n<p><strong>2.<\/strong><br \/>\nA tymczasem jestem pod\u0142ym cz\u0142owiekiem<br \/>\nBo wszystko nie tak<br \/>\nJak oni chc\u0105 i jak ma by\u0107<\/p>\n<p>Jest taki cz\u0142owiek<br \/>\nKt\u00f3ry tak mawia\u0142 o sobie<br \/>\n\u017be jest bardzo pod\u0142y<br \/>\nAle to wyp\u0142ywa\u0142o z jego<br \/>\nDo\u015b\u0107 niskiego poczucia w\u0142asnej warto\u015bci<br \/>\nI tak naprawd\u0119 skromno\u015bci<\/p>\n<p>To przyjaciel m\u00f3j<br \/>\nJeszcze z czas\u00f3w liceum<br \/>\nRazem za ko\u0142nierz nie wylewali\u015bmy<br \/>\nI chyba niestety mu to zosta\u0142o troch\u0119<br \/>\nAle bardzo go po przyjacielsku i li tylko platonicznie kocham<\/p>\n<p>Tak po ludzku<br \/>\nMimo \u017ce w pewnym momencie<br \/>\nNasze drogi si\u0119 troch\u0119 rozesz\u0142y<br \/>\nTo zawsze jest mi bliski<br \/>\nWojtek ma na imi\u0119<\/p>\n<p>Wojtek jeszcze wszystko nadrobimy<br \/>\nPrzegadamy nie jedn\u0105 chwil\u0119<br \/>\nRazem pos\u0142uchamy muzyki<br \/>\nJak da to B\u00f3g<br \/>\nI oczywi\u015bcie oni a jak\u017ce<br \/>\nNa to pozwol\u0105<\/p>\n<p>Pozdrawiam Ciebie<br \/>\nWszystkich prawdziwych przyjaci\u00f3\u0142<br \/>\nSercu mi\u0142ych<\/p>\n<p style=\"text-align: center;\"><a href=\"https:\/\/youtu.be\/2ZI3itTSrAc\"><em><strong>D\u017cem &#8211; Kiepska gra<\/strong><\/em><\/a><\/p>\n<p style=\"text-align: right;\">\ud83d\ude09<\/p>\n<p><strong>3.<\/strong><br \/>\nDzisiaj te\u017c na trze\u017awo chyba<br \/>\nZada\u0142em sobie jedno pytanie<br \/>\nDlaczego tak si\u0119 zachowuje<br \/>\nPewna osoba jedna<br \/>\nI pr\u00f3bowa\u0142em w duchu odpowiedzie\u0107 sobie na nie<\/p>\n<p>Nigdy tak naprawd\u0119 nie zrobi\u0142em \/ nie zrobili\u015bmy<br \/>\nNic z\u0142ego tej osobie<br \/>\nRaczej zawsze p\u0142yn\u0119\u0142o ode mnie \/ od nas dla tej osoby dobro same<br \/>\nI nie \u017cebym si\u0119 chwali\u0142<br \/>\nAle takie by\u0142y fakty<\/p>\n<p>Wi\u0119c sk\u0105d to zachowanie<br \/>\nUporz\u0105dkujmy fakty troch\u0119<br \/>\nTo si\u0119 zacz\u0119\u0142o na powa\u017cnie<br \/>\nKiedy na moj\u0105 \u017con\u0119 wyrok \u015bmierci wydano<br \/>\nMy\u015bl\u0119 \u017ce ta osoba zosta\u0142a niestety zmanipulowana<\/p>\n<p>No bo przecie\u017c je\u015bli \u017cona \u015bmier\u0107 poniesie<br \/>\nTo pewnie tej osobie powiedziano<br \/>\n\u017be ja b\u0119d\u0119 j\u0105 chcia\u0142 st\u0105d wywali\u0107<br \/>\nNigdy mi to nie posta\u0142o w g\u0142owie<br \/>\nNawet je\u015bli w nerwach si\u0119 powiedzia\u0142o co\u015b mocniej<\/p>\n<p>By\u0107 mo\u017ce poczu\u0142a si\u0119 zagro\u017cona<br \/>\nOni wiedz\u0105 jak manipulowa\u0107<br \/>\nPrzecie\u017c ju\u017c dawno z \u017con\u0105<br \/>\nJak by\u015bmy chcieli<br \/>\nTo mogli\u015bmy zrobi\u0107 porz\u0105dek z t\u0105 osob\u0105 odpowiedni<\/p>\n<p>A jednak nie zrobili\u015bmy tego<br \/>\nI nie zamierzamy raczej<br \/>\nW tym wzgl\u0119dzie pewno te\u017c j\u0105 zmanipulowano<br \/>\nBo nie potrafi\u0119 sobie wyt\u0142umaczy\u0107<br \/>\nSk\u0105d ta ra\u017c\u0105ca niewdzi\u0119czno\u015b\u0107 taka<\/p>\n<p>Dlaczego tak si\u0119 nastaje z\u0142owrogo<br \/>\nNa kogo\u015b kto nie wyrz\u0105dzi\u0142 temu nic z\u0142ego<br \/>\nNo chyba \u017ce tej osobie co\u015b jeszcze obiecali<br \/>\nI nie ma ju\u017c ona skrupu\u0142\u00f3w \u017cadnych<br \/>\nBo tak to niestety wygl\u0105da<\/p>\n<p>Ja jej przebaczam<br \/>\nBo nie wie co czyni<br \/>\nTak naprawd\u0119<br \/>\nAle broni\u0107 si\u0119 te\u017c musz\u0119<br \/>\nPrzed tak\u0105 i tak to trzeba nazwa\u0107<br \/>\nAle niesprawiedliwo\u015bci\u0105 jawn\u0105<\/p>\n<p>\u0179le tej osobie nie \u017cycz\u0119<br \/>\nMimo wszystko<br \/>\nMimo tych wszystkich atrakcji<br \/>\nKt\u00f3re ju\u017c mi \/ nam zapewni\u0142a<br \/>\nNiech jej B\u00f3g wybaczy<\/p>\n<p>A jej \u017cycz\u0119<br \/>\n\u017beby si\u0119 nawr\u00f3ci\u0142a lepiej<br \/>\nZ tej drogi zatracenia<br \/>\nBo tak to trzeba nazwa\u0107<\/p>\n<p>A tymczasem jutro zapewne<br \/>\nA mo\u017ce w nocy rano lub nad ranem<br \/>\nPrzewidziano kolejne atrakcje dla nas<\/p>\n<p style=\"text-align: right;\"><a href=\"https:\/\/youtu.be\/3sPuLXijVJE\"><em><strong>D\u017cem &#8211; Uwierz Mirando<\/strong><\/em><\/a><\/p>\n<p><a href=\"http:\/\/hubertpietka.bialystok.pl\/wp-content\/uploads\/2021\/12\/IMG_20211210_004008.jpg\"><img loading=\"lazy\" decoding=\"async\" class=\"alignnone size-thumbnail wp-image-4986\" src=\"http:\/\/hubertpietka.bialystok.pl\/wp-content\/uploads\/2021\/12\/IMG_20211210_004008-150x150.jpg\" alt=\"\" width=\"150\" height=\"150\" srcset=\"https:\/\/hubertpietka.bialystok.pl\/wp-content\/uploads\/2021\/12\/IMG_20211210_004008-150x150.jpg 150w, https:\/\/hubertpietka.bialystok.pl\/wp-content\/uploads\/2021\/12\/IMG_20211210_004008-75x75.jpg 75w\" sizes=\"auto, (max-width: 150px) 100vw, 150px\" \/><\/a><\/p>\n<p><em>Na zdj. W ko\u015bciele sercan\u00f3w w Stopnicy<\/em><br \/>\n<em> Matka Boska i \u015bw. Franciszek<\/em><br \/>\n<em> \u017byjemy tu sobie jak on<\/em><br \/>\n<em> Ze zwierz\u0119tami<\/em><br \/>\n<em> I to im te\u017c przeszkadza<\/em><br \/>\n<em> I zwierz\u0119ta im przeszkadzaj\u0105 strasznie<\/em><br \/>\n<em> I samoch\u00f3d kt\u00f3ry prowadz\u0119<\/em><br \/>\n<em> Im to bardzo przeszkadza<\/em><br \/>\n<em> Czyhaj\u0105 na niemal ka\u017cdym kroku<\/em><br \/>\n<em> By z tym zrobi\u0107 oczywi\u015bcie odpowiedni porz\u0105dek<\/em><br \/>\n<em> A tymczasem ja jestem do\u015b\u0107 prosty cz\u0142owiek<\/em><br \/>\n<em> Co na sercu to i na papierze<\/em><br \/>\n<em> I w uczuciach i te\u017c w s\u0142owie<\/em><br \/>\n<em> Nawet je\u015bli i wirtualnym te\u017c<\/em><br \/>\n<em>To nie tylko bynajmniej<\/em><\/p>\n<p><strong>Dzi\u015b \u015bw. Juana Diego<\/strong><br \/>\n<strong> Ten prosty Indianin<\/strong><br \/>\n<strong> Ukocha\u0142 Ko\u015bci\u00f3\u0142<\/strong><br \/>\n<strong> I Maryja mu si\u0119 odwdzi\u0119czy\u0142a w\u0142a\u015bnie tak<\/strong><br \/>\n<strong> \u017be zna go bynajmniej nie tylko Meksyk<\/strong><br \/>\n<strong> Za po\u015brednictwem jej \u015bwi\u0119tego wizerunku<\/strong><br \/>\n<strong> Ave Maryja<\/strong><br \/>\n<strong> Swym p\u0142aszczem nas nasze i naszych okrywaj<\/strong><br \/>\n<strong> A z niego niech i zim\u0105 tak\u017ce<\/strong><br \/>\n<strong> R\u00f3\u017ce pi\u0119kne si\u0119 wysypuj\u0105<\/strong><br \/>\n<strong> Na \u015bwiadectwo i dla nich<\/strong><\/p>\n<p style=\"text-align: center;\"><a href=\"https:\/\/youtu.be\/J1hrdAO-U_o\"><em><strong>Mi Madrecita &#8211; Guadalupe<\/strong><\/em><\/a><\/p>\n","protected":false},"excerpt":{"rendered":"<p>Kub(y\/h)anka \/ a Ho(w\/m)anka 1. Mnie pojma\u0107 A moj\u0105 \u017con\u0119 zabi\u0107 maj\u0105 I oni oczekuj\u0105 jeszcze \u017be b\u0119d\u0119 si\u0119 zachowywa\u0142 Jakbym by\u0142 na Hawajach Jakbym&hellip; <\/p>\n","protected":false},"author":1,"featured_media":0,"parent":0,"menu_order":0,"comment_status":"closed","ping_status":"closed","template":"","meta":{"footnotes":""},"class_list":["post-4985","page","type-page","status-publish","hentry"],"_links":{"self":[{"href":"https:\/\/hubertpietka.bialystok.pl\/index.php?rest_route=\/wp\/v2\/pages\/4985","targetHints":{"allow":["GET"]}}],"collection":[{"href":"https:\/\/hubertpietka.bialystok.pl\/index.php?rest_route=\/wp\/v2\/pages"}],"about":[{"href":"https:\/\/hubertpietka.bialystok.pl\/index.php?rest_route=\/wp\/v2\/types\/page"}],"author":[{"embeddable":true,"href":"https:\/\/hubertpietka.bialystok.pl\/index.php?rest_route=\/wp\/v2\/users\/1"}],"replies":[{"embeddable":true,"href":"https:\/\/hubertpietka.bialystok.pl\/index.php?rest_route=%2Fwp%2Fv2%2Fcomments&post=4985"}],"version-history":[{"count":3,"href":"https:\/\/hubertpietka.bialystok.pl\/index.php?rest_route=\/wp\/v2\/pages\/4985\/revisions"}],"predecessor-version":[{"id":4990,"href":"https:\/\/hubertpietka.bialystok.pl\/index.php?rest_route=\/wp\/v2\/pages\/4985\/revisions\/4990"}],"wp:attachment":[{"href":"https:\/\/hubertpietka.bialystok.pl\/index.php?rest_route=%2Fwp%2Fv2%2Fmedia&parent=4985"}],"curies":[{"name":"wp","href":"https:\/\/api.w.org\/{rel}","templated":true}]}}