{"id":5001,"date":"2021-12-12T15:40:16","date_gmt":"2021-12-12T15:40:16","guid":{"rendered":"http:\/\/hubertpietka.bialystok.pl\/?page_id=5001"},"modified":"2021-12-12T15:40:16","modified_gmt":"2021-12-12T15:40:16","slug":"prawdziwe-serce-na-dloni-miec","status":"publish","type":"page","link":"https:\/\/hubertpietka.bialystok.pl\/?page_id=5001","title":{"rendered":"Prawdziwe serce \/ na d\u0142oni mie\u0107"},"content":{"rendered":"<p><em><strong>Prawdziwe serce \/ na d\u0142oni mie\u0107<\/strong><\/em><\/p>\n<p><strong>1.<\/strong><br \/>\nPowiedzia\u0142 Pan<br \/>\nNie b\u0119dziesz wystawia\u0142 na pr\u00f3b\u0119<br \/>\nPana Boga swego<br \/>\nNie b\u0119dziesz Go pr\u00f3bowa\u0142 w czynionym z\u0142u<br \/>\nJednym z grzech\u00f3w najci\u0119\u017cszych<br \/>\nPrzeciw Duchowi \u015awi\u0119temu jest zuchwa\u0142a ufno\u015b\u0107 w mi\u0142osierdzie Bo\u017ce<br \/>\nTo znaczy \u017ce kto\u015b trwa w grzechu ci\u0119\u017ckim<br \/>\nI na dodatek ufno\u015bci\u0105 w mi\u0142osierdzie Bo\u017ce<br \/>\nTo t\u0142umaczy<br \/>\nI usprawiedliwia\u0107 tym pr\u00f3buje zatwardzia\u0142o\u015b\u0107 w z\u0142u<br \/>\nInnym takim grzechem<br \/>\nJest zazdro\u015bci\u0107 komu\u015b \u0142aski Bo\u017cej<br \/>\nBo kto\u015b na przyk\u0142ad uwa\u017ca<br \/>\n\u017be bardziej mu si\u0119 ni\u017c komu\u015b co\u015b nale\u017cy<br \/>\nI grzech kolejny<br \/>\nTo zbytnia rozpacz w tym w\u0142a\u015bnie sensie<br \/>\n\u017be kto\u015b nie chce si\u0119 tak naprawd\u0119 nawr\u00f3ci\u0107<br \/>\nI a\u017c do zatracenia trwa w grzechu ci\u0119\u017ckim<\/p>\n<p>B\u00f3g powiedzia\u0142<br \/>\n\u017beby Go na pr\u00f3b\u0119 ku z\u0142u nie wystawia\u0107<br \/>\nCzy\u017c nie podobnie jest i wobec ludzi<br \/>\nBo s\u0105 tacy kt\u00f3rzy wystawiaj\u0105 na pr\u00f3b\u0119 innych<br \/>\nKu z\u0142u ku ich zgubie<br \/>\nS\u0105 niestety tacy<br \/>\nI czasem nie trzeba ich szuka\u0107 zbyt daleko<\/p>\n<p>A ci przyj\u015b\u0107 maj\u0105 i musz\u0105 nawet a jak\u017ce<br \/>\nBo inaczej musieliby sobie zaprzeczy\u0107<br \/>\nA wszystko tylko nie to<br \/>\nPrzecie\u017c oni zawsze i we wszystkim maj\u0105 racj\u0119<br \/>\nJedynie s\u0142uszn\u0105<\/p>\n<p><strong>2.<\/strong><br \/>\nB\u00f3g m\u00f3wi dzisiaj w Ewangelii<br \/>\n\u017be je\u015bli kto\u015b ma wi\u0119cej<br \/>\nCzegokolwiek z materii czy po prostu mi\u0142o\u015bci<br \/>\nTo niech si\u0119 dzieli<br \/>\nTym co z cia\u0142a i tym co z ducha<br \/>\nI pieni\u0119dzmi ufno\u015bci\u0105 nadziej\u0105 czy rado\u015bci\u0105<br \/>\nTo mi\u0142osierdzia dzie\u0142a wzgl\u0119dem ducha i cia\u0142a<br \/>\nM\u00f3wi te\u017c do tych kt\u00f3rzy<br \/>\nS\u0105 uwik\u0142ani w co\u015b co nie pozwala<br \/>\nIm trwa\u0107 w pe\u0142nej komunii sakramentalnej z Bogiem<br \/>\nAby nie tracili ducha i odst\u0119powali od Ko\u015bcio\u0142a<br \/>\nCokolwiek by to by\u0142o<br \/>\nUzale\u017cnienie uwik\u0142anie jakie\u015b<br \/>\nCzy nieuporz\u0105dkowana jaka\u015b relacja<br \/>\nBy starali si\u0119 to prze\u0142ama\u0107<br \/>\nAle jednocze\u015bnie ufno\u015b\u0107 pok\u0142adali w Bogu i<br \/>\nStarali si\u0119 mimo wszystko d\u0105\u017cy\u0107 do jedno\u015bci z Ko\u015bcio\u0142em<br \/>\nB\u00f3g m\u00f3wi dzi\u015b te\u017c i do tych<br \/>\nKt\u00f3rzy maj\u0105 jak\u0105kolwiek w\u0142adz\u0119<br \/>\nBy nie nadu\u017cywali jej w celach z\u0142ych<\/p>\n<p>W ten spos\u00f3b wyda si\u0119 dobre owoce<br \/>\nWcze\u015bniej czy p\u00f3\u017aniej<br \/>\nA ci kt\u00f3rzy grzesz\u0105 zuchwale<br \/>\nNiech sobie nie my\u015bl\u0105 \u017ce tak b\u0119dzie zawsze<br \/>\nI \u017ce mo\u017cna wystawia\u0107 bez skrupu\u0142\u00f3w na pr\u00f3b\u0119 Boga<\/p>\n<p><strong>3.<\/strong><br \/>\nDzisiaj do Pana odszed\u0142<br \/>\nZnany w Bia\u0142ymstoku werbista<br \/>\nOjciec Edward K\u0105kol<br \/>\nIle\u017c on uczyni\u0142 dobra<br \/>\nA tak si\u0119 sk\u0142ada<br \/>\n\u017be od jakiego\u015b czasu<br \/>\nNa jego dobra poletko<br \/>\nSi\u0119 pr\u00f3buje dosia\u0107 k\u0105kolu<br \/>\nNie wiem mo\u017ce i si\u0119 gdzie\u015b pogubi\u0142 troszk\u0119<br \/>\nAle to nie neguje dobra kt\u00f3re uczyni\u0142<br \/>\nPocz\u0105wszy od bezdomnych i narkoman\u00f3w<br \/>\nKt\u00f3\u017c poszed\u0142by jak on do nich by z nimi<br \/>\nDzieli\u0107 w kana\u0142ach to upodlenie<br \/>\nA potem prelekcje w szko\u0142ach<br \/>\nPrzeciw uzale\u017cnieniom<br \/>\nIlu\u017c on m\u0142odym pom\u00f3g\u0142 pouk\u0142ada\u0107 odpowiednio te rzeczy<br \/>\nI ca\u0142e dzie\u0142o dobre i celowe<br \/>\nStowarzyszenia Drogi<br \/>\nNie tylko dzieciom pomaga\u0142<br \/>\nAle i wszystkim kt\u00f3rzy potrzebowali<br \/>\nW postaci chocia\u017cby \u017cywno\u015bciowych paczek<br \/>\nI ile\u017c zebra\u0142 wok\u00f3\u0142 siebie tych owieczek<br \/>\nZ kt\u00f3rymi problem mieli i Ko\u015bcio\u0142a ludzie czasem<br \/>\nMarnotrawne dzieci w ich oczach<br \/>\nOn przygarn\u0105\u0142 jak prawdziwy ojciec<br \/>\nI porz\u0105dkowa\u0142 potencja\u0142 i do\u015bwiadczenie ich ku dobru<\/p>\n<p>Ojcze K\u0105kolu dzie\u0142o Twoje trwa<br \/>\nW Bogu<br \/>\nA my\u015bl\u0119 \u017ce i ludzie<br \/>\nOdpowiednio pokieruj\u0105 spu\u015bcizn\u0105<br \/>\nKt\u00f3r\u0105 tu na ziemi zostawi\u0142e\u015b<br \/>\nOdpoczywaj w Panu<br \/>\nI raduj si\u0119 Jego \u0142ask\u0105<br \/>\nBo te\u017c si\u0119 wiele nacierpia\u0142e\u015b<br \/>\nSzczeg\u00f3lnie ostatnio<\/p>\n<p><a href=\"http:\/\/hubertpietka.bialystok.pl\/wp-content\/uploads\/2021\/12\/IMG_20211212_162845.jpg\"><img loading=\"lazy\" decoding=\"async\" class=\"alignnone size-thumbnail wp-image-5002\" src=\"http:\/\/hubertpietka.bialystok.pl\/wp-content\/uploads\/2021\/12\/IMG_20211212_162845-150x150.jpg\" alt=\"\" width=\"150\" height=\"150\" srcset=\"https:\/\/hubertpietka.bialystok.pl\/wp-content\/uploads\/2021\/12\/IMG_20211212_162845-150x150.jpg 150w, https:\/\/hubertpietka.bialystok.pl\/wp-content\/uploads\/2021\/12\/IMG_20211212_162845-75x75.jpg 75w\" sizes=\"auto, (max-width: 150px) 100vw, 150px\" \/><\/a><\/p>\n<p><em>Na zdj. Fresk w Pacanowskim ko\u015bciele<\/em><br \/>\n<em> Jezus podaje r\u0119k\u0119<\/em><br \/>\n<em> My\u015bl\u0119 \u017ce dzisiaj<\/em><br \/>\n<em> On j\u0105 podaje Ojcu K\u0105kolowi<\/em><br \/>\n<em> Nie tylko za dobre dzie\u0142a<\/em><br \/>\n<em> Ale i za to \u017ce te\u017c wycierpia\u0142<\/em><br \/>\n<em> I nawet je\u015bli si\u0119 gdzie\u015b troszk\u0119 pomyli\u0142<\/em><br \/>\n<em> To mia\u0142 czas<\/em><br \/>\n<em> \u017beby odda\u0107 to Bogu<\/em><br \/>\n<em> I w sobie to uporz\u0105dkowa\u0107<\/em><\/p>\n<p><strong>Dzisiaj \u015bw. *Hart-man-na*<\/strong><br \/>\n<strong> <em>Heart<\/em> to serce jest<\/strong><br \/>\n<strong> <em>Man<\/em> to jest cz\u0142owiek<\/strong><br \/>\n<strong> Cz\u0142owiek z sercem na d\u0142oni<\/strong><br \/>\n<strong> Trzeba mie\u0107 w\u0142a\u015bnie serce<\/strong><br \/>\n<strong> Proste i czyste<\/strong><br \/>\n<strong> A nie w z\u0142u odwr\u00f3cone<\/strong><br \/>\n<strong> Ku przewrotno\u015bci i ob\u0142udzie jakiejkolwiek<\/strong><\/p>\n<p style=\"text-align: center;\"><a href=\"https:\/\/youtu.be\/hZ-OGlktoG4\"><em><strong>Lady Pank &#8211; Prawda i serce<\/strong><\/em><\/a><\/p>\n","protected":false},"excerpt":{"rendered":"<p>Prawdziwe serce \/ na d\u0142oni mie\u0107 1. Powiedzia\u0142 Pan Nie b\u0119dziesz wystawia\u0142 na pr\u00f3b\u0119 Pana Boga swego Nie b\u0119dziesz Go pr\u00f3bowa\u0142 w czynionym z\u0142u Jednym&hellip; <\/p>\n","protected":false},"author":1,"featured_media":0,"parent":0,"menu_order":0,"comment_status":"closed","ping_status":"closed","template":"","meta":{"footnotes":""},"class_list":["post-5001","page","type-page","status-publish","hentry"],"_links":{"self":[{"href":"https:\/\/hubertpietka.bialystok.pl\/index.php?rest_route=\/wp\/v2\/pages\/5001","targetHints":{"allow":["GET"]}}],"collection":[{"href":"https:\/\/hubertpietka.bialystok.pl\/index.php?rest_route=\/wp\/v2\/pages"}],"about":[{"href":"https:\/\/hubertpietka.bialystok.pl\/index.php?rest_route=\/wp\/v2\/types\/page"}],"author":[{"embeddable":true,"href":"https:\/\/hubertpietka.bialystok.pl\/index.php?rest_route=\/wp\/v2\/users\/1"}],"replies":[{"embeddable":true,"href":"https:\/\/hubertpietka.bialystok.pl\/index.php?rest_route=%2Fwp%2Fv2%2Fcomments&post=5001"}],"version-history":[{"count":3,"href":"https:\/\/hubertpietka.bialystok.pl\/index.php?rest_route=\/wp\/v2\/pages\/5001\/revisions"}],"predecessor-version":[{"id":5005,"href":"https:\/\/hubertpietka.bialystok.pl\/index.php?rest_route=\/wp\/v2\/pages\/5001\/revisions\/5005"}],"wp:attachment":[{"href":"https:\/\/hubertpietka.bialystok.pl\/index.php?rest_route=%2Fwp%2Fv2%2Fmedia&parent=5001"}],"curies":[{"name":"wp","href":"https:\/\/api.w.org\/{rel}","templated":true}]}}