{"id":5011,"date":"2021-12-13T23:12:48","date_gmt":"2021-12-13T23:12:48","guid":{"rendered":"http:\/\/hubertpietka.bialystok.pl\/?page_id=5011"},"modified":"2021-12-13T23:12:48","modified_gmt":"2021-12-13T23:12:48","slug":"symboliczna-rocznica-walki-komunistow-z-narodem-polskim","status":"publish","type":"page","link":"https:\/\/hubertpietka.bialystok.pl\/?page_id=5011","title":{"rendered":"Symboliczna rocznica \/ walki komunist\u00f3w z narodem polskim"},"content":{"rendered":"<p><em><strong>Symboliczna rocznica \/ walki komunist\u00f3w z narodem polskim<\/strong><\/em><\/p>\n<p>Dlaczego dla socjalist\u00f3w wszelkiej ma\u015bci<br \/>\n40 rocznica wprowadzenia stanu wojennego<br \/>\nW komunistycznym PRL-u<br \/>\nNie jest tzw. <em>wielk\u0105 czterdziestolatk\u0105<\/em><\/p>\n<p>Poniewa\u017c to wtedy zacz\u0119to si\u0119 rozprawia\u0107 krwawo<br \/>\nI wszelkimi mo\u017cliwymi sposobami<br \/>\nPrzez komunistyczny aparat represji<br \/>\nZ <em>solidarno\u015bciow\u0105<\/em> opozycj\u0105<\/p>\n<p>A mit \u017ce <em>wielki brat<\/em> by wkroczy\u0142<br \/>\nBy\u0142 w\u0142a\u015bnie po to<br \/>\nBy bez pardonu rozprawi\u0107 si\u0119<br \/>\nZe sprzeciwem narodu<\/p>\n<p>Na ulicach wojsko i milicja<br \/>\nGodzina policyjna w\u0142a\u015bnie po to<br \/>\nBy zastraszy\u0107 nar\u00f3d<br \/>\nKt\u00f3ry zacz\u0105\u0142 i\u015b\u0107 drog\u0105 w\u0142asn\u0105<\/p>\n<p><strong>Tutaj chc\u0119 ho\u0142d odda\u0107<\/strong><br \/>\n<strong> Wszystkim poleg\u0142ym wtedy<\/strong><br \/>\n<strong> Represjonowanym na r\u00f3\u017cne sposoby<\/strong><br \/>\n<strong> Uwi\u0119zionym internowanym pozbawionym \u017ar\u00f3de\u0142 \u017cycia<\/strong><\/p>\n<p><strong><a href=\"http:\/\/hubertpietka.bialystok.pl\/wp-content\/uploads\/2021\/12\/IMG_20211213_234802.jpg\"><img loading=\"lazy\" decoding=\"async\" class=\"alignnone size-thumbnail wp-image-5012\" src=\"http:\/\/hubertpietka.bialystok.pl\/wp-content\/uploads\/2021\/12\/IMG_20211213_234802-150x150.jpg\" alt=\"\" width=\"150\" height=\"150\" srcset=\"https:\/\/hubertpietka.bialystok.pl\/wp-content\/uploads\/2021\/12\/IMG_20211213_234802-150x150.jpg 150w, https:\/\/hubertpietka.bialystok.pl\/wp-content\/uploads\/2021\/12\/IMG_20211213_234802-75x75.jpg 75w\" sizes=\"auto, (max-width: 150px) 100vw, 150px\" \/><\/a><\/strong><\/p>\n<p><em>Na zdj. B\u0142. ks. Jerzy Popie\u0142uszko<\/em><br \/>\n<em> Przy katedrze bia\u0142ostockiej<\/em><br \/>\n<em> On sta\u0142 si\u0119 kolejn\u0105 ofiar\u0105<\/em><br \/>\n<em> Przed\u0142u\u017cania wojennego stanu<\/em><br \/>\n<em> Nie da\u0142 si\u0119 z\u0142ama\u0107<\/em><br \/>\n<em> Jak i tylu wtedy innych<\/em><br \/>\n<em> Wi\u0119c postanowili go wyko\u0144czy\u0107<\/em><br \/>\n<em> Nie wiedzieli \u017ce tym samym<\/em><br \/>\n<em> Przez t\u0105 i inne ofiary<\/em><br \/>\n<em> System ideologii komunistycznej<\/em><br \/>\n<em> Od wewn\u0105trz si\u0119 rozsadza\u0142<\/em><\/p>\n<p><em>Matko Sprawiedliwo\u015bci i Solidarno\u015bci Spo\u0142ecznej<\/em><br \/>\n<em> Systemy kt\u00f3re nie s\u0105 budowane na prawdzie<\/em><br \/>\n<em> Wcze\u015bniej czy p\u00f3\u017aniej si\u0119 rozpadn\u0105<\/em><br \/>\n<em> Poch\u0142aniaj\u0105 r\u00f3\u017cne ofiary nie wiedz\u0105c<\/em><br \/>\n<em> \u017be to je od \u015brodka rozsadza \u015bwiat\u0142em<\/em><br \/>\n<em> Kt\u00f3re emituje si\u0119 z si\u0142\u0105 ogromn\u0105<\/em><br \/>\n<em> Od tych ofiar paradoksalnie w\u0142a\u015bnie<\/em><br \/>\n<em> Spraw to o Matko<\/em><br \/>\n<em> By sprawiedliwo\u015b\u0107 dziejowa<\/em><br \/>\n<em> Otwiera\u0142a drog\u0119 ku prawdzie<\/em><br \/>\n<em> I lepszej przysz\u0142o\u015bci Polski<\/em><\/p>\n<p style=\"text-align: center;\"><a href=\"https:\/\/youtu.be\/lUyvvjbehf4\"><strong><i>Z\u0142o dobrem zwyci\u0119\u017caj &#8211; Revolucja<\/i><\/strong><\/a><\/p>\n","protected":false},"excerpt":{"rendered":"<p>Symboliczna rocznica \/ walki komunist\u00f3w z narodem polskim Dlaczego dla socjalist\u00f3w wszelkiej ma\u015bci 40 rocznica wprowadzenia stanu wojennego W komunistycznym PRL-u Nie jest tzw. wielk\u0105&hellip; <\/p>\n","protected":false},"author":1,"featured_media":0,"parent":0,"menu_order":0,"comment_status":"closed","ping_status":"closed","template":"","meta":{"footnotes":""},"class_list":["post-5011","page","type-page","status-publish","hentry"],"_links":{"self":[{"href":"https:\/\/hubertpietka.bialystok.pl\/index.php?rest_route=\/wp\/v2\/pages\/5011","targetHints":{"allow":["GET"]}}],"collection":[{"href":"https:\/\/hubertpietka.bialystok.pl\/index.php?rest_route=\/wp\/v2\/pages"}],"about":[{"href":"https:\/\/hubertpietka.bialystok.pl\/index.php?rest_route=\/wp\/v2\/types\/page"}],"author":[{"embeddable":true,"href":"https:\/\/hubertpietka.bialystok.pl\/index.php?rest_route=\/wp\/v2\/users\/1"}],"replies":[{"embeddable":true,"href":"https:\/\/hubertpietka.bialystok.pl\/index.php?rest_route=%2Fwp%2Fv2%2Fcomments&post=5011"}],"version-history":[{"count":1,"href":"https:\/\/hubertpietka.bialystok.pl\/index.php?rest_route=\/wp\/v2\/pages\/5011\/revisions"}],"predecessor-version":[{"id":5013,"href":"https:\/\/hubertpietka.bialystok.pl\/index.php?rest_route=\/wp\/v2\/pages\/5011\/revisions\/5013"}],"wp:attachment":[{"href":"https:\/\/hubertpietka.bialystok.pl\/index.php?rest_route=%2Fwp%2Fv2%2Fmedia&parent=5011"}],"curies":[{"name":"wp","href":"https:\/\/api.w.org\/{rel}","templated":true}]}}