{"id":5017,"date":"2021-12-14T18:28:10","date_gmt":"2021-12-14T18:28:10","guid":{"rendered":"http:\/\/hubertpietka.bialystok.pl\/?page_id=5017"},"modified":"2021-12-14T18:28:10","modified_gmt":"2021-12-14T18:28:10","slug":"tajemnica-duchowe-ciemnosci-a-nieprawosci","status":"publish","type":"page","link":"https:\/\/hubertpietka.bialystok.pl\/?page_id=5017","title":{"rendered":"Tajemnica \/ duchowe ciemno\u015bci a nieprawo\u015bci"},"content":{"rendered":"<p><em><strong>Tajemnica \/ duchowe ciemno\u015bci a nieprawo\u015bci<\/strong><\/em><\/p>\n<p>Mam wra\u017cenie od czasu jakiego\u015b<br \/>\n\u017be ciemno\u015bci wielkie \u015bwiat ogarn\u0119\u0142y<br \/>\nI nie chodzi mi tu tylko o pandemi\u0119 covida<br \/>\nA raczej o duchow\u0105 stron\u0119 tej sprawy<\/p>\n<p>Tym kt\u00f3rzy prze\u017cywaj\u0105<br \/>\nCiemn\u0105 wiary noc duchow\u0105<br \/>\nChcia\u0142bym powiedzie\u0107 \u017ce<br \/>\nTak jest zawsze<br \/>\nPrzed przyj\u015bciem \u015bwiat\u0142a w \u017cycie<\/p>\n<p>Drog\u0119 cz\u0142owieka mo\u017cna por\u00f3wna\u0107 teraz<br \/>\nDo nocnego szlaku<br \/>\nEkstremalna droga krzy\u017cowa swoista<br \/>\nCzasem na niebie za\u015bwiec\u0105 ksi\u0119\u017cyc i gwiazdy<br \/>\nTo B\u00f3g pocieszenia daje<br \/>\nA czasem niebo chmury ciemne przys\u0142aniaj\u0105<br \/>\nZimny wiatr zawieje deszcz pada rozp\u0119ta si\u0119 burza<br \/>\nW pewnym momencie na kamieniu mo\u017cna przysi\u0105\u015b\u0107<br \/>\nI kromka chleba \u0142yk wody orze\u017awiaj\u0105 zmys\u0142y<br \/>\nLecz zawsze trzeba si\u0119 stara\u0107 zachowa\u0107 przytomno\u015b\u0107 umys\u0142u<br \/>\nI po prostu i\u015b\u0107<br \/>\nDo rana do \u015bwiat\u0142a<br \/>\nA na ko\u0144cu uczta Pa\u0144ska<\/p>\n<p>Takie refleksje zrodzi\u0142y si\u0119 dzi\u015b u mnie<br \/>\nNa kanwie dzisiejszego wspomnienia \u015bw. Jana od Krzy\u017ca<br \/>\nMi te\u017c od d\u0142u\u017cszego ju\u017c czasu \u0142atwo nie jest<br \/>\nI bliskim moim podobnie\u017c<br \/>\n\u015aw. Jan od Krzy\u017ca prze\u017cy\u0142 tak\u0105 noc duchow\u0105<br \/>\nPrzed reform\u0105 wielk\u0105 zakonu karmelita\u0144skiego<br \/>\nMusia\u0142 prze\u017cy\u0107 t\u0119 noc<br \/>\nBy otrzyma\u0107 \u015bwiat\u0142u<br \/>\nTak mu potrzebne<br \/>\nDla wielkich dzie\u0142 Bo\u017cych<br \/>\nI tak jest w \u017cyciu cz\u0142owieka wiary<br \/>\nPan B\u00f3g ciemno\u015b\u0107 duchow\u0105 daje po to<br \/>\nBy cz\u0142owiek dojrza\u0142<br \/>\nDo pe\u0142nego wsp\u00f3\u0142dzia\u0142ania z Bogiem<br \/>\nW \u015bwiat\u0142o\u015bci Ducha ju\u017c tu na ziemi<br \/>\nTak\u017ce tym chcia\u0142bym was pocieszy\u0107<\/p>\n<hr \/>\n<p>Paradoksalnie my\u015bl\u0119 \u017ce w gorszej sytuacji ni\u017c<br \/>\nDo\u015bwiadczaj\u0105cy duchowych ciemno\u015bci wiary<br \/>\nS\u0105 ci kt\u00f3rzy dopuszczaj\u0105 si\u0119 r\u00f3\u017cnych nieprawo\u015bci<br \/>\nI ho\u0142duj\u0105 z\u0142u<br \/>\nMimo \u017ce oni s\u0105 teraz na g\u00f3rze<br \/>\nAle spadn\u0105 bardzo nisko<br \/>\nTaki przyk\u0142ad<\/p>\n<p>Jakich \u017ce rozmiar\u00f3w kosmicznych pycha by\u0107 mo\u017ce<br \/>\nZaobserwowa\u0142em to na pewnym przyk\u0142adzie<br \/>\n\u017be mszcz\u0105c si\u0119 na Bogu ducha winnych<br \/>\nJeszcze my\u015bli \u017ce Bogu s\u0142u\u017cy<br \/>\nBo kto\u015b w jego mniemaniu<br \/>\nWykroczy\u0142 przeciwko jego egoizmowi<br \/>\nI to mimo \u017ce czyni\u0142 mu zawsze dobro samo<\/p>\n<p>I mimo \u017ce dotkni\u0119tym pych\u0105<br \/>\nSi\u0119 wydaje \u017ce gwiazd si\u0119gaj\u0105<br \/>\nTo ja jednak wol\u0119 by\u0107 w duchowych ciemno\u015bciach wiary<br \/>\nAle w pokorze przed Bogiem<br \/>\nI cho\u0107 na ni\u017cu<br \/>\nTo trwa\u0107 w prawdzie<br \/>\nA nie urojeniach wy\u017cszo\u015bci w\u0142asnej<br \/>\nW\u0142a\u015bciwy stan rzeczy<br \/>\nTrzeba przywraca\u0107<br \/>\nI B\u00f3g tego dokona<br \/>\nW swoim czasie<\/p>\n<p><a href=\"http:\/\/hubertpietka.bialystok.pl\/wp-content\/uploads\/2021\/12\/IMG_20211214_191623.jpg\"><img loading=\"lazy\" decoding=\"async\" class=\"alignnone size-thumbnail wp-image-5018\" src=\"http:\/\/hubertpietka.bialystok.pl\/wp-content\/uploads\/2021\/12\/IMG_20211214_191623-150x150.jpg\" alt=\"\" width=\"150\" height=\"150\" srcset=\"https:\/\/hubertpietka.bialystok.pl\/wp-content\/uploads\/2021\/12\/IMG_20211214_191623-150x150.jpg 150w, https:\/\/hubertpietka.bialystok.pl\/wp-content\/uploads\/2021\/12\/IMG_20211214_191623-75x75.jpg 75w\" sizes=\"auto, (max-width: 150px) 100vw, 150px\" \/><\/a><\/p>\n<p><em>Na zdj. Maryja Niepokalana<\/em><br \/>\n<em> W kieleckim ko\u015bciele pod jej wezwaniem<\/em><br \/>\n<em> Maryja pomaga w tym by<\/em><br \/>\n<em> W\u0142a\u015bciwy stan rzeczy okre\u015bla\u0107<\/em><br \/>\n<em> I swoje miejsce w tym<\/em><br \/>\n<em> Maryja pomaga by we wszystkim<\/em><br \/>\n<em> Stara\u0107 si\u0119 mie\u0107 dobr\u0105 miar\u0119<\/em><br \/>\n<em> Prowad\u017a Maryjo \u015bcie\u017ckami<\/em><br \/>\n<em> Prawdziwej i pokornej wiary<\/em><br \/>\n<em>Ave Niepokalana ave<\/em><\/p>\n<p><a href=\"https:\/\/youtu.be\/QXUsBf5GutA\"><strong><em>Niepokalane Serce Maryi &#8211; Guadalupe<\/em><\/strong><\/a><\/p>\n","protected":false},"excerpt":{"rendered":"<p>Tajemnica \/ duchowe ciemno\u015bci a nieprawo\u015bci Mam wra\u017cenie od czasu jakiego\u015b \u017be ciemno\u015bci wielkie \u015bwiat ogarn\u0119\u0142y I nie chodzi mi tu tylko o pandemi\u0119 covida&hellip; <\/p>\n","protected":false},"author":1,"featured_media":0,"parent":0,"menu_order":0,"comment_status":"closed","ping_status":"closed","template":"","meta":{"footnotes":""},"class_list":["post-5017","page","type-page","status-publish","hentry"],"_links":{"self":[{"href":"https:\/\/hubertpietka.bialystok.pl\/index.php?rest_route=\/wp\/v2\/pages\/5017","targetHints":{"allow":["GET"]}}],"collection":[{"href":"https:\/\/hubertpietka.bialystok.pl\/index.php?rest_route=\/wp\/v2\/pages"}],"about":[{"href":"https:\/\/hubertpietka.bialystok.pl\/index.php?rest_route=\/wp\/v2\/types\/page"}],"author":[{"embeddable":true,"href":"https:\/\/hubertpietka.bialystok.pl\/index.php?rest_route=\/wp\/v2\/users\/1"}],"replies":[{"embeddable":true,"href":"https:\/\/hubertpietka.bialystok.pl\/index.php?rest_route=%2Fwp%2Fv2%2Fcomments&post=5017"}],"version-history":[{"count":1,"href":"https:\/\/hubertpietka.bialystok.pl\/index.php?rest_route=\/wp\/v2\/pages\/5017\/revisions"}],"predecessor-version":[{"id":5019,"href":"https:\/\/hubertpietka.bialystok.pl\/index.php?rest_route=\/wp\/v2\/pages\/5017\/revisions\/5019"}],"wp:attachment":[{"href":"https:\/\/hubertpietka.bialystok.pl\/index.php?rest_route=%2Fwp%2Fv2%2Fmedia&parent=5017"}],"curies":[{"name":"wp","href":"https:\/\/api.w.org\/{rel}","templated":true}]}}