{"id":5030,"date":"2021-12-16T00:39:43","date_gmt":"2021-12-16T00:39:43","guid":{"rendered":"http:\/\/hubertpietka.bialystok.pl\/?page_id=5030"},"modified":"2021-12-16T00:40:08","modified_gmt":"2021-12-16T00:40:08","slug":"5030-2","status":"publish","type":"page","link":"https:\/\/hubertpietka.bialystok.pl\/?page_id=5030","title":{"rendered":"A tak \/ wyrodna matka"},"content":{"rendered":"<p><em><strong>A tak \/ wyrodna matka<\/strong><\/em><\/p>\n<p>Jutro wyjecha\u0107 musz\u0119<br \/>\nI nie b\u0119dzie mnie troch\u0119<br \/>\nZostawiam tu blisk\u0105 mi osob\u0119<br \/>\nZ cz\u0142owiekiem kt\u00f3ry niestety<br \/>\nNie jest jej przyjacielem<br \/>\nMimo \u017ce by\u0107 powinien<br \/>\nA tym bardziej moim<br \/>\nMimo \u017ce nic mu z\u0142ego nie zrobi\u0142em<br \/>\nWi\u0119c dr\u017c\u0119 troch\u0119 z tego w\u0142a\u015bnie powodu<br \/>\n\u017be zostawiam tu moj\u0105 \u017con\u0119<br \/>\nI inwentarz \u017cywy i nieruchomy<br \/>\nW pewnym sensie na swoist\u0105 pastw\u0119 losu<br \/>\nAle je\u015bli cokolwiek cokolwieczunio<br \/>\nTo ja b\u0119d\u0119 wiedzia\u0142 co mam zrobi\u0107 z tym<\/p>\n<hr \/>\n<p>Wyobra\u017a sobie \u017ce b\u0119d\u0105c dzieckiem<br \/>\nMatka nie przytula ci\u0119 nigdy<\/p>\n<p>Wyobra\u017a sobie \u017ce b\u0119d\u0105c doros\u0142ym<br \/>\nU\u015bwiadamiasz sobie<br \/>\n\u017be raz w jakim\u015b przyp\u0142ywie<br \/>\nPowiedzia\u0142a ci tylko \u017ce kocha<\/p>\n<p>Wyobra\u017a sobie \u017ce w tym samym czasie<br \/>\n100 razy powtarza ona to swemu psu na dzie\u0144<\/p>\n<p>Jak by\u015b si\u0119 czu\u0142<br \/>\nCzy nie zmrozi\u0142by ci\u0119 l\u00f3d<br \/>\nCzy by\u015b cz\u0142owiekiem by\u0142 prostym i otwartym<br \/>\nA na dodatek ona ci\u0105gle z tob\u0105 walczy<\/p>\n<p><a href=\"http:\/\/hubertpietka.bialystok.pl\/wp-content\/uploads\/2021\/12\/IMG_20211216_011310.jpg\"><img loading=\"lazy\" decoding=\"async\" class=\"alignnone size-thumbnail wp-image-5025\" src=\"http:\/\/hubertpietka.bialystok.pl\/wp-content\/uploads\/2021\/12\/IMG_20211216_011310-150x150.jpg\" alt=\"\" width=\"150\" height=\"150\" srcset=\"https:\/\/hubertpietka.bialystok.pl\/wp-content\/uploads\/2021\/12\/IMG_20211216_011310-150x150.jpg 150w, https:\/\/hubertpietka.bialystok.pl\/wp-content\/uploads\/2021\/12\/IMG_20211216_011310-75x75.jpg 75w\" sizes=\"auto, (max-width: 150px) 100vw, 150px\" \/><\/a><\/p>\n<p><em>Na zdj. Nasz piesek Dumka<\/em><br \/>\n<em>Wylajtowana wieczoru kt\u00f3rego\u015b pi\u0119knie<\/em><br \/>\n<em>A mamy i koz\u0119 i dwa ma\u0142e kotki<\/em><br \/>\n<em>Bo pozosta\u0142e s\u0105 kogo\u015b<\/em><br \/>\n<em>I Mi\u015bka po s\u0105siedzku<\/em><br \/>\n<em>Kt\u00f3ry wczoraj w nocy dosta\u0142<\/em><br \/>\n<em>Ale ca\u0142e szcz\u0119\u015bcie wyliza\u0142 si\u0119<\/em><br \/>\n<em>I tu ca\u0142y prawie dobytek<\/em><br \/>\n<em>Dr\u017c\u0119 troch\u0119<\/em><br \/>\n<em>Kiedy opuszczam \u017con\u0119 i to wszystko tu<\/em><\/p>\n<p><em>\u00a0Maryjo Matko \u017bycia<br \/>\nTo wszystko co winno<br \/>\nBy\u0107 podtrzymane w \u017cyciu podtrzymuj<br \/>\nJezu ufam Tobie<br \/>\nAve Maryja<br \/>\nWam powierzam najbli\u017csz\u0105 mi osob\u0119<br \/>\nI dobytek ten<\/em><\/p>\n<p style=\"text-align: right;\"><a href=\"https:\/\/youtu.be\/1Q3N1oAGIu4\"><strong><i>Hey &#8211; Misie<\/i><\/strong><\/a>(k)<\/p>\n","protected":false},"excerpt":{"rendered":"<p>A tak \/ wyrodna matka Jutro wyjecha\u0107 musz\u0119 I nie b\u0119dzie mnie troch\u0119 Zostawiam tu blisk\u0105 mi osob\u0119 Z cz\u0142owiekiem kt\u00f3ry niestety Nie jest jej&hellip; <\/p>\n","protected":false},"author":1,"featured_media":0,"parent":0,"menu_order":0,"comment_status":"closed","ping_status":"closed","template":"","meta":{"footnotes":""},"class_list":["post-5030","page","type-page","status-publish","hentry"],"_links":{"self":[{"href":"https:\/\/hubertpietka.bialystok.pl\/index.php?rest_route=\/wp\/v2\/pages\/5030","targetHints":{"allow":["GET"]}}],"collection":[{"href":"https:\/\/hubertpietka.bialystok.pl\/index.php?rest_route=\/wp\/v2\/pages"}],"about":[{"href":"https:\/\/hubertpietka.bialystok.pl\/index.php?rest_route=\/wp\/v2\/types\/page"}],"author":[{"embeddable":true,"href":"https:\/\/hubertpietka.bialystok.pl\/index.php?rest_route=\/wp\/v2\/users\/1"}],"replies":[{"embeddable":true,"href":"https:\/\/hubertpietka.bialystok.pl\/index.php?rest_route=%2Fwp%2Fv2%2Fcomments&post=5030"}],"version-history":[{"count":2,"href":"https:\/\/hubertpietka.bialystok.pl\/index.php?rest_route=\/wp\/v2\/pages\/5030\/revisions"}],"predecessor-version":[{"id":5032,"href":"https:\/\/hubertpietka.bialystok.pl\/index.php?rest_route=\/wp\/v2\/pages\/5030\/revisions\/5032"}],"wp:attachment":[{"href":"https:\/\/hubertpietka.bialystok.pl\/index.php?rest_route=%2Fwp%2Fv2%2Fmedia&parent=5030"}],"curies":[{"name":"wp","href":"https:\/\/api.w.org\/{rel}","templated":true}]}}