{"id":504,"date":"2017-07-08T09:46:11","date_gmt":"2017-07-08T09:46:11","guid":{"rendered":"http:\/\/hubertpietka.bialystok.pl\/?page_id=504"},"modified":"2017-07-14T13:05:50","modified_gmt":"2017-07-14T13:05:50","slug":"la-vien-en-velours-autobiografia-aksamitna","status":"publish","type":"page","link":"https:\/\/hubertpietka.bialystok.pl\/?page_id=504","title":{"rendered":"La vien en velours &#8211; Autobiografia aksamitna"},"content":{"rendered":"<p style=\"text-align: center;\"><em><strong>La vie en velours &#8211;<\/strong><\/em><\/p>\n<p style=\"text-align: center;\"><em><strong>\/Autobiografia Aksamitna\/<\/strong><\/em><\/p>\n<p>&nbsp;<\/p>\n<p>&#8211; w Bia\u0142ymstoku urodzony;<\/p>\n<p>lecz po urodzeniu z rodzin\u0105 do Ma\u0142opolski przesiedlony.<\/p>\n<p>&nbsp;<\/p>\n<p>Tam szko\u0142\u0119 podstawow\u0105 uko\u0144czy\u0142.<\/p>\n<p>Trenowa\u0142 pi\u0142k\u0119 no\u017cn\u0105 w klubie i szkole pi\u0142karskiej.<\/p>\n<p>&nbsp;<\/p>\n<p>Nast\u0119pnie wr\u00f3ci\u0142 do miejsca urodzenia.<\/p>\n<p>W liceum zacz\u0105\u0142 pisa\u0107 i muzyk\u0119 docenia\u0107.<\/p>\n<p>&nbsp;<\/p>\n<p>Potem studia polonistyczne i przerwa w \u017cyciorysie.<\/p>\n<p>Powr\u00f3t i doko\u0144czenie przygody literackiej ju\u017c finalnie.<\/p>\n<p>&nbsp;<\/p>\n<p>Po studiach praca w szkole i w bibliotece.<\/p>\n<p>Potem w mi\u0119dzyczasie w ksi\u0119garniach, ochronie i w firmie ubezpieczeniowej.<\/p>\n<p>&nbsp;<\/p>\n<p>Zacz\u0105\u0142 prac\u0119 w bibliotece wojew\u00f3dzkiej.<\/p>\n<p>Najpierw w czytelni czasopism zapozna\u0142 si\u0119 z wydawniczym rynkiem.<\/p>\n<p>&nbsp;<\/p>\n<p>Sko\u0144czy\u0142 podyplom\u00f3wk\u0119 z historii \u2013 wedle swego upodobania.<\/p>\n<p>A nast\u0119pnie bibliotekarstwo \u2013 dla pracy uznania.<\/p>\n<p>&nbsp;<\/p>\n<p>Swe kompetencje powi\u0119kszy\u0142 o informatyk\u0119<\/p>\n<p>i certyfikatem zako\u0144czony -kurs angielskiego.<\/p>\n<p>&nbsp;<\/p>\n<p>O\u017ceni\u0142 si\u0119 i trafi\u0142 do dzia\u0142u instrukcyjnego.<\/p>\n<p>Tutaj zrealizowa\u0142 dotychczas uzyskane kompetencje.<\/p>\n<p>&nbsp;<\/p>\n<p>Zdoby\u0142 te\u017c tak wa\u017cne do\u015bwiadczenia.<\/p>\n<p>Realizowa\u0142 siebie i swe natchnienia.<\/p>\n<p>&nbsp;<\/p>\n<p>Jednak ka\u017cde miejsce ma sw\u00f3j czas.<\/p>\n<p>\u015awiadomy tego, administracj\u0119 publiczn\u0105 podj\u0105\u0142 w pewnym celu.<\/p>\n<p>&nbsp;<\/p>\n<p>Dlatego, pozostaj\u0105c w nadziei,<\/p>\n<p>ten \u017cyciorys w t\u0119 w\u0142a\u015bnie stron\u0119 si\u0119 \u201esklei\u0142\u201d.<\/p>\n<p>\ud83d\ude42<\/p>\n<p>&nbsp;<\/p>\n<p style=\"text-align: right;\">Bia\u0142ystok, 01.06.2017 r.<\/p>\n<p style=\"text-align: center;\">\/ Wszyscy jeste\u015bmy dzie\u0107mi &#8211; czyimi\u015b i Bo\u017cymi&#8230;<\/p>\n<p style=\"text-align: center;\">Od nas zale\u017cy, co z tym zrobimy \ud83d\ude42 \/<\/p>\n<p style=\"text-align: left;\"><a href=\"https:\/\/www.youtube.com\/watch?v=zco39I-_wL0\">KSU &#8211; Pod pr\u0105d<\/a><\/p>\n<p style=\"text-align: left;\"><a href=\"https:\/\/www.youtube.com\/watch?v=pxQItsC1r6o&amp;index=9&amp;list=PLeqjnKgjX-NPQtrdnwOHF3bKfqF1hGE2m\">Bia\u0142a Lokomotywa &#8211; E. Stachura \/wyk. M. Ga\u0142\u0105zka\/<\/a><\/p>\n<p style=\"text-align: left;\"><a href=\"https:\/\/www.youtube.com\/watch?v=nmSaGVDsN2A\">E. Stachura &#8211; W\u0119dr\u00f3wk\u0105 \u017cycie jest cz\u0142owieka<\/a><\/p>\n<p style=\"text-align: left;\"><a href=\"https:\/\/www.youtube.com\/watch?v=ye01lcAmwK4\">SDM &#8211; Jak<\/a><\/p>\n<p style=\"text-align: left;\"><a href=\"https:\/\/www.youtube.com\/watch?v=LYBud4hXJI8\">KSU &#8211; Za mg\u0142\u0105<\/a><\/p>\n<p style=\"text-align: left;\"><a href=\"https:\/\/www.youtube.com\/watch?v=HchiXDh21T0\">KSU &#8211; Moje Bieszczady<\/a><\/p>\n<p style=\"text-align: left;\"><a href=\"https:\/\/www.youtube.com\/watch?v=7scH1OQgfBQ\">SDM &#8211; Bieszczadzkie Anio\u0142y<\/a><\/p>\n","protected":false},"excerpt":{"rendered":"<p>La vie en velours &#8211; \/Autobiografia Aksamitna\/ &nbsp; &#8211; w Bia\u0142ymstoku urodzony; lecz po urodzeniu z rodzin\u0105 do Ma\u0142opolski przesiedlony. &nbsp; Tam szko\u0142\u0119 podstawow\u0105 uko\u0144czy\u0142.&hellip; <\/p>\n","protected":false},"author":1,"featured_media":0,"parent":0,"menu_order":0,"comment_status":"closed","ping_status":"closed","template":"","meta":{"footnotes":""},"class_list":["post-504","page","type-page","status-publish","hentry"],"_links":{"self":[{"href":"https:\/\/hubertpietka.bialystok.pl\/index.php?rest_route=\/wp\/v2\/pages\/504","targetHints":{"allow":["GET"]}}],"collection":[{"href":"https:\/\/hubertpietka.bialystok.pl\/index.php?rest_route=\/wp\/v2\/pages"}],"about":[{"href":"https:\/\/hubertpietka.bialystok.pl\/index.php?rest_route=\/wp\/v2\/types\/page"}],"author":[{"embeddable":true,"href":"https:\/\/hubertpietka.bialystok.pl\/index.php?rest_route=\/wp\/v2\/users\/1"}],"replies":[{"embeddable":true,"href":"https:\/\/hubertpietka.bialystok.pl\/index.php?rest_route=%2Fwp%2Fv2%2Fcomments&post=504"}],"version-history":[{"count":6,"href":"https:\/\/hubertpietka.bialystok.pl\/index.php?rest_route=\/wp\/v2\/pages\/504\/revisions"}],"predecessor-version":[{"id":668,"href":"https:\/\/hubertpietka.bialystok.pl\/index.php?rest_route=\/wp\/v2\/pages\/504\/revisions\/668"}],"wp:attachment":[{"href":"https:\/\/hubertpietka.bialystok.pl\/index.php?rest_route=%2Fwp%2Fv2%2Fmedia&parent=504"}],"curies":[{"name":"wp","href":"https:\/\/api.w.org\/{rel}","templated":true}]}}