{"id":5048,"date":"2021-12-19T21:31:20","date_gmt":"2021-12-19T21:31:20","guid":{"rendered":"http:\/\/hubertpietka.bialystok.pl\/?page_id=5048"},"modified":"2021-12-19T21:41:08","modified_gmt":"2021-12-19T21:41:08","slug":"maryja-droga-boga","status":"publish","type":"page","link":"https:\/\/hubertpietka.bialystok.pl\/?page_id=5048","title":{"rendered":"Maryja Bogu droga \/ droga Boga"},"content":{"rendered":"<p><strong>Maryja Bogu droga \/ droga Boga<\/strong><\/p>\n<p><strong>1. Hiperkryzjobola<\/strong><\/p>\n<p>To uporz\u0105dkujmy troch\u0119 fakty<br \/>\nMaj\u0105 przyj\u015b\u0107 ze wzgl\u0119du<br \/>\nNa moj\u0105 mani\u0119 prze\u015bladowcz\u0105<br \/>\nAby mnie chroni\u0107 przed ni\u0105<br \/>\nMaj\u0105 przyj\u015b\u0107<br \/>\nNo tak <em>mi broni\u0107 si\u0119 nie kazano<\/em> przecie\u017c<br \/>\nA moja mania polega na tym w\u0142a\u015bnie<br \/>\n\u017be przyj\u015b\u0107 maj\u0105 lub \u017ce co\u015b z\u0142ego si\u0119 stanie<br \/>\nChocia\u017cby z najbli\u017csz\u0105 mi osob\u0105<br \/>\nWi\u0119c oni maj\u0105 przyj\u015b\u0107<br \/>\nW\u0142a\u015bnie po to by mnie przed t\u0105 mani\u0105 broni\u0107<br \/>\nA potem ju\u017c spokojnie i ze wszystkim porz\u0105dek zrobi\u0107<br \/>\n<strong>Maj\u0105 przyj\u015b\u0107 by mnie broni\u0107<br \/>\nPrzed my\u015bleniem \u017ce przyjd\u0105 oni<\/strong><br \/>\nPo prostu \u015bwiata mistrzostwo<br \/>\n<strong>I nie mo\u017cna mi swoich swego broni\u0107<\/strong><br \/>\n<strong> Bo to te\u017c objaw mani<\/strong><br \/>\nMania to jest ale inna<\/p>\n<p>O moje zdrowie psychiczne dbaj\u0105<br \/>\nZapewne po to by ucich\u0142a jakakolwiek moja aktywno\u015b\u0107<br \/>\nLepiej niech zadbaj\u0105<br \/>\nBy na mnie na nas nasze naszych<br \/>\nNie nastawano<br \/>\nA z psychik\u0105 swoj\u0105 to ja poradz\u0119 sobie<br \/>\nZ Bo\u017c\u0105 pomoc\u0105<\/p>\n<p>A niekt\u00f3rzy to si\u0119 chyba nawet i modl\u0105<br \/>\nMo\u017ce by ze mn\u0105 wreszcie porz\u0105dek zrobiono<br \/>\nAle si\u0119 \u0142udz\u0105 troch\u0119<br \/>\nBo B\u00f3g nie wys\u0142uchuje modlitw<br \/>\nKt\u00f3re maj\u0105 z\u0142o zadawa\u0107 komu\u015b<br \/>\nWi\u0119c do kogo modl\u0105 si\u0119 tak naprawd\u0119 oni<\/p>\n<p><em>Nie ka\u017cdy kto mi m\u00f3wi Panie Panie<\/em><br \/>\nI tak dalej<\/p>\n<p>A poza tym zapewne dalej<br \/>\nWyjd\u0105 im na przeciw<br \/>\nCi kt\u00f3rzy wyj\u015b\u0107 maj\u0105<\/p>\n<p><strong>2. Podr\u00f3\u017c<\/strong><\/p>\n<p>Dzisiaj z Dawid\u00f3w jecha\u0142em<br \/>\nI <em>nieko\u0144cz\u0105ca si\u0119 przygoda<\/em><br \/>\nTu\u017c przed Potworowem<br \/>\nTirka wyprzedzi\u0142em<br \/>\n*H op-[e]l* *<em>hope*<\/em> nadziej\u0119 w Bogu *<em>El*<\/em> mam zawsze<br \/>\nI niech B\u00f3g zwyci\u0119\u017ca<br \/>\nKu Swej chwale<\/p>\n<p><strong>Dzi\u015b \u015bw. Eleonory jest by\u0142o<br \/>\nM\u00f3wili na ni\u0105 *E-iu*<br \/>\nZa nami si\u0119 m\u00f3dl<br \/>\n*Ej <em>you<\/em>*<br \/>\nBo\u017ce m\u00f3j<br \/>\nTy zawsze przy mnie st\u00f3j<br \/>\nAve Maryja Niepokalana<\/strong><\/p>\n<p>Wy\u015bcig wygra\u0142em<br \/>\nTo te\u017c i dlatego uderza\u0107 we mnie trzeba<br \/>\nW nas nasze naszych odpowiednio<br \/>\nOn oni przecie\u017c nie znosz\u0105 \u017cadnych pora\u017cek<br \/>\nTrzeba zap\u0142aci\u0107 za nie<\/p>\n<p><a href=\"http:\/\/hubertpietka.bialystok.pl\/wp-content\/uploads\/2021\/12\/IMG_20211219_223826.jpg\"><img loading=\"lazy\" decoding=\"async\" class=\"alignnone size-thumbnail wp-image-5055\" src=\"http:\/\/hubertpietka.bialystok.pl\/wp-content\/uploads\/2021\/12\/IMG_20211219_223826-150x150.jpg\" alt=\"\" width=\"150\" height=\"150\" srcset=\"https:\/\/hubertpietka.bialystok.pl\/wp-content\/uploads\/2021\/12\/IMG_20211219_223826-150x150.jpg 150w, https:\/\/hubertpietka.bialystok.pl\/wp-content\/uploads\/2021\/12\/IMG_20211219_223826-75x75.jpg 75w\" sizes=\"auto, (max-width: 150px) 100vw, 150px\" \/><\/a><\/p>\n<p><em>Na zdj. Maryja przy ko\u015bciele pod jej wezwaniem Niepokalanej<br \/>\nW Kielcach na Urz\u0119dniczej<br \/>\nOni czyje\u015b b\u0142\u0119dy to potrafi\u0105 dobrze liczy\u0107<br \/>\nNawet je\u015bli nie da\u0142o si\u0119 inaczej<br \/>\nW sytuacji danej<br \/>\nMaryja jest <strong>Bram\u0105 Nieba<\/strong><br \/>\nAle nie tylko<br \/>\nOna jest te\u017c <strong>Drog\u0105 Boga<\/strong><br \/>\nB\u00f3g j\u0105 da\u0142 by i\u015b\u0107 Jego drog\u0105 jak najpi\u0119kniej<br \/>\nWszystko w tobie i Maryjo z tob\u0105<\/em><\/p>\n","protected":false},"excerpt":{"rendered":"<p>Maryja Bogu droga \/ droga Boga 1. Hiperkryzjobola To uporz\u0105dkujmy troch\u0119 fakty Maj\u0105 przyj\u015b\u0107 ze wzgl\u0119du Na moj\u0105 mani\u0119 prze\u015bladowcz\u0105 Aby mnie chroni\u0107 przed ni\u0105&hellip; <\/p>\n","protected":false},"author":1,"featured_media":0,"parent":0,"menu_order":0,"comment_status":"closed","ping_status":"closed","template":"","meta":{"footnotes":""},"class_list":["post-5048","page","type-page","status-publish","hentry"],"_links":{"self":[{"href":"https:\/\/hubertpietka.bialystok.pl\/index.php?rest_route=\/wp\/v2\/pages\/5048","targetHints":{"allow":["GET"]}}],"collection":[{"href":"https:\/\/hubertpietka.bialystok.pl\/index.php?rest_route=\/wp\/v2\/pages"}],"about":[{"href":"https:\/\/hubertpietka.bialystok.pl\/index.php?rest_route=\/wp\/v2\/types\/page"}],"author":[{"embeddable":true,"href":"https:\/\/hubertpietka.bialystok.pl\/index.php?rest_route=\/wp\/v2\/users\/1"}],"replies":[{"embeddable":true,"href":"https:\/\/hubertpietka.bialystok.pl\/index.php?rest_route=%2Fwp%2Fv2%2Fcomments&post=5048"}],"version-history":[{"count":5,"href":"https:\/\/hubertpietka.bialystok.pl\/index.php?rest_route=\/wp\/v2\/pages\/5048\/revisions"}],"predecessor-version":[{"id":5056,"href":"https:\/\/hubertpietka.bialystok.pl\/index.php?rest_route=\/wp\/v2\/pages\/5048\/revisions\/5056"}],"wp:attachment":[{"href":"https:\/\/hubertpietka.bialystok.pl\/index.php?rest_route=%2Fwp%2Fv2%2Fmedia&parent=5048"}],"curies":[{"name":"wp","href":"https:\/\/api.w.org\/{rel}","templated":true}]}}