{"id":5069,"date":"2021-12-24T01:34:08","date_gmt":"2021-12-24T01:34:08","guid":{"rendered":"http:\/\/hubertpietka.bialystok.pl\/?page_id=5069"},"modified":"2021-12-24T02:03:50","modified_gmt":"2021-12-24T02:03:50","slug":"bozonarodzeniowe-zyczenia-jak-sobie-samemu","status":"publish","type":"page","link":"https:\/\/hubertpietka.bialystok.pl\/?page_id=5069","title":{"rendered":"Bo\u017conarodzeniowe \u017cyczenia \/ jak sobie samemu"},"content":{"rendered":"<p><em><strong>Bo\u017conarodzeniowe \u017cyczenia \/ jak sobie samemu<\/strong><\/em><\/p>\n<p>Nie tylko na te \u015awi\u0119ta Bo\u017cego Narodzenia<br \/>\nAle i na ka\u017cdy dzie\u0144<br \/>\n\u017bycz\u0119 wam<\/p>\n<p>Aby nie przyszli po was<br \/>\nAby wam nie wyko\u0144czyli osoby wam najbli\u017cszej<br \/>\nAby nie godzili w waszych i wasze<\/p>\n<p>I aby w waszym otoczeniu w\u015br\u00f3d waszych bliskich<br \/>\nNie by\u0142o nikogo<br \/>\nKto wsp\u00f3\u0142pracuje z nimi<br \/>\nI podk\u0142ada wam przys\u0142owiowe \u015bwinie<\/p>\n<p>Podobno najlepsze \u017cyczenia<br \/>\nS\u0105 jak sobie samemu<\/p>\n<p>A na ten \u015bwi\u0105teczny czas<br \/>\n\u017bycz\u0119 wam<br \/>\nBy mi\u0142o\u015b\u0107 Bo\u017ca was ogarn\u0119\u0142a<br \/>\nA tak\u017ce gorliwo\u015b\u0107 i pokora<br \/>\nPozdrawiam<\/p>\n<p><a href=\"http:\/\/hubertpietka.bialystok.pl\/wp-content\/uploads\/2021\/12\/IMG_20211224_023112.jpg\"><img loading=\"lazy\" decoding=\"async\" class=\"alignnone size-thumbnail wp-image-5070\" src=\"http:\/\/hubertpietka.bialystok.pl\/wp-content\/uploads\/2021\/12\/IMG_20211224_023112-150x150.jpg\" alt=\"\" width=\"150\" height=\"150\" srcset=\"https:\/\/hubertpietka.bialystok.pl\/wp-content\/uploads\/2021\/12\/IMG_20211224_023112-150x150.jpg 150w, https:\/\/hubertpietka.bialystok.pl\/wp-content\/uploads\/2021\/12\/IMG_20211224_023112-75x75.jpg 75w\" sizes=\"auto, (max-width: 150px) 100vw, 150px\" \/><\/a><\/p>\n<p><em>Na zdj. Wielowymiarowa szopka betlejemska<\/em><br \/>\n<em> W kszta\u0142cie Bo\u017conarodzeniowego drzewka pi\u0119kna<\/em><br \/>\n<em> A smok obok<\/em><br \/>\n<em> I w Betlejem czyha\u0142 Herod<\/em><br \/>\n<em> By z\u0142o uczyni\u0107 Dzieci\u0105tku<\/em><br \/>\n<em> Taki paraboliczny obraz<\/em><br \/>\n<em> Z\u0142o jest obok dobra<\/em><\/p>\n<p><strong>Dzi\u015b Adama i Ewy<\/strong><br \/>\n<strong> Ich imiona <em>\u017cycie<\/em> i <em>ziemia<\/em><\/strong><br \/>\n<strong> Sprawy \u015bwiata tego<\/strong><br \/>\n<strong> Niech roz\u015bwietla jasno blask Bo\u017cy<\/strong><br \/>\n<strong> Ku \u017cyciu w prawdzie mi\u0142o\u015bci<\/strong><\/p>\n<p style=\"text-align: center;\"><a href=\"https:\/\/youtu.be\/mzAb3m0a2Sk\"><em><strong>M\u0119skie Granie Orkiestra 2019 (Nosowska, Igo, Organek, Zalewski) &#8211; Sobie i Wam<\/strong><\/em><\/a><\/p>\n<p style=\"text-align: center;\"><a href=\"https:\/\/youtu.be\/w6sLy19GK3w\"><em><strong>Ania Rusowicz i Adam Nowak &#8211; Trudne \u017cyczenia<\/strong><\/em><\/a><\/p>\n","protected":false},"excerpt":{"rendered":"<p>Bo\u017conarodzeniowe \u017cyczenia \/ jak sobie samemu Nie tylko na te \u015awi\u0119ta Bo\u017cego Narodzenia Ale i na ka\u017cdy dzie\u0144 \u017bycz\u0119 wam Aby nie przyszli po was&hellip; <\/p>\n","protected":false},"author":1,"featured_media":0,"parent":0,"menu_order":0,"comment_status":"closed","ping_status":"closed","template":"","meta":{"footnotes":""},"class_list":["post-5069","page","type-page","status-publish","hentry"],"_links":{"self":[{"href":"https:\/\/hubertpietka.bialystok.pl\/index.php?rest_route=\/wp\/v2\/pages\/5069","targetHints":{"allow":["GET"]}}],"collection":[{"href":"https:\/\/hubertpietka.bialystok.pl\/index.php?rest_route=\/wp\/v2\/pages"}],"about":[{"href":"https:\/\/hubertpietka.bialystok.pl\/index.php?rest_route=\/wp\/v2\/types\/page"}],"author":[{"embeddable":true,"href":"https:\/\/hubertpietka.bialystok.pl\/index.php?rest_route=\/wp\/v2\/users\/1"}],"replies":[{"embeddable":true,"href":"https:\/\/hubertpietka.bialystok.pl\/index.php?rest_route=%2Fwp%2Fv2%2Fcomments&post=5069"}],"version-history":[{"count":4,"href":"https:\/\/hubertpietka.bialystok.pl\/index.php?rest_route=\/wp\/v2\/pages\/5069\/revisions"}],"predecessor-version":[{"id":5076,"href":"https:\/\/hubertpietka.bialystok.pl\/index.php?rest_route=\/wp\/v2\/pages\/5069\/revisions\/5076"}],"wp:attachment":[{"href":"https:\/\/hubertpietka.bialystok.pl\/index.php?rest_route=%2Fwp%2Fv2%2Fmedia&parent=5069"}],"curies":[{"name":"wp","href":"https:\/\/api.w.org\/{rel}","templated":true}]}}