{"id":5086,"date":"2021-12-27T22:58:48","date_gmt":"2021-12-27T22:58:48","guid":{"rendered":"http:\/\/hubertpietka.bialystok.pl\/?page_id=5086"},"modified":"2021-12-27T22:58:48","modified_gmt":"2021-12-27T22:58:48","slug":"klucze-do-raju-czy-tez-do-otchlani-dramat","status":"publish","type":"page","link":"https:\/\/hubertpietka.bialystok.pl\/?page_id=5086","title":{"rendered":"Klucze do raju \/ czy te\u017c do otch\u0142ani [Dramat]"},"content":{"rendered":"<p><em><strong>Klucze do raju \/ czy te\u017c do otch\u0142ani [Dramat]<\/strong><\/em><\/p>\n<p><strong>Part 1<\/strong><\/p>\n<p>On:<br \/>\n&#8211; Id\u0105<\/p>\n<p>Narrator:<br \/>\n&#8211; <em>Jeden z pa\u0142\u0105 drugi z dzid\u0105<\/em><br \/>\nA mo\u017ce po prostu i ze strzykawk\u0105<br \/>\nAby unieszkodliwi\u0107 szubrawca<br \/>\nI tam gdzie trzeba go zabra\u0107<\/p>\n<p>Oni:<br \/>\nA) &#8211; *ja nie*<br \/>\nB) &#8211; *ja nie* te\u017c<br \/>\nX) &#8211; i *ja nie*<\/p>\n<p><strong>Part 2<\/strong><\/p>\n<p>On:<br \/>\n&#8211; Idzie<\/p>\n<p>Narrator:<br \/>\n&#8211; A sk\u0105d tak wie<br \/>\nTen wielki wspania\u0142y cz\u0142owiek<br \/>\nKiedy ma wyj\u015b\u0107 im naprzeciw<br \/>\nC\u00f3\u017c za intuicja wspania\u0142a<\/p>\n<p>Wielki wspania\u0142y cz\u0142owiek:<br \/>\n&#8211; *Ja nie*<\/p>\n<p><strong>Part 3<\/strong><\/p>\n<p>On:<br \/>\n&#8211; Jak przyj\u015b\u0107 nie maj\u0105 jak przecie\u017c maj\u0105<br \/>\n<em>Jak nie jak tak<\/em> jak klasyk mawia\u0142<\/p>\n<p>Narrator:<br \/>\n&#8211; On ma ju\u017c nie do\u017cy\u0107 kolejnej wiosny<br \/>\nCo to zreszt\u0105 wiosny<br \/>\nKolejnego roku kalendarzowego nawet<br \/>\nJak go pojmaj\u0105 to bardzo szybko za\u0142atwi\u0105<br \/>\nOczywi\u015bcie przez przypadek<\/p>\n<p>Oni:<br \/>\nA) &#8211; *ja nie*<\/p>\n<p>B) &#8211; *ja nie* te\u017c<\/p>\n<p>X) &#8211; i *ja nie*<\/p>\n<p>Pan B\u00f3g<em>:<\/em><br \/>\n&#8211; A je\u015bli wbrew temu co m\u00f3wi\u0105 oni<br \/>\nKoniec \u015bwiata jednak nast\u0105pi<br \/>\nTo co wtedy<br \/>\nAle to ju\u017c b\u0119dzie po fakcie niestety<br \/>\nCo Ja m\u00f3wi\u0119 a co m\u00f3wi\u0105 ich frazesy<\/p>\n<p><strong>Klucze do rozwi\u0105zania zagadki trudnej<\/strong><\/p>\n<p>1) Jak jest otwarte<br \/>\nTo maj\u0105 zdecydowanie \u0142atwiej<br \/>\nA kt\u00f3\u017c otworzy Panie Bo\u017ce<br \/>\n(Zawsze te\u017c mo\u017cna przez przypadek<br \/>\nChocia\u017cby zapomnienie czy roztargnienie jakie\u015b<br \/>\nNie od\u0142o\u017cy\u0107 kluczy na wyznaczone og\u00f3lnie dost\u0119pne<br \/>\nDla wszystkich miejsce<br \/>\nI koniecznie trzeba otwiera\u0107 bardzo odpowiednio wcze\u015bniej<br \/>\nI p\u00f3\u017aniej zamyka\u0107 po fakcie<br \/>\nAlbo najlepiej niech b\u0119dzie i ca\u0142y dzie\u0144 otwarte<br \/>\nPrzecie\u017c si\u0119 zawsze jaki\u015b pretekst odpowiedni znajdzie)<br \/>\nPo prostu ma by\u0107 otwarte<\/p>\n<p>2) A mo\u017cna te\u017c wzi\u0105\u0107 klucze i k\u0142udk\u0119 ze sob\u0105<br \/>\n\u017beby kto\u015b przypadkiem nie zamkn\u0105\u0142<br \/>\nBo wtedy jest troch\u0119 trudniej<\/p>\n<p>3) Mo\u017cna te\u017c od\u0142o\u017cy\u0107 klucze<br \/>\nPrzez roztargnienie oczywi\u015bcie<br \/>\nGdzie kto\u015b je zamknie<br \/>\nI wtedy dnia nast\u0119pnego<br \/>\nTo dopiero afera b\u0119dzie<br \/>\n\u017be zabrali klucze<br \/>\nZleci si\u0119 p\u00f3\u0142 wsi<br \/>\nW obronie uci\u015bnionego tak bardzo<br \/>\nI sprawc\u0119 zamieszania<br \/>\n\u017be si\u0119 zamyka<br \/>\nSi\u0119 bardzo prawid\u0142owo unieszkodliwi<br \/>\nCzy\u017c nie taka sytuacja<br \/>\nMog\u0142aby si\u0119 jutro zadzia\u0107<br \/>\nJak by nie B\u00f3g<br \/>\nKt\u00f3ry ustrzeg\u0142<br \/>\nPrzed zamkni\u0119ciem tych kluczy<br \/>\nBo g\u0142odne by by\u0142y kotki<br \/>\nI nie mo\u017cna by otworzy\u0107 i furtki<br \/>\nTo by by\u0142a afera dopiero<br \/>\n<em>A\u017c w\u0142os si\u0119 na g\u0142owie jerzy<\/em><\/p>\n<p>On:<br \/>\n&#8211; Jak nie ma otworzy\u0107 i zaprosi\u0107 jak ma<br \/>\nO Panie Bo\u017ce kochany nasz<\/p>\n<p>Pewien wspania\u0142y N:<br \/>\n&#8211; *Ja nie*<\/p>\n<p><strong>\u015aw. *Ja-nie* dzi\u015b wspominany<br \/>\nM\u00f3dl si\u0119 za nami<br \/>\nBo tylko *ja nie i *ja nie*<br \/>\nNie bo sk\u0105d\u017ce<\/strong><\/p>\n<p><strong><a href=\"http:\/\/hubertpietka.bialystok.pl\/wp-content\/uploads\/2021\/12\/IMG_20211227_234443.jpg\"><img loading=\"lazy\" decoding=\"async\" class=\"alignnone size-thumbnail wp-image-5087\" src=\"http:\/\/hubertpietka.bialystok.pl\/wp-content\/uploads\/2021\/12\/IMG_20211227_234443-150x150.jpg\" alt=\"\" width=\"150\" height=\"150\" srcset=\"https:\/\/hubertpietka.bialystok.pl\/wp-content\/uploads\/2021\/12\/IMG_20211227_234443-150x150.jpg 150w, https:\/\/hubertpietka.bialystok.pl\/wp-content\/uploads\/2021\/12\/IMG_20211227_234443-75x75.jpg 75w\" sizes=\"auto, (max-width: 150px) 100vw, 150px\" \/><\/a><\/strong><\/p>\n<p><em>Na zdj. W Pacanowie przy stajence betlejemskiej<br \/>\nPewien domek i\u015bcie rodzajowy<br \/>\nWszystko si\u0119 zgadza<br \/>\nOn i oni i anio\u0142ek<br \/>\nTylko trzeba przyprawi\u0107 ro\u017cki mu i ju\u017c<\/em><\/p>\n<p>(\u00a0<a href=\"https:\/\/youtu.be\/9tgVjdAwDgA\"><strong><em>Anio\u0142 i diabe\u0142 &#8211; piosenki turystyczne<\/em><\/strong><\/a>\u00a0)<\/p>\n","protected":false},"excerpt":{"rendered":"<p>Klucze do raju \/ czy te\u017c do otch\u0142ani [Dramat] Part 1 On: &#8211; Id\u0105 Narrator: &#8211; Jeden z pa\u0142\u0105 drugi z dzid\u0105 A mo\u017ce po&hellip; <\/p>\n","protected":false},"author":1,"featured_media":0,"parent":0,"menu_order":0,"comment_status":"closed","ping_status":"closed","template":"","meta":{"footnotes":""},"class_list":["post-5086","page","type-page","status-publish","hentry"],"_links":{"self":[{"href":"https:\/\/hubertpietka.bialystok.pl\/index.php?rest_route=\/wp\/v2\/pages\/5086","targetHints":{"allow":["GET"]}}],"collection":[{"href":"https:\/\/hubertpietka.bialystok.pl\/index.php?rest_route=\/wp\/v2\/pages"}],"about":[{"href":"https:\/\/hubertpietka.bialystok.pl\/index.php?rest_route=\/wp\/v2\/types\/page"}],"author":[{"embeddable":true,"href":"https:\/\/hubertpietka.bialystok.pl\/index.php?rest_route=\/wp\/v2\/users\/1"}],"replies":[{"embeddable":true,"href":"https:\/\/hubertpietka.bialystok.pl\/index.php?rest_route=%2Fwp%2Fv2%2Fcomments&post=5086"}],"version-history":[{"count":1,"href":"https:\/\/hubertpietka.bialystok.pl\/index.php?rest_route=\/wp\/v2\/pages\/5086\/revisions"}],"predecessor-version":[{"id":5088,"href":"https:\/\/hubertpietka.bialystok.pl\/index.php?rest_route=\/wp\/v2\/pages\/5086\/revisions\/5088"}],"wp:attachment":[{"href":"https:\/\/hubertpietka.bialystok.pl\/index.php?rest_route=%2Fwp%2Fv2%2Fmedia&parent=5086"}],"curies":[{"name":"wp","href":"https:\/\/api.w.org\/{rel}","templated":true}]}}