{"id":5092,"date":"2021-12-28T09:22:49","date_gmt":"2021-12-28T09:22:49","guid":{"rendered":"http:\/\/hubertpietka.bialystok.pl\/?page_id=5092"},"modified":"2021-12-28T12:31:39","modified_gmt":"2021-12-28T12:31:39","slug":"scenariusze-grubymi-nicmi-szyte","status":"publish","type":"page","link":"https:\/\/hubertpietka.bialystok.pl\/?page_id=5092","title":{"rendered":"Scenariusze \/ grubymi ni\u0107mi szyte"},"content":{"rendered":"<p><em><strong>Scenariusze \/ grubymi ni\u0107mi szyte<\/strong><\/em><\/p>\n<p>Przyj\u015b\u0107 maj\u0105<br \/>\nBy wzi\u0105\u0107 w obron\u0119 pewn\u0105 wspania\u0142\u0105 osob\u0119<br \/>\nKt\u00f3ra tyle doznaje od nas r\u00f3\u017cnych niesprawiedliwo\u015bci<br \/>\nA przecie\u017c jest osob\u0105 starsz\u0105<br \/>\nI w stopniu znacznym niepe\u0142nosprawn\u0105<br \/>\nTo nic \u017ce t\u0105 niepe\u0142nosprawno\u015b\u0107 kupi\u0142a sobie<br \/>\nTrzeba j\u0105 wzi\u0105\u0107 w obron\u0119<br \/>\nA przy okazji z nami zrobi\u0107 odpowiedni porz\u0105dek<\/p>\n<p>Tak si\u0119 jednak sk\u0142ada \u017ce<br \/>\nMy nic z\u0142ego nie zrobili\u015bmy osobie tej<br \/>\nTo raczej w nas si\u0119 odpowiednio godzi<br \/>\nTak\u017ce za po\u015brednictwem tej wspania\u0142ej pewnej osoby<br \/>\nAle najwa\u017cniejsze jest \u017ce tej osoby kotki<br \/>\nZaopiekowane s\u0105 wspaniale<br \/>\nA z nami st\u0105d precz<br \/>\nNo przecie\u017c<br \/>\nI z tego \u015bwiata te\u017c<\/p>\n<p><strong>Dzisiaj wspominany jest \u015bw. *Te-o-nas*<\/strong><br \/>\n<strong> *Te o nas* zabiegaj\u0105 aby uczyni\u0107 nam bardzo odpowiednio<\/strong><br \/>\n<strong> Wyko\u0144czy\u0107 moj\u0105 najbli\u017csz\u0105<\/strong><br \/>\n<strong> Mnie pojma\u0107 i uczyni\u0107 podobnie<\/strong><br \/>\n<strong> I w nasze naszych ugodzi\u0107<\/strong><br \/>\n<strong> *Teo nas* *Bo\u017ce nas* bro\u0144<\/strong><br \/>\n<strong> Bo nie ma pomocy \u017cadnej<\/strong><br \/>\n<strong> Tylko w Tobie<\/strong><\/p>\n<p><strong>\u00a0<a href=\"http:\/\/hubertpietka.bialystok.pl\/wp-content\/uploads\/2021\/12\/IMG_20211228_102007.jpg\"><img loading=\"lazy\" decoding=\"async\" class=\"alignnone size-thumbnail wp-image-5093\" src=\"http:\/\/hubertpietka.bialystok.pl\/wp-content\/uploads\/2021\/12\/IMG_20211228_102007-150x150.jpg\" alt=\"\" width=\"150\" height=\"150\" srcset=\"https:\/\/hubertpietka.bialystok.pl\/wp-content\/uploads\/2021\/12\/IMG_20211228_102007-150x150.jpg 150w, https:\/\/hubertpietka.bialystok.pl\/wp-content\/uploads\/2021\/12\/IMG_20211228_102007-75x75.jpg 75w\" sizes=\"auto, (max-width: 150px) 100vw, 150px\" \/><\/a><\/strong><\/p>\n<p><em>Na zdj. \u015aw. Rodzina z Nazaretu przy ko\u015bciele serca\u0144skim w Stopnicy<\/em><br \/>\n<em> Tak si\u0119 sk\u0142ada jako\u015b<\/em><br \/>\n<em> \u017be najwi\u0119ksze ataki s\u0105 na nas przy okazji \u015bwi\u0105t wielkich<\/em><br \/>\n<em> Jak w niedziel\u0119 \u015awi\u0119tej Rodziny<\/em><br \/>\n<em> No ale przecie\u017c mamy nie do\u017cy\u0107 Nowego Roku<\/em><br \/>\n<em> To jest dopiero rzecz wspania\u0142a<\/em><br \/>\n<em> Pod pretekstem obrony<\/em><br \/>\n<em> Pewnej wspania\u0142ej wielkiej osoby<\/em><br \/>\n<em> Zrobi\u0107 porz\u0105dek definitywny<\/em><br \/>\n<em> Z tymi z kt\u00f3rymi zrobiony by\u0107 musi<\/em><br \/>\n<em> W spos\u00f3b przecie\u017c jedynie s\u0142uszny<\/em><\/p>\n<hr \/>\n<p><em><strong>A fe \/ a-fe-ra <\/strong>[Dodatek]<\/em><\/p>\n<p>Nie ma to jak<br \/>\nKolejna wyre\u017cyserowana odpowiednio afera<br \/>\nW odpowiednim miejscu czasie i przy ludziach odpowiednich<br \/>\nKt\u00f3rzy wreszcie z nami porz\u0105dek zrobi\u0105 najw\u0142a\u015bciwszy<br \/>\nWezw\u0105 chocia\u017cby odpowiednie s\u0142u\u017cby<br \/>\nTo nic \u017ce nie my prowokujemy te sytuacje<br \/>\nMy mamy odpowiada\u0107 za wszystko<br \/>\nChocia\u017cby i nerwy aferzystki<\/p>\n<p>A najwa\u017cniejsze \u017ceby z nami zrobiono porz\u0105dek wreszcie<br \/>\nBo przecie\u017c ju\u017c to tylko \u017ce tu jeste\u015bmy ci\u0105gle<br \/>\nBardzo przeszkadza wielkim wspania\u0142ym ludziom<\/p>\n<p><a href=\"http:\/\/hubertpietka.bialystok.pl\/wp-content\/uploads\/2021\/12\/IMG_20211228_132753.jpg\"><img loading=\"lazy\" decoding=\"async\" class=\"alignnone size-thumbnail wp-image-5099\" src=\"http:\/\/hubertpietka.bialystok.pl\/wp-content\/uploads\/2021\/12\/IMG_20211228_132753-150x150.jpg\" alt=\"\" width=\"150\" height=\"150\" srcset=\"https:\/\/hubertpietka.bialystok.pl\/wp-content\/uploads\/2021\/12\/IMG_20211228_132753-150x150.jpg 150w, https:\/\/hubertpietka.bialystok.pl\/wp-content\/uploads\/2021\/12\/IMG_20211228_132753-75x75.jpg 75w\" sizes=\"auto, (max-width: 150px) 100vw, 150px\" \/><\/a><\/p>\n<p><em>Na zdj. Matka Boska z Dzieci\u0105tkiem<\/em><br \/>\n<em> Obraz czu\u0142o\u015bci w Kielcach w domu pewnym<\/em><br \/>\n<em> Czy\u017c nie taka czasem powinna by\u0107 postawa rodzic\u00f3w<\/em><br \/>\n<em> Do swoich dzieci<\/em><br \/>\n<em> Skoro Jezus m\u00f3wi \u017ce<\/em><br \/>\n<em> Cho\u0107 \u017ali jeste\u015bcie to umiecie<\/em><br \/>\n<em> Dawa\u0107 dobre dary swoim dzieciom<\/em><br \/>\n<em> To jacy s\u0105 ci rodzice<\/em><br \/>\n<em> Kt\u00f3rzy z premedytacj\u0105 im z\u0142o chc\u0105 uczyni\u0107<\/em><\/p>\n","protected":false},"excerpt":{"rendered":"<p>Scenariusze \/ grubymi ni\u0107mi szyte Przyj\u015b\u0107 maj\u0105 By wzi\u0105\u0107 w obron\u0119 pewn\u0105 wspania\u0142\u0105 osob\u0119 Kt\u00f3ra tyle doznaje od nas r\u00f3\u017cnych niesprawiedliwo\u015bci A przecie\u017c jest osob\u0105&hellip; <\/p>\n","protected":false},"author":1,"featured_media":0,"parent":0,"menu_order":0,"comment_status":"closed","ping_status":"closed","template":"","meta":{"footnotes":""},"class_list":["post-5092","page","type-page","status-publish","hentry"],"_links":{"self":[{"href":"https:\/\/hubertpietka.bialystok.pl\/index.php?rest_route=\/wp\/v2\/pages\/5092","targetHints":{"allow":["GET"]}}],"collection":[{"href":"https:\/\/hubertpietka.bialystok.pl\/index.php?rest_route=\/wp\/v2\/pages"}],"about":[{"href":"https:\/\/hubertpietka.bialystok.pl\/index.php?rest_route=\/wp\/v2\/types\/page"}],"author":[{"embeddable":true,"href":"https:\/\/hubertpietka.bialystok.pl\/index.php?rest_route=\/wp\/v2\/users\/1"}],"replies":[{"embeddable":true,"href":"https:\/\/hubertpietka.bialystok.pl\/index.php?rest_route=%2Fwp%2Fv2%2Fcomments&post=5092"}],"version-history":[{"count":3,"href":"https:\/\/hubertpietka.bialystok.pl\/index.php?rest_route=\/wp\/v2\/pages\/5092\/revisions"}],"predecessor-version":[{"id":5100,"href":"https:\/\/hubertpietka.bialystok.pl\/index.php?rest_route=\/wp\/v2\/pages\/5092\/revisions\/5100"}],"wp:attachment":[{"href":"https:\/\/hubertpietka.bialystok.pl\/index.php?rest_route=%2Fwp%2Fv2%2Fmedia&parent=5092"}],"curies":[{"name":"wp","href":"https:\/\/api.w.org\/{rel}","templated":true}]}}