{"id":5134,"date":"2022-01-02T23:02:42","date_gmt":"2022-01-02T23:02:42","guid":{"rendered":"http:\/\/hubertpietka.bialystok.pl\/?page_id=5134"},"modified":"2022-01-02T23:02:42","modified_gmt":"2022-01-02T23:02:42","slug":"bez-bande-roli-tak-banda-roluje","status":"publish","type":"page","link":"https:\/\/hubertpietka.bialystok.pl\/?page_id=5134","title":{"rendered":"Bez *bande-roli* \/ tak *banda roluje*"},"content":{"rendered":"<p><em><strong>Bez *bande-roli* \/ tak *banda roluje*<\/strong><\/em><\/p>\n<p>Upad\u0142 jeden manipulacyjny pakt<br \/>\nTo trzeba stworzy\u0107 drugi<br \/>\n\u017bycie nie znosi pustki<br \/>\nByleby tylko zaszkodzi\u0107<br \/>\nI do swego doprowadzi\u0107<\/p>\n<p>Nie jestem alkoholikiem<br \/>\nNie jestem narkomanem seksoholikiem<br \/>\nHazardzist\u0105 lekomanem ani \u017cadnym innym szamanem<br \/>\nAle jestem nikotynist\u0105 strasznym<br \/>\nKt\u00f3rym mo\u017cna straszy\u0107 dzieci<\/p>\n<p>Nie ma nic gorszego<br \/>\nNo chyba tylko ksi\u0105dz<br \/>\nZ kt\u00f3rego pedofila zrobiono<br \/>\nJu\u017c lepiej by by\u0142o zapewne<br \/>\nJakbym by\u0142 kt\u00f3rym\u015b z powy\u017cszych<br \/>\nLub mo\u017ce wszystkim tym razem<br \/>\nAle jestem niestety nikotynist\u0105 strasznym<\/p>\n<p>I do tego przemytnikiem<br \/>\nBo pomi\u0119dzy nimi<br \/>\nZ Bo\u017c\u0105 pomoc\u0105 przemykam sprytnie<\/p>\n<p>I kupi\u0142em przez Internet tyto\u0144<br \/>\nZ legalnej strony hurtowni<br \/>\nKt\u00f3re akcyzowa\u0142y go pono\u0107<br \/>\nI dlatego jestem wezwany do pewnego urz\u0119du<br \/>\nW \u015bwiadka charakterze<br \/>\nAle przecie\u017c przy odrobinie ch\u0119ci<br \/>\nI z \u015bwiadka mo\u017cna zrobi\u0107 oskar\u017conego czyli przest\u0119pc\u0119<\/p>\n<p><a href=\"http:\/\/hubertpietka.bialystok.pl\/wp-content\/uploads\/2022\/01\/IMG_20220102_235033.jpg\"><img loading=\"lazy\" decoding=\"async\" class=\"alignnone size-thumbnail wp-image-5135\" src=\"http:\/\/hubertpietka.bialystok.pl\/wp-content\/uploads\/2022\/01\/IMG_20220102_235033-150x150.jpg\" alt=\"\" width=\"150\" height=\"150\" srcset=\"https:\/\/hubertpietka.bialystok.pl\/wp-content\/uploads\/2022\/01\/IMG_20220102_235033-150x150.jpg 150w, https:\/\/hubertpietka.bialystok.pl\/wp-content\/uploads\/2022\/01\/IMG_20220102_235033-75x75.jpg 75w\" sizes=\"auto, (max-width: 150px) 100vw, 150px\" \/><\/a><\/p>\n<p><em>Na zdj. Paczka zapa\u0142ek chyba z PRL-u<\/em><br \/>\n<em> Ich dzia\u0142ania te\u017c tych odpowiednich wtedy s\u0142u\u017cb przypominaj\u0105<\/em><br \/>\n<em> Wczoraj zamkn\u0105\u0142em samoch\u00f3d<\/em><br \/>\n<em> A dzisiaj by\u0142 otwarty<\/em><br \/>\n<em> Wi\u0119c nie zdziwcie si\u0119 gdy aresztuj\u0105 mnie<\/em><br \/>\n<em> \u017be co\u015b tam odpowiednio w nim znajd\u0105<\/em><br \/>\n<em> Czy co\u015b ci to przypomina<\/em><br \/>\n<em> Bo mi dzia\u0142ania pewne UB na chocia\u017cby b\u0142. ks. Popie\u0142uszce<\/em><br \/>\n<em> Ale jak to mawiaj\u0105<\/em><br \/>\n<em> Zawsze si\u0119 na kogo\u015b co\u015b i znajdzie<\/em><br \/>\n<em> A jak nie<\/em><br \/>\n<em> To trzeba tylko odpowiednio sfabrykowa\u0107 dowody pewne<\/em><\/p>\n<p><strong>Jutro imieniny Danuty<\/strong><br \/>\n<strong> Dana Danka a Danek prawda<\/strong><br \/>\n<strong> Zna\u0142em takiego gra\u0142 w Jagiellonii<\/strong><br \/>\n<strong> Razem na pi\u0142k\u0119 go wozi\u0142em i tyle<\/strong><br \/>\n<strong> A prawda kredki kred\u0119 bia\u0142\u0105<\/strong><br \/>\n<strong> Od niego bra\u0142em<\/strong><br \/>\n<strong> Aby pomalowa\u0107 tablic\u0119 czarn\u0105<\/strong><br \/>\n<strong> A nied\u0142ugo Trzech Kr\u00f3li<\/strong><br \/>\n<strong> To tylko po\u015bwi\u0119ci\u0107 i mo\u017cna na drzwi<\/strong><\/p>\n<p><em>A wi\u0119cej to za bardzo nie pami\u0119tam<\/em><br \/>\n<em> Ale zanim zapalisz papierosa fajk\u0119<\/em><br \/>\n<em> Drogi dzieciaku czy starszy<\/em><br \/>\n<em> To se popatrz na t\u0105 paczk\u0119 zapa\u0142ek<\/em><br \/>\n<em> Rozwi\u0105\u017c na niej logiczno-matematyczn\u0105 zagadk\u0119<\/em><br \/>\n<em> I si\u0119 dobrze zastan\u00f3w nad tym na przyk\u0142ad<\/em><br \/>\n<em> Czy za palenie czasem<\/em><br \/>\n<em> Nie trafisz do aresztu chocia\u017cby<\/em><br \/>\n<em> A w areszcie bywa r\u00f3\u017cnie<\/em><br \/>\n<em> Mo\u017cna i \u017cycie utraci\u0107 niestety<\/em><\/p>\n<p style=\"text-align: center;\"><a href=\"https:\/\/youtu.be\/Y3RmqtfQexs\"><strong><em>D\u017cem &#8211; Ostatni ci\u0119\u017cki rok<\/em><\/strong><\/a><em><strong>\u00a0(2003 Remaster)<\/strong><\/em><\/p>\n","protected":false},"excerpt":{"rendered":"<p>Bez *bande-roli* \/ tak *banda roluje* Upad\u0142 jeden manipulacyjny pakt To trzeba stworzy\u0107 drugi \u017bycie nie znosi pustki Byleby tylko zaszkodzi\u0107 I do swego doprowadzi\u0107&hellip; <\/p>\n","protected":false},"author":1,"featured_media":0,"parent":0,"menu_order":0,"comment_status":"closed","ping_status":"closed","template":"","meta":{"footnotes":""},"class_list":["post-5134","page","type-page","status-publish","hentry"],"_links":{"self":[{"href":"https:\/\/hubertpietka.bialystok.pl\/index.php?rest_route=\/wp\/v2\/pages\/5134","targetHints":{"allow":["GET"]}}],"collection":[{"href":"https:\/\/hubertpietka.bialystok.pl\/index.php?rest_route=\/wp\/v2\/pages"}],"about":[{"href":"https:\/\/hubertpietka.bialystok.pl\/index.php?rest_route=\/wp\/v2\/types\/page"}],"author":[{"embeddable":true,"href":"https:\/\/hubertpietka.bialystok.pl\/index.php?rest_route=\/wp\/v2\/users\/1"}],"replies":[{"embeddable":true,"href":"https:\/\/hubertpietka.bialystok.pl\/index.php?rest_route=%2Fwp%2Fv2%2Fcomments&post=5134"}],"version-history":[{"count":1,"href":"https:\/\/hubertpietka.bialystok.pl\/index.php?rest_route=\/wp\/v2\/pages\/5134\/revisions"}],"predecessor-version":[{"id":5136,"href":"https:\/\/hubertpietka.bialystok.pl\/index.php?rest_route=\/wp\/v2\/pages\/5134\/revisions\/5136"}],"wp:attachment":[{"href":"https:\/\/hubertpietka.bialystok.pl\/index.php?rest_route=%2Fwp%2Fv2%2Fmedia&parent=5134"}],"curies":[{"name":"wp","href":"https:\/\/api.w.org\/{rel}","templated":true}]}}