{"id":5147,"date":"2022-01-05T11:48:44","date_gmt":"2022-01-05T11:48:44","guid":{"rendered":"http:\/\/hubertpietka.bialystok.pl\/?page_id=5147"},"modified":"2022-01-05T11:48:44","modified_gmt":"2022-01-05T11:48:44","slug":"segregacja-sanitarna-jako-preludium-do-eksterminacji-elementow-niepozadanych-spolecznie","status":"publish","type":"page","link":"https:\/\/hubertpietka.bialystok.pl\/?page_id=5147","title":{"rendered":"Segregacja sanitarna \/ jako preludium do eksterminacji element\u00f3w niepo\u017c\u0105danych spo\u0142ecznie"},"content":{"rendered":"<p><em><strong>Segregacja sanitarna \/ jako preludium do eksterminacji element\u00f3w niepo\u017c\u0105danych spo\u0142ecznie<\/strong><\/em><\/p>\n<p><strong>1.<\/strong><br \/>\nAby stworzy\u0107 nowe wspania\u0142e spo\u0142ecze\u0144stwo<br \/>\nTrzeba z niego wyeliminowa\u0107<br \/>\nTych kt\u00f3rzy inaczej my\u015bl\u0105<br \/>\nSk\u0105d my to znamy Panie Bo\u017ce kochany<\/p>\n<p>Dzi\u0119ki nakazowi szczepie\u0144<br \/>\nB\u0119dzie mo\u017cna wyeliminowa\u0107 ze spo\u0142ecze\u0144stwa<br \/>\nIch przeciwnik\u00f3w<br \/>\nStworzy\u0107 im getta mo\u017ce<br \/>\nMo\u017ce zakaza\u0107 wychodzi\u0107 z domu<\/p>\n<p>Sk\u0105d my to znamy<br \/>\nCzy\u017c nie podobnie post\u0119powali hitlerowcy<br \/>\nWyabstrahowywali najpierw z og\u00f3\u0142u \u017byd\u00f3w<br \/>\nBy potem ich w zorganizowany spos\u00f3b<br \/>\nOdpowiednio eksterminowa\u0107<\/p>\n<p>A kt\u00f3rzy to s\u0105 ci przeciwnicy szczepie\u0144<br \/>\nZdecydowanie katolicy chrze\u015bcijanie najpierw<br \/>\nKt\u00f3rzy nie mog\u0105 si\u0119 z tym pogodzi\u0107<br \/>\n\u017be te szczepionki z abortowanych p\u0142od\u00f3w pochodz\u0105<br \/>\nPomijaj\u0105c ju\u017c tu nawet wzgl\u0119dy tylko medyczne<br \/>\nBrak odpowiedzialno\u015bci kogokolwiek<br \/>\nZa wprowadzanie preparat\u00f3w medycznie nieprzebadanych<br \/>\nKt\u00f3rych skutki dzia\u0142a\u0144 mog\u0105 dopiero wyj\u015b\u0107 na jaw<\/p>\n<p><strong>2.<\/strong><br \/>\nW obliczu kt\u00f3rej\u015b tam fali<br \/>\n(I nie neguj\u0119 bynajmniej<br \/>\nZagro\u017ce\u0144 tej pandemii)<br \/>\nTrzeba zapewne zamkn\u0105\u0107 ko\u015bcio\u0142y<br \/>\nI inne o\u015brodki kultu<br \/>\nLub zredukowa\u0107 do minimum<br \/>\nLiczb\u0119 uczestnik\u00f3w zgromadze\u0144 modlitewnych<\/p>\n<p>Podobnie jak w przypadku pierwszym<br \/>\nNajwi\u0119kszym zagro\u017ceniem dla tego \u015bwiata nowego i wspania\u0142ego<br \/>\nS\u0105 chrze\u015bcijanie katolicy<br \/>\nTrzeba ich odci\u0105\u0107 od \u017ar\u00f3d\u0142a<br \/>\nNa co komu potrzebna dzi\u015b wiara w Bogu<br \/>\nPrzecie\u017c nowy \u015bwiat wielki wspania\u0142y lepiej wie<br \/>\nW co i jak wierzy\u0107 si\u0119 ma<\/p>\n<p>Pomijaj\u0105c ju\u017c ten fakt \u017ce przecie\u017c<br \/>\nKo\u015bcio\u0142y s\u0105 siedliskiem wirus\u00f3w najgorszych<br \/>\nBo przeciwstawiaj\u0105 si\u0119 nowemu i wspania\u0142emu \u0142adowi bez Boga<\/p>\n<p><strong>3.<\/strong><br \/>\nTak te\u017c si\u0119 jako\u015b dzieje<br \/>\n\u017be \u017ceby stworzy\u0107 \u0142ad nowy<br \/>\nTrzeba zacz\u0105\u0107 od indoktrynacji<br \/>\nDzieci i m\u0142odzie\u017cy<br \/>\nNajlepiej szko\u0142y zamkn\u0105\u0107<br \/>\nBo przecie\u017c m\u0142odzi<br \/>\nPowinni \u017cy\u0107 tylko w tym \u015bwiecie wirtualnym<br \/>\nPo co komu prawdziwe relacje<br \/>\nA tam te\u017c w sieci<br \/>\nNajpro\u015bciej z nich zrobi\u0107 tak zwanych ludzi nowych<br \/>\nKt\u00f3rym niepotrzebne s\u0105 relacje<br \/>\nA ju\u017c najbardziej niepo\u017c\u0105dana jest<br \/>\nW Boga prawdziwego wiara<br \/>\nW sieci na portalach spo\u0142eczno\u015bciowych<br \/>\nMo\u017cna co si\u0119 chce odpowiednio<br \/>\nWt\u0142acza\u0107 m\u0142odym do g\u0142owy<br \/>\nTak by ch\u0142on\u0119li oni \u015bwiat wspania\u0142y i nowy<br \/>\nOni s\u0105 podstaw\u0105 tego \u015bwiata<br \/>\nBo przysz\u0142o\u015b\u0107 b\u0119dzie taka<br \/>\nW co uwierz\u0105 oni przecie\u017c<\/p>\n<p><strong>4.<\/strong><br \/>\n<strong>Dzi\u015b jest wspominany \u015bw. Jan *Nepomucen* New-mann<br \/>\nNepomucen to inaczej *Ne-pomuk*<br \/>\n\u017beby nie by\u0142o \u017ce nie chcia\u0142 \u017ce *nie pom\u00f3g\u0142*<\/strong><\/p>\n<p>A teraz tradycyjna osobista wycieczka<br \/>\nI u mnie w domu jest pewien wielki wspania\u0142y cz\u0142owiek<br \/>\nKt\u00f3ry za pewne wyjdzie te\u017c na przeciw<br \/>\nInnym r\u00f3\u017cnym zapewne podobnie wspania\u0142ym i wielkim ludziom<br \/>\nA mo\u017ce te\u017c i gdzie indziej gdziekolwiek b\u0105d\u017a<br \/>\nTacy czy inni wielcy i wspaniali<br \/>\nSi\u0119 w ko\u0144cu rozprawi\u0105<br \/>\nZ prostactwem moim tak strasznym<br \/>\nI z moj\u0105 \u017con\u0105 odpiwiednio<\/p>\n<p><a href=\"http:\/\/hubertpietka.bialystok.pl\/wp-content\/uploads\/2022\/01\/IMG_20220105_123850.jpg\"><img loading=\"lazy\" decoding=\"async\" class=\"alignnone size-thumbnail wp-image-5148\" src=\"http:\/\/hubertpietka.bialystok.pl\/wp-content\/uploads\/2022\/01\/IMG_20220105_123850-150x150.jpg\" alt=\"\" width=\"150\" height=\"150\" srcset=\"https:\/\/hubertpietka.bialystok.pl\/wp-content\/uploads\/2022\/01\/IMG_20220105_123850-150x150.jpg 150w, https:\/\/hubertpietka.bialystok.pl\/wp-content\/uploads\/2022\/01\/IMG_20220105_123850-75x75.jpg 75w\" sizes=\"auto, (max-width: 150px) 100vw, 150px\" \/><\/a><\/p>\n<p><strong>Na zdj. \u015aw. Jan Pawe\u0142 II<\/strong><br \/>\n<strong> Przy ko\u015bciele Mi\u0142osierdzia Bo\u017cego kieleckim<\/strong><br \/>\n<strong> On m\u00f3wi\u0142 \u017ce<\/strong><br \/>\n<strong> <em>\u015awiat demokracji bez warto\u015bci<br \/>\nPrzemienia si\u0119 w jawny lub zakamuflowany totalitaryzm<\/em><\/strong><\/p>\n<p><strong>Odebra\u0107 ludziom wiar\u0119 w Boga<\/strong><br \/>\n<strong> I mo\u017cna z nimi zrobi\u0107 co si\u0119 chce<\/strong><br \/>\n<strong> Relatywizowanie uniwersalnych warto\u015bci daje skutki podobne<\/strong><\/p>\n<p><strong>A tymczasem *<em>New-menn<\/em>*<\/strong><br \/>\n<strong> *Nowy cz\u0142owiek* mo\u017ce powsta\u0107 tylko w Bogu<\/strong><br \/>\n<strong> I tylko warto\u015bci dobrze rozumiane<\/strong><br \/>\n<strong> Mog\u0105 go wsp\u00f3\u0142tworzy\u0107<\/strong><br \/>\n<strong> Nowy wspania\u0142y \u015bwiat bez Boga jest utopi\u0105<\/strong><br \/>\n<strong> Kolejn\u0105 rewolucj\u0105 kt\u00f3ra po\u017cre i swe w\u0142asne dzieci<\/strong><br \/>\n<strong> A co ciekawe rewolucja ideologiczna ka\u017cda i zawsze<\/strong><br \/>\n<strong> Zaczyna\u0142a od walki z Bogiem i lud\u017ami wiary<\/strong><br \/>\n<strong> A tak naprawd\u0119 bez Boga<\/strong><br \/>\n<strong> W tym kolejnym nowym wspania\u0142ym \u015bwiecie ludzie<\/strong><br \/>\n<strong> S\u0105 skazani na zag\u0142ad\u0119<\/strong><br \/>\n<strong> Pod jakimkolwiek to si\u0119 dzieje ideologicznym sztandarem<\/strong><br \/>\n<strong> I pretekstem jakimkolwiek<\/strong><br \/>\n<strong> Ochrony zdrowia czy ochrony przyrody<\/strong><br \/>\n<strong> Czy mo\u017ce praw os\u00f3b genderowych<\/strong><\/p>\n<p style=\"text-align: center;\"><a href=\"https:\/\/youtu.be\/i00fmNRE-w0\"><em><strong>Kult &#8211; Po co wolno\u015b\u0107<\/strong><\/em><\/a><\/p>\n","protected":false},"excerpt":{"rendered":"<p>Segregacja sanitarna \/ jako preludium do eksterminacji element\u00f3w niepo\u017c\u0105danych spo\u0142ecznie 1. Aby stworzy\u0107 nowe wspania\u0142e spo\u0142ecze\u0144stwo Trzeba z niego wyeliminowa\u0107 Tych kt\u00f3rzy inaczej my\u015bl\u0105 Sk\u0105d&hellip; <\/p>\n","protected":false},"author":1,"featured_media":0,"parent":0,"menu_order":0,"comment_status":"closed","ping_status":"closed","template":"","meta":{"footnotes":""},"class_list":["post-5147","page","type-page","status-publish","hentry"],"_links":{"self":[{"href":"https:\/\/hubertpietka.bialystok.pl\/index.php?rest_route=\/wp\/v2\/pages\/5147","targetHints":{"allow":["GET"]}}],"collection":[{"href":"https:\/\/hubertpietka.bialystok.pl\/index.php?rest_route=\/wp\/v2\/pages"}],"about":[{"href":"https:\/\/hubertpietka.bialystok.pl\/index.php?rest_route=\/wp\/v2\/types\/page"}],"author":[{"embeddable":true,"href":"https:\/\/hubertpietka.bialystok.pl\/index.php?rest_route=\/wp\/v2\/users\/1"}],"replies":[{"embeddable":true,"href":"https:\/\/hubertpietka.bialystok.pl\/index.php?rest_route=%2Fwp%2Fv2%2Fcomments&post=5147"}],"version-history":[{"count":1,"href":"https:\/\/hubertpietka.bialystok.pl\/index.php?rest_route=\/wp\/v2\/pages\/5147\/revisions"}],"predecessor-version":[{"id":5149,"href":"https:\/\/hubertpietka.bialystok.pl\/index.php?rest_route=\/wp\/v2\/pages\/5147\/revisions\/5149"}],"wp:attachment":[{"href":"https:\/\/hubertpietka.bialystok.pl\/index.php?rest_route=%2Fwp%2Fv2%2Fmedia&parent=5147"}],"curies":[{"name":"wp","href":"https:\/\/api.w.org\/{rel}","templated":true}]}}