{"id":5154,"date":"2022-01-07T14:45:16","date_gmt":"2022-01-07T14:45:16","guid":{"rendered":"http:\/\/hubertpietka.bialystok.pl\/?page_id=5154"},"modified":"2022-01-07T14:45:16","modified_gmt":"2022-01-07T14:45:16","slug":"rajd-pod-znakiem-swietego-krzyza-malej-polski-w-trzech-kroli","status":"publish","type":"page","link":"https:\/\/hubertpietka.bialystok.pl\/?page_id=5154","title":{"rendered":"Rajd pod znakiem \u015awi\u0119tego Krzy\u017ca Ma\u0142ej Polski \/ w Trzech Kr\u00f3li"},"content":{"rendered":"<p><em><strong>Rajd pod znakiem \u015awi\u0119tego Krzy\u017ca Ma\u0142ej Polski \/ w Trzech Kr\u00f3li<\/strong><\/em><\/p>\n<p><strong>1.<\/strong><br \/>\nPrzed chwil\u0105 taka sytuacja<br \/>\nBy\u0142 listonosz ja nie s\u0142ysza\u0142em<br \/>\nCzekam na przesy\u0142k\u0119 bardzo wa\u017cn\u0105<br \/>\nDo niego wysz\u0142a osoba wa\u017cna<br \/>\nMnie nie zawo\u0142a\u0142a<br \/>\nTylko <em>avizo<\/em> odebra\u0142a i przekaza\u0142a<br \/>\nA co by by\u0142o jakby<br \/>\nSytuacja by\u0142a odwrotna<br \/>\nJu\u017c widz\u0119 i tych s\u0105d itp<br \/>\nTo dopiero afera by\u0142aby<\/p>\n<p><strong>2.<\/strong><br \/>\nC\u00f3\u017c ludzie wielcy i wspaniali<br \/>\nMaj\u0105 swoje prawa<br \/>\nA ty tylko obowi\u0105zki wobec nich masz<br \/>\nJak\u017ce niezbadane s\u0105 drogi wspania\u0142ych i wielkich ludzi<br \/>\nZakryte przed takimi prostakami jak w\u0142a\u015bnie ty<\/p>\n<p><strong>3.<\/strong><br \/>\nA kiedy\u017c to przyj\u015b\u0107 maj\u0105 ludzie r\u00f3wnie<br \/>\nWielcy i wspaniali<br \/>\nJak ten wielki wspania\u0142y cz\u0142owiek tak wa\u017cny<br \/>\nBy prostaka pogn\u0119bi\u0107<br \/>\nI zrobi\u0107 z nim porz\u0105dek raz na zawsze<br \/>\nLudziom wielkim i wspania\u0142ym wszystko mo\u017cna<br \/>\nA ty prostaku powiniene\u015b si\u0119 temu podporz\u0105dkowa\u0107<br \/>\nA jak nie to precz<\/p>\n<p><strong>4.<\/strong><br \/>\nA \u015bwiata mistrzostwo te\u017c si\u0119 w tym przejawia<br \/>\nWyda\u0107 wyrok \u015bmierci na kogo\u015b<br \/>\nBardzo dla r\u00f3\u017cnych szumowin intratny<br \/>\nI oskar\u017ca\u0107 o szale\u0144stwo tego<br \/>\nCo niewinnego kogo\u015b kto ma zgin\u0105\u0107 pr\u00f3buje broni\u0107<\/p>\n<p><strong>Dzi\u015b \u015bw. Rajmunda z *P-any-a-fort* jest<\/strong><br \/>\n<strong> Wok\u00f3\u0142 *pi eny* trzeba uczyni\u0107\u00a0ochronny *fort*<\/strong><br \/>\n<strong> Bo w\u0142a\u015bnie dzi\u015b ubezpieczenie jej si\u0119 sko\u0144czy<\/strong><br \/>\n<strong> Wi\u0119c zapewne z tej czy z tamtej strony<\/strong><br \/>\n<strong> B\u0119d\u0105 chcieli w ni\u0105 uderzy\u0107<\/strong><br \/>\n<strong> Tacy czy inni wielcy<\/strong><\/p>\n<p><strong>Wspominamy wi\u0119c *Raj-munda*<\/strong><br \/>\n<strong> *Rajd mundka* dooko\u0142a ma\u0142ego \u015bwiata<\/strong><br \/>\n<strong> Wspominamy dzi\u015b<\/strong><\/p>\n<p><strong>A wczoraj by\u0142o Trzech Kr\u00f3li<\/strong><br \/>\n<strong> I cho\u0107 to nie Wielkanoc<\/strong><br \/>\n<strong> To by\u0142y trzy jajeczka<\/strong><br \/>\n<strong> Jedno wi\u0119ksze a dwa mniejsze<\/strong><br \/>\n<strong> A i dzi\u015b rano trzy<\/strong><br \/>\n<strong> Dwa szare jak przepi\u00f3rcze<\/strong><br \/>\n<strong> I jedno nie nie-bieskie przecie\u017c<\/strong><br \/>\n<strong> Takie malowanki<\/strong><br \/>\n<strong> Mimo \u017ce to jeszcze nie jest Wielkanoc<\/strong><\/p>\n<p><strong>Dzi\u015b te\u017c \u015bw. *Luck*a jest<\/strong><br \/>\n<strong> <em>Lucky<\/em> to szcz\u0119\u015bliwy<\/strong><br \/>\n<strong> Lucky *Luke* a <em>look<\/em> to te\u017c patrzy\u0107<\/strong><br \/>\n<strong> Trzeba wiedzie\u0107 gdzie<\/strong><br \/>\n<strong> Czasem warto polampi\u0107 si\u0119 w sufit<\/strong><br \/>\n<strong> Mo\u017ce na \u017caryndol<\/strong><br \/>\n<strong> Jakby co\u015b znowu komu\u015b z nas si\u0119 w pokoju sta\u0142o<\/strong><br \/>\n<strong> Przecie\u017c imi\u0119 Lucjan pochodzi w\u0142a\u015bnie od \u015bwiat\u0142a<\/strong><br \/>\n<strong> I pewna lam-pa papka tak\u017ce<\/strong><\/p>\n<p><strong>Kacper Melchior i Baltazar<\/strong><br \/>\n<strong> Wr\u00f3\u0107my na chwil\u0119 do nich<\/strong><br \/>\n<strong> Odpowiednio i razem znacz\u0105<\/strong><br \/>\n<strong> <em>Dostojny &#8211; Kr\u00f3l \u015awiat\u0142a &#8211; Kr\u00f3l jedyny<\/em><\/strong><br \/>\n<strong> Takim jest tylko B\u00f3g<\/strong><br \/>\n<strong> I innego nie ma takiego<\/strong><br \/>\n<strong> Kt\u00f3\u017c jak B\u00f3g<\/strong><\/p>\n<p><strong><a href=\"http:\/\/hubertpietka.bialystok.pl\/wp-content\/uploads\/2022\/01\/IMG_20220107_152649.jpg\"><img loading=\"lazy\" decoding=\"async\" class=\"alignnone size-thumbnail wp-image-5155\" src=\"http:\/\/hubertpietka.bialystok.pl\/wp-content\/uploads\/2022\/01\/IMG_20220107_152649-150x150.jpg\" alt=\"\" width=\"150\" height=\"150\" srcset=\"https:\/\/hubertpietka.bialystok.pl\/wp-content\/uploads\/2022\/01\/IMG_20220107_152649-150x150.jpg 150w, https:\/\/hubertpietka.bialystok.pl\/wp-content\/uploads\/2022\/01\/IMG_20220107_152649-75x75.jpg 75w\" sizes=\"auto, (max-width: 150px) 100vw, 150px\" \/><\/a><\/strong><\/p>\n<p><strong>Na zdj. Stajenka betlejemska<\/strong><br \/>\n<strong> W ko\u015bciele Ducha \u015awi\u0119tego kieleckim<\/strong><br \/>\n<strong> Jest Dzieci\u0105tko z \u015awi\u0119t\u0105 Rodzin\u0105<\/strong><br \/>\n<strong> S\u0105 Trzej Kr\u00f3lowie i pastuszek<\/strong><br \/>\n<strong> Kt\u00f3ry trzyma na r\u0119kach owieczk\u0119<\/strong><br \/>\n<strong> A wok\u00f3\u0142 inne owieczki<\/strong><br \/>\n<strong> Jest i w tle podmiot domy\u015blny czyli Herod<\/strong><br \/>\n<strong> Kt\u00f3ry chce zg\u0142adzi\u0107 Dzieci\u0105tko<\/strong><br \/>\n<strong> Nie dali mu si\u0119 wykiwa\u0107 Trzej Kr\u00f3lowie<\/strong><br \/>\n<strong> Dlatego rze\u017a niewini\u0105tek on knuje<\/strong><br \/>\n<strong> Taka scenka rodzajowa<\/strong><br \/>\n<strong> I Anio\u0142 kt\u00f3ry og\u0142asza<\/strong><br \/>\n<strong> <em>Chwa\u0142a na wysoko\u015bci Bogu<\/em><\/strong><br \/>\n<strong> <em> A ludziom kt\u00f3rzy maj\u0105 dobr\u0105 wol\u0119 pok\u00f3j<\/em><\/strong><br \/>\n<strong> Pok\u00f3j w Panu<\/strong><br \/>\n<strong> Kt\u00f3rego \u015bwiat da\u0107 nie mo\u017ce<\/strong><br \/>\n<strong> Ludziom Bo\u017cego upodobania<\/strong><\/p>\n<p style=\"text-align: center;\"><a href=\"https:\/\/youtu.be\/64TNwPY37rw\"><em><strong>Enej &#8211; Skrzypi w\u00f3z<\/strong><\/em><\/a><\/p>\n","protected":false},"excerpt":{"rendered":"<p>Rajd pod znakiem \u015awi\u0119tego Krzy\u017ca Ma\u0142ej Polski \/ w Trzech Kr\u00f3li 1. Przed chwil\u0105 taka sytuacja By\u0142 listonosz ja nie s\u0142ysza\u0142em Czekam na przesy\u0142k\u0119 bardzo&hellip; <\/p>\n","protected":false},"author":1,"featured_media":0,"parent":0,"menu_order":0,"comment_status":"closed","ping_status":"closed","template":"","meta":{"footnotes":""},"class_list":["post-5154","page","type-page","status-publish","hentry"],"_links":{"self":[{"href":"https:\/\/hubertpietka.bialystok.pl\/index.php?rest_route=\/wp\/v2\/pages\/5154","targetHints":{"allow":["GET"]}}],"collection":[{"href":"https:\/\/hubertpietka.bialystok.pl\/index.php?rest_route=\/wp\/v2\/pages"}],"about":[{"href":"https:\/\/hubertpietka.bialystok.pl\/index.php?rest_route=\/wp\/v2\/types\/page"}],"author":[{"embeddable":true,"href":"https:\/\/hubertpietka.bialystok.pl\/index.php?rest_route=\/wp\/v2\/users\/1"}],"replies":[{"embeddable":true,"href":"https:\/\/hubertpietka.bialystok.pl\/index.php?rest_route=%2Fwp%2Fv2%2Fcomments&post=5154"}],"version-history":[{"count":1,"href":"https:\/\/hubertpietka.bialystok.pl\/index.php?rest_route=\/wp\/v2\/pages\/5154\/revisions"}],"predecessor-version":[{"id":5156,"href":"https:\/\/hubertpietka.bialystok.pl\/index.php?rest_route=\/wp\/v2\/pages\/5154\/revisions\/5156"}],"wp:attachment":[{"href":"https:\/\/hubertpietka.bialystok.pl\/index.php?rest_route=%2Fwp%2Fv2%2Fmedia&parent=5154"}],"curies":[{"name":"wp","href":"https:\/\/api.w.org\/{rel}","templated":true}]}}